{"id":302,"date":"2024-08-08T06:59:57","date_gmt":"2024-08-08T06:59:57","guid":{"rendered":"https:\/\/blogi.eoppimispalvelut.fi\/saamsote\/?page_id=302"},"modified":"2024-08-08T07:12:02","modified_gmt":"2024-08-08T07:12:02","slug":"302-2","status":"publish","type":"page","link":"https:\/\/blogi.eoppimispalvelut.fi\/saamsote\/302-2\/","title":{"rendered":"Pro\u0161eavtta ulbmilat"},"content":{"rendered":"<p>[et_pb_section fb_built=&#8221;1&#8243; _builder_version=&#8221;4.20.4&#8243; _module_preset=&#8221;default&#8221; global_colors_info=&#8221;{}&#8221;][et_pb_row _builder_version=&#8221;4.20.4&#8243; _module_preset=&#8221;default&#8221; global_colors_info=&#8221;{}&#8221;][et_pb_column type=&#8221;4_4&#8243; _builder_version=&#8221;4.20.4&#8243; _module_preset=&#8221;default&#8221; global_colors_info=&#8221;{}&#8221;][et_pb_image src=&#8221;https:\/\/blogi.eoppimispalvelut.fi\/saamsote\/files\/2024\/02\/Palaverissa-zoom-scaled.jpg&#8221; title_text=&#8221;Untitled Artwork&#8221; align=&#8221;center&#8221; force_fullwidth=&#8221;on&#8221; _builder_version=&#8221;4.20.4&#8243; _module_preset=&#8221;default&#8221; transform_scale=&#8221;122%|122%&#8221; min_height=&#8221;338px&#8221; height=&#8221;169px&#8221; max_height=&#8221;488px&#8221; global_colors_info=&#8221;{}&#8221;][\/et_pb_image][\/et_pb_column][\/et_pb_row][et_pb_row _builder_version=&#8221;4.20.4&#8243; _module_preset=&#8221;default&#8221; global_colors_info=&#8221;{}&#8221;][et_pb_column type=&#8221;4_4&#8243; _builder_version=&#8221;4.20.4&#8243; _module_preset=&#8221;default&#8221; global_colors_info=&#8221;{}&#8221;][et_pb_text _builder_version=&#8221;4.20.4&#8243; _module_preset=&#8221;default&#8221; min_height=&#8221;46px&#8221; custom_padding=&#8221;||0px|||&#8221; inline_fonts=&#8221;ABeeZee&#8221; global_colors_info=&#8221;{}&#8221;]<\/p>\n<h1><span style=\"font-family: ABeeZee\"><\/span><\/h1>\n<h1><span style=\"font-family: ABeeZee\">Pro\u0161eavtta ulbmilat<\/span><\/h1>\n<p>[\/et_pb_text][et_pb_text _builder_version=&#8221;4.20.4&#8243; _module_preset=&#8221;default&#8221; inline_fonts=&#8221;ABeeZee&#8221; global_colors_info=&#8221;{}&#8221;]<\/p>\n<p><span style=\"font-family: ABeeZee;font-weight: normal\">SaamSote \u201d<em>Kultursensitiiva skuvlejumiid oktasa\u0161ovddideapmi s\u00e1miid sosi\u00e1la- ja dearvva\u0161vuo\u0111ab\u00e1lvalusaide<\/em>\u201d -pro\u0161eavttas ovddiduvvo \u00e1mm\u00e1tallaskuvllad\u00e1si skuvlejumiid, mat vuhtiiv\u00e1ldet s\u00e1mekultuvrra erenom\u00e1\u0161vuo\u0111aid.<\/span><\/p>\n<p><span style=\"font-family: ABeeZee;font-weight: normal\">Skuvlejumiid ulbmilin lea buoridit sode-suorggi studeantaid ja bargiid gelbbola\u0161vuo\u0111a identifieret ja deaividit s\u00e1me\u00e1\u0161\u0161ehasa dahje pasientta su kultuvrrala\u0161 vuolggasajiiguin. Bargiid m\u00e1httu kultursensitiiva dahje kultuvrrala\u010d\u010dat oadjebas doaibmavuogiiguin buoridit s\u00e1pmela\u010d\u010dai sode-b\u00e1lvalusai kvaliteta, ol\u00e1hahttivuo\u0111a ja dorvvola\u0161vuo\u0111a.<\/span><\/p>\n<p><span style=\"font-family: ABeeZee;font-weight: normal\">Skuvlejumiid pl\u00e1nemis ja ovddideamis lea mielde s\u00e1mekultuvrra \u00e1\u0161\u0161edovdit, geain lea varas oaidnu ja m\u00e1httu d\u00e1l\u00e1 sode-suorggi d\u00e1rbbuiguin.<\/span><\/p>\n<p><span style=\"font-family: ABeeZee;font-weight: normal\"><\/span><\/p>\n<p><span style=\"font-family: ABeeZee;font-weight: normal\">Pro\u0161eavtta \u00e1igge r\u00e1hkaduvvo oktiibuot 90 oahppo\u010duogg\u00e1 veardde skuvlejumiid, gu\u0111etge \u00e1\u0161\u0161ehas- dahje pasientajoavkuide. Jus s\u00e1mekultuvrra ja kultursensitiiva bargovuog\u00e1dagat eai leat oahpp\u00e1sa, s\u00e1htt\u00e1 \u00e1lgui \u010da\u0111ahit d\u00e1idda laktasea\u017e\u017ei vuo\u0111\u0111okurssaid.<\/span><\/p>\n<p><span style=\"font-family: ABeeZee;font-weight: normal\">D\u00e1t non-stop neahttaskuvlejumit bohtet jagi 2025 \u00e1igge rabas \u00e1mm\u00e1tallaskuvlla f\u00e1l\u00e1ldahkii ja dat lea d\u00e1rkuhuvvon bargiide, geat jo dovdet s\u00e1mekultuvrra, sihke dakk\u00e1riide, geat leat easka oahpp\u00e1snuvvamin s\u00e1mekultuvrii. Bargobihtt\u00e1id bokte studeanta g\u00e1rt\u00e1 reflekteret ie\u017eas jurdda\u0161anm\u00e1lliid ja bargovuog\u00e1dagaid s\u00e1mekultuvrra ektui ja dainna vugiin nanne ie\u017eas kulturipm\u00e1rdusa.<\/span><\/p>\n<p><span style=\"font-family: ABeeZee;font-weight: normal\">Oahpahus- ja kulturministerija (OKM) ruhtada SaamSote -pro\u0161eavtta.<\/span><\/p>\n<p><span style=\"font-family: ABeeZee;font-weight: normal\"><\/span><\/p>\n<p><span style=\"font-family: ABeeZee;font-weight: normal\"><\/span><\/p>\n<p><span style=\"font-family: ABeeZee;font-weight: normal\">\u00a0<\/span><\/p>\n<p><span style=\"font-family: ABeeZee;font-weight: normal\"><\/span><\/p>\n<ul><\/ul>\n<p>&nbsp;<\/p>\n<p>&nbsp;<\/p>\n<p>&nbsp;<\/p>\n<p>[\/et_pb_text][et_pb_text _builder_version=&#8221;4.20.4&#8243; _module_preset=&#8221;default&#8221; inline_fonts=&#8221;ABeeZee&#8221; global_colors_info=&#8221;{}&#8221;]<\/p>\n<p>&nbsp;<\/p>\n<p><span style=\"font-family: ABeeZee;font-weight: normal\"><\/span><\/p>\n<ul><\/ul>\n<p>&nbsp;<\/p>\n<p>&nbsp;<\/p>\n<p>&nbsp;<\/p>\n<p>[\/et_pb_text][et_pb_text _builder_version=&#8221;4.20.4&#8243; _module_preset=&#8221;default&#8221; global_colors_info=&#8221;{}&#8221;]<\/p>\n<ol><\/ol>\n<p>&nbsp;<\/p>\n<p>&nbsp;<\/p>\n<p>\u200b<\/p>\n<p>[\/et_pb_text][\/et_pb_column][\/et_pb_row][\/et_pb_section]<\/p>\n","protected":false},"excerpt":{"rendered":"<p>Pro\u0161eavtta ulbmilatSaamSote \u201dKultursensitiiva skuvlejumiid oktasa\u0161ovddideapmi s\u00e1miid sosi\u00e1la- ja dearvva\u0161vuo\u0111ab\u00e1lvalusaide\u201d -pro\u0161eavttas ovddiduvvo \u00e1mm\u00e1tallaskuvllad\u00e1si skuvlejumiid, mat vuhtiiv\u00e1ldet s\u00e1mekultuvrra erenom\u00e1\u0161vuo\u0111aid. Skuvlejumiid ulbmilin lea buoridit sode-suorggi studeantaid ja bargiid gelbbola\u0161vuo\u0111a identifieret ja deaividit s\u00e1me\u00e1\u0161\u0161ehasa dahje pasientta su kultuvrrala\u0161 vuolggasajiiguin. Bargiid m\u00e1httu kultursensitiiva dahje kultuvrrala\u010d\u010dat oadjebas doaibmavuogiiguin buoridit s\u00e1pmela\u010d\u010dai sode-b\u00e1lvalusai kvaliteta, ol\u00e1hahttivuo\u0111a ja dorvvola\u0161vuo\u0111a. Skuvlejumiid pl\u00e1nemis ja ovddideamis lea mielde [&hellip;]<\/p>\n","protected":false},"author":40575,"featured_media":0,"parent":0,"menu_order":0,"comment_status":"closed","ping_status":"closed","template":"","meta":{"_et_pb_use_builder":"on","_et_pb_old_content":"","_et_gb_content_width":"","footnotes":""},"class_list":["post-302","page","type-page","status-publish","hentry"],"_links":{"self":[{"href":"https:\/\/blogi.eoppimispalvelut.fi\/saamsote\/wp-json\/wp\/v2\/pages\/302","targetHints":{"allow":["GET"]}}],"collection":[{"href":"https:\/\/blogi.eoppimispalvelut.fi\/saamsote\/wp-json\/wp\/v2\/pages"}],"about":[{"href":"https:\/\/blogi.eoppimispalvelut.fi\/saamsote\/wp-json\/wp\/v2\/types\/page"}],"author":[{"embeddable":true,"href":"https:\/\/blogi.eoppimispalvelut.fi\/saamsote\/wp-json\/wp\/v2\/users\/40575"}],"replies":[{"embeddable":true,"href":"https:\/\/blogi.eoppimispalvelut.fi\/saamsote\/wp-json\/wp\/v2\/comments?post=302"}],"version-history":[{"count":8,"href":"https:\/\/blogi.eoppimispalvelut.fi\/saamsote\/wp-json\/wp\/v2\/pages\/302\/revisions"}],"predecessor-version":[{"id":313,"href":"https:\/\/blogi.eoppimispalvelut.fi\/saamsote\/wp-json\/wp\/v2\/pages\/302\/revisions\/313"}],"wp:attachment":[{"href":"https:\/\/blogi.eoppimispalvelut.fi\/saamsote\/wp-json\/wp\/v2\/media?parent=302"}],"curies":[{"name":"wp","href":"https:\/\/api.w.org\/{rel}","templated":true}]}}