{"id":360,"date":"2025-01-28T07:32:34","date_gmt":"2025-01-28T07:32:34","guid":{"rendered":"https:\/\/blogi.eoppimispalvelut.fi\/saamsote\/?page_id=360"},"modified":"2025-10-15T06:28:22","modified_gmt":"2025-10-15T06:28:22","slug":"lapsiperhetyo","status":"publish","type":"page","link":"https:\/\/blogi.eoppimispalvelut.fi\/saamsote\/lapsiperhetyo\/","title":{"rendered":"Kulttuurinmukainen lapsiperhety\u00f6"},"content":{"rendered":"<p>[et_pb_section fb_built=&#8221;1&#8243; _builder_version=&#8221;4.20.4&#8243; _module_preset=&#8221;default&#8221; global_colors_info=&#8221;{}&#8221;][et_pb_row _builder_version=&#8221;4.20.4&#8243; _module_preset=&#8221;default&#8221; custom_margin=&#8221;|auto|-44px|auto||&#8221; global_colors_info=&#8221;{}&#8221;][et_pb_column type=&#8221;4_4&#8243; _builder_version=&#8221;4.20.4&#8243; _module_preset=&#8221;default&#8221; global_colors_info=&#8221;{}&#8221;][et_pb_text _builder_version=&#8221;4.27.4&#8243; _module_preset=&#8221;default&#8221; custom_padding=&#8221;7px||17px|||&#8221; locked=&#8221;off&#8221; inline_fonts=&#8221;ABeeZee&#8221; global_colors_info=&#8221;{}&#8221;][\/et_pb_text][\/et_pb_column][\/et_pb_row][et_pb_row _builder_version=&#8221;4.20.4&#8243; _module_preset=&#8221;default&#8221; global_colors_info=&#8221;{}&#8221;][et_pb_column type=&#8221;4_4&#8243; _builder_version=&#8221;4.20.4&#8243; _module_preset=&#8221;default&#8221; global_colors_info=&#8221;{}&#8221;][et_pb_text _builder_version=&#8221;4.27.4&#8243; _module_preset=&#8221;default&#8221; inline_fonts=&#8221;ABeeZee&#8221; global_colors_info=&#8221;{}&#8221;]<\/p>\n<h1><strong>Saamelaiskulttuurin mukainen kohtaaminen sosiaalipalveluiden lapsiperhety\u00f6ss\u00e4 2 op<\/strong><\/h1>\n<div id=\"some-share-buttons\"><\/div>\n<div id=\"coursecard\">\n<div id=\"coursecard-details\">\n<h2 id=\"coursecard-buttons\"><\/h2>\n<\/div>\n<div id=\"coursecard-image\" class=\"ateema_02\"><\/div>\n<\/div>\n<h2>Tietoja koulutuksesta<\/h2>\n<p>Tule vahvistamaan osaamistasi kulttuurisensitiivisess\u00e4 kohtaamisessa saamelaisen lapsiperheen kanssa sosiaalipalveluissa.<\/p>\n<div id=\"coursecard-realizations\">\n<div class=\"coursecard-realization active\">\n<div class=\"realization-content\">\n<div class=\"realization-subtitle\"><strong>Osaamistavoitteet<\/strong><\/div>\n<p>Opintojakson tavoitteena on vahvistaa opiskelijan osaamista kohdata kulttuurisensitiivisesti saamelainen lapsiperhe sosiaalipalveluiden lapsiperhety\u00f6ss\u00e4. Opintojaksolla opiskelija vahvistaa omaa osaamistaan tulkita sosiaalilains\u00e4\u00e4d\u00e4nt\u00f6\u00e4 niin, ett\u00e4 kohtaamistilanteet ovat sosiaalipalveluiden lapsiperhety\u00f6ss\u00e4 l\u00e4hestymistavaltaan saamelaiskulttuurin mukaisia.<\/p>\n<p><span>\u2022 Ymm\u00e4rr\u00e4t saamelaista kulttuurihistoriaa ja sen vaikutuksia t\u00e4ss\u00e4 ajassa sosiaalipalveluiden lapsiperhety\u00f6ss\u00e4.<\/span><br \/><span>\u2022 Tunnistat saamelaiskulttuurin mukaisen l\u00e4hestymistavan kohtaamistilanteissa.<\/span><\/p>\n<div class=\"realization-subtitle\"><strong>Sis\u00e4lt\u00f6<\/strong><\/div>\n<p>\u2022 Saamelaisten perinteiset kasvatustavat<br \/>\u2022 Saamelaiskulttuurin mukainen hyvinvointi saamelaisen lapsiperheen arjessa<\/p>\n<\/div>\n<\/div>\n<\/div>\n<h2><\/h2>\n<p>&nbsp;<\/p>\n<h2 id=\"coursecard-buttons\"><span style=\"text-decoration: underline\"><span style=\"color: #333399\"><strong><a href=\"https:\/\/hakeutuminen-amk.peppi4.lapit.csc.fi\/web\/hakijan-tyopoyta\/opiskeluhaku#4987\" class=\"signup\" style=\"color: #333399;text-decoration: underline\">Ilmoittaudu<\/a><\/strong><\/span><\/span><\/h2>\n<p>[\/et_pb_text][et_pb_text _builder_version=&#8221;4.27.4&#8243; _module_preset=&#8221;default&#8221; hover_enabled=&#8221;0&#8243; global_colors_info=&#8221;{}&#8221; sticky_enabled=&#8221;0&#8243;]<\/p>\n<ol><\/ol>\n<h1><strong>Saamelaiskulttuurin mukainen ty\u00f6skentely sosiaalipalveluiden lapsiperhety\u00f6ss\u00e4 2 op<\/strong><\/h1>\n<div id=\"some-share-buttons\"><\/div>\n<div id=\"coursecard\">\n<div id=\"coursecard-details\">\n<h2 id=\"coursecard-buttons\"><\/h2>\n<\/div>\n<div id=\"coursecard-image\" class=\"ateema_02\"><\/div>\n<\/div>\n<h2>Tietoja koulutuksesta<\/h2>\n<p>Tule vahvistamaan osaamistasi kulttuurisensitiivisess\u00e4 ty\u00f6skentelyss\u00e4 saamelaisen lapsiperheen kanssa sosiaalipalveluissa.<\/p>\n<div id=\"coursecard-realizations\">\n<div class=\"coursecard-realization active\">\n<div class=\"realization-content\">\n<div class=\"realization-subtitle\"><strong>Osaamistavoitteet<\/strong><\/div>\n<p>Opintojakson tavoitteena on vahvistaa opiskelijan osaamista ty\u00f6skennell\u00e4 kulttuurisensitiivisesti saamelaisen lapsiperheen kanssa sosiaalipalveluiden lapsiperhety\u00f6ss\u00e4. Opintojaksolla opiskelija vahvistaa omaa osaamistaan soveltaa sosiaalipalveluiden palveluj\u00e4rjestelm\u00e4\u00e4 niin, ett\u00e4 ty\u00f6skentely toteutuu sosiaalipalveluiden lapsiperhety\u00f6n palvelutapahtumissa saamelaiskulttuurin mukaisesti.<\/p>\n<p>\u2022 Ymm\u00e4rr\u00e4t saamelaista kulttuurihistoriaa ja sen vaikutuksia t\u00e4ss\u00e4 ajassa lapsiperhety\u00f6n sosiaalipalveluissa.<br \/>\u2022 Osaat huomioida saamelaiskulttuurin moninaisuuden lapsiperhety\u00f6n palvelutapahtumissa.<\/p>\n<div class=\"realization-subtitle\"><strong>Sis\u00e4lt\u00f6<\/strong><\/div>\n<p>\u2022 Saamelaiskulttuurin mukainen palveluj\u00e4rjestelm\u00e4 sosiaalihuollon lapsiperhety\u00f6ss\u00e4<\/p>\n<\/div>\n<\/div>\n<\/div>\n<p>&nbsp;<\/p>\n<h2><span style=\"text-decoration: underline;color: #333399\"><strong><a href=\"https:\/\/hakeutuminen-amk.peppi4.lapit.csc.fi\/web\/hakijan-tyopoyta\/opiskeluhaku#4988\" class=\"signup\" style=\"color: #333399;text-decoration: underline\">Ilmoittaudu<\/a><\/strong><\/span><\/h2>\n<h2><\/h2>\n<h2><\/h2>\n<p>\u200b<\/p>\n<h1><strong>Rajat ylitt\u00e4v\u00e4 yhteisty\u00f6 saamelaiskulttuurin mukaisessa sosiaalipalveluiden lapsiperhety\u00f6ss\u00e4 1 op<\/strong><\/h1>\n<h2><\/h2>\n<h2><\/h2>\n<h2>Tietoja koulutuksesta<\/h2>\n<p>Tule vahvistamaan osaamistasi rajat ylitt\u00e4v\u00e4ss\u00e4 yhteisty\u00f6ss\u00e4 saamelaiskulttuurin mukaisessa sosiaalipalveluiden lapsiperhety\u00f6ss\u00e4!<\/p>\n<h5><strong style=\"font-size: 16px\"><\/strong><\/h5>\n<h5><strong style=\"font-size: 16px\">Osaamistavoitteet<\/strong><\/h5>\n<div id=\"coursecard-realizations\">\n<div class=\"coursecard-realization active\">\n<div class=\"realization-content\">\n<p><span>Opintojaksolla opiskelija vahvistaa omaa osaamistaan tulkita ja vertailla saamelaisten eri valtioiden rajat ylitt\u00e4v\u00e4n kotiseutualueen lapsiperhety\u00f6h\u00f6n liittyv\u00e4n sosiaalilains\u00e4\u00e4d\u00e4nt\u00f6jen sis\u00e4lt\u00f6j\u00e4. Opiskelija vahvistaa osaamistaan arvioida rajat ylitt\u00e4v\u00e4n yhteisty\u00f6n mahdollisuuksia kehitt\u00e4\u00e4 sosiaalipalveluiden lapsiperhety\u00f6n palvelutapahtumia saamelaiskulttuurin mukaiseksi.<\/span><\/p>\n<p>\u2022 Ymm\u00e4rr\u00e4t saamelaista kulttuurihistoriaa ja sen vaikutuksia t\u00e4ss\u00e4 ajassa lapsiperhety\u00f6n sosiaalipalveluissa.<br \/>\u2022 Osaat arvioida rajat ylitt\u00e4v\u00e4n yhteisty\u00f6n mahdollisuuksia sosiaalipalveluiden lapsiperhety\u00f6n palveluj\u00e4rjestelm\u00e4ss\u00e4.<\/p>\n<div class=\"realization-subtitle\"><strong>Sis\u00e4lt\u00f6<\/strong><\/div>\n<p>\u2022 Saamelaisten kotiseutualueen lapsiperhety\u00f6h\u00f6n liittyv\u00e4n sosiaalilains\u00e4\u00e4d\u00e4nn\u00f6n sis\u00e4lt\u00f6<br \/>\u2022 Rajat ylitt\u00e4v\u00e4 yhteisty\u00f6 saamelaisen lapsiperheen sosiaalipalveluissa<\/p>\n<h2><\/h2>\n<h2><span style=\"text-decoration: underline;color: #333399\"><strong><a href=\"https:\/\/hakeutuminen-amk.peppi4.lapit.csc.fi\/web\/hakijan-tyopoyta\/opiskeluhaku#4989\" class=\"signup\" style=\"color: #333399;text-decoration: underline\">Ilmoittaudu<\/a><\/strong><\/span><\/h2>\n<h2><\/h2>\n<h2><\/h2>\n<h2><\/h2>\n<h2><\/h2>\n<h2>Lis\u00e4tiedot<\/h2>\n<p><span>Projektip\u00e4\u00e4llikk\u00f6 Mirka Kelahaara,\u00a0<\/span><span style=\"text-decoration: underline;color: #333399\"><a href=\"mailto:mirka.kelahaara@lapinamk.fi,\" style=\"color: #333399;text-decoration: underline\">mirka.kelahaara@lapinamk.fi<\/a><\/span><span>\u00a0040 619 7212<\/span><\/p>\n<\/div>\n<\/div>\n<\/div>\n<p>[\/et_pb_text][\/et_pb_column][\/et_pb_row][\/et_pb_section]<\/p>\n","protected":false},"excerpt":{"rendered":"<p>Saamelaiskulttuurin mukainen kohtaaminen sosiaalipalveluiden lapsiperhety\u00f6ss\u00e4 2 op Tietoja koulutuksesta Tule vahvistamaan osaamistasi kulttuurisensitiivisess\u00e4 kohtaamisessa saamelaisen lapsiperheen kanssa sosiaalipalveluissa. Osaamistavoitteet Opintojakson tavoitteena on vahvistaa opiskelijan osaamista kohdata kulttuurisensitiivisesti saamelainen lapsiperhe sosiaalipalveluiden lapsiperhety\u00f6ss\u00e4. Opintojaksolla opiskelija vahvistaa omaa osaamistaan tulkita sosiaalilains\u00e4\u00e4d\u00e4nt\u00f6\u00e4 niin, ett\u00e4 kohtaamistilanteet ovat sosiaalipalveluiden lapsiperhety\u00f6ss\u00e4 l\u00e4hestymistavaltaan saamelaiskulttuurin mukaisia. \u2022 Ymm\u00e4rr\u00e4t saamelaista kulttuurihistoriaa ja sen vaikutuksia t\u00e4ss\u00e4 [&hellip;]<\/p>\n","protected":false},"author":40575,"featured_media":0,"parent":0,"menu_order":0,"comment_status":"closed","ping_status":"closed","template":"","meta":{"_et_pb_use_builder":"on","_et_pb_old_content":"","_et_gb_content_width":"","footnotes":""},"class_list":["post-360","page","type-page","status-publish","hentry"],"_links":{"self":[{"href":"https:\/\/blogi.eoppimispalvelut.fi\/saamsote\/wp-json\/wp\/v2\/pages\/360","targetHints":{"allow":["GET"]}}],"collection":[{"href":"https:\/\/blogi.eoppimispalvelut.fi\/saamsote\/wp-json\/wp\/v2\/pages"}],"about":[{"href":"https:\/\/blogi.eoppimispalvelut.fi\/saamsote\/wp-json\/wp\/v2\/types\/page"}],"author":[{"embeddable":true,"href":"https:\/\/blogi.eoppimispalvelut.fi\/saamsote\/wp-json\/wp\/v2\/users\/40575"}],"replies":[{"embeddable":true,"href":"https:\/\/blogi.eoppimispalvelut.fi\/saamsote\/wp-json\/wp\/v2\/comments?post=360"}],"version-history":[{"count":19,"href":"https:\/\/blogi.eoppimispalvelut.fi\/saamsote\/wp-json\/wp\/v2\/pages\/360\/revisions"}],"predecessor-version":[{"id":664,"href":"https:\/\/blogi.eoppimispalvelut.fi\/saamsote\/wp-json\/wp\/v2\/pages\/360\/revisions\/664"}],"wp:attachment":[{"href":"https:\/\/blogi.eoppimispalvelut.fi\/saamsote\/wp-json\/wp\/v2\/media?parent=360"}],"curies":[{"name":"wp","href":"https:\/\/api.w.org\/{rel}","templated":true}]}}