{"id":380,"date":"2025-02-07T10:16:51","date_gmt":"2025-02-07T10:16:51","guid":{"rendered":"https:\/\/blogi.eoppimispalvelut.fi\/saamsote\/?page_id=380"},"modified":"2025-09-17T12:19:37","modified_gmt":"2025-09-17T12:19:37","slug":"kulttuurisensitiivisyys","status":"publish","type":"page","link":"https:\/\/blogi.eoppimispalvelut.fi\/saamsote\/kulttuurisensitiivisyys\/","title":{"rendered":"Kulttuurisensitiivisyys sosiaali- ja terveysalalla"},"content":{"rendered":"<p>[et_pb_section fb_built=&#8221;1&#8243; _builder_version=&#8221;4.27.4&#8243; _module_preset=&#8221;default&#8221; global_colors_info=&#8221;{}&#8221;][et_pb_row _builder_version=&#8221;4.27.4&#8243; _module_preset=&#8221;default&#8221; global_colors_info=&#8221;{}&#8221;][et_pb_column type=&#8221;4_4&#8243; _builder_version=&#8221;4.27.4&#8243; _module_preset=&#8221;default&#8221; global_colors_info=&#8221;{}&#8221;][et_pb_text _builder_version=&#8221;4.27.4&#8243; _module_preset=&#8221;default&#8221; hover_enabled=&#8221;0&#8243; global_colors_info=&#8221;{}&#8221; sticky_enabled=&#8221;0&#8243;]<\/p>\n<h1><strong>Kulttuurisensitiivisyys sosiaali- ja terveysalalla saamelaisten kohtaamisessa 2 op<\/strong><\/h1>\n<div id=\"some-share-buttons\"><\/div>\n<div><\/div>\n<div id=\"coursecard\">\n<div id=\"coursecard-details\">\n<p>&nbsp;<\/p>\n<\/div>\n<div id=\"coursecard-image\" class=\"ateema_02\"><\/div>\n<\/div>\n<h2>Tietoja koulutuksesta<\/h2>\n<p>Haluatko kehitt\u00e4\u00e4 kulttuurisensitiivisi\u00e4 taitojasi ja ymm\u00e4rt\u00e4\u00e4 saamelaisen asiakkaan kohtaamista syvemmin? T\u00e4m\u00e4 itsen\u00e4isesti suoritettava verkkokurssi tarjoaa k\u00e4yt\u00e4nn\u00f6nl\u00e4heist\u00e4 tietoa kulttuuritietoisuudesta, kultuurikompetenssista ja eettisest\u00e4 ty\u00f6skentelyst\u00e4 erityisesti saamelaisuuden n\u00e4k\u00f6kulmasta.<\/p>\n<div id=\"coursecard-realizations\">\n<div class=\"coursecard-realization active\">\n<div class=\"realization-content\">\n<div class=\"realization-subtitle\"><strong>Osaamistavoitteet<\/strong><\/div>\n<p>\u2022 Osaat tiedostaa oman kulttuurisen arvoperustan ja peilata sit\u00e4 saamelaisen asiakkaan arvoperustaan, sek\u00e4 toimia arvoperustan mukaisesti.<br \/>\u2022 Osaat m\u00e4\u00e4ritell\u00e4 kulttuurisensitiivisyyden, -tietoisuuden, -kompetenssin ja kulttuurisesti turvatun toiminnan keskeiset k\u00e4sitteet ja sis\u00e4ll\u00f6t, ja pystyt reflektoimaan eri k\u00e4sitteiden eroja, erityisesti alkuper\u00e4iskansojen ja saamelaisuuden n\u00e4k\u00f6kulmasta.<\/p>\n<div class=\"realization-subtitle\"><strong>Sis\u00e4lt\u00f6<\/strong><\/div>\n<p>Kulttuuritietoinen arvoperusta ja eettisyys sosiaali- ja terveysalalla (1 op)<\/p>\n<ul>\n<li>oma arvoperusta ja vahvuudet<\/li>\n<li>eettinen ty\u00f6skentely<\/li>\n<\/ul>\n<p>Kulttuurisensitiivisyys, erityisesti saamelaisuuden n\u00e4k\u00f6kulmasta (1 op)<\/p>\n<ul>\n<li>kulttuurisensitiivisyys<\/li>\n<li>kulttuurinen kompetenssi<\/li>\n<li>kulttuuritietoisuus, kulttuuritaju<\/li>\n<li>kulttuurisesti turvattu saamelaisten ja alkuper\u00e4iskansojen n\u00e4k\u00f6kulmasta<\/li>\n<li>vuorovaikutus ja kohtaaminen saamelaisen asiakkaan kanssa<\/li>\n<\/ul>\n<p>&nbsp;<\/p>\n<\/div>\n<\/div>\n<\/div>\n<h2><span style=\"text-decoration: underline;color: #333399\"><strong><a href=\"https:\/\/hakeutuminen-amk.peppi4.lapit.csc.fi\/web\/hakijan-tyopoyta\/opiskeluhaku#5103\" class=\"signup\" style=\"color: #333399;text-decoration: underline\">Ilmoittaudu<\/a><\/strong><\/span><\/h2>\n<h2><\/h2>\n<h1><strong><\/strong><\/h1>\n<h1><strong><\/strong><\/h1>\n<h1><strong><\/strong><\/h1>\n<h1><strong><\/strong><\/h1>\n<h1><strong>Saamelainen asiakas kulttuurisensitiivisess\u00e4 vuorovaikutuksessa ja kohtaamisessa sosiaali- ja terveysalalla 3 op<\/strong><\/h1>\n<div id=\"coursecard\">\n<div id=\"coursecard-details\">\n<h2 id=\"coursecard-buttons\"><\/h2>\n<\/div>\n<div id=\"coursecard-image\" class=\"ateema_02\"><\/div>\n<\/div>\n<h2><\/h2>\n<h2>Tietoja koulutuksesta<\/h2>\n<p>Tule oppimaan ja vahvistamaan osaamistasi kulttuurisensitiivisen ja kulttuurisesti turvallisen kohtaamisen vaikutuksista ja merkityksest\u00e4 saamelaisyhteis\u00f6ss\u00e4, sosiaali- ja terveysalan ty\u00f6ss\u00e4. Itsen\u00e4isesti verkossa toteutettava kurssi soveltuu sosiaali- ja terveysalan ammattilaisille t\u00e4ydennyskoulutukseksi sek\u00e4 opiskelijoille, jotka haluavat saada tietoa kulttuurisensitiivisyydest\u00e4, keskittyen saamelaisyhteis\u00f6\u00f6n. Opit rakentamaan luottamusta, ja ymm\u00e4rt\u00e4m\u00e4\u00e4n saamelaisen asiakkaan terveyteen ja hyvinvointiin liittyvi\u00e4 keskeisi\u00e4 piirteit\u00e4. Kurssin sis\u00e4ll\u00f6iss\u00e4 ja materiaaleissa on kuultu laajasti saamelaisia sosiaali- ja terveysalan kulttuuriasiantuntijoita. Osallistu ja kehit\u00e4 taitojasi kohti aidosti yhdenvertaista asiakasty\u00f6t\u00e4! Kurssi on osa SaamSote-hankkeen opintokokonaisuutta, jonka muut kurssit l\u00f6yd\u00e4t SaamSote-tunnisteella.<\/p>\n<h2><\/h2>\n<div id=\"coursecard-realizations\">\n<div class=\"coursecard-realization active\">\n<div class=\"realization-content\">\n<div class=\"realization-subtitle\"><strong>Osaamistavoitteet<\/strong><\/div>\n<p>\u2022 Osaat toimia ammatillisesti ja eettisesti erilaisissa sosiaali- ja terveysalan toimintaymp\u00e4rist\u00f6iss\u00e4 huomioiden saamelaisen asiakkaan kieli- ja kulttuuritaustan, ja n\u00e4iden historian.<br \/>\u2022 Osaat soveltaa tasavertaista ja tavoitteellista vuorovaikutusta ja kohtaamista saamelaisen asiakkaan luottamuksen saavuttamiseksi.<br \/>\u2022 Ymm\u00e4rr\u00e4t saamelaisen asiakkaan kulttuuritaustaan, terveyteen ja hyvinvointiin liittyv\u00e4t keskeiset piirteet<\/p>\n<div class=\"realization-subtitle\"><strong>Sis\u00e4lt\u00f6<\/strong><\/div>\n<p>\u2022 kohtaamisen ja vuorovaikutuksen t\u00e4rkeys saamelaisen kohtaamisessa sosiaali- ja terveysalalla<br \/>\u2022 hyv\u00e4t k\u00e4yt\u00e4nteet kulttuurisessa vuorovaikutuksessa<br \/>\u2022 luottamuksen rakentaminen saamelaisen asiakkaan kohtaamisessa<br \/>\u2022 laaja hyvinvointik\u00e4sitys<br \/>\u2022 saamelaisen asiakkaan terveyden ja hyvinvoinnin huomioiminen vuorovaikutustilanteissa<\/p>\n<p>&nbsp;<\/p>\n<h2 id=\"coursecard-buttons\"><span style=\"text-decoration: underline\"><span style=\"color: #333399\"><strong><a href=\"https:\/\/hakeutuminen-amk.peppi4.lapit.csc.fi\/web\/hakijan-tyopoyta\/opiskeluhaku#5104\" class=\"signup\" style=\"color: #333399;text-decoration: underline\">Ilmoittaudu<\/a><\/strong><\/span><\/span><\/h2>\n<\/div>\n<\/div>\n<\/div>\n<h2><\/h2>\n<h2><\/h2>\n<h3>Lis\u00e4tiedot<\/h3>\n<p><span>Projektip\u00e4\u00e4llikk\u00f6 Mirka Kelahaara,\u00a0<\/span><span style=\"text-decoration: underline\"><span style=\"color: #333399\"><a href=\"mailto:mirka.kelahaara@lapinamk.fi,\" style=\"color: #333399;text-decoration: underline\">mirka.kelahaara@lapinamk.fi<\/a><\/span><\/span><span>\u00a0040 619 7212<\/span><\/p>\n<div id=\"ask-more\">\n<p>&nbsp;<\/p>\n<\/div>\n<p>[\/et_pb_text][\/et_pb_column][\/et_pb_row][\/et_pb_section]<\/p>\n","protected":false},"excerpt":{"rendered":"<p>Kulttuurisensitiivisyys sosiaali- ja terveysalalla saamelaisten kohtaamisessa 2 op &nbsp; Tietoja koulutuksesta Haluatko kehitt\u00e4\u00e4 kulttuurisensitiivisi\u00e4 taitojasi ja ymm\u00e4rt\u00e4\u00e4 saamelaisen asiakkaan kohtaamista syvemmin? T\u00e4m\u00e4 itsen\u00e4isesti suoritettava verkkokurssi tarjoaa k\u00e4yt\u00e4nn\u00f6nl\u00e4heist\u00e4 tietoa kulttuuritietoisuudesta, kultuurikompetenssista ja eettisest\u00e4 ty\u00f6skentelyst\u00e4 erityisesti saamelaisuuden n\u00e4k\u00f6kulmasta. Osaamistavoitteet \u2022 Osaat tiedostaa oman kulttuurisen arvoperustan ja peilata sit\u00e4 saamelaisen asiakkaan arvoperustaan, sek\u00e4 toimia arvoperustan mukaisesti.\u2022 Osaat m\u00e4\u00e4ritell\u00e4 [&hellip;]<\/p>\n","protected":false},"author":40575,"featured_media":0,"parent":0,"menu_order":0,"comment_status":"closed","ping_status":"closed","template":"","meta":{"_et_pb_use_builder":"on","_et_pb_old_content":"","_et_gb_content_width":"","footnotes":""},"class_list":["post-380","page","type-page","status-publish","hentry"],"_links":{"self":[{"href":"https:\/\/blogi.eoppimispalvelut.fi\/saamsote\/wp-json\/wp\/v2\/pages\/380","targetHints":{"allow":["GET"]}}],"collection":[{"href":"https:\/\/blogi.eoppimispalvelut.fi\/saamsote\/wp-json\/wp\/v2\/pages"}],"about":[{"href":"https:\/\/blogi.eoppimispalvelut.fi\/saamsote\/wp-json\/wp\/v2\/types\/page"}],"author":[{"embeddable":true,"href":"https:\/\/blogi.eoppimispalvelut.fi\/saamsote\/wp-json\/wp\/v2\/users\/40575"}],"replies":[{"embeddable":true,"href":"https:\/\/blogi.eoppimispalvelut.fi\/saamsote\/wp-json\/wp\/v2\/comments?post=380"}],"version-history":[{"count":15,"href":"https:\/\/blogi.eoppimispalvelut.fi\/saamsote\/wp-json\/wp\/v2\/pages\/380\/revisions"}],"predecessor-version":[{"id":639,"href":"https:\/\/blogi.eoppimispalvelut.fi\/saamsote\/wp-json\/wp\/v2\/pages\/380\/revisions\/639"}],"wp:attachment":[{"href":"https:\/\/blogi.eoppimispalvelut.fi\/saamsote\/wp-json\/wp\/v2\/media?parent=380"}],"curies":[{"name":"wp","href":"https:\/\/api.w.org\/{rel}","templated":true}]}}