{"id":384,"date":"2025-02-07T10:18:43","date_gmt":"2025-02-07T10:18:43","guid":{"rendered":"https:\/\/blogi.eoppimispalvelut.fi\/saamsote\/?page_id=384"},"modified":"2025-10-15T06:46:45","modified_gmt":"2025-10-15T06:46:45","slug":"kotihoito","status":"publish","type":"page","link":"https:\/\/blogi.eoppimispalvelut.fi\/saamsote\/kotihoito\/","title":{"rendered":"Saamelaisen ik\u00e4\u00e4ntyneen kotihoito"},"content":{"rendered":"<p>[et_pb_section fb_built=&#8221;1&#8243; _builder_version=&#8221;4.27.4&#8243; _module_preset=&#8221;default&#8221; global_colors_info=&#8221;{}&#8221;][et_pb_row _builder_version=&#8221;4.27.4&#8243; _module_preset=&#8221;default&#8221; global_colors_info=&#8221;{}&#8221;][et_pb_column type=&#8221;4_4&#8243; _builder_version=&#8221;4.27.4&#8243; _module_preset=&#8221;default&#8221; global_colors_info=&#8221;{}&#8221;][et_pb_text _builder_version=&#8221;4.27.4&#8243; _module_preset=&#8221;default&#8221; global_colors_info=&#8221;{}&#8221;]<\/p>\n<h1><strong>Saamelainen ik\u00e4ihminen, ja ik\u00e4\u00e4ntyneen kohtaaminen ja vuorovaikutus 3 op<\/strong><\/h1>\n<p><strong><\/strong><\/p>\n<h2>Tietoja koulutuksesta<\/h2>\n<p>Haluatko oppia kohtaamaan saamelaisen ik\u00e4\u00e4ntyneen kunnioittavasti ja kulttuurisensitiivisesti kotihoidossa? T\u00e4m\u00e4 itsen\u00e4isesti toteutettava verkkokurssi tarjoaa ymm\u00e4rryst\u00e4 saamelaisen ik\u00e4ihmisen arjesta, laajasta hyvinvointik\u00e4sityksest\u00e4 ja asiakassuhteen rakentamisesta luottamukselle. Opintojaksolla opit kohtaamaan saamelaisen ik\u00e4\u00e4ntyneen kotihoidon ymp\u00e4rist\u00f6ss\u00e4 kulttuurisensitiivisesti, sek\u00e4 ymm\u00e4rt\u00e4m\u00e4\u00e4n saamen kielten, kulttuurin ja luottamuksen merkityksen sosiaali- ja terveydenhuollon asiakassuhteissa, ja huomioimaan osallisuuden, itsem\u00e4\u00e4r\u00e4\u00e4misoikeuden ja eettisyyden ty\u00f6ss\u00e4si!<\/p>\n<p><strong>Osaamistavoitteet<\/strong><\/p>\n<div id=\"coursecard-realizations\">\n<div class=\"coursecard-realization active\">\n<div class=\"realization-content\">\n<p>\u00b7 Hahmotat kulttuuriymm\u00e4rryksen kautta saamelaisen ik\u00e4ihmisen arkea<br \/>\u00b7 Osaat kulttuurisensitiivisesti kohdata saamelaisen ik\u00e4\u00e4ntyneen kotihoidon ymp\u00e4rist\u00f6ss\u00e4<br \/>\u00b7 Osaat rakentaa luottamukseen perustuvan asiakassuhteen ik\u00e4\u00e4ntyneeseen (ja h\u00e4nen l\u00e4heisiins\u00e4)<\/p>\n<div class=\"realization-subtitle\"><strong>Sis\u00e4lt\u00f6<\/strong><\/div>\n<p>\u2022 Lains\u00e4\u00e4d\u00e4nt\u00f6, joka ohjaa toimintaa<br \/>\u2022 Her\u00e4te saamelaiseen laajaan hyvinvointik\u00e4sitykseen ik\u00e4\u00e4ntyneen kanssa ty\u00f6skennelless\u00e4<br \/>\u2022 Saamelaiset osana alkuper\u00e4iskansaa, pohjois-, inarin-, koltansaame<br \/>\u2022 Kulttuurinen turvallisuus, -sensitiivisyys ja kulttuurinen kompetenssi<br \/>\u2022 Luottamuksen ansaitseminen asiakassuhteessa<br \/>\u2022 Osallisuus, eettisyys, itsem\u00e4\u00e4r\u00e4\u00e4misoikeus asiakassuhteessa<br \/>\u2022 Vuorovaikutus saamelaisen asiakkaan kanssa<br \/>&#8211; Kokonaisvaltainen ja tasa-arvoinen kohtaaminen<br \/>&#8211; Kielen ja kommunikaatiotavan merkitys<\/p>\n<p>&nbsp;<\/p>\n<\/div>\n<\/div>\n<\/div>\n<h2 id=\"coursecard-buttons\"><span style=\"text-decoration: underline;color: #333399\"><strong><a href=\"https:\/\/hakeutuminen-amk.peppi4.lapit.csc.fi\/web\/hakijan-tyopoyta\/opiskeluhaku#5105\" class=\"signup\" style=\"color: #333399;text-decoration: underline\">Ilmoittaudu<\/a><\/strong><\/span><\/h2>\n<p>[\/et_pb_text][et_pb_text _builder_version=&#8221;4.27.4&#8243; _module_preset=&#8221;default&#8221; global_colors_info=&#8221;{}&#8221;]<\/p>\n<h1><strong>Saamelaisen ik\u00e4ihmisen terveyden, toimintakyvyn ja hyvinvoinnin tukeminen 3 op<\/strong><\/h1>\n<p><strong><\/strong><\/p>\n<h2>Tietoja koulutuksesta<\/h2>\n<p>Haluatko oppia tukemaan saamelaisen ik\u00e4\u00e4ntyneen terveytt\u00e4 ja toimintakyky\u00e4 kulttuurisensitiivisesti? Itsen\u00e4isesti toteutettavalla verkkokurssilla lis\u00e4\u00e4t ymm\u00e4rryst\u00e4si saamelaisesta laajasta hyvinvointik\u00e4sityksest\u00e4, ik\u00e4\u00e4ntyneiden sote-palveluj\u00e4rjestelm\u00e4st\u00e4 sek\u00e4 kieli- ja kulttuuritietoisen hoidon merkityksest\u00e4. Kurssilla opit tukemaan ik\u00e4\u00e4ntyneen terveytt\u00e4 ja toimintakyky\u00e4 saamelaisen kulttuurin ja kielen n\u00e4k\u00f6kulmasta, ja opit analysoimaan ja reflektoimaan palveluj\u00e4rjestelm\u00e4n erityispiirteit\u00e4 ja kulttuurisensitiivisi\u00e4 k\u00e4yt\u00e4nt\u00f6j\u00e4. Opit ymm\u00e4rt\u00e4m\u00e4\u00e4n saamelaisen el\u00e4m\u00e4nkatsomuksen, perinteiden ja luonnon merkityksen hyvinvoinnille!<\/p>\n<p><strong>Osaamistavoitteet<\/strong><\/p>\n<div id=\"coursecard-realizations\">\n<div class=\"coursecard-realization active\">\n<div class=\"realization-content\">\n<p>\u00b7 Osaat edist\u00e4\u00e4 saamelaisen ik\u00e4\u00e4ntyneen terveytt\u00e4 ja toimintakyky\u00e4 ja hyvinvointia huomioiden palveluj\u00e4rjestelm\u00e4n, saamelaisen ik\u00e4\u00e4ntyneen yksil\u00f6lliset tarpeet, kielen ja kulttuurin<br \/>\u00b7 Osaat analysoida suomalaisia terveyden ja toimintakyvyn sek\u00e4 hyvinvoinnin edist\u00e4misen suosituksia ja palveluita huomioiden saamelaisen kielen ja kulttuurin n\u00e4k\u00f6kulmat<\/p>\n<div class=\"realization-subtitle\"><strong>Sis\u00e4lt\u00f6<\/strong><\/div>\n<p>Palveluj\u00e4rjestelm\u00e4<\/p>\n<ul>\n<li>Saamenkielinen palveluohjaaja, LAPHA saamelaisalueella<\/li>\n<li>Kotihoito, kyl\u00e4ty\u00f6ntekij\u00e4t, rooli ja koulutus<\/li>\n<li>Kotisairaanhoitajan kotik\u00e4ynti<\/li>\n<li>Saamelaisalueen pitkien v\u00e4limatkojen merkitys ik\u00e4ihmisten sote-ty\u00f6ss\u00e4<\/li>\n<li>Osastohoitoon siirtyminen ja siell\u00e4 saamenkielisten ty\u00f6ntekij\u00f6iden rooli<\/li>\n<li>Et\u00e4- ja digivastaanotot<\/li>\n<li>Lomakkeet, k\u00e4\u00e4nn\u00f6kset ja niiden merkitykset.<\/li>\n<\/ul>\n<p>Laaja hyvinvointik\u00e4sitys ja terveysk\u00e4sitys ik\u00e4\u00e4ntyneen saamelaisen n\u00e4k\u00f6kulmasta<\/p>\n<ul>\n<li>One health \u2013 viitekehys<\/li>\n<li>Saamelainen el\u00e4m\u00e4nkatsomus hyvinvoinnin tukena, hengellisyys, kansanparannus<\/li>\n<li>8 vuodenaikaa ja vuodenkierto, ja luontoon osallistuminen<\/li>\n<li>Saamenpuku, juhlap\u00e4iv\u00e4t<\/li>\n<li>Yhteis\u00f6n laajempi merkitys saamelaisille<\/li>\n<li>Ik\u00e4\u00e4ntyneet kielen, kulttuurin ja perinteiden siirt\u00e4jin\u00e4 sek\u00e4 voimavarana yhteis\u00f6lle<\/li>\n<li>Ravitsemustottumukset ja ravitsemussuositukset kulttuuri huomioiden<\/li>\n<li>Birgen ruovttus toiminta &#8211; p\u00e4rj\u00e4\u00e4misen k\u00e4site<\/li>\n<\/ul>\n<p>&nbsp;<\/p>\n<h2 id=\"coursecard-buttons\"><span style=\"text-decoration: underline;color: #333399\"><strong><a href=\"https:\/\/hakeutuminen-amk.peppi4.lapit.csc.fi\/web\/hakijan-tyopoyta\/opiskeluhaku#5106\" class=\"signup\" style=\"color: #333399;text-decoration: underline\">Ilmoittaudu<\/a><\/strong><\/span><\/h2>\n<\/div>\n<\/div>\n<\/div>\n<p>[\/et_pb_text][et_pb_text _builder_version=&#8221;4.27.4&#8243; _module_preset=&#8221;default&#8221; global_colors_info=&#8221;{}&#8221;]<\/p>\n<h1><strong>N\u00e4k\u00f6kulmia muistisairaan saamelaisen kohtaamiseen, hoitoon ja kuntoutukseen 2 0p<\/strong><\/h1>\n<div id=\"some-share-buttons\"><\/div>\n<div id=\"coursecard\">\n<div id=\"coursecard-details\">\n<h2 id=\"coursecard-buttons\"><\/h2>\n<\/div>\n<h2 id=\"coursecard-image\" class=\"ateema_02\">Tietoja koulutuksesta<\/h2>\n<\/div>\n<p>Miten kohdata muistisairas saamelainen kunnioittavasti ja kulttuurisensitiivisesti? Itsen\u00e4isesti suoritettava verkkokurssi tarjoaa n\u00e4k\u00f6kulmia muistisairaan saamelaisen hoitoon, kuntoutukseen ja osallisuuden tukemiseen, perhe ja yhteis\u00f6 huomioiden. Opit kohtaamaan muistisairaan saamelaisen kulttuurisensitiivisesti ja yksil\u00f6llisesti, sek\u00e4 hy\u00f6dynt\u00e4m\u00e4\u00e4n muistelu- ja kuntoutusmenetelmi\u00e4, jotka tukevat saamelaisen identiteetti\u00e4 ja hyvinvointia. Opit ymm\u00e4rt\u00e4m\u00e4\u00e4n ymp\u00e4rist\u00f6n, yhteis\u00f6n ja perheen roolin muistisairaan hoidossa. Kurssi soveltuu sosiaali- ja terveysalan opiskelijoille ja ammattilaisille, jotka haluavat kehitt\u00e4\u00e4 osaamistaan muistisairaiden hoidossa alkuper\u00e4iskansan n\u00e4k\u00f6kulmasta. Ilmoittaudu nyt ja kehit\u00e4 osaamistasi muistisairaiden saamelaisasiakkaiden hoidossa! Kurssi on osa SaamSote-hankkeen opintokokonaisuutta, jonka muut kurssit l\u00f6yd\u00e4t SaamSote-tunnisteella!<\/p>\n<div id=\"coursecard-realizations\">\n<div class=\"coursecard-realization active\">\n<div class=\"realization-content\">\n<div class=\"realization-subtitle\"><strong>Osaamistavoitteet<\/strong><\/div>\n<p>\u00b7 Osaat kohdata saamelaisen muistisairaan asiakkaan<br \/>\u00b7 Osaat huomioida muistisairaan kohtaamisessa osallisuuden tukemisen, perheen, yhteis\u00f6n ja ymp\u00e4rist\u00f6n n\u00e4k\u00f6kulmia<\/p>\n<p><strong><\/strong><strong>Sis\u00e4lt\u00f6<\/strong><\/p>\n<div class=\"realization-subtitle\">&#8230;..tulossa.<\/div>\n<h2><strong><\/strong><\/h2>\n<h2><strong><\/strong><\/h2>\n<h2><\/h2>\n<h2 id=\"coursecard-buttons\"><span style=\"text-decoration: underline\"><span style=\"color: #333399\"><strong><a href=\"https:\/\/hakeutuminen-amk.peppi4.lapit.csc.fi\/web\/hakijan-tyopoyta\/opiskeluhaku#5111\" class=\"signup\" style=\"color: #333399;text-decoration: underline\">Ilmoittaudu<\/a><\/strong><\/span><\/span><\/h2>\n<\/div>\n<\/div>\n<\/div>\n<p>[\/et_pb_text][\/et_pb_column][\/et_pb_row][et_pb_row _builder_version=&#8221;4.27.4&#8243; _module_preset=&#8221;default&#8221; global_colors_info=&#8221;{}&#8221;][et_pb_column type=&#8221;4_4&#8243; _builder_version=&#8221;4.27.4&#8243; _module_preset=&#8221;default&#8221; global_colors_info=&#8221;{}&#8221;][et_pb_text _builder_version=&#8221;4.27.4&#8243; _module_preset=&#8221;default&#8221; hover_enabled=&#8221;0&#8243; global_colors_info=&#8221;{}&#8221; sticky_enabled=&#8221;0&#8243;]<\/p>\n<h1><strong>Luonto saamelaisen kotihoidon voimavarana 2 op<\/strong><\/h1>\n<h1><span><\/span><\/h1>\n<h2><span>Tietoja koulutuksesta<\/span><\/h2>\n<p><span><b><\/b><\/span><\/p>\n<p>Opintojaksolla perehdyt luontosuhteeseen, sen m\u00e4\u00e4rittelyyn ja erityisesti siihen, mit\u00e4 luontosuhde on saamelaisessa kulttuurissa. Tarkastelet ja pohdit omaa luontosuhdetta sek\u00e4 luontosuhdetta saamelaisessa kulttuurissa ja reflektoit niit\u00e4. Ymm\u00e4rr\u00e4t, mik\u00e4 on luontosuhteen merkitys hyvinvoinnille ja identiteetille. Opiskelet miten kahdeksan vuodenajan rytmi voivat n\u00e4ky\u00e4 saamelaisessa el\u00e4m\u00e4ss\u00e4 sek\u00e4 my\u00f6s kotihoidon asiakkaiden el\u00e4m\u00e4ss\u00e4. Saat ty\u00f6kaluja siihen, miten kotihoidossa voidaan luontoa ja vuodenkiertoa k\u00e4ytt\u00e4\u00e4 hyvinvoinnin l\u00e4hteen\u00e4 sek\u00e4 toimintakyvyn edist\u00e4j\u00e4n\u00e4.<\/p>\n<p><span>Opintojakso suoritetaan kokonaan verkko-opintoina, ilman opettajakontaktia. Opintojakso on jaettu kahteen eri Moduuliin, joissa on molemmissa omat oppimateriaalit, teht\u00e4v\u00e4t ja palautuskansiot.<\/span><\/p>\n<p><span><b>Osaamistavoitteet<\/b><\/span><\/p>\n<ul>\n<li>Osaa tunnistaa ja tiet\u00e4\u00e4 saamelaisen asiakkaan luontosuhteen keskeisi\u00e4 piirteit\u00e4.<\/li>\n<li>Osaa huomioida luonnon ja luontoymp\u00e4rist\u00f6n merkityksen osana saamelaisen asiakkaan hoitoty\u00f6t\u00e4.<\/li>\n<li>Ymm\u00e4rt\u00e4\u00e4 luonnon merkityksen kotihoidossa toiminnallisuuden ja osallisuuden voimavarana.<\/li>\n<\/ul>\n<p><span>\u00a0<\/span><span><b>Sis\u00e4lt\u00f6<\/b><\/span><\/p>\n<ul>\n<li>Luontosuhteen m\u00e4\u00e4rittely<\/li>\n<li>Oma luontosuhde<\/li>\n<li>Luontosuhde saamelaisessa kulttuurissa<\/li>\n<li>Luonnon ja kahdeksan vuodenajan merkitys saamelaisessa kulttuurissa ja hyvinvoinnissa.<\/li>\n<li>Ammatillinen ja vastuullinen kahdeksan vuodenajan huomioiminen kotihoidossa.<\/li>\n<li>\n<div role=\"presentation\">Vuoden kierron ymm\u00e4rrys asiakkaan toiminnallisuutta ja osallisuutta edist\u00e4m\u00e4ss\u00e4.<\/div>\n<\/li>\n<\/ul>\n<div>\n<h2><\/h2>\n<h2>Lis\u00e4tiedot<\/h2>\n<p><span>Projektip\u00e4\u00e4llikk\u00f6 Mirka Kelahaara,\u00a0<\/span><span style=\"text-decoration: underline;color: #333399\"><a href=\"mailto:mirka.kelahaara@lapinamk.fi,\" style=\"color: #333399;text-decoration: underline\">mirka.kelahaara@lapinamk.fi<\/a><\/span><span>\u00a0040 619 7212<\/span><\/p>\n<\/div>\n<p>[\/et_pb_text][\/et_pb_column][\/et_pb_row][\/et_pb_section]<\/p>\n","protected":false},"excerpt":{"rendered":"<p>Saamelainen ik\u00e4ihminen, ja ik\u00e4\u00e4ntyneen kohtaaminen ja vuorovaikutus 3 op Tietoja koulutuksesta Haluatko oppia kohtaamaan saamelaisen ik\u00e4\u00e4ntyneen kunnioittavasti ja kulttuurisensitiivisesti kotihoidossa? T\u00e4m\u00e4 itsen\u00e4isesti toteutettava verkkokurssi tarjoaa ymm\u00e4rryst\u00e4 saamelaisen ik\u00e4ihmisen arjesta, laajasta hyvinvointik\u00e4sityksest\u00e4 ja asiakassuhteen rakentamisesta luottamukselle. Opintojaksolla opit kohtaamaan saamelaisen ik\u00e4\u00e4ntyneen kotihoidon ymp\u00e4rist\u00f6ss\u00e4 kulttuurisensitiivisesti, sek\u00e4 ymm\u00e4rt\u00e4m\u00e4\u00e4n saamen kielten, kulttuurin ja luottamuksen merkityksen sosiaali- ja terveydenhuollon asiakassuhteissa, [&hellip;]<\/p>\n","protected":false},"author":40575,"featured_media":0,"parent":0,"menu_order":0,"comment_status":"closed","ping_status":"closed","template":"","meta":{"_et_pb_use_builder":"on","_et_pb_old_content":"","_et_gb_content_width":"","footnotes":""},"class_list":["post-384","page","type-page","status-publish","hentry"],"_links":{"self":[{"href":"https:\/\/blogi.eoppimispalvelut.fi\/saamsote\/wp-json\/wp\/v2\/pages\/384","targetHints":{"allow":["GET"]}}],"collection":[{"href":"https:\/\/blogi.eoppimispalvelut.fi\/saamsote\/wp-json\/wp\/v2\/pages"}],"about":[{"href":"https:\/\/blogi.eoppimispalvelut.fi\/saamsote\/wp-json\/wp\/v2\/types\/page"}],"author":[{"embeddable":true,"href":"https:\/\/blogi.eoppimispalvelut.fi\/saamsote\/wp-json\/wp\/v2\/users\/40575"}],"replies":[{"embeddable":true,"href":"https:\/\/blogi.eoppimispalvelut.fi\/saamsote\/wp-json\/wp\/v2\/comments?post=384"}],"version-history":[{"count":13,"href":"https:\/\/blogi.eoppimispalvelut.fi\/saamsote\/wp-json\/wp\/v2\/pages\/384\/revisions"}],"predecessor-version":[{"id":666,"href":"https:\/\/blogi.eoppimispalvelut.fi\/saamsote\/wp-json\/wp\/v2\/pages\/384\/revisions\/666"}],"wp:attachment":[{"href":"https:\/\/blogi.eoppimispalvelut.fi\/saamsote\/wp-json\/wp\/v2\/media?parent=384"}],"curies":[{"name":"wp","href":"https:\/\/api.w.org\/{rel}","templated":true}]}}