{"id":393,"date":"2025-02-07T10:21:16","date_gmt":"2025-02-07T10:21:16","guid":{"rendered":"https:\/\/blogi.eoppimispalvelut.fi\/saamsote\/?page_id=393"},"modified":"2025-09-17T12:31:13","modified_gmt":"2025-09-17T12:31:13","slug":"seksuaaliterveys-2","status":"publish","type":"page","link":"https:\/\/blogi.eoppimispalvelut.fi\/saamsote\/seksuaaliterveys-2\/","title":{"rendered":"Seksuaaliterveys"},"content":{"rendered":"<p>[et_pb_section fb_built=&#8221;1&#8243; _builder_version=&#8221;4.27.4&#8243; _module_preset=&#8221;default&#8221; global_colors_info=&#8221;{}&#8221;][et_pb_row _builder_version=&#8221;4.27.4&#8243; _module_preset=&#8221;default&#8221; global_colors_info=&#8221;{}&#8221;][et_pb_column type=&#8221;4_4&#8243; _builder_version=&#8221;4.27.4&#8243; _module_preset=&#8221;default&#8221; global_colors_info=&#8221;{}&#8221;][et_pb_text _builder_version=&#8221;4.27.4&#8243; _module_preset=&#8221;default&#8221; hover_enabled=&#8221;0&#8243; global_colors_info=&#8221;{}&#8221; sticky_enabled=&#8221;0&#8243;]<\/p>\n<h1><strong>Seksuaalisuuden tukeminen saamelaisyhteis\u00f6iss\u00e4 5 op<\/strong><\/h1>\n<h1><\/h1>\n<h1><\/h1>\n<h2>Tietoja koulutuksesta<\/h2>\n<p>Tule vahvistamaan osaamistasi seksuaalisuuden puheeksi ottamisessa ja kulttuurisensitiivisess\u00e4 kohtaamisessa saamelaisyhteis\u00f6iss\u00e4.<\/p>\n<h2><\/h2>\n<div id=\"coursecard-realizations\">\n<div class=\"coursecard-realization active\">\n<div class=\"realization-content\">\n<div class=\"realization-subtitle\"><strong>Osaamistavoitteet<\/strong><\/div>\n<p>Opintojakson suoritettuaan opiskelija:<br \/>\u2022 Osaa kuvata seksuaalisuuden merkityksen ja ymm\u00e4rt\u00e4\u00e4 oman seksuaalik\u00e4sityksens\u00e4 vaikutuksen asiakasty\u00f6h\u00f6n.<br \/>\u2022 Ymm\u00e4rt\u00e4\u00e4 lapsen i\u00e4nmukaisen seksuaalisen kehityksen ja osaa ohjata saamelaisia lapsiperheit\u00e4 kulttuurisensitiivisesti seksuaalikasvatuksen teemoissa.<br \/>\u2022 Osaa huomioida saamelaiskulttuurin ja -kielen merkityksen seksuaaliohjauksessa ja hy\u00f6dynt\u00e4\u00e4 saamenkielist\u00e4 seksuaalikasvatusmateriaalia.<br \/>\u2022 Tunnistaa sukupuolen ja seksuaalisuuden moninaisuuden sek\u00e4 saamelaiskulttuuriin kuuluvien seksuaali- ja sukupuoliv\u00e4hemmist\u00f6jen erityistarpeet.<br \/>\u2022 Ymm\u00e4rt\u00e4\u00e4 seksuaaliv\u00e4kivallan ilmi\u00f6n ja sen vaikutukset sek\u00e4 osaa tarjota kunnioittavaa sek\u00e4 kulttuurisensitiivist\u00e4 tukea uhrin toipumisprosessissa.<br \/>\u2022 Rohkaistuu ottamaan seksuaalisuuden puheeksi ja edist\u00e4m\u00e4\u00e4n seksuaaliterveytt\u00e4 osana asiakasty\u00f6t\u00e4.<\/p>\n<div class=\"realization-subtitle\"><strong>Sis\u00e4lt\u00f6<\/strong><\/div>\n<p>T\u00e4m\u00e4 verkkokurssi tarjoaa sosiaali- ja terveysalan ammattilaisille sek\u00e4 opiskelijoille tietoa seksuaalisuudesta, seksuaalikasvatuksesta ja seksuaalisuuden tukemisesta saamelaisasiakkaiden n\u00e4k\u00f6kulmasta. Opintojakso koostuu viidest\u00e4 moduulista, jotka syvent\u00e4v\u00e4t ymm\u00e4rryst\u00e4 seksuaalisuudesta kulttuurisensitiivisess\u00e4 asiakasty\u00f6ss\u00e4.<br \/>Moduuli 1: Seksuaalisuuden ymm\u00e4rt\u00e4minen ja kulttuurisensitiivinen ohjaus<br \/>T\u00e4ss\u00e4 moduulissa perehdyt\u00e4\u00e4n seksuaalisuuteen ja oman seksuaalik\u00e4sityksen vaikutuksiin asiakasty\u00f6ss\u00e4. Lis\u00e4ksi tarkastellaan saamelaiskulttuurin ja -kielen merkityst\u00e4 seksuaaliohjauksessa.<br \/>Moduuli 2: Seksuaalikasvatus<br \/>Moduulissa k\u00e4sitell\u00e4\u00e4n lapsen i\u00e4nmukaista seksuaalista kehityst\u00e4 sek\u00e4 kulttuurisensitiivisi\u00e4 ohjausta saamelaislapsiperheille. Lis\u00e4ksi tutustutaan saamenkieliseen seksuaalikasvatusmateriaaliin ja sen hy\u00f6dynt\u00e4miseen asiakasty\u00f6ss\u00e4.<br \/>Moduuli 3: Seksuaali- ja sukupuoliv\u00e4hemmist\u00f6t<br \/>T\u00e4ss\u00e4 moduulissa syvennyt\u00e4\u00e4n sukupuolen ja seksuaalisuuden moninaisuuteen sek\u00e4 saamelaiskulttuurin vaikutuksiin sukupuoli- ja seksuaaliv\u00e4hemmist\u00f6jen kokemuksiin. Opiskelija oppii tunnistamaan saamelaisyhteis\u00f6\u00f6n kuuluvien seksuaali- ja sukupuoliv\u00e4hemmist\u00f6jen erityistarpeita ja huomioimaan ne ohjauksessa sek\u00e4 tukipalveluissa.<br \/>Moduuli 4: Seksuaaliv\u00e4kivalta<br \/>Moduuli k\u00e4sittelee seksuaaliv\u00e4kivallan ilmi\u00f6t\u00e4, sen vaikutuksia fyysiseen ja psyykkiseen hyvinvointiin sek\u00e4 pitk\u00e4aikaisia seurauksia. Opiskelija saa valmiuksia kohdata seksuaaliv\u00e4kivallan uhreja kunnioittavasti ja kulttuurisensitiivisesti sek\u00e4 tukea heid\u00e4n toipumisprosessiaan huomioiden kulttuuriset tekij\u00e4t.<br \/>Moduuli 5: Seksuaalisuuden puheeksiottaminen<br \/>T\u00e4ss\u00e4 moduulissa syvennyt\u00e4\u00e4n seksuaalisuuden puheeksiottamiseen ja vahvistetaan valmiuksia k\u00e4sitell\u00e4 aihetta asiakkaan kanssa. Lis\u00e4ksi moduuli tukee ammattilaisen valmiuksia edist\u00e4\u00e4 seksuaalisuutta osana omaa ty\u00f6t\u00e4\u00e4n.<\/p>\n<\/div>\n<\/div>\n<\/div>\n<h2><\/h2>\n<p>&nbsp;<\/p>\n<h2 id=\"coursecard-buttons\"><span style=\"text-decoration: underline;color: #333399\"><strong><a href=\"https:\/\/hakeutuminen-amk.peppi4.lapit.csc.fi\/web\/hakijan-tyopoyta\/opiskeluhaku#4991\" class=\"signup\" style=\"color: #333399;text-decoration: underline\">Ilmoittaudu<\/a><\/strong><\/span><\/h2>\n<h2><\/h2>\n<h2><\/h2>\n<h2><\/h2>\n<h3>Lis\u00e4tiedot<\/h3>\n<h3><\/h3>\n<h5><span>Projektip\u00e4\u00e4llikk\u00f6 Mirka Kelahaara,\u00a0<\/span><span style=\"text-decoration: underline;color: #333399\"><a href=\"mailto:mirka.kelahaara@lapinamk.fi,\" style=\"color: #333399;text-decoration: underline\">mirka.kelahaara@lapinamk.fi<\/a><\/span><span><span style=\"text-decoration: underline;color: #333399\">\u00a0<\/span>040 619 7212<\/span><\/h5>\n<div id=\"ask-more\">\n<h1><\/h1>\n<h1><\/h1>\n<p>&nbsp;<\/p>\n<\/div>\n<p>[\/et_pb_text][\/et_pb_column][\/et_pb_row][\/et_pb_section]<\/p>\n","protected":false},"excerpt":{"rendered":"<p>Seksuaalisuuden tukeminen saamelaisyhteis\u00f6iss\u00e4 5 op Tietoja koulutuksesta Tule vahvistamaan osaamistasi seksuaalisuuden puheeksi ottamisessa ja kulttuurisensitiivisess\u00e4 kohtaamisessa saamelaisyhteis\u00f6iss\u00e4. Osaamistavoitteet Opintojakson suoritettuaan opiskelija:\u2022 Osaa kuvata seksuaalisuuden merkityksen ja ymm\u00e4rt\u00e4\u00e4 oman seksuaalik\u00e4sityksens\u00e4 vaikutuksen asiakasty\u00f6h\u00f6n.\u2022 Ymm\u00e4rt\u00e4\u00e4 lapsen i\u00e4nmukaisen seksuaalisen kehityksen ja osaa ohjata saamelaisia lapsiperheit\u00e4 kulttuurisensitiivisesti seksuaalikasvatuksen teemoissa.\u2022 Osaa huomioida saamelaiskulttuurin ja -kielen merkityksen seksuaaliohjauksessa ja hy\u00f6dynt\u00e4\u00e4 saamenkielist\u00e4 seksuaalikasvatusmateriaalia.\u2022 [&hellip;]<\/p>\n","protected":false},"author":40575,"featured_media":0,"parent":0,"menu_order":0,"comment_status":"closed","ping_status":"closed","template":"","meta":{"_et_pb_use_builder":"on","_et_pb_old_content":"","_et_gb_content_width":"","footnotes":""},"class_list":["post-393","page","type-page","status-publish","hentry"],"_links":{"self":[{"href":"https:\/\/blogi.eoppimispalvelut.fi\/saamsote\/wp-json\/wp\/v2\/pages\/393","targetHints":{"allow":["GET"]}}],"collection":[{"href":"https:\/\/blogi.eoppimispalvelut.fi\/saamsote\/wp-json\/wp\/v2\/pages"}],"about":[{"href":"https:\/\/blogi.eoppimispalvelut.fi\/saamsote\/wp-json\/wp\/v2\/types\/page"}],"author":[{"embeddable":true,"href":"https:\/\/blogi.eoppimispalvelut.fi\/saamsote\/wp-json\/wp\/v2\/users\/40575"}],"replies":[{"embeddable":true,"href":"https:\/\/blogi.eoppimispalvelut.fi\/saamsote\/wp-json\/wp\/v2\/comments?post=393"}],"version-history":[{"count":15,"href":"https:\/\/blogi.eoppimispalvelut.fi\/saamsote\/wp-json\/wp\/v2\/pages\/393\/revisions"}],"predecessor-version":[{"id":644,"href":"https:\/\/blogi.eoppimispalvelut.fi\/saamsote\/wp-json\/wp\/v2\/pages\/393\/revisions\/644"}],"wp:attachment":[{"href":"https:\/\/blogi.eoppimispalvelut.fi\/saamsote\/wp-json\/wp\/v2\/media?parent=393"}],"curies":[{"name":"wp","href":"https:\/\/api.w.org\/{rel}","templated":true}]}}