{"id":50,"date":"2023-05-04T06:17:09","date_gmt":"2023-05-04T06:17:09","guid":{"rendered":"https:\/\/blogi.eoppimispalvelut.fi\/saamsote\/?page_id=50"},"modified":"2025-01-10T07:19:31","modified_gmt":"2025-01-10T07:19:31","slug":"saamsote-hanke","status":"publish","type":"page","link":"https:\/\/blogi.eoppimispalvelut.fi\/saamsote\/saamsote-hanke\/","title":{"rendered":"SaamSote -hanke"},"content":{"rendered":"<p>[et_pb_section fb_built=&#8221;1&#8243; _builder_version=&#8221;4.20.4&#8243; _module_preset=&#8221;default&#8221; global_colors_info=&#8221;{}&#8221;][et_pb_row _builder_version=&#8221;4.20.4&#8243; _module_preset=&#8221;default&#8221; global_colors_info=&#8221;{}&#8221;][et_pb_column type=&#8221;4_4&#8243; _builder_version=&#8221;4.20.4&#8243; _module_preset=&#8221;default&#8221; global_colors_info=&#8221;{}&#8221;][et_pb_image src=&#8221;https:\/\/blogi.eoppimispalvelut.fi\/saamsote\/files\/2024\/02\/Palaverissa-zoom-scaled.jpg&#8221; title_text=&#8221;Untitled Artwork&#8221; align=&#8221;center&#8221; force_fullwidth=&#8221;on&#8221; _builder_version=&#8221;4.20.4&#8243; _module_preset=&#8221;default&#8221; transform_scale=&#8221;122%|122%&#8221; min_height=&#8221;338px&#8221; height=&#8221;169px&#8221; max_height=&#8221;488px&#8221; global_colors_info=&#8221;{}&#8221;][\/et_pb_image][\/et_pb_column][\/et_pb_row][et_pb_row _builder_version=&#8221;4.20.4&#8243; _module_preset=&#8221;default&#8221; global_colors_info=&#8221;{}&#8221;][et_pb_column type=&#8221;4_4&#8243; _builder_version=&#8221;4.20.4&#8243; _module_preset=&#8221;default&#8221; global_colors_info=&#8221;{}&#8221;][et_pb_text _builder_version=&#8221;4.20.4&#8243; _module_preset=&#8221;default&#8221; min_height=&#8221;46px&#8221; custom_padding=&#8221;||0px|||&#8221; inline_fonts=&#8221;ABeeZee&#8221; global_colors_info=&#8221;{}&#8221;]<\/p>\n<h1><span style=\"font-family: ABeeZee\"><\/span><\/h1>\n<h1><span style=\"font-family: ABeeZee\"><\/span><\/h1>\n<h1><span style=\"font-family: ABeeZee\">Hankkeen tavoitteet<\/span><\/h1>\n<p>[\/et_pb_text][et_pb_text _builder_version=&#8221;4.20.4&#8243; _module_preset=&#8221;default&#8221; inline_fonts=&#8221;ABeeZee&#8221; global_colors_info=&#8221;{}&#8221;]<\/p>\n<p><span style=\"font-family: ABeeZee;font-weight: normal\">SaamSote, eli \u201d<em>Kulttuurisensitiivisen koulutuksen yhteiskehitt\u00e4minen saamelaisten sosiaali- ja terveyspalveluille<\/em>\u201d -hankkeessa kehitet\u00e4\u00e4n ammattikorkeakoulutasoisia saamelaiskulttuuria huomioivia sote-alan koulutuksia. Koulutukset integroivat saamelaiskulttuurin tuntemusta sote-alojen erityisosaamisen koulutukseen, jota t\u00e4t\u00e4 ennen ei ole huomioitu miss\u00e4\u00e4n sote-alan koulutuksessa.<\/span><\/p>\n<p><span style=\"font-family: ABeeZee;font-weight: normal\"><\/span><\/p>\n<ul>\n<li style=\"list-style-type: none\"><span style=\"font-family: ABeeZee\"><span style=\"font-weight: normal\">&#8211; Tavoitteena on<\/span> <strong>kehitt\u00e4\u00e4<\/strong>\u00a0<em>saamelaisasiantuntemusta integroivaa yhteiskehitt\u00e4misen mallia<\/em>, jossa soveltamalla tutkivaa, vuorovaikutteista ty\u00f6tapaa sote-alojen ammattilaiset ja opiskelijat oppivat reflektoimaan omaa kulttuuritaustaansa suhteessa ty\u00f6h\u00f6ns\u00e4 sek\u00e4 saamelaiskulttuurista l\u00e4ht\u00f6isiin palvelutarpeisiin ja niihin vastaavan ammattiosaamisen kehitt\u00e4miseen.\u00a0<\/span>\u00a0<\/li>\n<\/ul>\n<ul>\n<li style=\"list-style-type: none\"><span style=\"font-family: ABeeZee\">&#8211; Tavoitteena on <strong>suunnitella ja tuottaa\u00a0<\/strong>yhteiskehitt\u00e4misen mallin mukaisesti\u00a0<em>monimuotoisissa oppimisymp\u00e4rist\u00f6iss\u00e4 toteutettavia sote alan tutkintoon johtavaan koulutuksen opintojaksoja ja avoimen\u00a0AMKin\u00a0tarjontaan lis\u00e4koulutuksia<\/em>, jotka vahvistavat sote-ammattilaisten ja -opiskelijoiden kulttuurisensitiivisi\u00e4 valmiuksia toimia saamelaisasiakkaiden kanssa erilaisissa teht\u00e4viss\u00e4 ja ty\u00f6tilanteissa. Koulutusten pilotoinnin ja arvioinnin perusteella hanke tuottaa tietoa tarvittavasta kulttuurisensitiivisest\u00e4 erityisosaamisesta ja kehitt\u00e4\u00e4 eri laajuisia koulutuksia opetustarjontaansa.<\/span>\u00a0<\/li>\n<\/ul>\n<p><span style=\"font-family: ABeeZee;font-weight: normal\"><\/span><\/p>\n<p><span style=\"font-family: ABeeZee;font-weight: normal\">Hankkeen toteutuksessa kehitet\u00e4\u00e4n ja sovelletaan kulttuurisensitiivist\u00e4 ja refleksiivist\u00e4 yhteiskehitt\u00e4misen toimintamallia. Hankkeessa on mukana laajasti sote-aloja ja eri saamenkieliryhmi\u00e4 edustavia kulttuuriasiantuntijoita, joiden avulla koulutukset pystyv\u00e4t moni\u00e4\u00e4nisesti vastaamaan nykyhetken osaamistarpeisiin.\u00a0<\/span><\/p>\n<p><span style=\"font-family: ABeeZee;font-weight: normal\">T\u00e4rkeimpi\u00e4 yhteisty\u00f6kumppaneita koulutusten kehitt\u00e4misess\u00e4 ovat mm. Lapin hyvinvointialue, Saamelaisk\u00e4r\u00e4j\u00e4t, S\u00e1miSoster ry, Saamelaisalueen koulutuskeskus, S\u00e1mi Allaskuvlla (saamelainen sairaanhoitajakoulutus), Kela, THL ja monet muut saamelaisalueen toimijat valtion rajojen molemminpuolin. Tiivist\u00e4 yhteisty\u00f6t\u00e4 tehd\u00e4\u00e4n my\u00f6s toteuttaja ammattikorkeakoulujen kesken, sek\u00e4 Oulun ja Lapin yliopistojen rinnakkaishankkeen kanssa.<\/span><\/p>\n<p>&nbsp;<\/p>\n<p>&nbsp;<\/p>\n<p>[\/et_pb_text][et_pb_text _builder_version=&#8221;4.20.4&#8243; _module_preset=&#8221;default&#8221; global_colors_info=&#8221;{}&#8221;]<\/p>\n<ol><\/ol>\n<p>&nbsp;<\/p>\n<p>&nbsp;<\/p>\n<p>\u200b<\/p>\n<p>[\/et_pb_text][\/et_pb_column][\/et_pb_row][\/et_pb_section]<\/p>\n","protected":false},"excerpt":{"rendered":"<p>Hankkeen tavoitteetSaamSote, eli \u201dKulttuurisensitiivisen koulutuksen yhteiskehitt\u00e4minen saamelaisten sosiaali- ja terveyspalveluille\u201d -hankkeessa kehitet\u00e4\u00e4n ammattikorkeakoulutasoisia saamelaiskulttuuria huomioivia sote-alan koulutuksia. Koulutukset integroivat saamelaiskulttuurin tuntemusta sote-alojen erityisosaamisen koulutukseen, jota t\u00e4t\u00e4 ennen ei ole huomioitu miss\u00e4\u00e4n sote-alan koulutuksessa. &#8211; Tavoitteena on kehitt\u00e4\u00e4\u00a0saamelaisasiantuntemusta integroivaa yhteiskehitt\u00e4misen mallia, jossa soveltamalla tutkivaa, vuorovaikutteista ty\u00f6tapaa sote-alojen ammattilaiset ja opiskelijat oppivat reflektoimaan omaa kulttuuritaustaansa suhteessa ty\u00f6h\u00f6ns\u00e4 [&hellip;]<\/p>\n","protected":false},"author":31,"featured_media":0,"parent":0,"menu_order":0,"comment_status":"closed","ping_status":"closed","template":"","meta":{"_et_pb_use_builder":"on","_et_pb_old_content":"<!-- wp:divi\/placeholder \/-->","_et_gb_content_width":"","footnotes":""},"class_list":["post-50","page","type-page","status-publish","hentry"],"_links":{"self":[{"href":"https:\/\/blogi.eoppimispalvelut.fi\/saamsote\/wp-json\/wp\/v2\/pages\/50","targetHints":{"allow":["GET"]}}],"collection":[{"href":"https:\/\/blogi.eoppimispalvelut.fi\/saamsote\/wp-json\/wp\/v2\/pages"}],"about":[{"href":"https:\/\/blogi.eoppimispalvelut.fi\/saamsote\/wp-json\/wp\/v2\/types\/page"}],"author":[{"embeddable":true,"href":"https:\/\/blogi.eoppimispalvelut.fi\/saamsote\/wp-json\/wp\/v2\/users\/31"}],"replies":[{"embeddable":true,"href":"https:\/\/blogi.eoppimispalvelut.fi\/saamsote\/wp-json\/wp\/v2\/comments?post=50"}],"version-history":[{"count":10,"href":"https:\/\/blogi.eoppimispalvelut.fi\/saamsote\/wp-json\/wp\/v2\/pages\/50\/revisions"}],"predecessor-version":[{"id":341,"href":"https:\/\/blogi.eoppimispalvelut.fi\/saamsote\/wp-json\/wp\/v2\/pages\/50\/revisions\/341"}],"wp:attachment":[{"href":"https:\/\/blogi.eoppimispalvelut.fi\/saamsote\/wp-json\/wp\/v2\/media?parent=50"}],"curies":[{"name":"wp","href":"https:\/\/api.w.org\/{rel}","templated":true}]}}