{"id":540,"date":"2025-09-16T05:35:04","date_gmt":"2025-09-16T05:35:04","guid":{"rendered":"https:\/\/blogi.eoppimispalvelut.fi\/saamsote\/?page_id=540"},"modified":"2025-09-17T12:32:15","modified_gmt":"2025-09-17T12:32:15","slug":"mielenterveys-ja-paihdetyo","status":"publish","type":"page","link":"https:\/\/blogi.eoppimispalvelut.fi\/saamsote\/koulutukset\/mielenterveys-ja-paihdetyo\/","title":{"rendered":"Mielenterveys- ja p\u00e4ihdety\u00f6"},"content":{"rendered":"<p>[et_pb_section fb_built=&#8221;1&#8243; _builder_version=&#8221;4.27.4&#8243; _module_preset=&#8221;default&#8221; global_colors_info=&#8221;{}&#8221;][et_pb_row _builder_version=&#8221;4.27.4&#8243; _module_preset=&#8221;default&#8221; global_colors_info=&#8221;{}&#8221;][et_pb_column type=&#8221;4_4&#8243; _builder_version=&#8221;4.27.4&#8243; _module_preset=&#8221;default&#8221; global_colors_info=&#8221;{}&#8221;][et_pb_text _builder_version=&#8221;4.27.4&#8243; _module_preset=&#8221;default&#8221; hover_enabled=&#8221;0&#8243; global_colors_info=&#8221;{}&#8221; sticky_enabled=&#8221;0&#8243;]<\/p>\n<h1><strong>Asiakkaan ja ammattilaisen v\u00e4linen <\/strong><strong>kohtaaminen saamelaisuuden kontekstissa 5 op<\/strong><\/h1>\n<p><strong><\/strong><\/p>\n<h2>Tietoja koulutuksesta<\/h2>\n<h5><strong><\/strong><\/h5>\n<h5><strong>Osaamistavoitteet<\/strong><\/h5>\n<ul>\n<li>Opiskelija ymm\u00e4rt\u00e4\u00e4 yksil\u00f6llisen ja kulttuurisen luottamussuhteen rakentamisen merkityksen.<\/li>\n<li>Opiskelija osaa soveltaa puheeksiottamisen ja dialogisen ty\u00f6skentelyn taitoja<br \/>asiakasty\u00f6ss\u00e4\u00e4\u00e4n.<\/li>\n<li>Opiskelija tiet\u00e4\u00e4 asiakasl\u00e4ht\u00f6isen auttamisen periaatteet.<\/li>\n<li>Opiskelija ymm\u00e4rt\u00e4\u00e4 kulttuurin, verkoston ja saavutettavuuden merkityksen asiakasty\u00f6ss\u00e4.<\/li>\n<li>Opiskelija ymm\u00e4rt\u00e4\u00e4 yhteisty\u00f6n merkityksen auttamisty\u00f6ss\u00e4.<\/li>\n<\/ul>\n<h5><strong>Sis\u00e4lt\u00f6<\/strong><\/h5>\n<ul>\n<li>Kulttuurinen turvallisuus.<\/li>\n<li>Puheeksiottamisen ja dialogin taidot.<\/li>\n<li>Asiakasl\u00e4ht\u00f6isyys auttamisen l\u00e4ht\u00f6kohtana.<\/li>\n<li>Kulttuurin ja verkoston merkitys.<\/li>\n<li>Saavutettavuus.<\/li>\n<li>Yhteisty\u00f6n ja auttamisen koordinoinnin taidot.<\/li>\n<\/ul>\n<h5><\/h5>\n<h5>Vaaditut tai suositellut edelt\u00e4v\u00e4t opinnot: Tutkinto- ja avoimen<br \/>ammattikorkeakouluopiskelijoille. Opintojakso sopii parhaiten sote-alan ammattilaisille tai sotealojen opiskelijoille, joilla on perusopinnot suoritettuna ja perustiedot mielen hyvinvoinnista.<\/h5>\n<p>&nbsp;<\/p>\n<h1><strong>Mielen hyvinvoinnin rakentuminen <\/strong><strong>saamelaiskontekstissa YAMK 5 op<\/strong><\/h1>\n<h1><strong><\/strong><\/h1>\n<h2><strong><\/strong>Tietoja koulutuksesta<\/h2>\n<h2><\/h2>\n<h2><strong><\/strong><\/h2>\n<h5><strong>Osaamistavoitteet<\/strong><\/h5>\n<ul>\n<li>Opiskelija ymm\u00e4rt\u00e4\u00e4 mielen hyvinvoinnin rakentumisen ja osaa soveltaa<br \/>kulttuurisensitiivisesti\/kulttuurisesti turvallisia tutkimukseen perustuvia toimintatapoja.<\/li>\n<li>Opiskelija ymm\u00e4rt\u00e4\u00e4 mielen hyvinvoinnin yksil\u00f6lliset ja yhteis\u00f6lliset l\u00e4ht\u00f6kohdat.<\/li>\n<li>Opiskelija ymm\u00e4rt\u00e4\u00e4 lapsuuden, luonnon, kulttuurin ja osallisuuden merkityksen mielen hyvinvoinnin yhteydess\u00e4.<\/li>\n<li>Opiskelija soveltaa trauman ilmentymiin ja stigman tunnuspiirteisiin liittyv\u00e4\u00e4 tutkimustietoa.<\/li>\n<li>Opiskelija analysoi yksil\u00f6n ja yhteis\u00f6n el\u00e4m\u00e4ntapahtumien merkityst\u00e4 trauman synnyss\u00e4 ja ilmentymiss\u00e4.<\/li>\n<li>Opiskelija tarkastelee itsetuhoisuuden yksil\u00f6llisi\u00e4 ja kulttuurisia yhteyksi\u00e4.<\/li>\n<li>Opiskelija analysoi mielen hyvinvointia edist\u00e4vi\u00e4 voimavaroja yksil\u00f6n ja yhteis\u00f6n n\u00e4k\u00f6kulmasta.<\/li>\n<\/ul>\n<h4><strong><\/strong><\/h4>\n<h4><strong><\/strong><\/h4>\n<h5><strong>Sis\u00e4lt\u00f6<\/strong><\/h5>\n<ul>\n<li>Positiivinen mielen hyvinvointi voimavarana.<\/li>\n<li>Luonnon ja kulttuurin merkitys mielen hyvinvoinnille.<\/li>\n<li>Osallisuuden ja toimijuuden merkitys.<\/li>\n<li>Kulttuuriset nivelvaiheet ja mielen hyvinvointi.<\/li>\n<li>Trauman ilmentym\u00e4t ja traumaattisten el\u00e4m\u00e4ntapahtumien merkitys.<\/li>\n<li>Kollektiivisen trauman merkitys.<\/li>\n<li>Stigman merkitys.<\/li>\n<li>Itsetuhoisuuden prosessi ja tunnuspiirteet.<\/li>\n<li>Kooste voimavaroista.<\/li>\n<\/ul>\n<h4><\/h4>\n<h5>Vaaditut tai suositellut edelt\u00e4v\u00e4t opinnot: Mielenterveysty\u00f6n perustason osaaminen.<\/h5>\n<p>&nbsp;<\/p>\n<h2>Lis\u00e4tiedot<\/h2>\n<p><span>Koordinaattori Tarja Tapio,\u00a0<\/span><a href=\"mailto:tarja.tapio@oamk.fi\"><span style=\"text-decoration: underline;color: #333399\">tarja.tapio@oamk.fi<\/span>\u00a0<\/a><span>050 411 5668<\/span><\/p>\n<p>[\/et_pb_text][\/et_pb_column][\/et_pb_row][\/et_pb_section]<\/p>\n","protected":false},"excerpt":{"rendered":"<p>Asiakkaan ja ammattilaisen v\u00e4linen kohtaaminen saamelaisuuden kontekstissa 5 op Tietoja koulutuksesta Osaamistavoitteet Opiskelija ymm\u00e4rt\u00e4\u00e4 yksil\u00f6llisen ja kulttuurisen luottamussuhteen rakentamisen merkityksen. Opiskelija osaa soveltaa puheeksiottamisen ja dialogisen ty\u00f6skentelyn taitojaasiakasty\u00f6ss\u00e4\u00e4\u00e4n. Opiskelija tiet\u00e4\u00e4 asiakasl\u00e4ht\u00f6isen auttamisen periaatteet. Opiskelija ymm\u00e4rt\u00e4\u00e4 kulttuurin, verkoston ja saavutettavuuden merkityksen asiakasty\u00f6ss\u00e4. Opiskelija ymm\u00e4rt\u00e4\u00e4 yhteisty\u00f6n merkityksen auttamisty\u00f6ss\u00e4. Sis\u00e4lt\u00f6 Kulttuurinen turvallisuus. Puheeksiottamisen ja dialogin taidot. Asiakasl\u00e4ht\u00f6isyys auttamisen [&hellip;]<\/p>\n","protected":false},"author":50607,"featured_media":0,"parent":52,"menu_order":0,"comment_status":"closed","ping_status":"closed","template":"","meta":{"_et_pb_use_builder":"on","_et_pb_old_content":"","_et_gb_content_width":"","footnotes":""},"class_list":["post-540","page","type-page","status-publish","hentry"],"_links":{"self":[{"href":"https:\/\/blogi.eoppimispalvelut.fi\/saamsote\/wp-json\/wp\/v2\/pages\/540","targetHints":{"allow":["GET"]}}],"collection":[{"href":"https:\/\/blogi.eoppimispalvelut.fi\/saamsote\/wp-json\/wp\/v2\/pages"}],"about":[{"href":"https:\/\/blogi.eoppimispalvelut.fi\/saamsote\/wp-json\/wp\/v2\/types\/page"}],"author":[{"embeddable":true,"href":"https:\/\/blogi.eoppimispalvelut.fi\/saamsote\/wp-json\/wp\/v2\/users\/50607"}],"replies":[{"embeddable":true,"href":"https:\/\/blogi.eoppimispalvelut.fi\/saamsote\/wp-json\/wp\/v2\/comments?post=540"}],"version-history":[{"count":7,"href":"https:\/\/blogi.eoppimispalvelut.fi\/saamsote\/wp-json\/wp\/v2\/pages\/540\/revisions"}],"predecessor-version":[{"id":645,"href":"https:\/\/blogi.eoppimispalvelut.fi\/saamsote\/wp-json\/wp\/v2\/pages\/540\/revisions\/645"}],"up":[{"embeddable":true,"href":"https:\/\/blogi.eoppimispalvelut.fi\/saamsote\/wp-json\/wp\/v2\/pages\/52"}],"wp:attachment":[{"href":"https:\/\/blogi.eoppimispalvelut.fi\/saamsote\/wp-json\/wp\/v2\/media?parent=540"}],"curies":[{"name":"wp","href":"https:\/\/api.w.org\/{rel}","templated":true}]}}