{"id":568,"date":"2025-09-17T08:16:23","date_gmt":"2025-09-17T08:16:23","guid":{"rendered":"https:\/\/blogi.eoppimispalvelut.fi\/saamsote\/?page_id=568"},"modified":"2025-09-17T12:28:22","modified_gmt":"2025-09-17T12:28:22","slug":"sosiaalialan-tyo-ikaantyvien-saamelaisten-kanssa-kulttuurigerontologinen-lahestymistapa","status":"publish","type":"page","link":"https:\/\/blogi.eoppimispalvelut.fi\/saamsote\/sosiaalialan-tyo-ikaantyvien-saamelaisten-kanssa-kulttuurigerontologinen-lahestymistapa\/","title":{"rendered":"Sosiaalialan ty\u00f6 ik\u00e4\u00e4ntyvien saamelaisten kanssa, kulttuurigerontologinen l\u00e4hestymistapa"},"content":{"rendered":"<p>[et_pb_section fb_built=&#8221;1&#8243; _builder_version=&#8221;4.27.4&#8243; _module_preset=&#8221;default&#8221; global_colors_info=&#8221;{}&#8221;][et_pb_row _builder_version=&#8221;4.27.4&#8243; _module_preset=&#8221;default&#8221; global_colors_info=&#8221;{}&#8221;][et_pb_column type=&#8221;4_4&#8243; _builder_version=&#8221;4.27.4&#8243; _module_preset=&#8221;default&#8221; global_colors_info=&#8221;{}&#8221;][et_pb_text _builder_version=&#8221;4.27.4&#8243; _module_preset=&#8221;default&#8221; global_colors_info=&#8221;{}&#8221;]<\/p>\n<h1><strong>Ik\u00e4\u00e4ntyvien kulttuurisensitiivinen sosiaaliohjaus <\/strong><strong>5op<\/strong><\/h1>\n<p><strong><\/strong><\/p>\n<h2>Tietoja koulutuksesta<\/h2>\n<h5><strong><\/strong><\/h5>\n<h5><strong>Osaamistavoitteet<\/strong><\/h5>\n<p>\u2022 Soveltaa kulttuurigerontologisen sosiaality\u00f6n ja sosiaaliohjauksen ammatillisia l\u00e4ht\u00f6kohtia ik\u00e4\u00e4ntyvien saamalaisten kanssa teht\u00e4v\u00e4ss\u00e4 ty\u00f6ss\u00e4.<br \/>\u2022 Soveltaa erilaisia sosiaality\u00f6n- ja ohjauksen menetelmi\u00e4 ja menetelm\u00e4suuntauksia ik\u00e4\u00e4ntyvien saamelaisten kanssa teht\u00e4v\u00e4ss\u00e4 ty\u00f6ss\u00e4<br \/>\u2022 Soveltaa ajankohtaista saamelaissosiaality\u00f6n tutkimusta ik\u00e4\u00e4ntyvisen saamelaisten kanssa teht\u00e4v\u00e4ss\u00e4 kulttuurigerontologisessa ty\u00f6ss\u00e4<\/p>\n<h5><strong>Sis\u00e4lt\u00f6:<\/strong><\/h5>\n<p>\u2022 Kulttuurigerontologisen sosiaality\u00f6n ja sosiaaliohjauksen l\u00e4ht\u00f6kohdat ik\u00e4\u00e4ntyvien saamelaisten kanssa teht\u00e4v\u00e4ss\u00e4 ty\u00f6ss\u00e4<br \/>\u2022 Kulttuurigerontologisen sosiaality\u00f6n ja sosiaaliohjauksen menetelm\u00e4l\u00e4ht\u00f6kohtia ik\u00e4\u00e4ntyv\u00e4n saamelaisen kanssa teht\u00e4v\u00e4ss\u00e4 ty\u00f6ss\u00e4<br \/>\u2022 Ajankohtainen saamelaissosiaality\u00f6n tutkimus ja gerontologinen sosiaality\u00f6 ja \u2013 ohjaus<\/p>\n<h5><\/h5>\n<h5><\/h5>\n<h5>Vaaditut tai suositellut edelt\u00e4v\u00e4t opinnot:<br \/>sosiaali- tai terveysalan AMK-ammatilliset opinnot tai AMK-tutkinto<\/h5>\n<p>[\/et_pb_text][et_pb_text _builder_version=&#8221;4.27.4&#8243; _module_preset=&#8221;default&#8221; hover_enabled=&#8221;0&#8243; global_colors_info=&#8221;{}&#8221; sticky_enabled=&#8221;0&#8243;]<\/p>\n<h1><strong>Kulttuurisensitiivinen palveluohjaus ik\u00e4\u00e4ntyvien <\/strong><strong>kanssa YAMK 5 op<\/strong><\/h1>\n<h2><\/h2>\n<h2><\/h2>\n<h2>Tietoja koulutuksesta<\/h2>\n<h5><strong>Osaamistavoitteet<\/strong><\/h5>\n<p>\u2022 Ymm\u00e4rt\u00e4\u00e4 ja kuvaa kulttuurigerontologisen sosiaality\u00f6n l\u00e4ht\u00f6kohdat, keskeiset k\u00e4sitteet ja keskeisimm\u00e4t teoreettiset l\u00e4ht\u00f6kohdat<br \/>\u2022 Soveltaa kansainv\u00e4lisen sosiaality\u00f6n n\u00e4k\u00f6k\u00f6kulmaa ik\u00e4\u00e4ntyvien saamelaisten kanssa teht\u00e4v\u00e4ss\u00e4 ty\u00f6ss\u00e4<br \/>\u2022 Ymm\u00e4rt\u00e4\u00e4 kolonialisaation ja kollektiivisen trauman n\u00e4k\u00f6kulmat ik\u00e4\u00e4ntyvien saamelaisten kanssa teht\u00e4v\u00e4n ty\u00f6n taustana.<br \/>\u2022 Soveltaa narratiivisuuden l\u00e4ht\u00f6kohtia yhteis\u00f6lliseen tietoon ja l\u00e4hestymistapaan<\/p>\n<h5><strong>Sis\u00e4lt\u00f6<\/strong><\/h5>\n<p>\u2022 Ik\u00e4\u00e4ntyminen, kulttuuri ja etnisyys: tietoperustaa ja n\u00e4k\u00f6kulmia ik\u00e4\u00e4ntyvien saamelaisten arkeen ja hyvinvointiin<br \/>\u2022 Kansainv\u00e4linen sosiaality\u00f6 ik\u00e4\u00e4ntyvien saamelaisten kanssa: ajankohtaisia n\u00e4k\u00f6kulmia<br \/>\u2022 Kolonialisaation ja kollektiivisen trauman n\u00e4k\u00f6kulma ik\u00e4\u00e4ntyvien saamelaisten kanssa teht\u00e4v\u00e4ss\u00e4 ty\u00f6ss\u00e4<br \/>\u2022 Kollektiivinen, traditionaalinen ja narratiivinen l\u00e4hestymistapa saamelaiseen yhteis\u00f6\u00f6n asiakkuuden n\u00e4k\u00f6kulmasta.<\/p>\n<h5><\/h5>\n<h5><\/h5>\n<h5>Vaaditut tai suositellut edelt\u00e4v\u00e4t opinnot: sosiaali- tai terveysalan AMK-syvent\u00e4v\u00e4t opinnot tai AMK-tutkinto<\/h5>\n<p>&nbsp;<\/p>\n<h2>Lis\u00e4tiedot<\/h2>\n<p><span>Koordinaattori Tarja Tapio,\u00a0<\/span><span style=\"text-decoration: underline;color: #333399\"><a href=\"mailto:tarja.tapio@oamk.fi\" style=\"color: #333399;text-decoration: underline\">tarja.tapio@oamk.fi\u00a0<\/a><\/span><span>050 411 5668<\/span><\/p>\n<p>[\/et_pb_text][\/et_pb_column][\/et_pb_row][\/et_pb_section]<\/p>\n","protected":false},"excerpt":{"rendered":"<p>Ik\u00e4\u00e4ntyvien kulttuurisensitiivinen sosiaaliohjaus 5op Tietoja koulutuksesta Osaamistavoitteet \u2022 Soveltaa kulttuurigerontologisen sosiaality\u00f6n ja sosiaaliohjauksen ammatillisia l\u00e4ht\u00f6kohtia ik\u00e4\u00e4ntyvien saamalaisten kanssa teht\u00e4v\u00e4ss\u00e4 ty\u00f6ss\u00e4.\u2022 Soveltaa erilaisia sosiaality\u00f6n- ja ohjauksen menetelmi\u00e4 ja menetelm\u00e4suuntauksia ik\u00e4\u00e4ntyvien saamelaisten kanssa teht\u00e4v\u00e4ss\u00e4 ty\u00f6ss\u00e4\u2022 Soveltaa ajankohtaista saamelaissosiaality\u00f6n tutkimusta ik\u00e4\u00e4ntyvisen saamelaisten kanssa teht\u00e4v\u00e4ss\u00e4 kulttuurigerontologisessa ty\u00f6ss\u00e4 Sis\u00e4lt\u00f6: \u2022 Kulttuurigerontologisen sosiaality\u00f6n ja sosiaaliohjauksen l\u00e4ht\u00f6kohdat ik\u00e4\u00e4ntyvien saamelaisten kanssa teht\u00e4v\u00e4ss\u00e4 ty\u00f6ss\u00e4\u2022 [&hellip;]<\/p>\n","protected":false},"author":50607,"featured_media":0,"parent":0,"menu_order":0,"comment_status":"closed","ping_status":"closed","template":"","meta":{"_et_pb_use_builder":"on","_et_pb_old_content":"","_et_gb_content_width":"","footnotes":""},"class_list":["post-568","page","type-page","status-publish","hentry"],"_links":{"self":[{"href":"https:\/\/blogi.eoppimispalvelut.fi\/saamsote\/wp-json\/wp\/v2\/pages\/568","targetHints":{"allow":["GET"]}}],"collection":[{"href":"https:\/\/blogi.eoppimispalvelut.fi\/saamsote\/wp-json\/wp\/v2\/pages"}],"about":[{"href":"https:\/\/blogi.eoppimispalvelut.fi\/saamsote\/wp-json\/wp\/v2\/types\/page"}],"author":[{"embeddable":true,"href":"https:\/\/blogi.eoppimispalvelut.fi\/saamsote\/wp-json\/wp\/v2\/users\/50607"}],"replies":[{"embeddable":true,"href":"https:\/\/blogi.eoppimispalvelut.fi\/saamsote\/wp-json\/wp\/v2\/comments?post=568"}],"version-history":[{"count":5,"href":"https:\/\/blogi.eoppimispalvelut.fi\/saamsote\/wp-json\/wp\/v2\/pages\/568\/revisions"}],"predecessor-version":[{"id":643,"href":"https:\/\/blogi.eoppimispalvelut.fi\/saamsote\/wp-json\/wp\/v2\/pages\/568\/revisions\/643"}],"wp:attachment":[{"href":"https:\/\/blogi.eoppimispalvelut.fi\/saamsote\/wp-json\/wp\/v2\/media?parent=568"}],"curies":[{"name":"wp","href":"https:\/\/api.w.org\/{rel}","templated":true}]}}