{"id":583,"date":"2025-09-17T08:45:37","date_gmt":"2025-09-17T08:45:37","guid":{"rendered":"https:\/\/blogi.eoppimispalvelut.fi\/saamsote\/?page_id=583"},"modified":"2025-10-26T08:45:41","modified_gmt":"2025-10-26T08:45:41","slug":"yhteisorakentaminen","status":"publish","type":"page","link":"https:\/\/blogi.eoppimispalvelut.fi\/saamsote\/yhteisorakentaminen\/","title":{"rendered":"Yhteis\u00f6rakentaminen"},"content":{"rendered":"<p>[et_pb_section fb_built=&#8221;1&#8243; _builder_version=&#8221;4.27.4&#8243; _module_preset=&#8221;default&#8221; global_colors_info=&#8221;{}&#8221;][et_pb_row _builder_version=&#8221;4.27.4&#8243; _module_preset=&#8221;default&#8221; global_colors_info=&#8221;{}&#8221;][et_pb_column type=&#8221;4_4&#8243; _builder_version=&#8221;4.27.4&#8243; _module_preset=&#8221;default&#8221; global_colors_info=&#8221;{}&#8221;][et_pb_text _builder_version=&#8221;4.27.4&#8243; _module_preset=&#8221;default&#8221; global_colors_info=&#8221;{}&#8221;]<\/p>\n<h1><strong><\/strong><\/h1>\n<h1><strong>teis\u00f6rakentaminen saamelaiskulttuuria <\/strong><strong>huomioiden 15 op<\/strong><\/h1>\n<h1><\/h1>\n<h2>Tietoja koulutuksesta<\/h2>\n<p><strong><\/strong>Opintokokonaisuuden tavoitteena on edist\u00e4\u00e4 yhteis\u00f6jen rakentamista saamelaiskulttuuria huomioiden. Kohderyhm\u00e4n\u00e4 sote-alan ty\u00f6ntekij\u00e4t, opiskelijat ja aiheesta kiinnostuneet. Yhteis\u00f6jen rakentaminen alkaa yksil\u00f6ist\u00e4, sill\u00e4 yhteis\u00f6t koostuvat yksil\u00f6ist\u00e4. Jokainen yhteis\u00f6n j\u00e4sen on t\u00e4rke\u00e4 ja merkitt\u00e4v\u00e4. Me kaikki koemme ja n\u00e4emme yhteis\u00f6n omasta n\u00e4k\u00f6kulmastamme ja el\u00e4m\u00e4nkokemuksestamme k\u00e4sin.\u00a0<\/p>\n<p>Oman kulttuuritaustan ymm\u00e4rt\u00e4minen auttaa ymm\u00e4t\u00e4m\u00e4\u00e4n ja kohtaamaan eri kulttuureita. Opintojakso antaa perusteet yhteis\u00f6rakentamiseen sek\u00e4 edist\u00e4\u00e4 opiskelijan huomioimaan saamelaiskulttuuria yhteis\u00f6n kehitt\u00e4misess\u00e4.<\/p>\n<h5><strong>Osaamistavoitteet<\/strong><\/h5>\n<ul>\n<li>Omien kokemusten merkityksellisyyden n\u00e4kyv\u00e4ksi tekeminen.<\/li>\n<li>Omien kokemusten merkityksellisyys yhteis\u00f6rakentamisen n\u00e4k\u00f6kulmasta.<\/li>\n<li>Opit ymm\u00e4rt\u00e4m\u00e4\u00e4n omien kokemusten kautta omaa yhteis\u00f6\u00e4 ja sen merkityst\u00e4 itsellesi.<\/li>\n<li>Opit havainnoimaan ymp\u00e4rist\u00f6\u00e4si eri aistejasi apuna k\u00e4ytt\u00e4en.<\/li>\n<li>Opit huomioimaan ymp\u00e4rist\u00f6ss\u00e4si olevia kulttuurisia erityispiirteit\u00e4 ja huomioimaan niit\u00e4 jokap\u00e4iv\u00e4isess\u00e4 ty\u00f6skentelyss\u00e4si.<\/li>\n<\/ul>\n<p><strong><\/strong><\/p>\n<p><strong>Sis\u00e4lt\u00f6<\/strong><\/p>\n<p>Osio 1.<\/p>\n<ul>\n<li>Teht\u00e4v\u00e4: Biografia \u2013 kertomus minusta<\/li>\n<li>Teht\u00e4v\u00e4: Valottumisharjoitus. K\u00e4yt\u00e4 teht\u00e4v\u00e4ss\u00e4 oppimisp\u00e4iv\u00e4kirjaa.<\/li>\n<\/ul>\n<p>Osio2.<\/p>\n<ul>\n<li>Monivalintateht\u00e4v\u00e4: Osallistava ja induktiivinen yhteis\u00f6jen kehitt\u00e4minen<\/li>\n<li>Monivalintateht\u00e4v\u00e4: Organisoitumista painottava yhteis\u00f6jen kehitt\u00e4minen<\/li>\n<li>Instituutiol\u00e4ht\u00f6inen yhteis\u00f6jen kehitt\u00e4minen<\/li>\n<li>Markkinal\u00e4ht\u00f6inen, rahoitukseen perustuva yhteis\u00f6jen kehitt\u00e4minen<\/li>\n<\/ul>\n<p>Osio 3.<\/p>\n<ul>\n<li>Teht\u00e4v\u00e4: Tutustu saamelaisen kulttuurin ja elinkeinojen erityispiirteisiin.<\/li>\n<li>Teht\u00e4v\u00e4: Yhteis\u00f6llisyys saamelaiskulttuurissa. T\u00e4ydenn\u00e4 puuttuva sana.<\/li>\n<\/ul>\n<p>Kehitt\u00e4misteht\u00e4v\u00e4<\/p>\n<ul>\n<li>K\u00e4yt\u00e4 teht\u00e4v\u00e4ss\u00e4 oppimisp\u00e4iv\u00e4kirjaa\u00a0<\/li>\n<\/ul>\n<h2><\/h2>\n<h2><\/h2>\n<h2><\/h2>\n<h2>Lis\u00e4tiedot<\/h2>\n<p><span>Koordinaattori Niina Patronen,\u00a0<\/span><span style=\"text-decoration: underline;color: #333399\"><a href=\"mailto:niina.patronen@diak.fi\" style=\"color: #333399;text-decoration: underline\">niina.patronen@diak.fi\u00a0<\/a><\/span><u><\/u><a href=\"mailto:niina.patronen@diak.fi\"><\/a><span>050 478 6797<\/span><\/p>\n<p>[\/et_pb_text][\/et_pb_column][\/et_pb_row][\/et_pb_section]<\/p>\n","protected":false},"excerpt":{"rendered":"<p>teis\u00f6rakentaminen saamelaiskulttuuria huomioiden 15 op Tietoja koulutuksesta Opintokokonaisuuden tavoitteena on edist\u00e4\u00e4 yhteis\u00f6jen rakentamista saamelaiskulttuuria huomioiden. Kohderyhm\u00e4n\u00e4 sote-alan ty\u00f6ntekij\u00e4t, opiskelijat ja aiheesta kiinnostuneet. Yhteis\u00f6jen rakentaminen alkaa yksil\u00f6ist\u00e4, sill\u00e4 yhteis\u00f6t koostuvat yksil\u00f6ist\u00e4. Jokainen yhteis\u00f6n j\u00e4sen on t\u00e4rke\u00e4 ja merkitt\u00e4v\u00e4. Me kaikki koemme ja n\u00e4emme yhteis\u00f6n omasta n\u00e4k\u00f6kulmastamme ja el\u00e4m\u00e4nkokemuksestamme k\u00e4sin.\u00a0 Oman kulttuuritaustan ymm\u00e4rt\u00e4minen auttaa ymm\u00e4t\u00e4m\u00e4\u00e4n ja kohtaamaan [&hellip;]<\/p>\n","protected":false},"author":50607,"featured_media":0,"parent":0,"menu_order":0,"comment_status":"closed","ping_status":"closed","template":"","meta":{"_et_pb_use_builder":"on","_et_pb_old_content":"","_et_gb_content_width":"","footnotes":""},"class_list":["post-583","page","type-page","status-publish","hentry"],"_links":{"self":[{"href":"https:\/\/blogi.eoppimispalvelut.fi\/saamsote\/wp-json\/wp\/v2\/pages\/583","targetHints":{"allow":["GET"]}}],"collection":[{"href":"https:\/\/blogi.eoppimispalvelut.fi\/saamsote\/wp-json\/wp\/v2\/pages"}],"about":[{"href":"https:\/\/blogi.eoppimispalvelut.fi\/saamsote\/wp-json\/wp\/v2\/types\/page"}],"author":[{"embeddable":true,"href":"https:\/\/blogi.eoppimispalvelut.fi\/saamsote\/wp-json\/wp\/v2\/users\/50607"}],"replies":[{"embeddable":true,"href":"https:\/\/blogi.eoppimispalvelut.fi\/saamsote\/wp-json\/wp\/v2\/comments?post=583"}],"version-history":[{"count":7,"href":"https:\/\/blogi.eoppimispalvelut.fi\/saamsote\/wp-json\/wp\/v2\/pages\/583\/revisions"}],"predecessor-version":[{"id":672,"href":"https:\/\/blogi.eoppimispalvelut.fi\/saamsote\/wp-json\/wp\/v2\/pages\/583\/revisions\/672"}],"wp:attachment":[{"href":"https:\/\/blogi.eoppimispalvelut.fi\/saamsote\/wp-json\/wp\/v2\/media?parent=583"}],"curies":[{"name":"wp","href":"https:\/\/api.w.org\/{rel}","templated":true}]}}