{"id":85,"date":"2023-05-30T05:48:56","date_gmt":"2023-05-30T05:48:56","guid":{"rendered":"https:\/\/blogi.eoppimispalvelut.fi\/saamsote\/?page_id=85"},"modified":"2025-09-08T09:08:49","modified_gmt":"2025-09-08T09:08:49","slug":"roolit-ja-vastuut","status":"publish","type":"page","link":"https:\/\/blogi.eoppimispalvelut.fi\/saamsote\/roolit-ja-vastuut\/","title":{"rendered":"Roolit ja vastuut"},"content":{"rendered":"<p>[et_pb_section fb_built=&#8221;1&#8243; _builder_version=&#8221;4.20.4&#8243; _module_preset=&#8221;default&#8221; global_colors_info=&#8221;{}&#8221;][et_pb_row _builder_version=&#8221;4.20.4&#8243; _module_preset=&#8221;default&#8221; global_colors_info=&#8221;{}&#8221;][et_pb_column type=&#8221;4_4&#8243; _builder_version=&#8221;4.20.4&#8243; _module_preset=&#8221;default&#8221; global_colors_info=&#8221;{}&#8221;][et_pb_text _builder_version=&#8221;4.20.4&#8243; _module_preset=&#8221;default&#8221; custom_padding=&#8221;0px|||||&#8221; inline_fonts=&#8221;ABeeZee&#8221; global_colors_info=&#8221;{}&#8221;]<\/p>\n<h1><span style=\"font-family: ABeeZee\">Roolit ja vastuut<\/span><\/h1>\n<p>[\/et_pb_text][et_pb_text _builder_version=&#8221;4.27.4&#8243; _module_preset=&#8221;default&#8221; hover_enabled=&#8221;0&#8243; inline_fonts=&#8221;ABeeZee&#8221; global_colors_info=&#8221;{}&#8221; sticky_enabled=&#8221;0&#8243;]<\/p>\n<p><span style=\"font-family: ABeeZee; font-weight: normal;\"><strong>Projektip\u00e4\u00e4llikk\u00f6\/koordinaattori\/asiantuntija<\/strong><\/span><\/p>\n<p><span style=\"font-family: ABeeZee; font-weight: normal;\">Lapin AMK: Mirka Kelahaara<\/span><\/p>\n<p><span style=\"font-family: ABeeZee; font-weight: normal;\">Johtaa ja organisoi hanketta, vastaa hankkeen taloudesta ja asiakirjahallinnasta, toteuttaa arviointia ja seurantaa, hankkeen tiedottaminen sek\u00e4 tulosten hy\u00f6dynt\u00e4minen ja levitt\u00e4minen. Sidosryhm\u00e4yhteisty\u00f6 keskeisten toimijoiden kanssa, my\u00f6s valtion rajat ylitt\u00e4v\u00e4sti. Toimii Lapin AMKn osuuden koordinaattorina ja saamelaiskulttuurin asiantuntijana.\u00a0<\/span><\/p>\n<p><span style=\"font-family: ABeeZee; font-weight: normal;\"><\/span><\/p>\n<p><span style=\"font-family: ABeeZee; font-weight: normal;\"><strong>Koordinaattorit<\/strong><\/span><\/p>\n<p><span style=\"font-family: ABeeZee; font-weight: normal;\">OAMK: Tarja Tapio<\/span><\/p>\n<p><span style=\"font-family: ABeeZee; font-weight: normal;\">DIAK: Niina Patronen<\/span><\/p>\n<p><span style=\"font-family: ABeeZee; font-weight: normal;\">Hankkeen etenemisen suunnittelu yhteisty\u00f6ss\u00e4 projektip\u00e4\u00e4llik\u00f6n kanssa, kartoituksen tekeminen, arviointi- ja seurantasuunnitelman laatiminen, t\u00e4ydennyskoulutusten rekryt, tulosten hy\u00f6dynt\u00e4minen ja levitt\u00e4minen. <\/span><span style=\"font-family: ABeeZee; font-weight: normal;\">Oman AMKn koulutuskokonaisuuksien koordinointi, tiedon v\u00e4litt\u00e4minen, yhteiskehitt\u00e4misen menetelmien edist\u00e4minen ja yll\u00e4pito hankkeen l\u00e4pi, pedagogisten asiantuntijoiden ja kulttuuriasiantuntijoiden toiminnan koordinointi.<\/span><\/p>\n<p><span style=\"font-family: ABeeZee; font-weight: normal;\"><\/span><\/p>\n<p><span style=\"font-family: ABeeZee; font-weight: normal;\"><strong>Kulttuuriasiantuntijat<\/strong><\/span><\/p>\n<p><span style=\"font-family: ABeeZee; font-weight: normal;\">Sote-alan ammattilaista, jolla on saamenkulttuurin tai -kulttuurien osaamista, yhteis\u00f6llist\u00e4 osaamista sek\u00e4 sote-alan osaamista. <\/span><span style=\"font-family: ABeeZee; font-size: 14px;\">Keski\u00f6ss\u00e4 rakentamassa koordinaattoreiden ja pedagogisten asiantuntijoiden kanssa koulutuksia.<\/span><\/p>\n<p><span style=\"font-family: ABeeZee; font-weight: normal;\">Kulttuuriasiantuntijat toimivat hankkeessa saamelaiskulttuurin asiantuntijoina ja jakavat arvokasta tietoa pedagogisille asiantuntijoille koulutusten kehitt\u00e4misen tueksi. Kulttuuriasiantuntijat ovat saamelaiskulttuuria tuntevia sote-alan ammattilaisia, joilla on ajankohtainen tuntemus kent\u00e4n t\u00e4m\u00e4nhetkisist\u00e4 osaamisen tarpeista, haasteista sek\u00e4 hyv\u00e4ksi todetuista k\u00e4yt\u00e4nteist\u00e4. <\/span><span style=\"font-family: ABeeZee; font-weight: normal;\">\u00a0<\/span><\/p>\n<p><span style=\"font-family: ABeeZee; font-weight: normal;\"><\/span><\/p>\n<p><span style=\"font-family: ABeeZee; font-weight: normal;\"><strong>Pedagogiset asiantuntijat<\/strong><\/span><\/p>\n<p><span style=\"font-family: ABeeZee; font-weight: normal;\">Ammattikorkeakoulujen nime\u00e4m\u00e4t opettajia ja asiantuntijoita, joiden teht\u00e4v\u00e4n\u00e4 on hankkeen koulutusten suunnittelu, pilotointi ja jatkokehitt\u00e4minen. Pedagogiset asiantuntijat ty\u00f6st\u00e4v\u00e4t kokemustiedon ja tutkitun tiedon pohjalta ammattikorkeakoulun EQF6 -tasoisia opintojaksoja ja oppimisteht\u00e4vi\u00e4 Moodle tai Diakle -oppimisalustoille.<\/span><\/p>\n<p><span style=\"font-family: ABeeZee; font-weight: normal;\"><\/span><\/p>\n<p><span style=\"font-family: ABeeZee; font-weight: normal;\"><strong>Ohjausryhm\u00e4<\/strong><\/span><\/p>\n<p><span style=\"font-family: ABeeZee; font-weight: normal;\">Ohjausryhm\u00e4\u00e4n kuuluu j\u00e4seni\u00e4 kaikista toteuttajaorganisaatioista, Saamelaisk\u00e4r\u00e4jilt\u00e4, Lapin hyvinvointialueelta, S\u00e1miPoskesta sek\u00e4 yliopistojen rinnakkaishankkeesta.<\/span><\/p>\n<p><span style=\"font-family: ABeeZee; font-weight: normal;\"><span class=\"NormalTextRun SCXW50482599 BCX8\">Ohjausryhm\u00e4 toimii hankkeen toteuttajien tukena hankkeen tavoitteiden ja toteutuksen arvioinnissa. <\/span><span class=\"NormalTextRun SCXW50482599 BCX8\">Yhteisty\u00f6sopimuksen mukaisesti ohjausryhm\u00e4 kokoontuu v\u00e4hint\u00e4\u00e4n kaksi kertaa vuodessa.<\/span><span class=\"NormalTextRun SCXW50482599 BCX8\"> Sen tarkoituksena on ohjata, tukea ja seurata hankkeen etenemist\u00e4 auttaen hankkeen tavoitteiden saavuttamisessa ja ohjaten <\/span><span class=\"NormalTextRun SCXW50482599 BCX8\">hankkeen sis\u00e4ll\u00f6llist\u00e4 toteuttamista. Hankkeen sis\u00e4lt\u00f6\u00e4 ja toteuttamista koskevat muutostarpeet on k\u00e4sitelt\u00e4v\u00e4 p\u00e4\u00e4s\u00e4\u00e4nt\u00f6isesti ohjausryhm\u00e4ss\u00e4 ennen kuin niit\u00e4 <\/span><span class=\"NormalTextRun SCXW50482599 BCX8\">koskeva hakemus toimitetaan <\/span><span class=\"NormalTextRun SCXW50482599 BCX8\">OKM:lle<\/span><span class=\"NormalTextRun SCXW50482599 BCX8\">.<\/span>\u00a0<\/span><\/p>\n<p>&nbsp;<\/p>\n<p>[\/et_pb_text][\/et_pb_column][\/et_pb_row][\/et_pb_section]<\/p>\n","protected":false},"excerpt":{"rendered":"<p>Roolit ja vastuutProjektip\u00e4\u00e4llikk\u00f6\/koordinaattori\/asiantuntija Lapin AMK: Mirka Kelahaara Johtaa ja organisoi hanketta, vastaa hankkeen taloudesta ja asiakirjahallinnasta, toteuttaa arviointia ja seurantaa, hankkeen tiedottaminen sek\u00e4 tulosten hy\u00f6dynt\u00e4minen ja levitt\u00e4minen. Sidosryhm\u00e4yhteisty\u00f6 keskeisten toimijoiden kanssa, my\u00f6s valtion rajat ylitt\u00e4v\u00e4sti. Toimii Lapin AMKn osuuden koordinaattorina ja saamelaiskulttuurin asiantuntijana.\u00a0 Koordinaattorit OAMK: Tarja Tapio DIAK: Niina Patronen Hankkeen etenemisen suunnittelu yhteisty\u00f6ss\u00e4 projektip\u00e4\u00e4llik\u00f6n [&hellip;]<\/p>\n","protected":false},"author":31,"featured_media":0,"parent":0,"menu_order":0,"comment_status":"closed","ping_status":"closed","template":"","meta":{"_et_pb_use_builder":"on","_et_pb_old_content":"<!-- wp:divi\/placeholder \/-->","_et_gb_content_width":"","footnotes":""},"class_list":["post-85","page","type-page","status-publish","hentry"],"_links":{"self":[{"href":"https:\/\/blogi.eoppimispalvelut.fi\/saamsote\/wp-json\/wp\/v2\/pages\/85","targetHints":{"allow":["GET"]}}],"collection":[{"href":"https:\/\/blogi.eoppimispalvelut.fi\/saamsote\/wp-json\/wp\/v2\/pages"}],"about":[{"href":"https:\/\/blogi.eoppimispalvelut.fi\/saamsote\/wp-json\/wp\/v2\/types\/page"}],"author":[{"embeddable":true,"href":"https:\/\/blogi.eoppimispalvelut.fi\/saamsote\/wp-json\/wp\/v2\/users\/31"}],"replies":[{"embeddable":true,"href":"https:\/\/blogi.eoppimispalvelut.fi\/saamsote\/wp-json\/wp\/v2\/comments?post=85"}],"version-history":[{"count":9,"href":"https:\/\/blogi.eoppimispalvelut.fi\/saamsote\/wp-json\/wp\/v2\/pages\/85\/revisions"}],"predecessor-version":[{"id":454,"href":"https:\/\/blogi.eoppimispalvelut.fi\/saamsote\/wp-json\/wp\/v2\/pages\/85\/revisions\/454"}],"wp:attachment":[{"href":"https:\/\/blogi.eoppimispalvelut.fi\/saamsote\/wp-json\/wp\/v2\/media?parent=85"}],"curies":[{"name":"wp","href":"https:\/\/api.w.org\/{rel}","templated":true}]}}