{"id":73,"date":"2018-12-11T00:31:42","date_gmt":"2018-12-10T22:31:42","guid":{"rendered":"https:\/\/blogi.eoppimispalvelut.fi\/sane8\/?page_id=73"},"modified":"2018-12-13T16:08:25","modified_gmt":"2018-12-13T14:08:25","slug":"pubsettee","status":"publish","type":"page","link":"https:\/\/blogi.eoppimispalvelut.fi\/sane8\/pubsettee\/","title":{"rendered":"Pub Settee"},"content":{"rendered":"<p style=\"text-align: center\">Pub Settee on brittityylinen, l\u00e4mminhenkinen pubi, jossa voit perinteisen pubi-illan lis\u00e4ksi seurata suosittujen urheilulajien livel\u00e4hetyksi\u00e4, seurustella takkatulen l\u00e4mm\u00f6ss\u00e4 tai vaikka pelata lautapelej\u00e4 ison p\u00f6yd\u00e4n \u00e4\u00e4ress\u00e4. Tarjolla on monipuolinen valikoima suosituimpia brittil\u00e4isi\u00e4 oluita, craft-siidereit\u00e4 sek\u00e4 kausijuomia. Laajasta valikoimastamme l\u00f6yd\u00e4t niin erikoisoluet kuin perinteiset hanajuomat sek\u00e4 alkoholittoman tarjonnan. Lis\u00e4tietoa pubin tiloista l\u00f6yd\u00e4t linkeist\u00e4 Sport Corner ja Olohuone.<\/p>\n<p><img loading=\"lazy\" decoding=\"async\" class=\" wp-image-202 aligncenter\" src=\"https:\/\/blogi.eoppimispalvelut.fi\/sane8\/files\/2018\/12\/mx027_great_british_beers_15_beers.png\" alt=\"\" width=\"338\" height=\"423\" srcset=\"https:\/\/blogi.eoppimispalvelut.fi\/sane8\/files\/2018\/12\/mx027_great_british_beers_15_beers.png 240w, https:\/\/blogi.eoppimispalvelut.fi\/sane8\/files\/2018\/12\/mx027_great_british_beers_15_beers-160x200.png 160w\" sizes=\"auto, (max-width: 338px) 100vw, 338px\" \/><\/p>\n<p>&nbsp;<\/p>\n","protected":false},"excerpt":{"rendered":"<p>Pub Settee on brittityylinen, l\u00e4mminhenkinen pubi, jossa voit perinteisen pubi-illan lis\u00e4ksi seurata suosittujen urheilulajien livel\u00e4hetyksi\u00e4, seurustella takkatulen l\u00e4mm\u00f6ss\u00e4 tai vaikka pelata lautapelej\u00e4 ison p\u00f6yd\u00e4n \u00e4\u00e4ress\u00e4. Tarjolla on&hellip; <span class=\"read-more\"><a class=\"more-link\" href=\"https:\/\/blogi.eoppimispalvelut.fi\/sane8\/pubsettee\/\" rel=\"bookmark\">Read more <span class=\"screen-reader-text\">&#8220;Pub Settee&#8221;<\/span><\/a><\/span><\/p>\n","protected":false},"author":3448,"featured_media":0,"parent":0,"menu_order":0,"comment_status":"closed","ping_status":"closed","template":"","meta":{"footnotes":""},"class_list":["post-73","page","type-page","status-publish","hentry"],"_links":{"self":[{"href":"https:\/\/blogi.eoppimispalvelut.fi\/sane8\/wp-json\/wp\/v2\/pages\/73","targetHints":{"allow":["GET"]}}],"collection":[{"href":"https:\/\/blogi.eoppimispalvelut.fi\/sane8\/wp-json\/wp\/v2\/pages"}],"about":[{"href":"https:\/\/blogi.eoppimispalvelut.fi\/sane8\/wp-json\/wp\/v2\/types\/page"}],"author":[{"embeddable":true,"href":"https:\/\/blogi.eoppimispalvelut.fi\/sane8\/wp-json\/wp\/v2\/users\/3448"}],"replies":[{"embeddable":true,"href":"https:\/\/blogi.eoppimispalvelut.fi\/sane8\/wp-json\/wp\/v2\/comments?post=73"}],"version-history":[{"count":13,"href":"https:\/\/blogi.eoppimispalvelut.fi\/sane8\/wp-json\/wp\/v2\/pages\/73\/revisions"}],"predecessor-version":[{"id":146,"href":"https:\/\/blogi.eoppimispalvelut.fi\/sane8\/wp-json\/wp\/v2\/pages\/73\/revisions\/146"}],"wp:attachment":[{"href":"https:\/\/blogi.eoppimispalvelut.fi\/sane8\/wp-json\/wp\/v2\/media?parent=73"}],"curies":[{"name":"wp","href":"https:\/\/api.w.org\/{rel}","templated":true}]}}