{"id":78,"date":"2018-12-11T00:35:49","date_gmt":"2018-12-10T22:35:49","guid":{"rendered":"https:\/\/blogi.eoppimispalvelut.fi\/sane8\/?page_id=78"},"modified":"2018-12-12T13:56:09","modified_gmt":"2018-12-12T11:56:09","slug":"sport-corner","status":"publish","type":"page","link":"https:\/\/blogi.eoppimispalvelut.fi\/sane8\/sport-corner\/","title":{"rendered":"Sport Corner"},"content":{"rendered":"<p>&nbsp;<\/p>\n<p><img loading=\"lazy\" decoding=\"async\" class=\"wp-image-163 size-medium alignleft\" src=\"https:\/\/blogi.eoppimispalvelut.fi\/sane8\/files\/2018\/12\/CHI_soccerbars-600x339.jpg\" alt=\"\" width=\"600\" height=\"339\" srcset=\"https:\/\/blogi.eoppimispalvelut.fi\/sane8\/files\/2018\/12\/CHI_soccerbars-600x339.jpg 600w, https:\/\/blogi.eoppimispalvelut.fi\/sane8\/files\/2018\/12\/CHI_soccerbars-354x200.jpg 354w, https:\/\/blogi.eoppimispalvelut.fi\/sane8\/files\/2018\/12\/CHI_soccerbars.jpg 650w\" sizes=\"auto, (max-width: 600px) 100vw, 600px\" \/><\/p>\n<p>&nbsp;<\/p>\n<p style=\"text-align: center\">Sport Cornerissa voit viett\u00e4\u00e4 perinteist\u00e4 pubi-iltaa tai seurata suosituimpia urheilul\u00e4hetyksi\u00e4 s\u00e4\u00e4nn\u00f6llisesti.<\/p>\n<p style=\"text-align: center\">Live-l\u00e4hetysten lista p\u00e4ivittyy joka sunnuntai.<\/p>\n<p>&nbsp;<\/p>\n<p style=\"text-align: left\">Live-l\u00e4hetykset:<\/p>\n<p style=\"text-align: left\">Viikko 51<\/p>\n<p style=\"text-align: left\">Ma: 18:30 K\u00e4rp\u00e4t-HPK, 21:45 Real Madrid-Atletico Madrid<\/p>\n<p style=\"text-align: left\">Ti: 18:30 HIFK-Pelicans, 21:45 Manchester City-Tottenham<\/p>\n<p style=\"text-align: left\">Ke: 18:30 Jokerit-SKA Pietari, 21:00 UEFA Nations League, Kreikka-Suomi<\/p>\n<p style=\"text-align: left\">To: 18:30 K\u00e4rp\u00e4t-Salzburg, 21:00 Barcelona-Villareal<\/p>\n<p style=\"text-align: left\">Pe: 18:30 Tappara-Sport, 21:00 Everton-Southampton, 23:00 New York Rangers-Buffalo Sabres<\/p>\n<p style=\"text-align: left\">La: 13:00 Arsenal-Chelsea, 15:00 Manchester United-Liverpool, 20:00 Dallas Stars-Edmonton Oilers<\/p>\n<p style=\"text-align: left\">Su: 13:00 Formula 1 Abu Dhabin osakilpailu, 16:00 Real Madrid-Barcelona, 20:30 Toronto Maple Leafs-Ottawa Senators<\/p>\n","protected":false},"excerpt":{"rendered":"<p>&nbsp; &nbsp; Sport Cornerissa voit viett\u00e4\u00e4 perinteist\u00e4 pubi-iltaa tai seurata suosituimpia urheilul\u00e4hetyksi\u00e4 s\u00e4\u00e4nn\u00f6llisesti. Live-l\u00e4hetysten lista p\u00e4ivittyy joka sunnuntai. &nbsp; Live-l\u00e4hetykset: Viikko 51 Ma: 18:30 K\u00e4rp\u00e4t-HPK, 21:45 Real&hellip; <span class=\"read-more\"><a class=\"more-link\" href=\"https:\/\/blogi.eoppimispalvelut.fi\/sane8\/sport-corner\/\" rel=\"bookmark\">Read more <span class=\"screen-reader-text\">&#8220;Sport Corner&#8221;<\/span><\/a><\/span><\/p>\n","protected":false},"author":3448,"featured_media":178,"parent":0,"menu_order":0,"comment_status":"closed","ping_status":"closed","template":"","meta":{"footnotes":""},"class_list":["post-78","page","type-page","status-publish","has-post-thumbnail","hentry"],"_links":{"self":[{"href":"https:\/\/blogi.eoppimispalvelut.fi\/sane8\/wp-json\/wp\/v2\/pages\/78","targetHints":{"allow":["GET"]}}],"collection":[{"href":"https:\/\/blogi.eoppimispalvelut.fi\/sane8\/wp-json\/wp\/v2\/pages"}],"about":[{"href":"https:\/\/blogi.eoppimispalvelut.fi\/sane8\/wp-json\/wp\/v2\/types\/page"}],"author":[{"embeddable":true,"href":"https:\/\/blogi.eoppimispalvelut.fi\/sane8\/wp-json\/wp\/v2\/users\/3448"}],"replies":[{"embeddable":true,"href":"https:\/\/blogi.eoppimispalvelut.fi\/sane8\/wp-json\/wp\/v2\/comments?post=78"}],"version-history":[{"count":15,"href":"https:\/\/blogi.eoppimispalvelut.fi\/sane8\/wp-json\/wp\/v2\/pages\/78\/revisions"}],"predecessor-version":[{"id":196,"href":"https:\/\/blogi.eoppimispalvelut.fi\/sane8\/wp-json\/wp\/v2\/pages\/78\/revisions\/196"}],"wp:featuredmedia":[{"embeddable":true,"href":"https:\/\/blogi.eoppimispalvelut.fi\/sane8\/wp-json\/wp\/v2\/media\/178"}],"wp:attachment":[{"href":"https:\/\/blogi.eoppimispalvelut.fi\/sane8\/wp-json\/wp\/v2\/media?parent=78"}],"curies":[{"name":"wp","href":"https:\/\/api.w.org\/{rel}","templated":true}]}}