{"id":81,"date":"2018-12-11T00:36:56","date_gmt":"2018-12-10T22:36:56","guid":{"rendered":"https:\/\/blogi.eoppimispalvelut.fi\/sane8\/?page_id=81"},"modified":"2018-12-13T16:05:56","modified_gmt":"2018-12-13T14:05:56","slug":"olohuone","status":"publish","type":"page","link":"https:\/\/blogi.eoppimispalvelut.fi\/sane8\/olohuone\/","title":{"rendered":"Olohuone"},"content":{"rendered":"<p>Olohuone sijaitsee pubin hiljaisemmalla puolella, joten voit tulla seurustelemaan, pelaamaan yst\u00e4v\u00e4porukan kanssa kirjahyllyst\u00e4mme l\u00f6ytyvi\u00e4 lautapelej\u00e4 tai vaikka ihan vain hetkeksi istahtamaan ja unohtamaan arjen kiireet kahvikupposen ja takkatulen \u00e4\u00e4ress\u00e4.<\/p>\n<p>&nbsp;<\/p>\n<p>&nbsp;<\/p>\n<p>&nbsp;<\/p>\n<p>&nbsp;<\/p>\n<p>&nbsp;<\/p>\n<p>&nbsp;<\/p>\n<p>&nbsp;<\/p>\n<p>&nbsp;<\/p>\n<p>&nbsp;<\/p>\n","protected":false},"excerpt":{"rendered":"<p>Olohuone sijaitsee pubin hiljaisemmalla puolella, joten voit tulla seurustelemaan, pelaamaan yst\u00e4v\u00e4porukan kanssa kirjahyllyst\u00e4mme l\u00f6ytyvi\u00e4 lautapelej\u00e4 tai vaikka ihan vain hetkeksi istahtamaan ja unohtamaan arjen kiireet kahvikupposen ja&hellip; <span class=\"read-more\"><a class=\"more-link\" href=\"https:\/\/blogi.eoppimispalvelut.fi\/sane8\/olohuone\/\" rel=\"bookmark\">Read more <span class=\"screen-reader-text\">&#8220;Olohuone&#8221;<\/span><\/a><\/span><\/p>\n","protected":false},"author":3448,"featured_media":179,"parent":0,"menu_order":0,"comment_status":"closed","ping_status":"closed","template":"","meta":{"footnotes":""},"class_list":["post-81","page","type-page","status-publish","has-post-thumbnail","hentry"],"_links":{"self":[{"href":"https:\/\/blogi.eoppimispalvelut.fi\/sane8\/wp-json\/wp\/v2\/pages\/81","targetHints":{"allow":["GET"]}}],"collection":[{"href":"https:\/\/blogi.eoppimispalvelut.fi\/sane8\/wp-json\/wp\/v2\/pages"}],"about":[{"href":"https:\/\/blogi.eoppimispalvelut.fi\/sane8\/wp-json\/wp\/v2\/types\/page"}],"author":[{"embeddable":true,"href":"https:\/\/blogi.eoppimispalvelut.fi\/sane8\/wp-json\/wp\/v2\/users\/3448"}],"replies":[{"embeddable":true,"href":"https:\/\/blogi.eoppimispalvelut.fi\/sane8\/wp-json\/wp\/v2\/comments?post=81"}],"version-history":[{"count":6,"href":"https:\/\/blogi.eoppimispalvelut.fi\/sane8\/wp-json\/wp\/v2\/pages\/81\/revisions"}],"predecessor-version":[{"id":201,"href":"https:\/\/blogi.eoppimispalvelut.fi\/sane8\/wp-json\/wp\/v2\/pages\/81\/revisions\/201"}],"wp:featuredmedia":[{"embeddable":true,"href":"https:\/\/blogi.eoppimispalvelut.fi\/sane8\/wp-json\/wp\/v2\/media\/179"}],"wp:attachment":[{"href":"https:\/\/blogi.eoppimispalvelut.fi\/sane8\/wp-json\/wp\/v2\/media?parent=81"}],"curies":[{"name":"wp","href":"https:\/\/api.w.org\/{rel}","templated":true}]}}