{"id":84,"date":"2018-12-11T00:38:19","date_gmt":"2018-12-10T22:38:19","guid":{"rendered":"https:\/\/blogi.eoppimispalvelut.fi\/sane8\/?page_id=84"},"modified":"2018-12-12T12:48:18","modified_gmt":"2018-12-12T10:48:18","slug":"yhteystiedot","status":"publish","type":"page","link":"https:\/\/blogi.eoppimispalvelut.fi\/sane8\/yhteystiedot\/","title":{"rendered":"Ota yhteytt\u00e4"},"content":{"rendered":"<p>Keskuspuistokatu 20-22, 94100 Kemi<\/p>\n<p>info@pubsettee.fi<\/p>\n<p>+358 40 123 1231<\/p>\n<p>&nbsp;<\/p>\n<p>Voit l\u00e4hett\u00e4\u00e4 meille tiedustelun tai antaa palautetta <a href=\"https:\/\/www.webropolsurveys.com\/S\/8A520E24185A274B.par\">t\u00e4st\u00e4.<\/a><\/p>\n<p>Vastaamme tiedusteluihin 3 arkip\u00e4iv\u00e4n kuluessa.<\/p>\n","protected":false},"excerpt":{"rendered":"<p>Keskuspuistokatu 20-22, 94100 Kemi info@pubsettee.fi +358 40 123 1231 &nbsp; Voit l\u00e4hett\u00e4\u00e4 meille tiedustelun tai antaa palautetta t\u00e4st\u00e4. Vastaamme tiedusteluihin 3 arkip\u00e4iv\u00e4n kuluessa.<\/p>\n","protected":false},"author":3448,"featured_media":185,"parent":0,"menu_order":0,"comment_status":"closed","ping_status":"closed","template":"","meta":{"footnotes":""},"class_list":["post-84","page","type-page","status-publish","has-post-thumbnail","hentry"],"_links":{"self":[{"href":"https:\/\/blogi.eoppimispalvelut.fi\/sane8\/wp-json\/wp\/v2\/pages\/84","targetHints":{"allow":["GET"]}}],"collection":[{"href":"https:\/\/blogi.eoppimispalvelut.fi\/sane8\/wp-json\/wp\/v2\/pages"}],"about":[{"href":"https:\/\/blogi.eoppimispalvelut.fi\/sane8\/wp-json\/wp\/v2\/types\/page"}],"author":[{"embeddable":true,"href":"https:\/\/blogi.eoppimispalvelut.fi\/sane8\/wp-json\/wp\/v2\/users\/3448"}],"replies":[{"embeddable":true,"href":"https:\/\/blogi.eoppimispalvelut.fi\/sane8\/wp-json\/wp\/v2\/comments?post=84"}],"version-history":[{"count":13,"href":"https:\/\/blogi.eoppimispalvelut.fi\/sane8\/wp-json\/wp\/v2\/pages\/84\/revisions"}],"predecessor-version":[{"id":187,"href":"https:\/\/blogi.eoppimispalvelut.fi\/sane8\/wp-json\/wp\/v2\/pages\/84\/revisions\/187"}],"wp:featuredmedia":[{"embeddable":true,"href":"https:\/\/blogi.eoppimispalvelut.fi\/sane8\/wp-json\/wp\/v2\/media\/185"}],"wp:attachment":[{"href":"https:\/\/blogi.eoppimispalvelut.fi\/sane8\/wp-json\/wp\/v2\/media?parent=84"}],"curies":[{"name":"wp","href":"https:\/\/api.w.org\/{rel}","templated":true}]}}