{"id":142,"date":"2021-12-02T22:39:54","date_gmt":"2021-12-02T20:39:54","guid":{"rendered":"https:\/\/blogi.eoppimispalvelut.fi\/santassafety\/?page_id=142"},"modified":"2022-03-31T21:41:14","modified_gmt":"2022-03-31T18:41:14","slug":"perustiedot-etusivulle","status":"publish","type":"page","link":"https:\/\/blogi.eoppimispalvelut.fi\/santassafety\/","title":{"rendered":"Santa&#8217;s Safety"},"content":{"rendered":"<h2><\/h2>\n<h2>Tied\u00e4tk\u00f6 mit\u00e4 liiketiloissasi tapahtuu soihtujen sammuessa?<\/h2>\n<p>Me olemme turvallisuustuotteita ja -palveluita tarjoava paikallinen oppiyritys\u00a0 Lapin AMKin virtuaalialustalla Napalaaksossa.<\/p>\n<p>Meilt\u00e4 saat liiketiloihisi\u00a0 kamerat, h\u00e4lytysj\u00e4rjestelm\u00e4t ja vartiointipalvelut, sek\u00e4 ensi- ja paloturvallisuustuotteet.<\/p>\n<p>Lis\u00e4ksi pid\u00e4mme turvallisuuteen liittyvi\u00e4 koulutuksia, sek\u00e4 ensiapu- ja alkusammutuskoulutuksia.<\/p>\n<p><img loading=\"lazy\" decoding=\"async\" class=\"alignnone wp-image-7\" src=\"https:\/\/blogi.eoppimispalvelut.fi\/santassafety\/files\/2021\/12\/ilman-tekstia-taustallinen-900x899.png\" alt=\"\" width=\"155\" height=\"155\" srcset=\"https:\/\/blogi.eoppimispalvelut.fi\/santassafety\/files\/2021\/12\/ilman-tekstia-taustallinen-900x899.png 900w, https:\/\/blogi.eoppimispalvelut.fi\/santassafety\/files\/2021\/12\/ilman-tekstia-taustallinen-120x120.png 120w, https:\/\/blogi.eoppimispalvelut.fi\/santassafety\/files\/2021\/12\/ilman-tekstia-taustallinen-768x767.png 768w, https:\/\/blogi.eoppimispalvelut.fi\/santassafety\/files\/2021\/12\/ilman-tekstia-taustallinen-280x280.png 280w, https:\/\/blogi.eoppimispalvelut.fi\/santassafety\/files\/2021\/12\/ilman-tekstia-taustallinen-100x100.png 100w, https:\/\/blogi.eoppimispalvelut.fi\/santassafety\/files\/2021\/12\/ilman-tekstia-taustallinen-200x200.png 200w, https:\/\/blogi.eoppimispalvelut.fi\/santassafety\/files\/2021\/12\/ilman-tekstia-taustallinen.png 911w\" sizes=\"auto, (max-width: 155px) 100vw, 155px\" \/><\/p>\n<h1>Keit\u00e4 me olemme?<\/h1>\n<p>Olemme Lapin AMK:n virtuaalialustalla toimiva oppiyritys Santa\u2019s Safety. Olemme uusi toimija turvallisuusalalla Napalaaksossa. Olemme perustaneet yrityksen syksyll\u00e4 2021, jotta juuri sinun yrityksesi saisi oikeanlaisen avun tarpeisiinsa turvallisuuden puolesta. L\u00f6yd\u00e4t meid\u00e4t Napalaakson Piippolasta Piippolantie 7A sek\u00e4 sosiaalisesta mediasta.<\/p>\n<p>Ota rohkeasti yhteytt\u00e4 my\u00f6s s\u00e4hk\u00f6postitse!<\/p>\n<h1>ARVOT<\/h1>\n<p>Luottamus, turvallisuus, rauha, kest\u00e4v\u00e4 kehitys<\/p>\n<h1>MISSIO<\/h1>\n<p>Tarjoamme Napalaakson yritt\u00e4jille, ty\u00f6ntekij\u00f6ille ja asukkaille <b>turvallisen ymp\u00e4rist\u00f6n<\/b>. Me huolehdimme turvallisuudesta, jotta sin\u00e4 saat keskitty\u00e4 olennaiseen. Jokaisella on oikeus\u00a0<b>mielenrauhaan<\/b>.<\/p>\n<h1>VISIO<\/h1>\n<p>Haluamme olla Lapin alueen\u00a0<b>luotetuin<\/b>\u00a0turvallisuuspalveluita tarjoava yritys. Lis\u00e4ksi haluamme\u00a0<b>ennaltaehk\u00e4ist\u00e4<\/b>\u00a0alueen rikollisuutta ja luoda Lapin asukkaille sek\u00e4 yrityksille\u00a0<b>turvallisen<\/b>\u00a0huomisen, nyt ja\u00a0<b>tulevaisuudessa<\/b>.<\/p>\n<h1>TIIMI<\/h1>\n<p><img loading=\"lazy\" decoding=\"async\" class=\"alignnone wp-image-351\" src=\"https:\/\/blogi.eoppimispalvelut.fi\/santassafety\/files\/2022\/03\/tiimikuva.png\" alt=\"\" width=\"404\" height=\"264\" \/><\/p>\n<h2><strong>Toimitusjohtaja<\/strong><\/h2>\n<p>Tamara Fiorentino, Hankintatiimi &amp; Markkinointitiimi<\/p>\n<h2><strong>Hankintatiimi<\/strong><\/h2>\n<p>Linda Marttinen<\/p>\n<h2><strong>Taloustiimi<\/strong><\/h2>\n<p>Julia Karvonen<\/p>\n<p>Tatu Tiinanen<\/p>\n<p>Eeva-Maria Passi<\/p>\n<h2><strong>Markkinointitiimi<\/strong><\/h2>\n<p>Arttu Siivola<\/p>\n<p>Mari Laiho<\/p>\n","protected":false},"excerpt":{"rendered":"<p>Tied\u00e4tk\u00f6 mit\u00e4 liiketiloissasi tapahtuu soihtujen sammuessa? Me olemme turvallisuustuotteita ja -palveluita tarjoava paikallinen oppiyritys\u00a0 Lapin AMKin virtuaalialustalla Napalaaksossa. Meilt\u00e4 saat liiketiloihisi\u00a0 kamerat, h\u00e4lytysj\u00e4rjestelm\u00e4t ja vartiointipalvelut, sek\u00e4 ensi- ja paloturvallisuustuotteet. Lis\u00e4ksi pid\u00e4mme turvallisuuteen liittyvi\u00e4 koulutuksia, sek\u00e4 ensiapu- ja alkusammutuskoulutuksia. Keit\u00e4 me &hellip; <a href=\"https:\/\/blogi.eoppimispalvelut.fi\/santassafety\/\">Continue reading <span class=\"meta-nav\">&rarr;<\/span><\/a><\/p>\n","protected":false},"author":8876,"featured_media":0,"parent":0,"menu_order":1,"comment_status":"closed","ping_status":"closed","template":"","meta":{"footnotes":""},"class_list":["post-142","page","type-page","status-publish","hentry"],"_links":{"self":[{"href":"https:\/\/blogi.eoppimispalvelut.fi\/santassafety\/wp-json\/wp\/v2\/pages\/142","targetHints":{"allow":["GET"]}}],"collection":[{"href":"https:\/\/blogi.eoppimispalvelut.fi\/santassafety\/wp-json\/wp\/v2\/pages"}],"about":[{"href":"https:\/\/blogi.eoppimispalvelut.fi\/santassafety\/wp-json\/wp\/v2\/types\/page"}],"author":[{"embeddable":true,"href":"https:\/\/blogi.eoppimispalvelut.fi\/santassafety\/wp-json\/wp\/v2\/users\/8876"}],"replies":[{"embeddable":true,"href":"https:\/\/blogi.eoppimispalvelut.fi\/santassafety\/wp-json\/wp\/v2\/comments?post=142"}],"version-history":[{"count":18,"href":"https:\/\/blogi.eoppimispalvelut.fi\/santassafety\/wp-json\/wp\/v2\/pages\/142\/revisions"}],"predecessor-version":[{"id":365,"href":"https:\/\/blogi.eoppimispalvelut.fi\/santassafety\/wp-json\/wp\/v2\/pages\/142\/revisions\/365"}],"wp:attachment":[{"href":"https:\/\/blogi.eoppimispalvelut.fi\/santassafety\/wp-json\/wp\/v2\/media?parent=142"}],"curies":[{"name":"wp","href":"https:\/\/api.w.org\/{rel}","templated":true}]}}