{"id":49,"date":"2021-12-02T12:41:24","date_gmt":"2021-12-02T10:41:24","guid":{"rendered":"https:\/\/blogi.eoppimispalvelut.fi\/santassafety\/?page_id=49"},"modified":"2021-12-07T15:58:52","modified_gmt":"2021-12-07T13:58:52","slug":"premium-valvontatuotepaketti","status":"publish","type":"page","link":"https:\/\/blogi.eoppimispalvelut.fi\/santassafety\/premium-valvontatuotepaketti\/","title":{"rendered":"Premium valvontatuotepaketti"},"content":{"rendered":"<p><span style=\"color: #333333\">Kertamaksu 4 500 \u20ac (alv. 0%)<\/span><\/p>\n<p><span style=\"color: #333333\">Laaja,\u00a0kattava ja huippuvarusteltu paketti, jolla takaat huolettomat y\u00f6unet toimitilojesi ollessa tarkassa suojelussa. Pakettiin kuuluu:\u00a0<\/span><\/p>\n<ul>\n<li><span style=\"color: #333333\">\u00c4lylukko 2 kpl\u00a0<\/span><\/li>\n<li><span style=\"color: #333333\">Rikosilmoitinj\u00e4rjestelm\u00e4\u00a0<\/span><\/li>\n<li><span style=\"color: #333333\">Langaton kamerapaketti\u00a0<\/span><\/li>\n<li><span style=\"color: #333333\">N\u00e4yt\u00f6t 2 kpl\u00a0<\/span><\/li>\n<li><span style=\"color: #333333\">Mobiilisovellus josta voit seurata ja s\u00e4\u00e4t\u00e4\u00e4 kameroita ja lukituksia omasta puhelimestasi<\/span><\/li>\n<li><span style=\"color: #333333\">H\u00e4t\u00e4painike 3 kpl\u00a0<\/span><\/li>\n<li><span style=\"color: #333333\">Kyltit ja tarrat\u00a0<\/span><\/li>\n<li><span data-contrast=\"auto\">Asennukset<\/span><span data-ccp-props=\"{}\">\u00a0<\/span><\/li>\n<li><span data-contrast=\"auto\">Kuukausittaiset huollot<\/span><span data-ccp-props=\"{}\">\u00a0<\/span><\/li>\n<\/ul>\n","protected":false},"excerpt":{"rendered":"<p>Kertamaksu 4 500 \u20ac (alv. 0%) Laaja,\u00a0kattava ja huippuvarusteltu paketti, jolla takaat huolettomat y\u00f6unet toimitilojesi ollessa tarkassa suojelussa. Pakettiin kuuluu:\u00a0 \u00c4lylukko 2 kpl\u00a0 Rikosilmoitinj\u00e4rjestelm\u00e4\u00a0 Langaton kamerapaketti\u00a0 N\u00e4yt\u00f6t 2 kpl\u00a0 Mobiilisovellus josta voit seurata ja s\u00e4\u00e4t\u00e4\u00e4 kameroita ja lukituksia omasta puhelimestasi &hellip; <a href=\"https:\/\/blogi.eoppimispalvelut.fi\/santassafety\/premium-valvontatuotepaketti\/\">Continue reading <span class=\"meta-nav\">&rarr;<\/span><\/a><\/p>\n","protected":false},"author":8815,"featured_media":0,"parent":0,"menu_order":0,"comment_status":"closed","ping_status":"closed","template":"","meta":{"footnotes":""},"class_list":["post-49","page","type-page","status-publish","hentry"],"_links":{"self":[{"href":"https:\/\/blogi.eoppimispalvelut.fi\/santassafety\/wp-json\/wp\/v2\/pages\/49","targetHints":{"allow":["GET"]}}],"collection":[{"href":"https:\/\/blogi.eoppimispalvelut.fi\/santassafety\/wp-json\/wp\/v2\/pages"}],"about":[{"href":"https:\/\/blogi.eoppimispalvelut.fi\/santassafety\/wp-json\/wp\/v2\/types\/page"}],"author":[{"embeddable":true,"href":"https:\/\/blogi.eoppimispalvelut.fi\/santassafety\/wp-json\/wp\/v2\/users\/8815"}],"replies":[{"embeddable":true,"href":"https:\/\/blogi.eoppimispalvelut.fi\/santassafety\/wp-json\/wp\/v2\/comments?post=49"}],"version-history":[{"count":5,"href":"https:\/\/blogi.eoppimispalvelut.fi\/santassafety\/wp-json\/wp\/v2\/pages\/49\/revisions"}],"predecessor-version":[{"id":178,"href":"https:\/\/blogi.eoppimispalvelut.fi\/santassafety\/wp-json\/wp\/v2\/pages\/49\/revisions\/178"}],"wp:attachment":[{"href":"https:\/\/blogi.eoppimispalvelut.fi\/santassafety\/wp-json\/wp\/v2\/media?parent=49"}],"curies":[{"name":"wp","href":"https:\/\/api.w.org\/{rel}","templated":true}]}}