{"id":53,"date":"2021-12-02T12:46:31","date_gmt":"2021-12-02T10:46:31","guid":{"rendered":"https:\/\/blogi.eoppimispalvelut.fi\/santassafety\/?page_id=53"},"modified":"2022-02-23T11:33:25","modified_gmt":"2022-02-23T09:33:25","slug":"vartiointipalvelut","status":"publish","type":"page","link":"https:\/\/blogi.eoppimispalvelut.fi\/santassafety\/vartiointipalvelut\/","title":{"rendered":"Vartiointi- ja koulutuspalvelut"},"content":{"rendered":"<h5>Vartiointi<\/h5>\n<p><span style=\"color: #333333\">Ammattitaidolla ja asiantuntevalla henkil\u00f6st\u00f6ll\u00e4 j\u00e4rjestetyt\u00a0vartiointipalvelut, johon kuuluu\u00a024\/7 P\u00e4ivystys, jonka apu tulee paikalle soittamalla tai napin painaluksella\u00a0<\/span><\/p>\n<ul>\n<li><span style=\"color: #333333\"><strong>1 vartiointikierros<\/strong> vuorokaudessa ja h\u00e4lytysp\u00e4ivystys 24\/7<\/span>\n<ul>\n<li><span style=\"color: #333333\"> 600 \u20ac\/kk (alv 0%)<\/span><\/li>\n<\/ul>\n<\/li>\n<li><span style=\"color: #333333\"><strong>2 vartiointikierrosta<\/strong> vuorokaudessa ja h\u00e4lytysp\u00e4ivystys 24\/7<\/span>\n<ul>\n<li><span style=\"color: #333333\">900 \u20ac\/kk \u00a0(alv 0%)<\/span><\/li>\n<\/ul>\n<\/li>\n<li><strong>Vartiointi tilaisuuksissa ja liiketiloissa<\/strong>\n<ul>\n<li>45 \u20ac \/ h (alv 0%)<\/li>\n<\/ul>\n<\/li>\n<li>Hinnat koskevat Napalaakson l\u00e4hialueita<\/li>\n<\/ul>\n<h5>Koulutukset<\/h5>\n<p>Tarjoamme my\u00f6s erilaisia koulutuksia:<\/p>\n<ul>\n<li>J\u00e4rjestyksenvalvoja<\/li>\n<li>Ensiapu<\/li>\n<li>Ensisammutus<\/li>\n<\/ul>\n","protected":false},"excerpt":{"rendered":"<p>Vartiointi Ammattitaidolla ja asiantuntevalla henkil\u00f6st\u00f6ll\u00e4 j\u00e4rjestetyt\u00a0vartiointipalvelut, johon kuuluu\u00a024\/7 P\u00e4ivystys, jonka apu tulee paikalle soittamalla tai napin painaluksella\u00a0 1 vartiointikierros vuorokaudessa ja h\u00e4lytysp\u00e4ivystys 24\/7 600 \u20ac\/kk (alv 0%) 2 vartiointikierrosta vuorokaudessa ja h\u00e4lytysp\u00e4ivystys 24\/7 900 \u20ac\/kk \u00a0(alv 0%) Vartiointi tilaisuuksissa ja &hellip; <a href=\"https:\/\/blogi.eoppimispalvelut.fi\/santassafety\/vartiointipalvelut\/\">Continue reading <span class=\"meta-nav\">&rarr;<\/span><\/a><\/p>\n","protected":false},"author":8815,"featured_media":0,"parent":0,"menu_order":0,"comment_status":"closed","ping_status":"closed","template":"","meta":{"footnotes":""},"class_list":["post-53","page","type-page","status-publish","hentry"],"_links":{"self":[{"href":"https:\/\/blogi.eoppimispalvelut.fi\/santassafety\/wp-json\/wp\/v2\/pages\/53","targetHints":{"allow":["GET"]}}],"collection":[{"href":"https:\/\/blogi.eoppimispalvelut.fi\/santassafety\/wp-json\/wp\/v2\/pages"}],"about":[{"href":"https:\/\/blogi.eoppimispalvelut.fi\/santassafety\/wp-json\/wp\/v2\/types\/page"}],"author":[{"embeddable":true,"href":"https:\/\/blogi.eoppimispalvelut.fi\/santassafety\/wp-json\/wp\/v2\/users\/8815"}],"replies":[{"embeddable":true,"href":"https:\/\/blogi.eoppimispalvelut.fi\/santassafety\/wp-json\/wp\/v2\/comments?post=53"}],"version-history":[{"count":9,"href":"https:\/\/blogi.eoppimispalvelut.fi\/santassafety\/wp-json\/wp\/v2\/pages\/53\/revisions"}],"predecessor-version":[{"id":309,"href":"https:\/\/blogi.eoppimispalvelut.fi\/santassafety\/wp-json\/wp\/v2\/pages\/53\/revisions\/309"}],"wp:attachment":[{"href":"https:\/\/blogi.eoppimispalvelut.fi\/santassafety\/wp-json\/wp\/v2\/media?parent=53"}],"curies":[{"name":"wp","href":"https:\/\/api.w.org\/{rel}","templated":true}]}}