{"id":71,"date":"2021-12-02T13:37:55","date_gmt":"2021-12-02T11:37:55","guid":{"rendered":"https:\/\/blogi.eoppimispalvelut.fi\/santassafety\/?page_id=71"},"modified":"2022-02-09T12:35:33","modified_gmt":"2022-02-09T10:35:33","slug":"yhteystiedot","status":"publish","type":"page","link":"https:\/\/blogi.eoppimispalvelut.fi\/santassafety\/yhteystiedot\/","title":{"rendered":"Yhteystiedot"},"content":{"rendered":"<p><span style=\"color: #333333\">Vartioi<\/span><span style=\"color: #333333\">nti p\u00e4ivystys 24\/7\u00a0<\/span><\/p>\n<p><strong>L\u00f6yd\u00e4t meid\u00e4t Instagramista @santassafety sek\u00e4 Facebookista Santa`s Safety Opy<\/strong><\/p>\n<h4><span style=\"color: #333333\"><strong>S\u00e4hk\u00f6posti\u00a0<\/strong><\/span><\/h4>\n<p><span style=\"color: #333333\"><a style=\"color: #333333\" href=\"mailto:santassafety@napalaakso.fi\">santassafety@napalaakso.fi<\/a><\/span><\/p>\n<h4><span style=\"color: #333333\"><strong>P\u00e4\u00e4konttori\u00a0<\/strong><\/span><\/h4>\n<p><span style=\"color: #333333\">K\u00e4yntiosoite\u00a0<\/span><\/p>\n<p><span style=\"color: #333333\">Piippolantie 7 A, <\/span><span style=\"color: #333333\">96500, Napalaakso<\/span><\/p>\n<h4><span style=\"color: #333333\"><strong>Laskutustiedot\u00a0<\/strong><\/span><\/h4>\n<p><span style=\"color: #333333\">Y-tunnus: 3317216-7<\/span><\/p>\n<h4>Kysy lis\u00e4tietoa alla olevalla lomakkeella<\/h4>\n","protected":false},"excerpt":{"rendered":"<p>Vartiointi p\u00e4ivystys 24\/7\u00a0 L\u00f6yd\u00e4t meid\u00e4t Instagramista @santassafety sek\u00e4 Facebookista Santa`s Safety Opy S\u00e4hk\u00f6posti\u00a0 santassafety@napalaakso.fi P\u00e4\u00e4konttori\u00a0 K\u00e4yntiosoite\u00a0 Piippolantie 7 A, 96500, Napalaakso Laskutustiedot\u00a0 Y-tunnus: 3317216-7 Kysy lis\u00e4tietoa alla olevalla lomakkeella<\/p>\n","protected":false},"author":8815,"featured_media":0,"parent":0,"menu_order":0,"comment_status":"closed","ping_status":"closed","template":"","meta":{"footnotes":""},"class_list":["post-71","page","type-page","status-publish","hentry"],"_links":{"self":[{"href":"https:\/\/blogi.eoppimispalvelut.fi\/santassafety\/wp-json\/wp\/v2\/pages\/71","targetHints":{"allow":["GET"]}}],"collection":[{"href":"https:\/\/blogi.eoppimispalvelut.fi\/santassafety\/wp-json\/wp\/v2\/pages"}],"about":[{"href":"https:\/\/blogi.eoppimispalvelut.fi\/santassafety\/wp-json\/wp\/v2\/types\/page"}],"author":[{"embeddable":true,"href":"https:\/\/blogi.eoppimispalvelut.fi\/santassafety\/wp-json\/wp\/v2\/users\/8815"}],"replies":[{"embeddable":true,"href":"https:\/\/blogi.eoppimispalvelut.fi\/santassafety\/wp-json\/wp\/v2\/comments?post=71"}],"version-history":[{"count":16,"href":"https:\/\/blogi.eoppimispalvelut.fi\/santassafety\/wp-json\/wp\/v2\/pages\/71\/revisions"}],"predecessor-version":[{"id":290,"href":"https:\/\/blogi.eoppimispalvelut.fi\/santassafety\/wp-json\/wp\/v2\/pages\/71\/revisions\/290"}],"wp:attachment":[{"href":"https:\/\/blogi.eoppimispalvelut.fi\/santassafety\/wp-json\/wp\/v2\/media?parent=71"}],"curies":[{"name":"wp","href":"https:\/\/api.w.org\/{rel}","templated":true}]}}