{"id":63,"date":"2019-10-27T15:32:14","date_gmt":"2019-10-27T13:32:14","guid":{"rendered":"https:\/\/blogi.eoppimispalvelut.fi\/seiloteblogi\/?page_id=63"},"modified":"2019-10-27T15:33:44","modified_gmt":"2019-10-27T13:33:44","slug":"opinnaytetyo","status":"publish","type":"page","link":"https:\/\/blogi.eoppimispalvelut.fi\/seiloteblogi\/opinnaytetyo\/","title":{"rendered":"Opinn\u00e4ytety\u00f6"},"content":{"rendered":"<p>T\u00e4nne lis\u00e4\u00e4n opinn\u00e4ytety\u00f6ni.<\/p>\n","protected":false},"excerpt":{"rendered":"<p>T\u00e4nne lis\u00e4\u00e4n opinn\u00e4ytety\u00f6ni.<\/p>\n","protected":false},"author":3883,"featured_media":0,"parent":0,"menu_order":0,"comment_status":"closed","ping_status":"closed","template":"","meta":{"footnotes":""},"class_list":["post-63","page","type-page","status-publish","hentry"],"_links":{"self":[{"href":"https:\/\/blogi.eoppimispalvelut.fi\/seiloteblogi\/wp-json\/wp\/v2\/pages\/63","targetHints":{"allow":["GET"]}}],"collection":[{"href":"https:\/\/blogi.eoppimispalvelut.fi\/seiloteblogi\/wp-json\/wp\/v2\/pages"}],"about":[{"href":"https:\/\/blogi.eoppimispalvelut.fi\/seiloteblogi\/wp-json\/wp\/v2\/types\/page"}],"author":[{"embeddable":true,"href":"https:\/\/blogi.eoppimispalvelut.fi\/seiloteblogi\/wp-json\/wp\/v2\/users\/3883"}],"replies":[{"embeddable":true,"href":"https:\/\/blogi.eoppimispalvelut.fi\/seiloteblogi\/wp-json\/wp\/v2\/comments?post=63"}],"version-history":[{"count":1,"href":"https:\/\/blogi.eoppimispalvelut.fi\/seiloteblogi\/wp-json\/wp\/v2\/pages\/63\/revisions"}],"predecessor-version":[{"id":64,"href":"https:\/\/blogi.eoppimispalvelut.fi\/seiloteblogi\/wp-json\/wp\/v2\/pages\/63\/revisions\/64"}],"wp:attachment":[{"href":"https:\/\/blogi.eoppimispalvelut.fi\/seiloteblogi\/wp-json\/wp\/v2\/media?parent=63"}],"curies":[{"name":"wp","href":"https:\/\/api.w.org\/{rel}","templated":true}]}}