{"id":2902,"date":"2025-11-05T08:19:15","date_gmt":"2025-11-05T06:19:15","guid":{"rendered":"https:\/\/blogi.eoppimispalvelut.fi\/seniorimessut\/?page_id=2902"},"modified":"2025-11-05T08:35:28","modified_gmt":"2025-11-05T06:35:28","slug":"kiitokset-seniorimessut-2025","status":"publish","type":"page","link":"https:\/\/blogi.eoppimispalvelut.fi\/seniorimessut\/","title":{"rendered":"Kiitokset Seniorimessut 2025"},"content":{"rendered":"<p>[et_pb_section fb_built=&#8221;1&#8243; _builder_version=&#8221;4.27.4&#8243; _module_preset=&#8221;default&#8221; global_colors_info=&#8221;{}&#8221;][et_pb_row _builder_version=&#8221;4.27.4&#8243; _module_preset=&#8221;default&#8221; global_colors_info=&#8221;{}&#8221;][et_pb_column type=&#8221;4_4&#8243; _builder_version=&#8221;4.27.4&#8243; _module_preset=&#8221;default&#8221; global_colors_info=&#8221;{}&#8221;][et_pb_text _builder_version=&#8221;4.27.4&#8243; _module_preset=&#8221;default&#8221; global_colors_info=&#8221;{}&#8221;]<\/p>\n<p><strong>L\u00e4mmin kiitos<\/strong> kaikille toimeksiantajille, yhteisty\u00f6kumppaneille, esiintyjille, n\u00e4ytteilleasettajille ja messuvieraille, jotka mahdollistitte Seniorimessut 2025 Kemiss\u00e4.<\/p>\n<p>Yhteinen panoksenne, l\u00e4sn\u00e4olonne ja syd\u00e4mellinen yhteisty\u00f6nne loivat tapahtumaan yhteis\u00f6llisyytt\u00e4, iloa ja merkityksellisi\u00e4 kohtaamisia \u2013 juuri sit\u00e4, mit\u00e4 vanhustenviikon teema \u201cOnni kasvaa yhteis\u00f6ss\u00e4\u201d edustaa.<\/p>\n<p><strong>Yhdess\u00e4 teimme p\u00e4iv\u00e4st\u00e4 ikimuistoisen.<\/strong> Kiitos, ett\u00e4 olitte mukana!<\/p>\n<p>&nbsp;<\/p>\n<p>Geronomiopiskelijat <span data-olk-copy-source=\"MessageBody\">KA72G23S<\/span><\/p>\n<p>Lapin AMK<\/p>\n<p>&nbsp;<\/p>\n<p>[\/et_pb_text][\/et_pb_column][\/et_pb_row][\/et_pb_section]<\/p>\n","protected":false},"excerpt":{"rendered":"<p>L\u00e4mmin kiitos kaikille toimeksiantajille, yhteisty\u00f6kumppaneille, esiintyjille, n\u00e4ytteilleasettajille ja messuvieraille, jotka mahdollistitte Seniorimessut 2025 Kemiss\u00e4. Yhteinen panoksenne, l\u00e4sn\u00e4olonne ja syd\u00e4mellinen yhteisty\u00f6nne loivat tapahtumaan yhteis\u00f6llisyytt\u00e4, iloa ja merkityksellisi\u00e4 kohtaamisia \u2013 juuri sit\u00e4, mit\u00e4 vanhustenviikon teema \u201cOnni kasvaa yhteis\u00f6ss\u00e4\u201d edustaa. Yhdess\u00e4 teimme p\u00e4iv\u00e4st\u00e4 ikimuistoisen. Kiitos, ett\u00e4 olitte mukana! &nbsp; Geronomiopiskelijat KA72G23S Lapin AMK &nbsp;<\/p>\n","protected":false},"author":48270,"featured_media":0,"parent":0,"menu_order":0,"comment_status":"closed","ping_status":"closed","template":"","meta":{"_et_pb_use_builder":"on","_et_pb_old_content":"","_et_gb_content_width":"","footnotes":""},"class_list":["post-2902","page","type-page","status-publish","hentry"],"_links":{"self":[{"href":"https:\/\/blogi.eoppimispalvelut.fi\/seniorimessut\/wp-json\/wp\/v2\/pages\/2902","targetHints":{"allow":["GET"]}}],"collection":[{"href":"https:\/\/blogi.eoppimispalvelut.fi\/seniorimessut\/wp-json\/wp\/v2\/pages"}],"about":[{"href":"https:\/\/blogi.eoppimispalvelut.fi\/seniorimessut\/wp-json\/wp\/v2\/types\/page"}],"author":[{"embeddable":true,"href":"https:\/\/blogi.eoppimispalvelut.fi\/seniorimessut\/wp-json\/wp\/v2\/users\/48270"}],"replies":[{"embeddable":true,"href":"https:\/\/blogi.eoppimispalvelut.fi\/seniorimessut\/wp-json\/wp\/v2\/comments?post=2902"}],"version-history":[{"count":3,"href":"https:\/\/blogi.eoppimispalvelut.fi\/seniorimessut\/wp-json\/wp\/v2\/pages\/2902\/revisions"}],"predecessor-version":[{"id":2906,"href":"https:\/\/blogi.eoppimispalvelut.fi\/seniorimessut\/wp-json\/wp\/v2\/pages\/2902\/revisions\/2906"}],"wp:attachment":[{"href":"https:\/\/blogi.eoppimispalvelut.fi\/seniorimessut\/wp-json\/wp\/v2\/media?parent=2902"}],"curies":[{"name":"wp","href":"https:\/\/api.w.org\/{rel}","templated":true}]}}