{"id":12,"date":"2021-02-22T13:57:22","date_gmt":"2021-02-22T11:57:22","guid":{"rendered":"https:\/\/blogi.eoppimispalvelut.fi\/sijoitustoiminta\/?page_id=12"},"modified":"2021-04-29T13:31:08","modified_gmt":"2021-04-29T10:31:08","slug":"oman-talouden-hallinta","status":"publish","type":"page","link":"https:\/\/blogi.eoppimispalvelut.fi\/sijoitustoiminta\/oman-talouden-hallinta\/","title":{"rendered":"Oman talouden hallinta"},"content":{"rendered":"<p style=\"text-align: center\">Hei sin\u00e4 s\u00e4\u00e4st\u00e4misest\u00e4 kiinnostunut!<\/p>\n<p style=\"text-align: center\">Olet tullut oikealle sivulle, sill\u00e4 aikomuksemme on inspiroida sinut s\u00e4\u00e4st\u00e4m\u00e4\u00e4n<br \/>\nsek\u00e4 saamaan taloutesi tasapainoon.<\/p>\n<p style=\"text-align: center\">Tervetuloa !<\/p>\n<p>&nbsp;<\/p>\n<p><img fetchpriority=\"high\" fetchpriority=\"high\" decoding=\"async\" class=\"aligncenter wp-image-24 size-full\" src=\"https:\/\/blogi.eoppimispalvelut.fi\/sijoitustoiminta\/files\/2021\/03\/happiness-824419_1920.jpg\" alt=\"\" width=\"1920\" height=\"1280\" srcset=\"https:\/\/blogi.eoppimispalvelut.fi\/sijoitustoiminta\/files\/2021\/03\/happiness-824419_1920.jpg 1920w, https:\/\/blogi.eoppimispalvelut.fi\/sijoitustoiminta\/files\/2021\/03\/happiness-824419_1920-300x200.jpg 300w, https:\/\/blogi.eoppimispalvelut.fi\/sijoitustoiminta\/files\/2021\/03\/happiness-824419_1920-1024x683.jpg 1024w, https:\/\/blogi.eoppimispalvelut.fi\/sijoitustoiminta\/files\/2021\/03\/happiness-824419_1920-768x512.jpg 768w, https:\/\/blogi.eoppimispalvelut.fi\/sijoitustoiminta\/files\/2021\/03\/happiness-824419_1920-1536x1024.jpg 1536w, https:\/\/blogi.eoppimispalvelut.fi\/sijoitustoiminta\/files\/2021\/03\/happiness-824419_1920-1568x1045.jpg 1568w\" sizes=\"(max-width: 1920px) 100vw, 1920px\" \/><\/p>\n<p style=\"text-align: center\"><strong>Palkkap\u00e4iv\u00e4 paras p\u00e4iv\u00e4! Mutta ent\u00e4 jos paras p\u00e4iv\u00e4 onkin joka p\u00e4iv\u00e4?<\/strong><\/p>\n<p style=\"text-align: left\">Voi olla, ett\u00e4 olet tilanteessa, jossa rahan ansaitseminen on vasta alkutekij\u00f6iss\u00e4 tai voi olla, ett\u00e4 olet ollut ty\u00f6el\u00e4m\u00e4ss\u00e4 jo useampia vuosia.<\/p>\n<p>Mieti aluksi muutamia listaamiamme kysymyksi\u00e4 ja yrit\u00e4 olla itsellesi rehellinen.<br \/>\n\u00c4l\u00e4 kuitenkaan lannistu, mik\u00e4li kaikki ei ole toivomallasi tavalla.<br \/>\nKoskaan ei ole liian my\u00f6h\u00e4ist\u00e4 muuttaa suuntaa.<\/p>\n<p>Mieti,<\/p>\n<p style=\"text-align: left\">Millainen rahan k\u00e4ytt\u00e4j\u00e4 olet?<br \/>\nOnko taloutesi tasapainossa?<br \/>\nOnko sinulla puskuria?<br \/>\nTied\u00e4tk\u00f6, paljonko rahaa j\u00e4\u00e4 s\u00e4\u00e4st\u00f6\u00f6n?<br \/>\nVai j\u00e4\u00e4k\u00f6 sit\u00e4?<br \/>\nRiitt\u00e4v\u00e4tk\u00f6 rahasi koko kuukauden vai joudutko loppu kuusta miettim\u00e4\u00e4n ostoksiasi enemm\u00e4n?<\/p>\n<p style=\"text-align: left\">Ota vinkit haltuun ja aloita oman taloutesi hallinta!<\/p>\n<p><img decoding=\"async\" class=\"alignnone size-full wp-image-39\" src=\"https:\/\/blogi.eoppimispalvelut.fi\/sijoitustoiminta\/files\/2021\/03\/coffee-2425388_1920.jpg\" alt=\"\" width=\"1920\" height=\"1280\" srcset=\"https:\/\/blogi.eoppimispalvelut.fi\/sijoitustoiminta\/files\/2021\/03\/coffee-2425388_1920.jpg 1920w, https:\/\/blogi.eoppimispalvelut.fi\/sijoitustoiminta\/files\/2021\/03\/coffee-2425388_1920-300x200.jpg 300w, https:\/\/blogi.eoppimispalvelut.fi\/sijoitustoiminta\/files\/2021\/03\/coffee-2425388_1920-1024x683.jpg 1024w, https:\/\/blogi.eoppimispalvelut.fi\/sijoitustoiminta\/files\/2021\/03\/coffee-2425388_1920-768x512.jpg 768w, https:\/\/blogi.eoppimispalvelut.fi\/sijoitustoiminta\/files\/2021\/03\/coffee-2425388_1920-1536x1024.jpg 1536w, https:\/\/blogi.eoppimispalvelut.fi\/sijoitustoiminta\/files\/2021\/03\/coffee-2425388_1920-1568x1045.jpg 1568w\" sizes=\"(max-width: 1920px) 100vw, 1920px\" \/><\/p>\n<p><strong>ALOITA N\u00c4IN =<\/strong><\/p>\n<p style=\"text-align: left\"><strong>\u00a0 \u00a0 \u00a0 \u00a0 \u00a0KARTOITA RAHATILANTEESI<\/strong><\/p>\n<p style=\"text-align: left\">Voit aloittaa tulojesi sek\u00e4 menojesi tutkimisen kuukausilaskelman mukaisesti. Laskelma kannattaa tehd\u00e4 1-3 kuukauden ajalta, sill\u00e4 silloin voi n\u00e4hd\u00e4 kattavammin oman tilanteensa. Voit tutkia esimerkiksi pankin sivuilta omia tuloja sek\u00e4 menojasi viimeisimpien kuukausien osalta.<\/p>\n<p>Miksi katsoa pankin sivuilta kulutusta?<br \/>\n= Suurin osa ihmisest\u00e4 aliarvioi kulutuksensa. Laskelman kannalta on t\u00e4rke\u00e4\u00e4 saada todenmukainen tulos, jotta s\u00e4\u00e4st\u00e4minen onnistuu.<\/p>\n<ol>\n<li><strong>Paljonko saat rahaa kuukausittain?<br \/>\n<\/strong>esim. palkka, opintotuki, asumistuki, opintolaina yms.<\/li>\n<li><strong>Mit\u00e4 ovat <img decoding=\"async\" class=\"wp-image-53 alignright\" src=\"https:\/\/blogi.eoppimispalvelut.fi\/sijoitustoiminta\/files\/2021\/03\/kuitti.png\" alt=\"\" width=\"227\" height=\"426\" srcset=\"https:\/\/blogi.eoppimispalvelut.fi\/sijoitustoiminta\/files\/2021\/03\/kuitti.png 362w, https:\/\/blogi.eoppimispalvelut.fi\/sijoitustoiminta\/files\/2021\/03\/kuitti-160x300.png 160w\" sizes=\"(max-width: 227px) 100vw, 227px\" \/>kuukauden pakolliset menot?<br \/>\n<\/strong>esim. asuminen, puhelinlasku, vakuutukset, auto yms.<\/li>\n<li><strong>J\u00e4\u00e4ko rahaa menojen j\u00e4lkeen yli?<br \/>\n<\/strong><strong>&#8211;&gt;KYLL\u00c4<\/strong><br \/>\nHienoa! Taloutesi j\u00e4\u00e4 plussan puolelle. Oletko jo aloittanut s\u00e4\u00e4nn\u00f6llisen s\u00e4\u00e4st\u00e4misen?<br \/>\n<strong>&#8211;&gt; EI<br \/>\n<\/strong>Suosittemme tarkastelemaan laskelmaa.<br \/>\nOnko jotain mist\u00e4 voit s\u00e4\u00e4st\u00e4\u00e4 tai pystytk\u00f6 kasvattamaan tulojasi?<\/li>\n<li><strong>Luo puskurirahasto<br \/>\n<\/strong>K\u00e4ytt\u00f6tilin lis\u00e4ksi on hyv\u00e4 olla my\u00f6s toinen tili. N\u00e4in rahan voi siirt\u00e4\u00e4 k\u00e4ytt\u00f6tililt\u00e4 turvaan ja alkaa kerryytt\u00e4m\u00e4\u00e4n itselleen puskurirahastoa.<br \/>\n&#8211;&gt; Puskurirahasto on hyv\u00e4 olla yll\u00e4tt\u00e4vien menojen varalta. Voit esimerkiksi j\u00e4\u00e4d\u00e4 yll\u00e4tt\u00e4en ty\u00f6tt\u00f6m\u00e4ksi tai joudut vaikkapa ostamaan uuden kodinkoneen. Puskurirahaston avulla pystyt helpottamaan arkeasi sek\u00e4 saat taloudellisen mielenrauhan.<\/li>\n<\/ol>\n<ul>\n<li>Vinkki: Seuraa 1-3 kuukauden ajan mihin k\u00e4yt\u00e4t rahaa \/ katso oman pankin sivulta mihin olet k\u00e4ytt\u00e4nyt rahaa<\/li>\n<\/ul>\n<p>&nbsp;<\/p>\n<p>&nbsp;<\/p>\n<p>&nbsp;<\/p>\n<p><img loading=\"lazy\" loading=\"lazy\" decoding=\"async\" class=\"alignnone size-full wp-image-40\" src=\"https:\/\/blogi.eoppimispalvelut.fi\/sijoitustoiminta\/files\/2021\/03\/euro-870757_1920.jpg\" alt=\"\" width=\"1920\" height=\"1280\" srcset=\"https:\/\/blogi.eoppimispalvelut.fi\/sijoitustoiminta\/files\/2021\/03\/euro-870757_1920.jpg 1920w, https:\/\/blogi.eoppimispalvelut.fi\/sijoitustoiminta\/files\/2021\/03\/euro-870757_1920-300x200.jpg 300w, https:\/\/blogi.eoppimispalvelut.fi\/sijoitustoiminta\/files\/2021\/03\/euro-870757_1920-1024x683.jpg 1024w, https:\/\/blogi.eoppimispalvelut.fi\/sijoitustoiminta\/files\/2021\/03\/euro-870757_1920-768x512.jpg 768w, https:\/\/blogi.eoppimispalvelut.fi\/sijoitustoiminta\/files\/2021\/03\/euro-870757_1920-1536x1024.jpg 1536w, https:\/\/blogi.eoppimispalvelut.fi\/sijoitustoiminta\/files\/2021\/03\/euro-870757_1920-1568x1045.jpg 1568w\" sizes=\"(max-width: 1920px) 100vw, 1920px\" \/><\/p>\n<p>BUDJETOI<\/p>\n<ul>\n<li>Laadi suunnitelma =<br \/>\nvoit ajatella 100% olevan yhden kuukauden palkka.<br \/>\nJaa palkka osioihin esimerkiksi<br \/>\npakolliset 50% v\u00e4lilliset 30 % s\u00e4\u00e4st\u00f6t ja sijoittaminen 20%.<\/li>\n<li>Ajattele realistisesti; \u00e4l\u00e4 siis yli tai ali mitoita kulujasi<br \/>\n( suositus ennen budjettia on seurata tai k\u00e4yd\u00e4 l\u00e4pi yhden kuukauden menot )<\/li>\n<li>Hyv\u00e4 suunnitelma on varma keino v\u00e4ltt\u00e4\u00e4 rahan katoaminen pankkitililt\u00e4 ;)<\/li>\n<\/ul>\n<p><img loading=\"lazy\" loading=\"lazy\" decoding=\"async\" class=\"alignnone size-full wp-image-44\" src=\"https:\/\/blogi.eoppimispalvelut.fi\/sijoitustoiminta\/files\/2021\/03\/happy-1836445_1920.jpg\" alt=\"\" width=\"1920\" height=\"1280\" srcset=\"https:\/\/blogi.eoppimispalvelut.fi\/sijoitustoiminta\/files\/2021\/03\/happy-1836445_1920.jpg 1920w, https:\/\/blogi.eoppimispalvelut.fi\/sijoitustoiminta\/files\/2021\/03\/happy-1836445_1920-300x200.jpg 300w, https:\/\/blogi.eoppimispalvelut.fi\/sijoitustoiminta\/files\/2021\/03\/happy-1836445_1920-1024x683.jpg 1024w, https:\/\/blogi.eoppimispalvelut.fi\/sijoitustoiminta\/files\/2021\/03\/happy-1836445_1920-768x512.jpg 768w, https:\/\/blogi.eoppimispalvelut.fi\/sijoitustoiminta\/files\/2021\/03\/happy-1836445_1920-1536x1024.jpg 1536w, https:\/\/blogi.eoppimispalvelut.fi\/sijoitustoiminta\/files\/2021\/03\/happy-1836445_1920-1568x1045.jpg 1568w\" sizes=\"(max-width: 1920px) 100vw, 1920px\" \/><\/p>\n<p><strong>HALLITSE TALOUTTASI<\/strong><br \/>\nOman talouden hallinta = tie onnellisempaan el\u00e4m\u00e4\u00e4n<\/p>\n<ul>\n<li><strong>Kuluta v\u00e4hemm\u00e4n kuin tienaat<\/strong><br \/>\nMik\u00e4li kulutat enemm\u00e4n kuin s\u00e4\u00e4st\u00e4t, tulet olemaan taloutesi kanssa pian vaikeuksissa.<\/li>\n<li><strong>Automatisoi pankkisi avulla s\u00e4\u00e4st\u00f6t sek\u00e4 laskut<\/strong><br \/>\nS\u00e4\u00e4st\u00e4minen sek\u00e4 laskujen maksu kannattaa automatisoida, sill\u00e4 n\u00e4in voi helposti aloittaa s\u00e4\u00e4nn\u00f6llisen s\u00e4\u00e4st\u00e4misen sek\u00e4 v\u00e4ltt\u00e4\u00e4 laskujen viiv\u00e4stysmaksut.<\/li>\n<li><strong>Tulevaisuuden suunnitelmat<br \/>\n<\/strong>Mieti, mit\u00e4 toivot tulevaisuudelta ja mit\u00e4 ne sinulle kustantavat.<br \/>\nVoit asettaa itsellesi lyhyen- tai pitk\u00e4n aikav\u00e4lin tavotteita, joiden avulla s\u00e4\u00e4st\u00e4minen on helpompaa. Tarkastele tavotteitasi v\u00e4lill\u00e4 ja pohdi, oletko onnistunut vai onko eteesi tullut yll\u00e4tt\u00e4vi\u00e4 takapakkeja.<\/li>\n<li><strong>Omistusasunnon osto<br \/>\n<\/strong>Asuntolainaa varten tarvitset useimmiten s\u00e4\u00e4st\u00f6j\u00e4, joten avaa ASP tili heti kun mahdollista.<\/li>\n<li><strong>Yll\u00e4tt\u00e4viin menoihin varautuminen &#8211; &gt; PUSKURI<\/strong><\/li>\n<li><strong>Sijoita itseesi<br \/>\n<\/strong>Hanki uusia taitoja tai koulutusta, joiden avulla pystyt lis\u00e4\u00e4m\u00e4\u00e4n tulojasi tulevaisuudessa.<\/li>\n<li><strong>Aloita sijoittaminen<br \/>\n<\/strong>Kaikkia s\u00e4\u00e4st\u00f6j\u00e4 ei kannata j\u00e4tt\u00e4\u00e4 tilille seisomaan, sill\u00e4 summa k\u00e4rsii koko ajan inflaatiosta (eli rahan arvon alenemisesta)<br \/>\nVoit aloittaa sijoittamisen jo 15\u20ac.<\/li>\n<\/ul>\n<p><img loading=\"lazy\" loading=\"lazy\" decoding=\"async\" class=\"alignnone size-full wp-image-47\" src=\"https:\/\/blogi.eoppimispalvelut.fi\/sijoitustoiminta\/files\/2021\/03\/frog-1234781_1920.jpg\" alt=\"\" width=\"1920\" height=\"1255\" srcset=\"https:\/\/blogi.eoppimispalvelut.fi\/sijoitustoiminta\/files\/2021\/03\/frog-1234781_1920.jpg 1920w, https:\/\/blogi.eoppimispalvelut.fi\/sijoitustoiminta\/files\/2021\/03\/frog-1234781_1920-300x196.jpg 300w, https:\/\/blogi.eoppimispalvelut.fi\/sijoitustoiminta\/files\/2021\/03\/frog-1234781_1920-1024x669.jpg 1024w, https:\/\/blogi.eoppimispalvelut.fi\/sijoitustoiminta\/files\/2021\/03\/frog-1234781_1920-768x502.jpg 768w, https:\/\/blogi.eoppimispalvelut.fi\/sijoitustoiminta\/files\/2021\/03\/frog-1234781_1920-1536x1004.jpg 1536w, https:\/\/blogi.eoppimispalvelut.fi\/sijoitustoiminta\/files\/2021\/03\/frog-1234781_1920-1568x1025.jpg 1568w\" sizes=\"(max-width: 1920px) 100vw, 1920px\" \/><\/p>\n<p>Listasimme merkkej\u00e4 talouden tasapainottomuudesta.<br \/>\nMUISTA ett\u00e4, koskaan ei ole liian my\u00f6h\u00e4ist\u00e4 tehd\u00e4 muutoksia.<\/p>\n<p>TALOUDEN H\u00c4LYTYSMERKIT<\/p>\n<ul>\n<li data-charcodes=\"8226\" data-font=\"Arial,Sans-Serif\" data-buautonum=\"8\" data-aria-posinset=\"1\" data-aria-level=\"1\"><span data-usefontface=\"true\" data-contrast=\"none\">Rahaa ei j\u00e4\u00e4 s\u00e4\u00e4st\u00f6\u00f6n\u00a0<\/span>\u200b<\/li>\n<li data-charcodes=\"8226\" data-font=\"Arial,Sans-Serif\" data-buautonum=\"8\" data-aria-posinset=\"2\" data-aria-level=\"1\"><span data-usefontface=\"true\" data-contrast=\"none\">Sinulla ei ole oman talouden puskuria tai k\u00e4yt\u00e4t sit\u00e4 jatkuvasti\u00a0<\/span>\u200b<\/li>\n<li data-charcodes=\"8226\" data-font=\"Arial,Sans-Serif\" data-buautonum=\"8\" data-aria-posinset=\"3\" data-aria-level=\"1\"><span data-usefontface=\"true\" data-contrast=\"none\">Rahasi loppuvat ennen seuraavan tulon maksup\u00e4iv\u00e4\u00e4\u00a0<\/span>\u200b<\/li>\n<li data-charcodes=\"8226\" data-font=\"Arial,Sans-Serif\" data-buautonum=\"8\" data-aria-posinset=\"4\" data-aria-level=\"1\"><span data-usefontface=\"true\" data-contrast=\"none\">Vippaat vanhemmilta ja kavereilta<\/span>\u200b<\/li>\n<li data-charcodes=\"8226\" data-font=\"Arial,Sans-Serif\" data-buautonum=\"8\" data-aria-posinset=\"5\" data-aria-level=\"1\"><span data-usefontface=\"true\" data-contrast=\"none\">Et pysty maksamaan laskuja ajallaan<\/span>\u200b<\/li>\n<li data-charcodes=\"8226\" data-font=\"Arial,Sans-Serif\" data-buautonum=\"8\" data-aria-posinset=\"6\" data-aria-level=\"1\"><span data-usefontface=\"true\" data-contrast=\"none\">Maksat vuokran aina my\u00f6h\u00e4ss\u00e4 tai vuokranmaksu laahaa\u00a0<\/span>\u200b<\/li>\n<li data-charcodes=\"8226\" data-font=\"Arial,Sans-Serif\" data-buautonum=\"8\" data-aria-posinset=\"7\" data-aria-level=\"1\"><span data-usefontface=\"true\" data-contrast=\"none\">Teet pienetkin hankinnat luotolla tai osamaksusopimuksella<\/span>\u200b<\/li>\n<li data-charcodes=\"8226\" data-font=\"Arial,Sans-Serif\" data-buautonum=\"8\" data-aria-posinset=\"8\" data-aria-level=\"1\"><span data-usefontface=\"true\" data-contrast=\"none\">Ostat ruoat luotolla<\/span>\u200b<\/li>\n<li data-charcodes=\"8226\" data-font=\"Arial,Sans-Serif\" data-buautonum=\"8\" data-aria-posinset=\"9\" data-aria-level=\"1\"><span data-usefontface=\"true\" data-contrast=\"none\">Joku l\u00e4hipiirist\u00e4 huomauttaa, ettei sinulla koskaan ole rahaa<\/span><\/li>\n<\/ul>\n<p><img loading=\"lazy\" loading=\"lazy\" decoding=\"async\" class=\"alignnone size-full wp-image-51\" src=\"https:\/\/blogi.eoppimispalvelut.fi\/sijoitustoiminta\/files\/2021\/03\/piggy-bank-1595992_1920.jpg\" alt=\"\" width=\"1920\" height=\"1280\" srcset=\"https:\/\/blogi.eoppimispalvelut.fi\/sijoitustoiminta\/files\/2021\/03\/piggy-bank-1595992_1920.jpg 1920w, https:\/\/blogi.eoppimispalvelut.fi\/sijoitustoiminta\/files\/2021\/03\/piggy-bank-1595992_1920-300x200.jpg 300w, https:\/\/blogi.eoppimispalvelut.fi\/sijoitustoiminta\/files\/2021\/03\/piggy-bank-1595992_1920-1024x683.jpg 1024w, https:\/\/blogi.eoppimispalvelut.fi\/sijoitustoiminta\/files\/2021\/03\/piggy-bank-1595992_1920-768x512.jpg 768w, https:\/\/blogi.eoppimispalvelut.fi\/sijoitustoiminta\/files\/2021\/03\/piggy-bank-1595992_1920-1536x1024.jpg 1536w, https:\/\/blogi.eoppimispalvelut.fi\/sijoitustoiminta\/files\/2021\/03\/piggy-bank-1595992_1920-1568x1045.jpg 1568w\" sizes=\"(max-width: 1920px) 100vw, 1920px\" \/><\/p>\n<p>HYV\u00c4KSI TODETUT VINKIT<\/p>\n<ul>\n<li>Osta vain silloin, kun oikeasti tarvitset tuotteen. \u00c4l\u00e4 tee hupi ostoja. \u200b<br \/>\n&#8211;&gt; lompakko ja luonto kiitt\u00e4\u00e4<\/li>\n<li data-aria-posinset=\"1\" data-aria-level=\"1\"><span data-usefontface=\"true\" data-contrast=\"none\">Suosi second hand tuotteita!<br \/>\nOsta<\/span><span data-usefontface=\"true\" data-contrast=\"none\"> kirppareilta tai netist\u00e4. Hyvi\u00e4 sovelluksia ovat mm.\u00a0 tori.fi, zadaa, tise sek\u00e4 Facebook kirpputori ryhm\u00e4t <\/span><\/li>\n<li data-aria-posinset=\"1\" data-aria-level=\"1\">Mik\u00e4li kuitenkin tarvitset tuotteen uutena, yrit\u00e4 kiinnitt\u00e4\u00e4 huomiota sen materiaaleihin ja valmistustapaan. Onko tuote sellainen, ett\u00e4 voit k\u00e4ytt\u00e4\u00e4 sit\u00e4 viel\u00e4 vuosien p\u00e4\u00e4st\u00e4?\u200b<\/li>\n<li data-aria-posinset=\"3\" data-aria-level=\"1\"><span data-usefontface=\"true\" data-contrast=\"none\">Ollessasi alennusmyynneiss\u00e4, mieti maksaisitko tuotteesta t\u00e4yden hinnan. M<\/span><span data-usefontface=\"true\" data-contrast=\"none\">ik\u00e4li et, \u00e4l\u00e4 osta tuotetta.\u00a0<\/span>\u200b\u200b<\/li>\n<li data-aria-posinset=\"6\" data-aria-level=\"1\"><span data-usefontface=\"true\" data-contrast=\"none\">Ota k\u00e4ytt\u00f6\u00f6n oman pankin sovelluksessa, jokaisesta korttimaksusta 1\u20ac s\u00e4\u00e4st\u00f6tilille<\/span><\/li>\n<li data-aria-posinset=\"6\" data-aria-level=\"1\">Kuuntele s\u00e4\u00e4st\u00e4miseen inspiroivia\u200b<span data-usefontface=\"true\" data-contrast=\"none\"> podcasteja:<br \/>\n<\/span><span data-usefontface=\"true\" data-contrast=\"none\">1. Mimmit sijoittaa<br \/>\n2. Taloudellinen mielenrauha<br \/>\n<\/span><span data-usefontface=\"true\" data-contrast=\"none\">3. Melkein kaikki rahasta<\/span><br \/>\n4. Rahapodi<br \/>\n5. Rahapuhetta<\/li>\n<li data-aria-posinset=\"6\" data-aria-level=\"1\"><span data-usefontface=\"true\" data-contrast=\"none\">Seuraa <\/span><span data-usefontface=\"true\" data-contrast=\"none\">instagramissa mielenkiintosia henkil\u00f6it\u00e4, jotka kertovat raha asioihin liittyvi\u00e4 vinkkej\u00e4<br \/>\n<\/span><span data-usefontface=\"true\" data-contrast=\"none\">1. Vaurastaelamaa<\/span><br \/>\n2. Mimmit sijoittaa<\/li>\n<li data-aria-posinset=\"6\" data-aria-level=\"1\"><span data-usefontface=\"true\" data-contrast=\"none\">ota my\u00f6s seurantaan vauraudesta kertovia blogeja<\/span><\/li>\n<\/ul>\n<p>&nbsp;<\/p>\n<p>&nbsp;<\/p>\n<p>L\u00e4hteet:<\/p>\n<p><a href=\"https:\/\/www.mimmitsijoittaa.fi\/\">Mimmit sijoittaa<\/a><\/p>\n<p><a href=\"https:\/\/www.fine.fi\/julkaisut\/julkaisu\/saasta-ja-sijoita-viisaasti-evaita-sijoittamiseen-tutustuvalle.html\">S\u00e4\u00e4st\u00e4 ja sijoita viisaasti on uusi opas aivan tavalliselle s\u00e4\u00e4st\u00e4j\u00e4lle &#8211; FINE &#8211; Vakuutus- ja rahoitusneuvonta<\/a><\/p>\n<p><a href=\"https:\/\/www.sijoitussuomi.fi\/oman-talouden-hallinta\/\">Oman talouden hallinta, opi se jo t\u00e4n\u00e4\u00e4n (sijoitussuomi.fi)<\/a><\/p>\n<p><a href=\"https:\/\/pixabay.com\/fi\/\">Upeita ilmaisia kuvia &#8211; Pixabay<\/a><\/p>\n<p>&nbsp;<\/p>\n","protected":false},"excerpt":{"rendered":"<p>Hei sin\u00e4 s\u00e4\u00e4st\u00e4misest\u00e4 kiinnostunut! Olet tullut oikealle sivulle, sill\u00e4 aikomuksemme on inspiroida sinut s\u00e4\u00e4st\u00e4m\u00e4\u00e4n sek\u00e4 saamaan taloutesi tasapainoon. Tervetuloa ! &nbsp; Palkkap\u00e4iv\u00e4 paras p\u00e4iv\u00e4! Mutta ent\u00e4 jos paras p\u00e4iv\u00e4 onkin joka p\u00e4iv\u00e4? Voi olla, ett\u00e4 olet tilanteessa, jossa rahan ansaitseminen on vasta alkutekij\u00f6iss\u00e4 tai voi olla, ett\u00e4 olet ollut ty\u00f6el\u00e4m\u00e4ss\u00e4 jo useampia vuosia. Mieti aluksi&hellip; <a class=\"more-link\" href=\"https:\/\/blogi.eoppimispalvelut.fi\/sijoitustoiminta\/oman-talouden-hallinta\/\">Continue reading <span class=\"screen-reader-text\">Oman talouden hallinta<\/span><\/a><\/p>\n","protected":false},"author":4093,"featured_media":0,"parent":0,"menu_order":0,"comment_status":"closed","ping_status":"closed","template":"","meta":{"_et_pb_use_builder":"","_et_pb_old_content":"","_et_gb_content_width":"","footnotes":""},"class_list":["post-12","page","type-page","status-publish","hentry","entry"],"_links":{"self":[{"href":"https:\/\/blogi.eoppimispalvelut.fi\/sijoitustoiminta\/wp-json\/wp\/v2\/pages\/12","targetHints":{"allow":["GET"]}}],"collection":[{"href":"https:\/\/blogi.eoppimispalvelut.fi\/sijoitustoiminta\/wp-json\/wp\/v2\/pages"}],"about":[{"href":"https:\/\/blogi.eoppimispalvelut.fi\/sijoitustoiminta\/wp-json\/wp\/v2\/types\/page"}],"author":[{"embeddable":true,"href":"https:\/\/blogi.eoppimispalvelut.fi\/sijoitustoiminta\/wp-json\/wp\/v2\/users\/4093"}],"replies":[{"embeddable":true,"href":"https:\/\/blogi.eoppimispalvelut.fi\/sijoitustoiminta\/wp-json\/wp\/v2\/comments?post=12"}],"version-history":[{"count":35,"href":"https:\/\/blogi.eoppimispalvelut.fi\/sijoitustoiminta\/wp-json\/wp\/v2\/pages\/12\/revisions"}],"predecessor-version":[{"id":382,"href":"https:\/\/blogi.eoppimispalvelut.fi\/sijoitustoiminta\/wp-json\/wp\/v2\/pages\/12\/revisions\/382"}],"wp:attachment":[{"href":"https:\/\/blogi.eoppimispalvelut.fi\/sijoitustoiminta\/wp-json\/wp\/v2\/media?parent=12"}],"curies":[{"name":"wp","href":"https:\/\/api.w.org\/{rel}","templated":true}]}}