{"id":181,"date":"2021-04-21T11:19:57","date_gmt":"2021-04-21T08:19:57","guid":{"rendered":"https:\/\/blogi.eoppimispalvelut.fi\/sijoitustoiminta\/?page_id=181"},"modified":"2021-04-29T13:57:36","modified_gmt":"2021-04-29T10:57:36","slug":"treidausstrategiat","status":"publish","type":"page","link":"https:\/\/blogi.eoppimispalvelut.fi\/sijoitustoiminta\/tekninen-analyysi\/treidausstrategiat\/","title":{"rendered":"Treidausstrategiat"},"content":{"rendered":"<p><img fetchpriority=\"high\" fetchpriority=\"high\" decoding=\"async\" class=\"size-medium wp-image-167 aligncenter\" src=\"https:\/\/blogi.eoppimispalvelut.fi\/sijoitustoiminta\/files\/2021\/04\/pexels-jeshootscom-600x400.jpg\" alt=\"\" width=\"600\" height=\"400\" srcset=\"https:\/\/blogi.eoppimispalvelut.fi\/sijoitustoiminta\/files\/2021\/04\/pexels-jeshootscom-600x400.jpg 600w, https:\/\/blogi.eoppimispalvelut.fi\/sijoitustoiminta\/files\/2021\/04\/pexels-jeshootscom-1280x853.jpg 1280w, https:\/\/blogi.eoppimispalvelut.fi\/sijoitustoiminta\/files\/2021\/04\/pexels-jeshootscom-768x512.jpg 768w, https:\/\/blogi.eoppimispalvelut.fi\/sijoitustoiminta\/files\/2021\/04\/pexels-jeshootscom-1536x1024.jpg 1536w, https:\/\/blogi.eoppimispalvelut.fi\/sijoitustoiminta\/files\/2021\/04\/pexels-jeshootscom-2048x1365.jpg 2048w, https:\/\/blogi.eoppimispalvelut.fi\/sijoitustoiminta\/files\/2021\/04\/pexels-jeshootscom-420x280.jpg 420w\" sizes=\"(max-width: 600px) 100vw, 600px\" \/><\/p>\n<p style=\"text-align: center\">Treidaaminen on nopeaa kauppaa. Treidaajalla on halu tehd\u00e4 paljon t\u00f6it\u00e4 salkun eteen. Treidaaja pyrkii nopeisiin voittoihin lyhyess\u00e4 ajassa, tekee sijoituksia nouseviin ja laskeviin kursseihin. Treidaaminen on kenen tahansa saavutettavissa, kunhan on tietokone, kaupank\u00e4yntialusta sek\u00e4 tiet\u00e4myst\u00e4 treidaamisesta ja markkinoiden liikkeist\u00e4. Treidaus tyylej\u00e4 on erilaisia, ne jaetaan nelj\u00e4\u00e4n kategoriaan kaupank\u00e4ynnin aktiivisuuden perusteella, skalppaus, p\u00e4iv\u00e4treidaaminen, swing-treidaaminen ja positiotreidaaminen. N\u00e4iss\u00e4 treidaustyyleiss\u00e4 k\u00e4ytet\u00e4\u00e4n fundamenttianalyysi\u00e4 ja teknist\u00e4 analyysi\u00e4 apuna.<\/p>\n<ul>\n<li style=\"list-style-type: none\">\n<ul style=\"text-align: center\">\n<li style=\"text-align: left\">Skalppauksen tavoite on saada nopeita ja pieni\u00e4 voittoja skunneissa minutteihin. Se on yksi vaikeimmista treidauslajeista.<\/li>\n<li style=\"text-align: left\">P\u00e4iv\u00e4treidaaminen tarkoittaa, ett\u00e4 suurin osa kaupoista avataan ja suljetaan saman p\u00e4iv\u00e4n aikana. T\u00e4m\u00e4 on yksi suosituimmista treidaustyyleist\u00e4.<\/li>\n<li style=\"text-align: left\">Swing-treidaaja tekee kauppaa muutamien p\u00e4ivien ja viikkojen hintamuutoksilla.<\/li>\n<li style=\"text-align: left\">Positiotreidaaja pit\u00e4\u00e4 kuukausista useampiin vuosiin osakkeita. (Lepikk\u00f6, 24\u201328)<\/li>\n<\/ul>\n<\/li>\n<\/ul>\n<h4 style=\"text-align: center\">L\u00e4hteet<\/h4>\n<p style=\"text-align: center\"><a href=\"https:\/\/www.pexels.com\/fi-fi\/license\/\">Kuvat<\/a><\/p>\n<p style=\"text-align: center\">Lepikk\u00f6, J. Treidaa kuin ammattilainen. <a href=\"https:\/\/www.nordnet.fi\/download\/18.1a81c3d41755aa712d4869cf\/1607932723258\/Treidaa-kuin-ammattilainen-ekirja.pdf\">Treidaa kuin ammattilainen<\/a><\/p>\n","protected":false},"excerpt":{"rendered":"<p>Treidaaminen on nopeaa kauppaa. Treidaajalla on halu tehd\u00e4 paljon t\u00f6it\u00e4 salkun eteen. Treidaaja pyrkii nopeisiin voittoihin lyhyess\u00e4 ajassa, tekee sijoituksia nouseviin ja laskeviin kursseihin. Treidaaminen on kenen tahansa saavutettavissa, kunhan on tietokone, kaupank\u00e4yntialusta sek\u00e4 tiet\u00e4myst\u00e4 treidaamisesta ja markkinoiden liikkeist\u00e4. Treidaus tyylej\u00e4 on erilaisia, ne jaetaan nelj\u00e4\u00e4n kategoriaan kaupank\u00e4ynnin aktiivisuuden perusteella, skalppaus, p\u00e4iv\u00e4treidaaminen, swing-treidaaminen ja positiotreidaaminen.&hellip; <a class=\"more-link\" href=\"https:\/\/blogi.eoppimispalvelut.fi\/sijoitustoiminta\/tekninen-analyysi\/treidausstrategiat\/\">Continue reading <span class=\"screen-reader-text\">Treidausstrategiat<\/span><\/a><\/p>\n","protected":false},"author":6925,"featured_media":0,"parent":64,"menu_order":0,"comment_status":"closed","ping_status":"closed","template":"","meta":{"_et_pb_use_builder":"","_et_pb_old_content":"","_et_gb_content_width":"","footnotes":""},"class_list":["post-181","page","type-page","status-publish","hentry","entry"],"_links":{"self":[{"href":"https:\/\/blogi.eoppimispalvelut.fi\/sijoitustoiminta\/wp-json\/wp\/v2\/pages\/181","targetHints":{"allow":["GET"]}}],"collection":[{"href":"https:\/\/blogi.eoppimispalvelut.fi\/sijoitustoiminta\/wp-json\/wp\/v2\/pages"}],"about":[{"href":"https:\/\/blogi.eoppimispalvelut.fi\/sijoitustoiminta\/wp-json\/wp\/v2\/types\/page"}],"author":[{"embeddable":true,"href":"https:\/\/blogi.eoppimispalvelut.fi\/sijoitustoiminta\/wp-json\/wp\/v2\/users\/6925"}],"replies":[{"embeddable":true,"href":"https:\/\/blogi.eoppimispalvelut.fi\/sijoitustoiminta\/wp-json\/wp\/v2\/comments?post=181"}],"version-history":[{"count":6,"href":"https:\/\/blogi.eoppimispalvelut.fi\/sijoitustoiminta\/wp-json\/wp\/v2\/pages\/181\/revisions"}],"predecessor-version":[{"id":421,"href":"https:\/\/blogi.eoppimispalvelut.fi\/sijoitustoiminta\/wp-json\/wp\/v2\/pages\/181\/revisions\/421"}],"up":[{"embeddable":true,"href":"https:\/\/blogi.eoppimispalvelut.fi\/sijoitustoiminta\/wp-json\/wp\/v2\/pages\/64"}],"wp:attachment":[{"href":"https:\/\/blogi.eoppimispalvelut.fi\/sijoitustoiminta\/wp-json\/wp\/v2\/media?parent=181"}],"curies":[{"name":"wp","href":"https:\/\/api.w.org\/{rel}","templated":true}]}}