{"id":227,"date":"2021-04-28T14:16:10","date_gmt":"2021-04-28T11:16:10","guid":{"rendered":"https:\/\/blogi.eoppimispalvelut.fi\/sijoitustoiminta\/?page_id=227"},"modified":"2021-04-29T14:20:37","modified_gmt":"2021-04-29T11:20:37","slug":"indikaattorit","status":"publish","type":"page","link":"https:\/\/blogi.eoppimispalvelut.fi\/sijoitustoiminta\/tekninen-analyysi\/indikaattorit\/","title":{"rendered":"Indikaattorit"},"content":{"rendered":"<h4 style=\"text-align: center\"><strong>Yleisimm\u00e4t Indikaattorit<\/strong><\/h4>\n<p style=\"text-align: center\">Tekniset indikaattorit voidaan jakaa yksinkertaisimmillaan kolmeen kategoriaan:<\/p>\n<p style=\"text-align: center\"><strong><em>Johtava indikaattori (leading indicator)<\/em><\/strong><\/p>\n<p style=\"text-align: center\">Johtavat indikaattorit kertovat usein tulevien liikkeiden suunnan hyviss\u00e4 ajoin.<br \/>\nN\u00e4m\u00e4 indikaattorit mittaavat liikkeen voimakkuutta (Momentum).<\/p>\n<p style=\"text-align: center\">Kaikista momentumindikaattoreista tunnetuin on RSI eli Relative Strenght Index, joka mittaa nimens\u00e4 mukaisesti trendin suhteellista voimaa.<\/p>\n<p style=\"text-align: center\"><strong><em>Laahaava indikaattori (lagging indicator)<\/em><\/strong><\/p>\n<p style=\"text-align: center\">Laahaava indikaattori tarkastelee historiallisia hinnanmuutoksia ja toimii t\u00e4ten parhaiten olemassa olevien trendien vahvistuksena. Tunnetuin laahaava indikaattori on liukuva keskiarvo (Moving Average).<\/p>\n<p style=\"text-align: center\"><strong><em>Oskillaattori (oscillator)<\/em><\/strong><\/p>\n<p style=\"text-align: center\">Suurin osa teknisist\u00e4 indikaattoreista on oskillaattoreita.<br \/>\nOskillaattori on tekninen indikaattori, joka vaihtelee kahden \u00e4\u00e4riarvon v\u00e4lill\u00e4.<br \/>\nTunnettuja oskillaattoreita ovat MACD-indikaattori sek\u00e4 Stochastics.<br \/>\nUseissa oskillaattoreissa on m\u00e4\u00e4ritelty rajat \u00e4\u00e4riarvoille.<br \/>\nYlempi on yliostetun (overbought) ja alempi ylimyydyn (oversold) raja.<\/p>\n<h4 style=\"text-align: center\"><strong>Liukuva keskiarvo (Moving Average)<\/strong><\/h4>\n<p style=\"text-align: center\">Yleisimpi\u00e4 liukuva keskiarvoja ovat:<\/p>\n<p style=\"text-align: center\">&#8211; <strong>yksinkertainen liukuva keskiarvo<\/strong> (Simple Moving Average, SMA)<br \/>\n&#8211; <strong>eksponentiaalinen liukuva keskiarvo<\/strong> (Exponential Moving Average, EMA)<\/p>\n<p style=\"text-align: center\">Yksinkertainen liukuva keskiarvo laskee keskiarvon valitulle ajanjaksolle \u2013 esim. 20, 50 tai 200 minuuttia, tuntia, p\u00e4iv\u00e4\u00e4 tai viikkoa \u2013 ja piirt\u00e4\u00e4 jokaisena ajankohtana uuden keskiarvon kuvaajaan.<\/p>\n<p style=\"text-align: center\">Selv\u00e4sti yleisimm\u00e4t liukuvat keskiarvot ovat 50 ja 200 p\u00e4iv\u00e4n liukuvat keskiarvot.<br \/>\nYleens\u00e4 kun niin sanottu nopea (lyhyempi aikav\u00e4li) liukuva keskiarvo leikkaa hitaamman (pitempi aikav\u00e4li) liukuvan keskiarvon alhaalta yl\u00f6s pidet\u00e4\u00e4n t\u00e4t\u00e4 ostosignaalina ja sama toisin p\u00e4in.<\/p>\n<h4 style=\"text-align: center\"><strong>Suhteellinen voimaindeksi (Relative Strength Index, RSI) <\/strong><\/h4>\n<p style=\"text-align: center\">RSI on momentum-indikaattori, joka mittaa nousun suuntaa ja voimakkuutta osakkeen tai muun arvopaperin viimeaikaisesta hinnasta (yleens\u00e4 14 p\u00e4iv\u00e4\u00e4). V\u00e4lill\u00e4 0\u2013100 liikkuvaa RSI-indikaattoria k\u00e4ytet\u00e4\u00e4n tavallisesti apuna ylimyytyjen tai yliostettujen markkinoiden sek\u00e4 trendin k\u00e4\u00e4nteiden tunnistamiseen.<\/p>\n<p style=\"text-align: center\">Perinteisen tulkinnan mukaan yli 70 arvo RSI:ss\u00e4 kertoo yliostetusta tilanteesta ja alle 30 arvo ylimyydyst\u00e4 tilanteesta, jotka voivat ennakoida trendin k\u00e4\u00e4nnett\u00e4 tai korjausliikett\u00e4. Mik\u00e4li RSI laskee samaan aikaan, kun hinta tekee uusia huippuja (tai p\u00e4invastoin) on kyseess\u00e4 ns. divergenssi (RSI:n ja hinnan suunta eroavat). Trendin voimakkuus on hidastumassa, mik\u00e4 voi ennakoida k\u00e4\u00e4nnett\u00e4. RSI voi tietyiss\u00e4 olosuhteissa my\u00f6s antaa ostosignaalin noustessaan 30:n ylle tai myyntisignaalin tipahtaessaan 70:n alle.<\/p>\n<h4 style=\"text-align: center\"><strong>MACD (Moving Average Convergence Divergence)<\/strong><\/h4>\n<p style=\"text-align: center\">MACD on poikkeuksellinen indikaattori, koska se toimii sek\u00e4 momentumindikaattorina ett\u00e4 oskillaattorina. Indikaattorin arvot lasketaan k\u00e4ytt\u00e4m\u00e4ll\u00e4 useaa liukuvaa keskiarvoa ja indikaattorin p\u00e4\u00e4asiallisena tarkoituksena on mitata trendin voimakkuutta.<\/p>\n<p style=\"text-align: center\">Trendin suunnan lis\u00e4ksi, MACD antaa my\u00f6s osto- ja myyntisignaaleja. Jos MACD-linja leikkaa signaalilinjan ylh\u00e4\u00e4lt\u00e4 alas, syntyy myyntisignaali. Vastaavasti jos MACD leikkaa signaalilinjan alhaalta yl\u00f6s, syntyy ostosignaali. Lis\u00e4ksi MACD:st\u00e4 haetaan usein my\u00f6s divergenssi\u00e4 mik\u00e4 viittaa siihen, ett\u00e4 trendi on heikentym\u00e4ss\u00e4.<\/p>\n<p style=\"text-align: center\">MACD koostuu kahdesta linjasta, jotka ovat niin sanottu MACD-linja sek\u00e4 signaalilinja. N\u00e4m\u00e4 linjat voivat antaa kahdenlaisia signaaleja. Ensimm\u00e4inen signaali on MACD-linjan suunta. Loogisesti jos MACD-linja on laskeva, toimii t\u00e4m\u00e4 negatiivisena indikaationa ja toisin p\u00e4in.<\/p>\n<h4 style=\"text-align: center\"><strong>L\u00e4hteet<\/strong><\/h4>\n<p style=\"text-align: center\"><a href=\"https:\/\/www.lynxbroker.fi\/sijoitusblogi\/artikkelit\/indikaattorit-tekninen-analyysi\/\">Indikaattorit tekninen analyysi<\/a><\/p>\n<p style=\"text-align: center\"><a href=\"https:\/\/www.sijoittaja.fi\/276210\/tekninen-analyysi\/\">Tekninen analyysi<\/a><\/p>\n","protected":false},"excerpt":{"rendered":"<p>Yleisimm\u00e4t Indikaattorit Tekniset indikaattorit voidaan jakaa yksinkertaisimmillaan kolmeen kategoriaan: Johtava indikaattori (leading indicator) Johtavat indikaattorit kertovat usein tulevien liikkeiden suunnan hyviss\u00e4 ajoin. N\u00e4m\u00e4 indikaattorit mittaavat liikkeen voimakkuutta (Momentum). Kaikista momentumindikaattoreista tunnetuin on RSI eli Relative Strenght Index, joka mittaa nimens\u00e4 mukaisesti trendin suhteellista voimaa. Laahaava indikaattori (lagging indicator) Laahaava indikaattori tarkastelee historiallisia hinnanmuutoksia ja toimii&hellip; <a class=\"more-link\" href=\"https:\/\/blogi.eoppimispalvelut.fi\/sijoitustoiminta\/tekninen-analyysi\/indikaattorit\/\">Continue reading <span class=\"screen-reader-text\">Indikaattorit<\/span><\/a><\/p>\n","protected":false},"author":6925,"featured_media":0,"parent":64,"menu_order":0,"comment_status":"closed","ping_status":"closed","template":"","meta":{"_et_pb_use_builder":"","_et_pb_old_content":"","_et_gb_content_width":"","footnotes":""},"class_list":["post-227","page","type-page","status-publish","hentry","entry"],"_links":{"self":[{"href":"https:\/\/blogi.eoppimispalvelut.fi\/sijoitustoiminta\/wp-json\/wp\/v2\/pages\/227","targetHints":{"allow":["GET"]}}],"collection":[{"href":"https:\/\/blogi.eoppimispalvelut.fi\/sijoitustoiminta\/wp-json\/wp\/v2\/pages"}],"about":[{"href":"https:\/\/blogi.eoppimispalvelut.fi\/sijoitustoiminta\/wp-json\/wp\/v2\/types\/page"}],"author":[{"embeddable":true,"href":"https:\/\/blogi.eoppimispalvelut.fi\/sijoitustoiminta\/wp-json\/wp\/v2\/users\/6925"}],"replies":[{"embeddable":true,"href":"https:\/\/blogi.eoppimispalvelut.fi\/sijoitustoiminta\/wp-json\/wp\/v2\/comments?post=227"}],"version-history":[{"count":19,"href":"https:\/\/blogi.eoppimispalvelut.fi\/sijoitustoiminta\/wp-json\/wp\/v2\/pages\/227\/revisions"}],"predecessor-version":[{"id":436,"href":"https:\/\/blogi.eoppimispalvelut.fi\/sijoitustoiminta\/wp-json\/wp\/v2\/pages\/227\/revisions\/436"}],"up":[{"embeddable":true,"href":"https:\/\/blogi.eoppimispalvelut.fi\/sijoitustoiminta\/wp-json\/wp\/v2\/pages\/64"}],"wp:attachment":[{"href":"https:\/\/blogi.eoppimispalvelut.fi\/sijoitustoiminta\/wp-json\/wp\/v2\/media?parent=227"}],"curies":[{"name":"wp","href":"https:\/\/api.w.org\/{rel}","templated":true}]}}