{"id":284,"date":"2021-04-29T05:28:58","date_gmt":"2021-04-29T02:28:58","guid":{"rendered":"https:\/\/blogi.eoppimispalvelut.fi\/sijoitustoiminta\/?page_id=284"},"modified":"2021-05-11T10:26:49","modified_gmt":"2021-05-11T07:26:49","slug":"284-2","status":"publish","type":"page","link":"https:\/\/blogi.eoppimispalvelut.fi\/sijoitustoiminta\/","title":{"rendered":"Etusivu"},"content":{"rendered":"<p>[et_pb_section fb_built=&#8221;1&#8243; admin_label=&#8221;Header&#8221; _builder_version=&#8221;4.4.3&#8243; use_background_color_gradient=&#8221;on&#8221; background_color_gradient_start=&#8221;rgba(0,19,46,0.6)&#8221; background_color_gradient_end=&#8221;rgba(0,19,46,0.6)&#8221; background_color_gradient_overlays_image=&#8221;on&#8221; background_image=&#8221;https:\/\/blogi.eoppimispalvelut.fi\/sijoitustoiminta\/files\/2021\/04\/financial-advisor-39.jpg&#8221; custom_padding=&#8221;8vw||8vw||true|false&#8221; locked=&#8221;off&#8221;][et_pb_row _builder_version=&#8221;4.8.2&#8243; width=&#8221;100%&#8221; custom_margin=&#8221;|110px||auto||&#8221;][et_pb_column type=&#8221;4_4&#8243; _builder_version=&#8221;4.4.3&#8243;][et_pb_text _builder_version=&#8221;4.8.2&#8243; header_font=&#8221;Darker Grotesque|900|||||||&#8221; header_font_size=&#8221;180px&#8221; header_line_height=&#8221;0.75em&#8221; text_orientation=&#8221;center&#8221; background_layout=&#8221;dark&#8221; width=&#8221;89.7%&#8221; min_height=&#8221;350px&#8221; custom_margin=&#8221;|-440px||-23px|false|false&#8221; custom_padding=&#8221;|168px||84px||&#8221; header_font_size_tablet=&#8221;10vw&#8221; header_font_size_phone=&#8221;10vw&#8221; header_font_size_last_edited=&#8221;on|phone&#8221; header_line_height_tablet=&#8221;&#8221; header_line_height_phone=&#8221;&#8221; header_line_height_last_edited=&#8221;on|desktop&#8221; locked=&#8221;off&#8221;]<\/p>\n<h1 style=\"text-align: center\">Sijoitus<\/h1>\n<h1 style=\"text-align: center\">toiminta<\/h1>\n<p>&nbsp;<\/p>\n<p>[\/et_pb_text][\/et_pb_column][\/et_pb_row][et_pb_row make_equal=&#8221;on&#8221; _builder_version=&#8221;4.4.3&#8243; custom_padding=&#8221;0px||0px||true|&#8221; locked=&#8221;off&#8221;][et_pb_column type=&#8221;4_4&#8243; _builder_version=&#8221;4.4.3&#8243; background_color=&#8221;#ddccb8&#8243; custom_padding=&#8221;30px|30px|30px|30px|true|true&#8221; custom_padding_tablet=&#8221;&#8221; custom_padding_phone=&#8221;|20px||20px|true|true&#8221; custom_padding_last_edited=&#8221;on|phone&#8221;][et_pb_image src=&#8221;https:\/\/blogi.eoppimispalvelut.fi\/sijoitustoiminta\/files\/2021\/04\/financial-advisor-icon-6-1.png&#8221; align=&#8221;center&#8221; _builder_version=&#8221;4.4.3&#8243; locked=&#8221;off&#8221;][\/et_pb_image][et_pb_text _builder_version=&#8221;4.4.3&#8243; text_font=&#8221;Darker Grotesque|600|||||||&#8221; text_text_color=&#8221;#283444&#8243; text_font_size=&#8221;18px&#8221; text_line_height=&#8221;1.4em&#8221; header_font=&#8221;Darker Grotesque|900|||||||&#8221; header_text_color=&#8221;#ddccb8&#8243; header_font_size=&#8221;36px&#8221; header_2_font=&#8221;Darker Grotesque|900|||||||&#8221; header_2_text_color=&#8221;#ddccb8&#8243; header_2_font_size=&#8221;36px&#8221; header_3_font=&#8221;Darker Grotesque|900|||||||&#8221; header_3_text_color=&#8221;#283444&#8243; header_3_font_size=&#8221;36px&#8221; header_4_font=&#8221;Darker Grotesque|900|||||||&#8221; header_4_text_color=&#8221;#ddccb8&#8243; header_4_font_size=&#8221;36px&#8221; header_5_font=&#8221;Darker Grotesque|900|||||||&#8221; header_5_text_color=&#8221;#ddccb8&#8243; header_5_font_size=&#8221;36px&#8221; header_6_font=&#8221;Darker Grotesque|900|||||||&#8221; header_6_text_color=&#8221;#ddccb8&#8243; header_6_font_size=&#8221;36px&#8221; text_orientation=&#8221;center&#8221; background_layout=&#8221;dark&#8221; max_width=&#8221;800px&#8221; module_alignment=&#8221;center&#8221; custom_padding=&#8221;||15px|||&#8221; header_font_size_tablet=&#8221;30px&#8221; header_font_size_phone=&#8221;24px&#8221; header_font_size_last_edited=&#8221;on|phone&#8221; header_2_font_size_tablet=&#8221;30px&#8221; header_2_font_size_phone=&#8221;24px&#8221; header_2_font_size_last_edited=&#8221;on|phone&#8221; header_3_font_size_tablet=&#8221;30px&#8221; header_3_font_size_phone=&#8221;24px&#8221; header_3_font_size_last_edited=&#8221;on|phone&#8221; header_4_font_size_tablet=&#8221;30px&#8221; header_4_font_size_phone=&#8221;24px&#8221; header_4_font_size_last_edited=&#8221;on|phone&#8221; header_5_font_size_tablet=&#8221;30px&#8221; header_5_font_size_phone=&#8221;24px&#8221; header_5_font_size_last_edited=&#8221;on|phone&#8221; header_6_font_size_tablet=&#8221;30px&#8221; header_6_font_size_phone=&#8221;24px&#8221; header_6_font_size_last_edited=&#8221;on|phone&#8221; locked=&#8221;off&#8221;]<\/p>\n<h3>Tervetuloa blogiimme<\/h3>\n<p>Heippa kaikille! Olemme toisen vuoden tradenomi opiskelijoita Rovaniemelt\u00e4 ja kirjoitamme t\u00e4nne blogiin yleisp\u00e4tev\u00e4\u00e4 tietoa sijoittamisesta, mit\u00e4 kaikkea se sis\u00e4lt\u00e4\u00e4 ja mit\u00e4 tulisi ottaa huomioon kun l\u00e4htee sijoittamisen maailmaan mukaan.<\/p>\n<p>[\/et_pb_text][\/et_pb_column][\/et_pb_row][\/et_pb_section][et_pb_section fb_built=&#8221;1&#8243; custom_padding_last_edited=&#8221;on|phone&#8221; admin_label=&#8221;Services&#8221; _builder_version=&#8221;4.4.3&#8243; background_image=&#8221;https:\/\/blogi.eoppimispalvelut.fi\/sijoitustoiminta\/files\/2021\/04\/financial-advisor-34.png&#8221; background_size=&#8221;initial&#8221; custom_padding=&#8221;||8vw||false|false&#8221; custom_padding_tablet=&#8221;0px||||false|false&#8221; custom_padding_phone=&#8221;&#8221;][et_pb_row _builder_version=&#8221;4.4.3&#8243;][et_pb_column type=&#8221;4_4&#8243; _builder_version=&#8221;4.4.3&#8243;][et_pb_text _builder_version=&#8221;4.4.3&#8243; header_2_font=&#8221;Darker Grotesque|900|||||||&#8221; header_2_font_size=&#8221;60px&#8221; text_orientation=&#8221;center&#8221; max_width=&#8221;700px&#8221; module_alignment=&#8221;center&#8221; header_2_font_size_tablet=&#8221;42px&#8221; header_2_font_size_phone=&#8221;30px&#8221; header_2_font_size_last_edited=&#8221;on|phone&#8221; locked=&#8221;off&#8221;]<\/p>\n<h2>Sijotustoiminnan sivut<\/h2>\n<p>[\/et_pb_text][\/et_pb_column][\/et_pb_row][et_pb_row column_structure=&#8221;1_3,1_3,1_3&#8243; _builder_version=&#8221;4.4.3&#8243;][et_pb_column type=&#8221;1_3&#8243; _builder_version=&#8221;4.4.3&#8243;][et_pb_image src=&#8221;https:\/\/blogi.eoppimispalvelut.fi\/sijoitustoiminta\/files\/2021\/04\/financial-advisor-icon-41x.png&#8221; _builder_version=&#8221;4.4.3&#8243;][\/et_pb_image][et_pb_text _builder_version=&#8221;4.8.2&#8243; _dynamic_attributes=&#8221;link_option_url&#8221; header_4_font=&#8221;Darker Grotesque|900|||||||&#8221; header_4_font_size=&#8221;22px&#8221; custom_margin=&#8221;||20px||false|false&#8221; custom_padding=&#8221;||10px||false|false&#8221; link_option_url=&#8221;@ET-DC@eyJkeW5hbWljIjp0cnVlLCJjb250ZW50IjoicG9zdF9saW5rX3VybF9wYWdlIiwic2V0dGluZ3MiOnsicG9zdF9pZCI6IjgifX0=@&#8221; border_width_bottom=&#8221;2px&#8221; locked=&#8221;off&#8221;]<\/p>\n<h4>\u00a0Sijoitustuotteet, &#8211; tuotot ja -riskit<\/h4>\n<p>[\/et_pb_text][et_pb_text _builder_version=&#8221;4.8.2&#8243; text_font=&#8221;Darker Grotesque|600|||||||&#8221; text_font_size=&#8221;18px&#8221; text_line_height=&#8221;1.4em&#8221; custom_padding=&#8221;||0px|||&#8221; locked=&#8221;off&#8221;]<\/p>\n<p>Sijoitustuotteet, &#8211; tuotot ja -riskit<\/p>\n<p>[\/et_pb_text][\/et_pb_column][et_pb_column type=&#8221;1_3&#8243; _builder_version=&#8221;4.4.3&#8243;][et_pb_image src=&#8221;https:\/\/blogi.eoppimispalvelut.fi\/sijoitustoiminta\/files\/2021\/04\/financial-advisor-icon-61x.png&#8221; _builder_version=&#8221;4.4.3&#8243; locked=&#8221;off&#8221;][\/et_pb_image][et_pb_text _builder_version=&#8221;4.8.2&#8243; _dynamic_attributes=&#8221;link_option_url&#8221; header_4_font=&#8221;Darker Grotesque|900|||||||&#8221; header_4_font_size=&#8221;22px&#8221; custom_margin=&#8221;||20px||false|false&#8221; custom_padding=&#8221;||10px||false|false&#8221; link_option_url=&#8221;@ET-DC@eyJkeW5hbWljIjp0cnVlLCJjb250ZW50IjoicG9zdF9saW5rX3VybF9wYWdlIiwic2V0dGluZ3MiOnsicG9zdF9pZCI6IjEyIn19@&#8221; border_width_bottom=&#8221;2px&#8221; locked=&#8221;off&#8221;]<\/p>\n<h4>Oman talouden hallinta<\/h4>\n<p>[\/et_pb_text][et_pb_text _builder_version=&#8221;4.8.2&#8243; text_font=&#8221;Darker Grotesque|600|||||||&#8221; text_font_size=&#8221;18px&#8221; text_line_height=&#8221;1.4em&#8221; custom_padding=&#8221;||0px|||&#8221; locked=&#8221;off&#8221;]<\/p>\n<p>Oman taloudenhallinnan ABC<\/p>\n<p>[\/et_pb_text][\/et_pb_column][et_pb_column type=&#8221;1_3&#8243; _builder_version=&#8221;4.4.3&#8243;][et_pb_image src=&#8221;https:\/\/blogi.eoppimispalvelut.fi\/sijoitustoiminta\/files\/2021\/04\/financial-advisor-icon-111x.png&#8221; title_text=&#8221;financial-advisor-icon-111x&#8221; _builder_version=&#8221;4.8.2&#8243; locked=&#8221;off&#8221;][\/et_pb_image][et_pb_text _builder_version=&#8221;4.8.2&#8243; _dynamic_attributes=&#8221;link_option_url&#8221; header_4_font=&#8221;Darker Grotesque|900|||||||&#8221; header_4_font_size=&#8221;22px&#8221; custom_margin=&#8221;||20px||false|false&#8221; custom_padding=&#8221;||10px||false|false&#8221; link_option_url=&#8221;@ET-DC@eyJkeW5hbWljIjp0cnVlLCJjb250ZW50IjoicG9zdF9saW5rX3VybF9wYWdlIiwic2V0dGluZ3MiOnsicG9zdF9pZCI6IjY0In19@&#8221; border_width_bottom=&#8221;2px&#8221; locked=&#8221;off&#8221;]<\/p>\n<h4>Tekninen analyysi<\/h4>\n<p>[\/et_pb_text][et_pb_text _builder_version=&#8221;4.8.2&#8243; text_font=&#8221;Darker Grotesque|600|||||||&#8221; text_font_size=&#8221;18px&#8221; text_line_height=&#8221;1.4em&#8221; custom_padding=&#8221;||0px|||&#8221; locked=&#8221;off&#8221;]<\/p>\n<p>Indikaattorit ja treidausstaregiat ja tekninen analyysi versus fundamentti analyysi<\/p>\n<p>[\/et_pb_text][\/et_pb_column][\/et_pb_row][et_pb_row column_structure=&#8221;1_3,1_3,1_3&#8243; _builder_version=&#8221;4.4.3&#8243;][et_pb_column type=&#8221;1_3&#8243; _builder_version=&#8221;4.4.3&#8243;][et_pb_image src=&#8221;https:\/\/blogi.eoppimispalvelut.fi\/sijoitustoiminta\/files\/2021\/04\/financial-advisor-icon-11x.png&#8221; _builder_version=&#8221;4.8.2&#8243;][\/et_pb_image][et_pb_text _builder_version=&#8221;4.8.2&#8243; _dynamic_attributes=&#8221;link_option_url&#8221; header_4_font=&#8221;Darker Grotesque|900|||||||&#8221; header_4_font_size=&#8221;22px&#8221; custom_margin=&#8221;||20px||false|false&#8221; custom_padding=&#8221;0px||10px||false|false&#8221; link_option_url=&#8221;@ET-DC@eyJkeW5hbWljIjp0cnVlLCJjb250ZW50IjoicG9zdF9saW5rX3VybF9wYWdlIiwic2V0dGluZ3MiOnsicG9zdF9pZCI6IjYxIn19@&#8221; border_width_bottom=&#8221;2px&#8221; locked=&#8221;off&#8221;]<\/p>\n<h4>Sijoittamisen psykologia<\/h4>\n<p>[\/et_pb_text][et_pb_text _builder_version=&#8221;4.8.2&#8243; text_font=&#8221;Darker Grotesque|600|||||||&#8221; text_font_size=&#8221;18px&#8221; text_line_height=&#8221;1.4em&#8221; custom_padding=&#8221;||7px|||&#8221; locked=&#8221;off&#8221;]<\/p>\n<p>psykologia sijoittamisen takana<\/p>\n<p>[\/et_pb_text][\/et_pb_column][et_pb_column type=&#8221;1_3&#8243; _builder_version=&#8221;4.4.3&#8243;][et_pb_image src=&#8221;https:\/\/blogi.eoppimispalvelut.fi\/sijoitustoiminta\/files\/2021\/04\/financial-advisor-icon-121x.png&#8221; title_text=&#8221;financial-advisor-icon-121x&#8221; _builder_version=&#8221;4.8.2&#8243; locked=&#8221;off&#8221;][\/et_pb_image][et_pb_text _builder_version=&#8221;4.8.2&#8243; _dynamic_attributes=&#8221;link_option_url&#8221; header_4_font=&#8221;Darker Grotesque|900|||||||&#8221; header_4_font_size=&#8221;22px&#8221; custom_margin=&#8221;||20px||false|false&#8221; custom_padding=&#8221;||10px||false|false&#8221; link_option_url=&#8221;@ET-DC@eyJkeW5hbWljIjp0cnVlLCJjb250ZW50IjoicG9zdF9saW5rX3VybF9wYWdlIiwic2V0dGluZ3MiOnsicG9zdF9pZCI6IjY2In19@&#8221; border_width_bottom=&#8221;2px&#8221; locked=&#8221;off&#8221;]<\/p>\n<h4>Sijoitustoiminnan s\u00e4\u00e4ntely<\/h4>\n<p>[\/et_pb_text][et_pb_text _builder_version=&#8221;4.8.2&#8243; text_font=&#8221;Darker Grotesque|600|||||||&#8221; text_font_size=&#8221;18px&#8221; text_line_height=&#8221;1.4em&#8221; custom_padding=&#8221;||0px|||&#8221; locked=&#8221;off&#8221;]<\/p>\n<p>S\u00e4\u00e4ntelyn alkeet, erityisesti sosiaalinen media<\/p>\n<p>[\/et_pb_text][\/et_pb_column][et_pb_column type=&#8221;1_3&#8243; _builder_version=&#8221;4.4.3&#8243;][et_pb_image src=&#8221;https:\/\/blogi.eoppimispalvelut.fi\/sijoitustoiminta\/files\/2021\/04\/financial-advisor-icon-21x.png&#8221; title_text=&#8221;financial-advisor-icon-21x&#8221; _builder_version=&#8221;4.8.2&#8243; locked=&#8221;off&#8221;][\/et_pb_image][et_pb_text _builder_version=&#8221;4.8.2&#8243; _dynamic_attributes=&#8221;link_option_url&#8221; header_4_font=&#8221;Darker Grotesque|900|||||||&#8221; header_4_font_size=&#8221;22px&#8221; custom_margin=&#8221;||20px||false|false&#8221; custom_padding=&#8221;||10px||false|false&#8221; link_option_url=&#8221;@ET-DC@eyJkeW5hbWljIjp0cnVlLCJjb250ZW50IjoicG9zdF9saW5rX3VybF9wYWdlIiwic2V0dGluZ3MiOnsicG9zdF9pZCI6IjU5In19@&#8221; border_width_bottom=&#8221;2px&#8221; locked=&#8221;off&#8221;]<\/p>\n<h4>\u00a0Vastuullinen sijoittaminen<\/h4>\n<p>[\/et_pb_text][et_pb_text _builder_version=&#8221;4.8.2&#8243; text_font=&#8221;Darker Grotesque|600|||||||&#8221; text_font_size=&#8221;18px&#8221; text_line_height=&#8221;1.4em&#8221; custom_padding=&#8221;||1px|||&#8221; locked=&#8221;off&#8221;]<\/p>\n<p>Vastuullisesta sijoittamisesta v\u00e4h\u00e4n<\/p>\n<p>[\/et_pb_text][\/et_pb_column][\/et_pb_row][et_pb_row column_structure=&#8221;1_5,1_5,1_5,1_5,1_5&#8243; _builder_version=&#8221;4.4.3&#8243;][et_pb_column type=&#8221;1_5&#8243; _builder_version=&#8221;4.4.3&#8243;][\/et_pb_column][et_pb_column type=&#8221;1_5&#8243; _builder_version=&#8221;4.4.3&#8243;][\/et_pb_column][et_pb_column type=&#8221;1_5&#8243; _builder_version=&#8221;4.4.3&#8243;][et_pb_image src=&#8221;https:\/\/blogi.eoppimispalvelut.fi\/sijoitustoiminta\/files\/2021\/04\/instagram.jpg&#8221; title_text=&#8221;instagram&#8221; url=&#8221;https:\/\/www.instagram.com\/studybusiness_inlapland\/&#8221; _builder_version=&#8221;4.8.2&#8243; _module_preset=&#8221;default&#8221;][\/et_pb_image][\/et_pb_column][et_pb_column type=&#8221;1_5&#8243; _builder_version=&#8221;4.4.3&#8243;][\/et_pb_column][et_pb_column type=&#8221;1_5&#8243; _builder_version=&#8221;4.4.3&#8243;][\/et_pb_column][\/et_pb_row][\/et_pb_section][et_pb_section fb_built=&#8221;1&#8243; admin_label=&#8221;Feature&#8221; _builder_version=&#8221;4.4.3&#8243; background_color=&#8221;#263142&#8243; locked=&#8221;off&#8221;][et_pb_row _builder_version=&#8221;4.4.3&#8243; width=&#8221;72.5%&#8221;][et_pb_column type=&#8221;4_4&#8243; _builder_version=&#8221;4.4.3&#8243;][et_pb_text _builder_version=&#8221;4.8.2&#8243; header_2_font=&#8221;Darker Grotesque|900|||||||&#8221; header_2_font_size=&#8221;60px&#8221; background_layout=&#8221;dark&#8221; header_2_font_size_tablet=&#8221;42px&#8221; header_2_font_size_phone=&#8221;30px&#8221; header_2_font_size_last_edited=&#8221;on|phone&#8221; locked=&#8221;off&#8221;]<\/p>\n<h2>Meid\u00e4n tavoitteenamme on auttaa teit\u00e4 p\u00e4\u00e4sem\u00e4\u00e4n sijoittamisen maailmaan kiinni<\/h2>\n<p>[\/et_pb_text][\/et_pb_column][\/et_pb_row][et_pb_row admin_label=&#8221;Row&#8221; _builder_version=&#8221;4.4.3&#8243; positioning=&#8221;absolute&#8221; position_origin_a=&#8221;center_center&#8221; position_origin_a_tablet=&#8221;&#8221; position_origin_a_phone=&#8221;&#8221; position_origin_a_last_edited=&#8221;on|phone&#8221; position_origin_f_tablet=&#8221;&#8221; position_origin_f_phone=&#8221;&#8221; position_origin_f_last_edited=&#8221;on|phone&#8221; position_origin_r_tablet=&#8221;&#8221; position_origin_r_phone=&#8221;&#8221; position_origin_r_last_edited=&#8221;on|phone&#8221; max_width=&#8221;none&#8221; positioning_tablet=&#8221;relative&#8221; positioning_phone=&#8221;&#8221; positioning_last_edited=&#8221;on|tablet&#8221;][et_pb_column type=&#8221;4_4&#8243; _builder_version=&#8221;4.4.3&#8243;][et_pb_text _builder_version=&#8221;4.4.3&#8243; text_font=&#8221;Darker Grotesque|900|||||||&#8221; text_text_color=&#8221;rgba(221,204,184,0.08)&#8221; text_font_size=&#8221;20vw&#8221; text_line_height=&#8221;0.8em&#8221; scroll_vertical_motion_enable=&#8221;on&#8221; scroll_vertical_motion=&#8221;0|50|50|100|2|0|-2&#8243; scroll_vertical_motion_tablet=&#8221;&#8221; scroll_vertical_motion_phone=&#8221;0|50|50|100|0|0|0&#8243; scroll_vertical_motion_last_edited=&#8221;on|phone&#8221;]<\/p>\n<p>Future<\/p>\n<p>[\/et_pb_text][et_pb_text _builder_version=&#8221;4.4.3&#8243; text_font=&#8221;Darker Grotesque|800|||||||&#8221; text_text_color=&#8221;#ddccb8&#8243; text_font_size=&#8221;22px&#8221; text_line_height=&#8221;1.4em&#8221; background_layout=&#8221;dark&#8221; max_width=&#8221;400px&#8221;]<\/p>\n<p>Uskaltakaa ottaa ensimm\u00e4isen askel ;)<\/p>\n<p>[\/et_pb_text][\/et_pb_column][\/et_pb_row][et_pb_row admin_label=&#8221;Row&#8221; _builder_version=&#8221;4.4.3&#8243; custom_margin=&#8221;||||false|false&#8221;][et_pb_column type=&#8221;4_4&#8243; _builder_version=&#8221;4.4.3&#8243;][et_pb_image src=&#8221;https:\/\/blogi.eoppimispalvelut.fi\/sijoitustoiminta\/files\/2021\/04\/Rectangle-1.png&#8221; _builder_version=&#8221;4.4.3&#8243; positioning=&#8221;absolute&#8221; position_origin_a=&#8221;bottom_left&#8221; vertical_offset=&#8221;-46px&#8221; horizontal_offset=&#8221;-76px&#8221; z_index=&#8221;10&#8243; scroll_rotating_enable=&#8221;on&#8221; scroll_rotating=&#8221;0|50|50|100|45\u00b0|0|-45\u00b0&#8221;][\/et_pb_image][\/et_pb_column][\/et_pb_row][\/et_pb_section][et_pb_section fb_built=&#8221;1&#8243; admin_label=&#8221;Footer&#8221; _builder_version=&#8221;4.4.3&#8243; background_enable_color=&#8221;off&#8221; use_background_color_gradient=&#8221;on&#8221; background_color_gradient_start=&#8221;rgba(249,243,232,0.85)&#8221; background_color_gradient_end=&#8221;rgba(249,243,232,0.9)&#8221; background_color_gradient_overlays_image=&#8221;on&#8221; background_image=&#8221;https:\/\/blogi.eoppimispalvelut.fi\/sijoitustoiminta\/files\/2021\/04\/financial-advisor-41.jpg&#8221; locked=&#8221;off&#8221;][et_pb_row column_structure=&#8221;1_4,1_4,1_2&#8243; _builder_version=&#8221;4.4.3&#8243; locked=&#8221;off&#8221;][et_pb_column type=&#8221;1_4&#8243; _builder_version=&#8221;4.4.3&#8243;][et_pb_image src=&#8221;https:\/\/blogi.eoppimispalvelut.fi\/sijoitustoiminta\/files\/2021\/04\/lapin-amk-kuva.png&#8221; title_text=&#8221;lapin amk kuva&#8221; _builder_version=&#8221;4.8.2&#8243;][\/et_pb_image][\/et_pb_column][et_pb_column type=&#8221;1_4&#8243; _builder_version=&#8221;4.4.3&#8243;][et_pb_text _builder_version=&#8221;4.4.3&#8243; text_font=&#8221;Darker Grotesque|600|||||||&#8221; text_font_size=&#8221;18px&#8221; text_line_height=&#8221;1.4em&#8221; header_4_font=&#8221;Darker Grotesque|900|||||||&#8221; header_4_font_size=&#8221;22px&#8221; header_4_line_height=&#8221;1.4em&#8221;]<\/p>\n<h4>Address<\/h4>\n<p>Jokiv\u00e4yl\u00e4 11 C<br \/>Rovaniemi, 96300<\/p>\n<p>[\/et_pb_text][\/et_pb_column][et_pb_column type=&#8221;1_2&#8243; _builder_version=&#8221;4.4.3&#8243; custom_padding=&#8221;|50px|||false|false&#8221; custom_padding_tablet=&#8221;|0px|||false|false&#8221; custom_padding_phone=&#8221;&#8221; custom_padding_last_edited=&#8221;on|tablet&#8221;][\/et_pb_column][\/et_pb_row][\/et_pb_section]<\/p>\n","protected":false},"excerpt":{"rendered":"<p>Sijoitus toiminta &nbsp; Tervetuloa blogiimme Heippa&#8230;<\/p>\n","protected":false},"author":4089,"featured_media":0,"parent":0,"menu_order":0,"comment_status":"closed","ping_status":"closed","template":"","meta":{"_et_pb_use_builder":"on","_et_pb_old_content":"","_et_gb_content_width":"","footnotes":""},"class_list":["post-284","page","type-page","status-publish","hentry","entry"],"_links":{"self":[{"href":"https:\/\/blogi.eoppimispalvelut.fi\/sijoitustoiminta\/wp-json\/wp\/v2\/pages\/284","targetHints":{"allow":["GET"]}}],"collection":[{"href":"https:\/\/blogi.eoppimispalvelut.fi\/sijoitustoiminta\/wp-json\/wp\/v2\/pages"}],"about":[{"href":"https:\/\/blogi.eoppimispalvelut.fi\/sijoitustoiminta\/wp-json\/wp\/v2\/types\/page"}],"author":[{"embeddable":true,"href":"https:\/\/blogi.eoppimispalvelut.fi\/sijoitustoiminta\/wp-json\/wp\/v2\/users\/4089"}],"replies":[{"embeddable":true,"href":"https:\/\/blogi.eoppimispalvelut.fi\/sijoitustoiminta\/wp-json\/wp\/v2\/comments?post=284"}],"version-history":[{"count":43,"href":"https:\/\/blogi.eoppimispalvelut.fi\/sijoitustoiminta\/wp-json\/wp\/v2\/pages\/284\/revisions"}],"predecessor-version":[{"id":495,"href":"https:\/\/blogi.eoppimispalvelut.fi\/sijoitustoiminta\/wp-json\/wp\/v2\/pages\/284\/revisions\/495"}],"wp:attachment":[{"href":"https:\/\/blogi.eoppimispalvelut.fi\/sijoitustoiminta\/wp-json\/wp\/v2\/media?parent=284"}],"curies":[{"name":"wp","href":"https:\/\/api.w.org\/{rel}","templated":true}]}}