{"id":61,"date":"2021-03-18T10:09:22","date_gmt":"2021-03-18T08:09:22","guid":{"rendered":"https:\/\/blogi.eoppimispalvelut.fi\/sijoitustoiminta\/?page_id=61"},"modified":"2021-04-30T00:44:59","modified_gmt":"2021-04-29T21:44:59","slug":"sijoittamisen-psykologia","status":"publish","type":"page","link":"https:\/\/blogi.eoppimispalvelut.fi\/sijoitustoiminta\/sijoittamisen-psykologia\/","title":{"rendered":"Sijoittamisen psykologia"},"content":{"rendered":"<p><img fetchpriority=\"high\" fetchpriority=\"high\" decoding=\"async\" class=\"wp-image-244 aligncenter\" src=\"https:\/\/blogi.eoppimispalvelut.fi\/sijoitustoiminta\/files\/2021\/04\/Road-Map-Email-Header.jpg\" alt=\"\" width=\"1251\" height=\"417\" \/><\/p>\n<p><span data-ccp-props=\"{&quot;335551550&quot;:6,&quot;335551620&quot;:6,&quot;335559740&quot;:360}\">\u00a0<\/span><\/p>\n<p><span data-contrast=\"auto\">Sijoittaminen on jonkin rahainstrumentin ostamista ja myymist\u00e4 voiton tekeminen mieless\u00e4. N\u00e4it\u00e4 instrumentteja ovat muun muassa osakkeet, kiinteist\u00f6t sek\u00e4 raaka-aineet(kulta). Sijoittamista on sek\u00e4 lyhyen ett\u00e4 pitk\u00e4n aikav\u00e4lin tuottoon pyrkivi\u00e4<\/span><span data-contrast=\"auto\">. Olipa sijoittaminen sitten mink\u00e4laista tahansa, n\u00e4yttelee psykologia sijoittamisessa isoa roolia.\u00a0<\/span><span data-contrast=\"auto\">Sijoittaminen on ennen kaikkea ankaraa p\u00e4\u00e4t\u00f6ksentekoa. On p\u00e4\u00e4tett\u00e4v\u00e4n\u00e4 muun muassa mit\u00e4 ja milloin ostaa ja koska ne\u00a0<\/span><span data-contrast=\"auto\">myy<\/span><span data-contrast=\"auto\">. On osattava pit\u00e4\u00e4 suunnitelmastaan kiinni samalla kuitenkin tilanteeseen mukautuen\u00a0<\/span><span data-contrast=\"auto\">\u2014<\/span><span data-contrast=\"auto\">\u00a0sijoittamisen psykologia ei ole helppoa.<\/span><span data-ccp-props=\"{&quot;335551550&quot;:6,&quot;335551620&quot;:6,&quot;335559685&quot;:1276,&quot;335559740&quot;:360}\">\u00a0<\/span><\/p>\n<p><span data-ccp-props=\"{&quot;335551550&quot;:6,&quot;335551620&quot;:6}\">\u00a0<\/span><\/p>\n<p><span data-contrast=\"auto\">Psykologialla on suuri merkitys sijoittamisessa. T\u00e4st\u00e4 kertoo se, ett\u00e4 vuonna 2002 taloustieteen\u00a0<\/span><span data-contrast=\"auto\">N<\/span><span data-contrast=\"auto\">obelin palkinnon\u00a0<\/span><span data-contrast=\"auto\">sai<\/span><span data-contrast=\"auto\">\u00a0psykologian professori Daniel\u00a0Kahneman.\u00a0 Psykologia vaikuttaa taloudessa<\/span><span data-contrast=\"auto\">\u00a0my\u00f6s<\/span><span data-contrast=\"auto\">, koska sijoittajat ovat ihmisi\u00e4. Ihmiset tekev\u00e4t sijoitusp\u00e4\u00e4t\u00f6ksi\u00e4 usein tunteiden perusteella eik\u00e4 fakto<\/span><span data-contrast=\"auto\">ihin pohjautuen<\/span><span data-contrast=\"auto\">\u00a0ja t\u00e4m\u00e4 vaikuttaa tulokseen negatiivisesti. Sijoittamisen psykologian ymm\u00e4rt\u00e4minen auttaa tiedostamaan sijoittajan p\u00e4\u00e4t\u00f6ksi\u00e4 ja v\u00e4ltt\u00e4m\u00e4\u00e4n sijoittamisessa yleisesti tapahtuvia ajatusvirheit\u00e4 sek\u00e4 parantamaan omaa p\u00e4\u00e4t\u00f6ksentekoa.<\/span><span data-contrast=\"auto\">\u00a0<\/span><span data-contrast=\"auto\">Seuraavana listattuna yleisimm\u00e4t sijoittamisen psykologian kompastuskivet<\/span><span data-contrast=\"auto\">. N\u00e4it\u00e4 v\u00e4ltt\u00e4m\u00e4ll\u00e4 sijoit<\/span><span data-contrast=\"auto\">tamisesi on todenn\u00e4k\u00f6isesti<\/span><span data-contrast=\"auto\">\u00a0<\/span><span data-contrast=\"auto\">tuottavampaa ja<\/span><span data-contrast=\"auto\">\u00a0v\u00e4ltyt suurimmilta ongelmilta. On toki muistettava, ett\u00e4 sijoittaminen<\/span><span data-contrast=\"auto\">\u00a0ei ole koskaan riskit\u00f6nt\u00e4.<\/span><span data-ccp-props=\"{&quot;335551550&quot;:6,&quot;335551620&quot;:6,&quot;335559685&quot;:1276,&quot;335559740&quot;:360}\">\u00a0<\/span><\/p>\n<p>&nbsp;<\/p>\n<p><img decoding=\"async\" class=\"wp-image-442 aligncenter\" src=\"https:\/\/blogi.eoppimispalvelut.fi\/sijoitustoiminta\/files\/2021\/04\/money-6163908_1280-600x406.png\" alt=\"\" width=\"708\" height=\"479\" srcset=\"https:\/\/blogi.eoppimispalvelut.fi\/sijoitustoiminta\/files\/2021\/04\/money-6163908_1280-600x406.png 600w, https:\/\/blogi.eoppimispalvelut.fi\/sijoitustoiminta\/files\/2021\/04\/money-6163908_1280-768x520.png 768w, https:\/\/blogi.eoppimispalvelut.fi\/sijoitustoiminta\/files\/2021\/04\/money-6163908_1280-1080x732.png 1080w, https:\/\/blogi.eoppimispalvelut.fi\/sijoitustoiminta\/files\/2021\/04\/money-6163908_1280.png 1280w\" sizes=\"(max-width: 708px) 100vw, 708px\" \/><\/p>\n<p>&nbsp;<\/p>\n<p>&nbsp;<\/p>\n<p><strong>Sijoittamisen psykologain vaaroja<\/strong><\/p>\n<p>&nbsp;<\/p>\n<p><span data-contrast=\"auto\">1.Liiallinen itsevarmuus<\/span><span data-ccp-props=\"{&quot;335551550&quot;:6,&quot;335551620&quot;:6,&quot;335559685&quot;:1276,&quot;335559740&quot;:360,&quot;335559991&quot;:1276}\">\u00a0<\/span><\/p>\n<p><span data-contrast=\"auto\">L<\/span><span data-contrast=\"auto\">iiallisessa itsevarmuudessa sijoittaja luottaa omiin sijoittajan kykyihins\u00e4 liikaa. Ongelmia<\/span><span data-contrast=\"auto\">,<\/span><span data-contrast=\"auto\">\u00a0jo<\/span><span data-contrast=\"auto\">it<\/span><span data-contrast=\"auto\">a liiallinen itsevarmuus aiheuttaa on<\/span><span data-contrast=\"auto\">\u00a0esimerkiksi<\/span><span data-contrast=\"auto\">\u00a0alihajauttaminen eli sijoittajan osakesalkussa on vain muutama osake. Jo<\/span><span data-contrast=\"auto\">s<\/span><span data-contrast=\"auto\">\u00a0salkku tuottaa tappiota ja siin\u00e4 on vain muutama osake<\/span><span data-contrast=\"auto\">,<\/span><span data-contrast=\"auto\">\u00a0sijo<\/span><span data-contrast=\"auto\">ittaja<\/span><span data-contrast=\"auto\">\u00a0tuottaa enemm\u00e4n tappiota kuin sijoittaja<\/span><span data-contrast=\"auto\">,<\/span><span data-contrast=\"auto\">\u00a0jonka salkussa on enemm\u00e4n osakkeita<\/span><span data-contrast=\"auto\">\u00a0suuremmalla hajautuksella<\/span><span data-contrast=\"auto\">. Liiallisesta itsevarmuudesta on vaikea p\u00e4\u00e4st\u00e4 eroon ja se vahvistaa muita ajatusvirheit\u00e4.<\/span><span data-ccp-props=\"{&quot;335551550&quot;:6,&quot;335551620&quot;:6,&quot;335559685&quot;:1276,&quot;335559740&quot;:360,&quot;335559991&quot;:1276}\"> (H\u00e4m\u00e4l\u00e4inen, 2020, 42-43).<\/span><\/p>\n<p><span data-ccp-props=\"{&quot;335551550&quot;:6,&quot;335551620&quot;:6,&quot;335559685&quot;:1276,&quot;335559740&quot;:360,&quot;335559991&quot;:1276}\">\u00a0<\/span><\/p>\n<p><span data-contrast=\"auto\">2.Ankkurointi<\/span><span data-ccp-props=\"{&quot;335551550&quot;:6,&quot;335551620&quot;:6,&quot;335559685&quot;:1276,&quot;335559740&quot;:360,&quot;335559991&quot;:1276}\">\u00a0<\/span><\/p>\n<p><span data-contrast=\"auto\">Ankkuroituminen tarkoittaa sijoittajan kaikkien p\u00e4\u00e4t\u00f6sten perustumista ensiksi kuultuun tai n\u00e4htyyn hintaan.\u00a0<\/span><span data-contrast=\"auto\">E<\/span><span data-contrast=\"auto\">simerkiksi sijoittaja vertaa\u00a0<\/span><span data-contrast=\"auto\">N<\/span><span data-contrast=\"auto\">okian 2000<\/span><span data-contrast=\"auto\">&#8211;<\/span><span data-contrast=\"auto\">luvun alun\u00a0<\/span><span data-contrast=\"auto\">kurssia nykykurssiin<\/span><span data-contrast=\"auto\">,<\/span><span data-contrast=\"auto\">\u00a0joka ei anna oikeaa tietoa yhti\u00f6n kannattavuudesta<\/span><span data-contrast=\"auto\">\u00a0ja t\u00e4m\u00e4nhetkisest\u00e4 arvosta<\/span><span data-contrast=\"auto\">. Ankkuroitumista voi\u00a0<\/span><span data-contrast=\"auto\">v\u00e4ltt\u00e4\u00e4<\/span><span data-contrast=\"auto\">\u00a0kun<\/span><span data-contrast=\"auto\">,<\/span><span data-contrast=\"auto\"> sijoittaja on valmis ottamaan vastaan uutta tietoa yhti\u00f6st\u00e4 ja mukautuu markkinoihin. (Salkunrakentaja, 2017).<\/span><span data-ccp-props=\"{&quot;335551550&quot;:6,&quot;335551620&quot;:6,&quot;335559685&quot;:1276,&quot;335559740&quot;:360}\">\u00a0<\/span><\/p>\n<p><span data-ccp-props=\"{&quot;335551550&quot;:6,&quot;335551620&quot;:6,&quot;335559685&quot;:1276,&quot;335559740&quot;:360}\">\u00a0<\/span><\/p>\n<p><span data-contrast=\"auto\">3.Laumak\u00e4yt\u00f6s<\/span><span data-ccp-props=\"{&quot;335551550&quot;:6,&quot;335551620&quot;:6,&quot;335559685&quot;:1276,&quot;335559740&quot;:360,&quot;335559991&quot;:1276}\">\u00a0<\/span><\/p>\n<p><span data-contrast=\"auto\">Laumak\u00e4yt\u00f6st\u00e4 tapahtuu\u00a0<\/span><span data-contrast=\"auto\">yleens\u00e4,<\/span><span data-contrast=\"auto\">\u00a0kun osake on l\u00e4hell\u00e4 kurssihuippua. Laumak\u00e4yt\u00f6ksess\u00e4 sijoitetaan\u00a0<\/span><i><span data-contrast=\"auto\">Bull<\/span><\/i><i><span data-contrast=\"auto\">&#8211;<\/span><\/i><i><span data-contrast=\"auto\">markkinoilla<\/span><\/i><span data-contrast=\"auto\">\u00a0(<\/span><span data-contrast=\"auto\">nousevat markkinat)<\/span><span data-contrast=\"auto\">\u00a0eli nousussa olevaan osakkeeseen koska muutkin ovat ostaneet osaketta. Laumak\u00e4yt\u00f6st\u00e4 voi v\u00e4ltt\u00e4\u00e4 analysoimalla sijoituskohde\u00a0<\/span><span data-contrast=\"auto\">ennen sijoitusp\u00e4\u00e4t\u00f6ksen tekoa<\/span><span data-contrast=\"auto\">.<\/span><span data-ccp-props=\"{&quot;335551550&quot;:6,&quot;335551620&quot;:6,&quot;335559685&quot;:1276,&quot;335559740&quot;:360}\"> (Tessin, 2020)<\/span><\/p>\n<p><span data-ccp-props=\"{&quot;335551550&quot;:6,&quot;335551620&quot;:6,&quot;335559685&quot;:1276,&quot;335559740&quot;:360}\">\u00a0<\/span><\/p>\n<p><span data-contrast=\"auto\">4.<\/span><span data-contrast=\"auto\">O<\/span><span data-contrast=\"auto\">sakkeeseen rakastuminen<\/span><span data-ccp-props=\"{&quot;335551550&quot;:6,&quot;335551620&quot;:6,&quot;335559685&quot;:1276,&quot;335559740&quot;:360,&quot;335559991&quot;:1276}\">\u00a0<\/span><\/p>\n<p><span data-contrast=\"auto\">Osakkeeseen rakastuminen tarkoittaa, ett\u00e4 sijoittaja etsii ja hyv\u00e4ksyy vain tietoja<\/span><span data-contrast=\"auto\">,<\/span><span data-contrast=\"auto\">\u00a0jotka sopivat h\u00e4nen\u00a0ajatusmaailmaan\u00a0yrityksest\u00e4. Osakkeeseen rakastumisessa sijoittajan on vaikea luopua\u00a0<\/span><span data-contrast=\"auto\">osakkeistaan,<\/span><span data-contrast=\"auto\">\u00a0vaikka faktat\u00a0<\/span><span data-contrast=\"auto\">kertovat<\/span><span data-contrast=\"auto\">\u00a0myynnin olevan j\u00e4rkevin vaihtoehto. Osakkeeseen rakastumista voi v\u00e4ltt\u00e4\u00e4 pohtimalla jatkuvasti onko osakep\u00e4\u00e4t\u00f6ksesi j\u00e4rkev\u00e4\u00a0<\/span><span data-contrast=\"auto\">faktoihin verrattaessa (Tessin, 2020).<\/span><\/p>\n<p><span data-ccp-props=\"{&quot;335551550&quot;:6,&quot;335551620&quot;:6,&quot;335559685&quot;:1276,&quot;335559740&quot;:360}\">\u00a0<\/span><\/p>\n<p><span data-contrast=\"auto\">5.Tappiokammo ja mentaalikirjanpito<\/span><span data-ccp-props=\"{&quot;335551550&quot;:6,&quot;335551620&quot;:6,&quot;335559685&quot;:1276,&quot;335559740&quot;:360,&quot;335559991&quot;:1276}\">\u00a0<\/span><\/p>\n<p><span data-contrast=\"auto\">Tappiokammossa sijoittajan on vaikea myyd\u00e4 tappiolla olevaa osaketta<\/span><span data-contrast=\"auto\">,<\/span><span data-contrast=\"auto\">\u00a0vaikka faktat\u00a0<\/span><span data-contrast=\"auto\">ja luvut\u00a0<\/span><span data-contrast=\"auto\">kertovat, ett\u00e4 osake ei ole nousemassa hetkeen. Sijoittajan on vaikea myyd\u00e4<\/span><span data-contrast=\"auto\">,<\/span><span data-contrast=\"auto\">\u00a0koska h\u00e4n ei halua tehd\u00e4 tappiollista tulosta.\u00a0<\/span><span data-contrast=\"auto\">S<\/span><span data-contrast=\"auto\">ijoittajan myynnin viiv\u00e4styminen lis\u00e4\u00e4 tappion m\u00e4\u00e4r\u00e4\u00e4 ja sijoittajan on entist\u00e4 vaikeampi myyd\u00e4 osakkeet. Tappiokammossa ja mentaalikirjanpidossa voitolla olevat osakkeet myyd\u00e4\u00e4n liian aikaisin ja t\u00e4m\u00e4 v\u00e4hent\u00e4\u00e4 mahdollisen voiton m\u00e4\u00e4r\u00e4\u00e4. Tappiokammoa voi lievent\u00e4\u00e4 tutkimalla ja tajuamalla, ett\u00e4 kyseinen osake on todenn\u00e4k\u00f6isesti pitk\u00e4\u00e4n jatkuvassa laskussa.<\/span><span data-ccp-props=\"{&quot;335551550&quot;:6,&quot;335551620&quot;:6,&quot;335559685&quot;:1276,&quot;335559740&quot;:360}\"> (h\u00e4m\u00e4l\u00e4inen, 2020, 42).<\/span><\/p>\n<p><span data-ccp-props=\"{&quot;335551550&quot;:6,&quot;335551620&quot;:6,&quot;335559685&quot;:1276,&quot;335559740&quot;:360}\">\u00a0<\/span><\/p>\n<p><span data-contrast=\"auto\">Sijoittamisesta on tehty nyky\u00e4\u00e4n<\/span><span data-contrast=\"auto\">\u00a0helppoa, jopa liiankin helppoa joidenkin mielest\u00e4.<\/span><span data-contrast=\"auto\">\u00a0Osto- ja myyntip\u00e4\u00e4t\u00f6kset<\/span><span data-contrast=\"auto\">\u00a0voi tehd\u00e4 nopeasti<\/span><span data-contrast=\"auto\">\u00a0ja kokematon sijoittaja voi tehd\u00e4 ne h\u00e4tik\u00f6iden.<\/span><span data-contrast=\"auto\">\u00a0Toki my\u00f6s tekninen an<\/span><span data-contrast=\"auto\">alyysi ja muu tarkasteleminen on helpompaa<\/span><span data-contrast=\"auto\">\u00a0ja apuna esimerkiksi p\u00e4iv\u00e4sijoittajille.<\/span><span data-contrast=\"auto\">\u00a0Sijoittamisen psykologia<\/span><span data-contrast=\"auto\">\u00a0<\/span><span data-contrast=\"auto\">on vaikea laji: se vaatii yksil\u00f6tason sijoittajalta kovaa mielt\u00e4<\/span><span data-contrast=\"auto\">\u00a0ja itsekuria.<\/span><span data-ccp-props=\"{&quot;335551550&quot;:6,&quot;335551620&quot;:6,&quot;335559685&quot;:1276,&quot;335559740&quot;:360}\">\u00a0<\/span><\/p>\n<p>&nbsp;<\/p>\n<p>L\u00e4hteet:<\/p>\n<p>Blomster, H. 5 sijoittajan ajatusvirhett\u00e4 ja sijoittamisen psykologian t\u00e4rkeys. https:\/\/www.salkunrakentaja.fi\/2017\/10\/5-sijoittajan-ajatusvirhetta-ja-sijoittamisen-psykologian-tarkeys\/<\/p>\n<p>&nbsp;<\/p>\n<p>Ahonen, N. Sijoittamisen psykologiasta ja sudenkuoppien v\u00e4ltt\u00e4misest\u00e4. https:\/\/tessin.com\/fi\/blogi\/sijoittamisen-psykologiasta-ja-sudenkuoppien-valttamisesta\/<\/p>\n<p>&nbsp;<\/p>\n<p>H\u00e4m\u00e4l\u00e4inen, K. Miinoja, loukkuja ja harhoja &#8211; n\u00e4in v\u00e4ist\u00e4t psykologiset ansat. https:\/\/moodle.eoppimispalvelut.fi\/pluginfile.php\/1010856\/mod_resource\/content\/1\/Miinoja%2C%20loukkoja%20ja%20harjoja%20H\u00e4m\u00e4l\u00e4inen%20Karo%20Arvopaperi.pdf<\/p>\n","protected":false},"excerpt":{"rendered":"<p>\u00a0 Sijoittaminen on jonkin rahainstrumentin ostamista ja myymist\u00e4 voiton tekeminen mieless\u00e4. N\u00e4it\u00e4 instrumentteja ovat muun muassa osakkeet, kiinteist\u00f6t sek\u00e4 raaka-aineet(kulta). Sijoittamista on sek\u00e4 lyhyen ett\u00e4 pitk\u00e4n aikav\u00e4lin tuottoon pyrkivi\u00e4. Olipa sijoittaminen sitten mink\u00e4laista tahansa, n\u00e4yttelee psykologia sijoittamisessa isoa roolia.\u00a0Sijoittaminen on ennen kaikkea ankaraa p\u00e4\u00e4t\u00f6ksentekoa. On p\u00e4\u00e4tett\u00e4v\u00e4n\u00e4 muun muassa mit\u00e4 ja milloin ostaa ja koska ne\u00a0myy.&hellip; <a class=\"more-link\" href=\"https:\/\/blogi.eoppimispalvelut.fi\/sijoitustoiminta\/sijoittamisen-psykologia\/\">Continue reading <span class=\"screen-reader-text\">Sijoittamisen psykologia<\/span><\/a><\/p>\n","protected":false},"author":5000,"featured_media":0,"parent":0,"menu_order":0,"comment_status":"closed","ping_status":"closed","template":"","meta":{"_et_pb_use_builder":"","_et_pb_old_content":"","_et_gb_content_width":"","footnotes":""},"class_list":["post-61","page","type-page","status-publish","hentry","entry"],"_links":{"self":[{"href":"https:\/\/blogi.eoppimispalvelut.fi\/sijoitustoiminta\/wp-json\/wp\/v2\/pages\/61","targetHints":{"allow":["GET"]}}],"collection":[{"href":"https:\/\/blogi.eoppimispalvelut.fi\/sijoitustoiminta\/wp-json\/wp\/v2\/pages"}],"about":[{"href":"https:\/\/blogi.eoppimispalvelut.fi\/sijoitustoiminta\/wp-json\/wp\/v2\/types\/page"}],"author":[{"embeddable":true,"href":"https:\/\/blogi.eoppimispalvelut.fi\/sijoitustoiminta\/wp-json\/wp\/v2\/users\/5000"}],"replies":[{"embeddable":true,"href":"https:\/\/blogi.eoppimispalvelut.fi\/sijoitustoiminta\/wp-json\/wp\/v2\/comments?post=61"}],"version-history":[{"count":12,"href":"https:\/\/blogi.eoppimispalvelut.fi\/sijoitustoiminta\/wp-json\/wp\/v2\/pages\/61\/revisions"}],"predecessor-version":[{"id":441,"href":"https:\/\/blogi.eoppimispalvelut.fi\/sijoitustoiminta\/wp-json\/wp\/v2\/pages\/61\/revisions\/441"}],"wp:attachment":[{"href":"https:\/\/blogi.eoppimispalvelut.fi\/sijoitustoiminta\/wp-json\/wp\/v2\/media?parent=61"}],"curies":[{"name":"wp","href":"https:\/\/api.w.org\/{rel}","templated":true}]}}