{"id":64,"date":"2021-03-18T10:09:53","date_gmt":"2021-03-18T08:09:53","guid":{"rendered":"https:\/\/blogi.eoppimispalvelut.fi\/sijoitustoiminta\/?page_id=64"},"modified":"2021-04-29T13:56:15","modified_gmt":"2021-04-29T10:56:15","slug":"tekninen-analyysi","status":"publish","type":"page","link":"https:\/\/blogi.eoppimispalvelut.fi\/sijoitustoiminta\/tekninen-analyysi\/","title":{"rendered":"Tekninen analyysi"},"content":{"rendered":"<h4 style=\"text-align: center\"><strong>Mik\u00e4 on tekninen analyysi?<\/strong><\/h4>\n<p style=\"text-align: center\">Tekninen analyysi lyhenteelt\u00e4 TA, k\u00e4ytet\u00e4\u00e4n sijoittamisessa, jolla yritet\u00e4\u00e4n analysoida tulevia hinnan liikkeit\u00e4 tutkimalla vanhoja kurssigraaffeja. Voidaan kutsua riskienhallintaty\u00f6kaluksi, jolla yritet\u00e4\u00e4n l\u00f6yt\u00e4\u00e4 hyvi\u00e4 osto\/myynti paikkoja. Tekninen analyysi ei ole yksin hyv\u00e4 sijoitus indikaattori, koska tieto ei ole koskaan 100% varmaa. Kuitenkin teknisen analyysin lis\u00e4\u00e4minen muihin fundamentti indikaattoreihin sek\u00e4 hyv\u00e4\u00e4n sijoitusstrategiaa, t\u00e4m\u00e4n my\u00f6t\u00e4 lis\u00e4\u00e4ntyy sijoituksessa onnistumisprosentti.<\/p>\n<p><img fetchpriority=\"high\" fetchpriority=\"high\" decoding=\"async\" class=\"size-medium wp-image-166 aligncenter\" src=\"https:\/\/blogi.eoppimispalvelut.fi\/sijoitustoiminta\/files\/2021\/04\/pexels-anna-nekrashevich-600x432.jpg\" alt=\"\" width=\"600\" height=\"432\" srcset=\"https:\/\/blogi.eoppimispalvelut.fi\/sijoitustoiminta\/files\/2021\/04\/pexels-anna-nekrashevich-600x432.jpg 600w, https:\/\/blogi.eoppimispalvelut.fi\/sijoitustoiminta\/files\/2021\/04\/pexels-anna-nekrashevich-1280x921.jpg 1280w, https:\/\/blogi.eoppimispalvelut.fi\/sijoitustoiminta\/files\/2021\/04\/pexels-anna-nekrashevich-768x553.jpg 768w, https:\/\/blogi.eoppimispalvelut.fi\/sijoitustoiminta\/files\/2021\/04\/pexels-anna-nekrashevich-1536x1106.jpg 1536w, https:\/\/blogi.eoppimispalvelut.fi\/sijoitustoiminta\/files\/2021\/04\/pexels-anna-nekrashevich-2048x1474.jpg 2048w\" sizes=\"(max-width: 600px) 100vw, 600px\" \/><\/p>\n<h4 style=\"text-align: center\"><strong>Teknisen analyysin hyv\u00e4t j<\/strong><strong>a huonot puolet<\/strong><\/h4>\n<p style=\"text-align: center\"><strong>+<\/strong>Trendien tunnistaminen, osakkeet voivat liikkua vain kolmella eri tavalla. Treidaaja pyrkii teknisen analyysin avulla tunnistamaan trendin suunnan (nouseva, laskeva, sivuttain menev\u00e4). Kun treidej\u00e4 ottaa trendin mukaiseen suuntaan, useammin on oikeassa kuin v\u00e4\u00e4r\u00e4ss\u00e4.<\/p>\n<p style=\"text-align: center\"><strong>+<\/strong>Historia toistaa itse\u00e4\u00e4n, hintaliikkeiden toistuva k\u00e4ytt\u00e4ytyminen johtuu markkinapsykologiasta. T\u00e4m\u00e4n takia niit\u00e4 on mahdollista ennakoida. Kun opitaan lukemaan ostajan ja myyj\u00e4n v\u00e4lisi\u00e4 psykologisia malleja, pystymme k\u00e4sittelem\u00e4\u00e4n ja tulkitsemaan kaikenlaisia kurssigraafeja.<\/p>\n<p style=\"text-align: center\"><strong>+<\/strong>Itse\u00e4\u00e4n toteuttava ennustus, kun miljoonat ihmiset tekev\u00e4t p\u00e4\u00e4t\u00f6ksi\u00e4 perustuen tekniseen analyysiin, indikaattoreiden ja teknisten kuvioiden luotettavuus ja toistuvuus vahvistuu. Talouden valtamediat puhuvat my\u00f6s laajasti k\u00e4sitteist\u00e4, sek\u00e4 teknist\u00e4 analyysi\u00e4 hy\u00f6dynt\u00e4\u00e4 sijoitusp\u00e4\u00e4t\u00f6ksiss\u00e4\u00e4n kasvava m\u00e4\u00e4r\u00e4 toimijoita.<\/p>\n<p style=\"text-align: center\"><strong>&#8211;<\/strong> Hyvin yksil\u00f6llist\u00e4, jokainen analyytikko k\u00e4ytt\u00e4\u00e4 eri indikaattoreita ja tulkitsee kuvaajia eri tavoin. My\u00f6s kun indikaattoreita on paljon, aina l\u00f6ytyy jokin, joka kumoaa toisen.<\/p>\n<p style=\"text-align: center\"><strong>&#8211;<\/strong>Toimii joissakin tapauksissa vain sen takia, ett\u00e4 on itse\u00e4\u00e4n toteuttava ennuste. Enemm\u00e4n taidetta kuin tiedett\u00e4, joten vaatii paljon harjoitusta. Ei koskaan johda 100 % varmoihin tuloksiin.<\/p>\n<p style=\"text-align: center\"><strong>&#8211;<\/strong>Tekniset signaalit tulevat my\u00f6h\u00e4ss\u00e4, jotta tekninen kuva olisi mahdollisimman selv\u00e4, trendin tulee olla ollut olemassa jo jonkin aikaa.<\/p>\n<h4 style=\"text-align: center\"><strong>L\u00e4hteet<\/strong><\/h4>\n<p style=\"text-align: center\"><a href=\"https:\/\/www.pexels.com\/fi-fi\/license\/\">Kuvat<\/a><\/p>\n<p style=\"text-align: center\">Lepikk\u00f6, J. 2021. Treidaa kuin ammattilainen. <a href=\"https:\/\/www.nordnet.fi\/download\/18.1a81c3d41755aa712d4869cf\/1607932723258\/Treidaa-kuin-ammattilainen-ekirja.pdf\">Treidaa kuin ammattilainen<\/a><\/p>\n","protected":false},"excerpt":{"rendered":"<p>Mik\u00e4 on tekninen analyysi? Tekninen analyysi lyhenteelt\u00e4 TA, k\u00e4ytet\u00e4\u00e4n sijoittamisessa, jolla yritet\u00e4\u00e4n analysoida tulevia hinnan liikkeit\u00e4 tutkimalla vanhoja kurssigraaffeja. Voidaan kutsua riskienhallintaty\u00f6kaluksi, jolla yritet\u00e4\u00e4n l\u00f6yt\u00e4\u00e4 hyvi\u00e4 osto\/myynti paikkoja. Tekninen analyysi ei ole yksin hyv\u00e4 sijoitus indikaattori, koska tieto ei ole koskaan 100% varmaa. Kuitenkin teknisen analyysin lis\u00e4\u00e4minen muihin fundamentti indikaattoreihin sek\u00e4 hyv\u00e4\u00e4n sijoitusstrategiaa, t\u00e4m\u00e4n my\u00f6t\u00e4&hellip; <a class=\"more-link\" href=\"https:\/\/blogi.eoppimispalvelut.fi\/sijoitustoiminta\/tekninen-analyysi\/\">Continue reading <span class=\"screen-reader-text\">Tekninen analyysi<\/span><\/a><\/p>\n","protected":false},"author":5000,"featured_media":0,"parent":0,"menu_order":0,"comment_status":"closed","ping_status":"closed","template":"","meta":{"_et_pb_use_builder":"","_et_pb_old_content":"","_et_gb_content_width":"","footnotes":""},"class_list":["post-64","page","type-page","status-publish","hentry","entry"],"_links":{"self":[{"href":"https:\/\/blogi.eoppimispalvelut.fi\/sijoitustoiminta\/wp-json\/wp\/v2\/pages\/64","targetHints":{"allow":["GET"]}}],"collection":[{"href":"https:\/\/blogi.eoppimispalvelut.fi\/sijoitustoiminta\/wp-json\/wp\/v2\/pages"}],"about":[{"href":"https:\/\/blogi.eoppimispalvelut.fi\/sijoitustoiminta\/wp-json\/wp\/v2\/types\/page"}],"author":[{"embeddable":true,"href":"https:\/\/blogi.eoppimispalvelut.fi\/sijoitustoiminta\/wp-json\/wp\/v2\/users\/5000"}],"replies":[{"embeddable":true,"href":"https:\/\/blogi.eoppimispalvelut.fi\/sijoitustoiminta\/wp-json\/wp\/v2\/comments?post=64"}],"version-history":[{"count":13,"href":"https:\/\/blogi.eoppimispalvelut.fi\/sijoitustoiminta\/wp-json\/wp\/v2\/pages\/64\/revisions"}],"predecessor-version":[{"id":417,"href":"https:\/\/blogi.eoppimispalvelut.fi\/sijoitustoiminta\/wp-json\/wp\/v2\/pages\/64\/revisions\/417"}],"wp:attachment":[{"href":"https:\/\/blogi.eoppimispalvelut.fi\/sijoitustoiminta\/wp-json\/wp\/v2\/media?parent=64"}],"curies":[{"name":"wp","href":"https:\/\/api.w.org\/{rel}","templated":true}]}}