{"id":66,"date":"2021-03-18T10:10:24","date_gmt":"2021-03-18T08:10:24","guid":{"rendered":"https:\/\/blogi.eoppimispalvelut.fi\/sijoitustoiminta\/?page_id=66"},"modified":"2021-04-29T22:01:06","modified_gmt":"2021-04-29T19:01:06","slug":"sijoitustoiminnan-saantely-ja-erityisesti-sosiaalinen-media","status":"publish","type":"page","link":"https:\/\/blogi.eoppimispalvelut.fi\/sijoitustoiminta\/sijoitustoiminnan-saantely-ja-erityisesti-sosiaalinen-media\/","title":{"rendered":"Sijoitustoiminnan s\u00e4\u00e4ntely ja erityisesti sosiaalinen media"},"content":{"rendered":"<h1>Vastaa kyselyyn <a href=\"https:\/\/forms.office.com\/Pages\/ResponsePage.aspx?id=b6ZgTI0KbkSawINqANhFQhhAPgIWfr5PnA8YhfVAgj9URTVOVUtYM1MwVDFKWk44SlM2QjFTRllVTi4u\"><em><span style=\"color: #ff0000\">t\u00e4st\u00e4<\/span><\/em><\/a><\/h1>\n<h1>Sijoituspalvelut<\/h1>\n<p><img fetchpriority=\"high\" fetchpriority=\"high\" decoding=\"async\" class=\"wp-image-251 alignright\" src=\"https:\/\/blogi.eoppimispalvelut.fi\/sijoitustoiminta\/files\/2021\/04\/coins-1523383_1920-600x400.jpg\" alt=\"\" width=\"476\" height=\"317\" srcset=\"https:\/\/blogi.eoppimispalvelut.fi\/sijoitustoiminta\/files\/2021\/04\/coins-1523383_1920-600x400.jpg 600w, https:\/\/blogi.eoppimispalvelut.fi\/sijoitustoiminta\/files\/2021\/04\/coins-1523383_1920-1280x853.jpg 1280w, https:\/\/blogi.eoppimispalvelut.fi\/sijoitustoiminta\/files\/2021\/04\/coins-1523383_1920-768x512.jpg 768w, https:\/\/blogi.eoppimispalvelut.fi\/sijoitustoiminta\/files\/2021\/04\/coins-1523383_1920-1536x1024.jpg 1536w, https:\/\/blogi.eoppimispalvelut.fi\/sijoitustoiminta\/files\/2021\/04\/coins-1523383_1920-420x280.jpg 420w, https:\/\/blogi.eoppimispalvelut.fi\/sijoitustoiminta\/files\/2021\/04\/coins-1523383_1920.jpg 1920w\" sizes=\"(max-width: 476px) 100vw, 476px\" \/><\/p>\n<ul>\n<li>Sijoitus palvelut ovat yleistyneet Suomessa ja yh\u00e4 useampi suomalainen on kiinnostunut sijoittamisesta<\/li>\n<li data-leveltext=\"-\" data-font=\"Calibri\" data-listid=\"2\" data-aria-posinset=\"1\" data-aria-level=\"1\"><span data-contrast=\"auto\">Sijoituspalvelui<\/span><span data-contrast=\"auto\">ta ovat mm. Sijoitusneuvonta, omaisuudenh<\/span><span data-contrast=\"auto\">oito <\/span><span data-contrast=\"auto\">sek\u00e4<\/span><span data-contrast=\"auto\">\u00a0rahoitusv\u00e4linei<\/span><span data-contrast=\"auto\">siin liittyv\u00e4t tapahtumat ja niiden<\/span><span data-contrast=\"auto\">\u00a0tarjoamista s\u00e4\u00e4ntelee Sijoituspalvelulaki (747\/2012)<\/span><span data-ccp-props=\"{&quot;134233279&quot;:true,&quot;201341983&quot;:0,&quot;335559739&quot;:160,&quot;335559740&quot;:259}\">\u00a0<\/span><\/li>\n<li data-leveltext=\"-\" data-font=\"Calibri\" data-listid=\"2\" data-aria-posinset=\"3\" data-aria-level=\"1\"><span data-contrast=\"auto\">Sijoituspalveluyritysten toiminta on Finanssivalvonnan seurannan alaista toimintaa.<\/span><span data-contrast=\"auto\">\u00a0<\/span><span data-ccp-props=\"{&quot;134233279&quot;:true,&quot;201341983&quot;:0,&quot;335559739&quot;:160,&quot;335559740&quot;:259}\">\u00a0<\/span><\/li>\n<li data-leveltext=\"-\" data-font=\"Calibri\" data-listid=\"2\" data-aria-posinset=\"4\" data-aria-level=\"1\"><span data-contrast=\"auto\">Sijoituspalveluyritysten tulee olla hyv\u00e4n tavan mukaisia sek\u00e4 noudattaa lains\u00e4\u00e4d\u00e4nt\u00f6\u00e4 ja kansainv\u00e4lisi\u00e4 vaatimuksia.<\/span><span data-ccp-props=\"{&quot;134233279&quot;:true,&quot;201341983&quot;:0,&quot;335559739&quot;:160,&quot;335559740&quot;:259}\">\u00a0<\/span><\/li>\n<\/ul>\n<h1>Lait ja asetukset<\/h1>\n<p><img decoding=\"async\" class=\"wp-image-249 alignleft\" src=\"https:\/\/blogi.eoppimispalvelut.fi\/sijoitustoiminta\/files\/2021\/04\/hammer-802301_1920-600x450.jpg\" alt=\"\" width=\"440\" height=\"330\" srcset=\"https:\/\/blogi.eoppimispalvelut.fi\/sijoitustoiminta\/files\/2021\/04\/hammer-802301_1920-600x450.jpg 600w, https:\/\/blogi.eoppimispalvelut.fi\/sijoitustoiminta\/files\/2021\/04\/hammer-802301_1920-1280x960.jpg 1280w, https:\/\/blogi.eoppimispalvelut.fi\/sijoitustoiminta\/files\/2021\/04\/hammer-802301_1920-768x576.jpg 768w, https:\/\/blogi.eoppimispalvelut.fi\/sijoitustoiminta\/files\/2021\/04\/hammer-802301_1920-1536x1152.jpg 1536w, https:\/\/blogi.eoppimispalvelut.fi\/sijoitustoiminta\/files\/2021\/04\/hammer-802301_1920.jpg 1920w\" sizes=\"(max-width: 440px) 100vw, 440px\" \/><\/p>\n<p>&nbsp;<\/p>\n<ul>\n<li><span data-contrast=\"auto\">Sijoituspalvelulaki (747\/2012)<\/span><\/li>\n<li>Lakia sovelletaan sijoituspalvelua tarjoavaa liiketoimintaa<\/li>\n<li><span data-contrast=\"auto\">Sijoituspalveluiden tarjoajalla t\u00e4ytyy olla toimilupa<\/span><span data-ccp-props=\"{&quot;134233279&quot;:true,&quot;201341983&quot;:0,&quot;335559739&quot;:160,&quot;335559740&quot;:259}\">\u00a0<\/span><\/li>\n<li>Toimiluvan my\u00f6nt\u00e4minen edellytt\u00e4\u00e4 monia kriteerej\u00e4, mutta t\u00e4rkeinp\u00e4n\u00e4 on luottamus<\/li>\n<\/ul>\n<p>&nbsp;<\/p>\n<h1><\/h1>\n<h1><\/h1>\n<h1><\/h1>\n<h1>Sosiaalinen media ja sijoitustoiminta<\/h1>\n<p><img decoding=\"async\" class=\" wp-image-252 alignright\" src=\"https:\/\/blogi.eoppimispalvelut.fi\/sijoitustoiminta\/files\/2021\/04\/mobile-phone-1917737_1920-600x400.jpg\" alt=\"\" width=\"498\" height=\"332\" srcset=\"https:\/\/blogi.eoppimispalvelut.fi\/sijoitustoiminta\/files\/2021\/04\/mobile-phone-1917737_1920-600x400.jpg 600w, https:\/\/blogi.eoppimispalvelut.fi\/sijoitustoiminta\/files\/2021\/04\/mobile-phone-1917737_1920-1280x853.jpg 1280w, https:\/\/blogi.eoppimispalvelut.fi\/sijoitustoiminta\/files\/2021\/04\/mobile-phone-1917737_1920-768x512.jpg 768w, https:\/\/blogi.eoppimispalvelut.fi\/sijoitustoiminta\/files\/2021\/04\/mobile-phone-1917737_1920-1536x1024.jpg 1536w, https:\/\/blogi.eoppimispalvelut.fi\/sijoitustoiminta\/files\/2021\/04\/mobile-phone-1917737_1920-420x280.jpg 420w, https:\/\/blogi.eoppimispalvelut.fi\/sijoitustoiminta\/files\/2021\/04\/mobile-phone-1917737_1920.jpg 1920w\" sizes=\"(max-width: 498px) 100vw, 498px\" \/><\/p>\n<ul>\n<li data-leveltext=\"-\" data-font=\"Calibri\" data-listid=\"3\" data-aria-posinset=\"1\" data-aria-level=\"1\"><span data-contrast=\"auto\">Sosiaallista<\/span><span data-contrast=\"auto\"> mediaa k\u00e4ytt\u00e4\u00e4 suurin osa suomalaisista, jo<\/span><span data-contrast=\"auto\">ten kaikkien postaukset levi\u00e4v\u00e4t laaja<\/span><span data-contrast=\"auto\">lle ja voivat saada suuren m\u00e4\u00e4r\u00e4n katselukertoja<\/span><\/li>\n<li data-leveltext=\"-\" data-font=\"Calibri\" data-listid=\"3\" data-aria-posinset=\"2\" data-aria-level=\"1\"><span data-contrast=\"auto\">Somen hyv\u00e4t ja huonot puolet on hyv\u00e4 ottaa huomioon, kun jakaa jotain tai lukee jonkun tarinoita<\/span><\/li>\n<li data-leveltext=\"-\" data-font=\"Calibri\" data-listid=\"3\" data-aria-posinset=\"4\" data-aria-level=\"1\"><span data-contrast=\"auto\">Identiteettin omaavia eli k\u00e4ytt\u00e4ji\u00e4 joilta l\u00f6ytyy kuva ja nimi on helpom<\/span><span data-contrast=\"auto\">pi uskoa kuin niin sanottuja haamuk\u00e4ytt\u00e4ji\u00e4, mutta siltikin jotkut tilit voivat olla huijauksia!!<\/span><\/li>\n<li data-leveltext=\"-\" data-font=\"Calibri\" data-listid=\"3\" data-aria-posinset=\"4\" data-aria-level=\"1\"><span data-contrast=\"auto\">Uskoakko<\/span><span data-contrast=\"auto\">\u00a0vai ei postauksiin\/vinkkeihin<\/span><span data-ccp-props=\"{&quot;134233279&quot;:true,&quot;201341983&quot;:0,&quot;335559739&quot;:160,&quot;335559740&quot;:259}\"> on kaikkien<br \/>\nomissa k\u00e4siss\u00e4, jokaisen t\u00e4ytyy olla hyvin kriittinen kaikkeen sosiaalisessa mediassa<\/span><\/li>\n<li data-leveltext=\"-\" data-font=\"Calibri\" data-listid=\"3\" data-aria-posinset=\"4\" data-aria-level=\"1\">Moni on tullut huijatuksi sosiaaliseesa mediassa ja menett\u00e4nyt rahaa esimerkiksi ep\u00e4luotettavien sijoitus vinkkien takia<\/li>\n<\/ul>\n<p>&nbsp;<\/p>\n<h3>L\u00e4hteet:<\/h3>\n<p>https:\/\/pixabay.com\/fi\/photos\/<\/p>\n<p>https:\/\/www.finlex.fi\/fi\/laki\/ajantasa\/2012\/20120747<\/p>\n","protected":false},"excerpt":{"rendered":"<p>Vastaa kyselyyn t\u00e4st\u00e4 Sijoituspalvelut Sijoitus palvelut ovat yleistyneet Suomessa ja yh\u00e4 useampi suomalainen on kiinnostunut sijoittamisesta Sijoituspalveluita ovat mm. Sijoitusneuvonta, omaisuudenhoito sek\u00e4\u00a0rahoitusv\u00e4lineisiin liittyv\u00e4t tapahtumat ja niiden\u00a0tarjoamista s\u00e4\u00e4ntelee Sijoituspalvelulaki (747\/2012)\u00a0 Sijoituspalveluyritysten toiminta on Finanssivalvonnan seurannan alaista toimintaa.\u00a0\u00a0 Sijoituspalveluyritysten tulee olla hyv\u00e4n tavan mukaisia sek\u00e4 noudattaa lains\u00e4\u00e4d\u00e4nt\u00f6\u00e4 ja kansainv\u00e4lisi\u00e4 vaatimuksia.\u00a0 Lait ja asetukset &nbsp; Sijoituspalvelulaki (747\/2012) Lakia&hellip; <a class=\"more-link\" href=\"https:\/\/blogi.eoppimispalvelut.fi\/sijoitustoiminta\/sijoitustoiminnan-saantely-ja-erityisesti-sosiaalinen-media\/\">Continue reading <span class=\"screen-reader-text\">Sijoitustoiminnan s\u00e4\u00e4ntely ja erityisesti sosiaalinen media<\/span><\/a><\/p>\n","protected":false},"author":5000,"featured_media":0,"parent":0,"menu_order":0,"comment_status":"closed","ping_status":"closed","template":"","meta":{"_et_pb_use_builder":"","_et_pb_old_content":"","_et_gb_content_width":"","footnotes":""},"class_list":["post-66","page","type-page","status-publish","hentry","entry"],"_links":{"self":[{"href":"https:\/\/blogi.eoppimispalvelut.fi\/sijoitustoiminta\/wp-json\/wp\/v2\/pages\/66","targetHints":{"allow":["GET"]}}],"collection":[{"href":"https:\/\/blogi.eoppimispalvelut.fi\/sijoitustoiminta\/wp-json\/wp\/v2\/pages"}],"about":[{"href":"https:\/\/blogi.eoppimispalvelut.fi\/sijoitustoiminta\/wp-json\/wp\/v2\/types\/page"}],"author":[{"embeddable":true,"href":"https:\/\/blogi.eoppimispalvelut.fi\/sijoitustoiminta\/wp-json\/wp\/v2\/users\/5000"}],"replies":[{"embeddable":true,"href":"https:\/\/blogi.eoppimispalvelut.fi\/sijoitustoiminta\/wp-json\/wp\/v2\/comments?post=66"}],"version-history":[{"count":7,"href":"https:\/\/blogi.eoppimispalvelut.fi\/sijoitustoiminta\/wp-json\/wp\/v2\/pages\/66\/revisions"}],"predecessor-version":[{"id":250,"href":"https:\/\/blogi.eoppimispalvelut.fi\/sijoitustoiminta\/wp-json\/wp\/v2\/pages\/66\/revisions\/250"}],"wp:attachment":[{"href":"https:\/\/blogi.eoppimispalvelut.fi\/sijoitustoiminta\/wp-json\/wp\/v2\/media?parent=66"}],"curies":[{"name":"wp","href":"https:\/\/api.w.org\/{rel}","templated":true}]}}