{"id":12,"date":"2022-09-03T12:42:45","date_gmt":"2022-09-03T09:42:45","guid":{"rendered":"https:\/\/blogi.eoppimispalvelut.fi\/siltaamk\/?page_id=12"},"modified":"2023-06-05T14:58:20","modified_gmt":"2023-06-05T11:58:20","slug":"2-1-eettinen-ammatillinen-toimija","status":"publish","type":"page","link":"https:\/\/blogi.eoppimispalvelut.fi\/siltaamk\/2-1-eettinen-ammatillinen-toimija\/","title":{"rendered":"2.1 Eettinen ammatillinen toimija"},"content":{"rendered":"<p>[et_pb_section fb_built=&#8221;1&#8243; custom_padding_last_edited=&#8221;on|desktop&#8221; admin_label=&#8221;Header&#8221; _builder_version=&#8221;4.16&#8243; use_background_color_gradient=&#8221;on&#8221; background_color_gradient_stops=&#8221;rgba(255,255,255,0.8) 0%|rgba(255,255,255,0.24) 80%&#8221; background_color_gradient_overlays_image=&#8221;on&#8221; background_color_gradient_start=&#8221;rgba(255,255,255,0.8)&#8221; background_color_gradient_end=&#8221;rgba(255,255,255,0.24)&#8221; background_color_gradient_end_position=&#8221;80%&#8221; background_image=&#8221;https:\/\/blogi.eoppimispalvelut.fi\/siltaamk\/files\/2022\/09\/language-school-illustration-12.png&#8221; background_size=&#8221;contain&#8221; background_position=&#8221;top_right&#8221; custom_padding=&#8221;110px||||false|false&#8221; custom_padding_tablet=&#8221;140px|0px|50px|0px|false|false&#8221; custom_padding_phone=&#8221;120px|||&#8221; global_colors_info=&#8221;{}&#8221;][et_pb_row column_structure=&#8221;1_2,1_2&#8243; _builder_version=&#8221;4.16&#8243; max_width=&#8221;1280px&#8221; use_custom_width=&#8221;on&#8221; custom_width_px=&#8221;1280px&#8221; global_colors_info=&#8221;{}&#8221;][et_pb_column type=&#8221;1_2&#8243; _builder_version=&#8221;4.16&#8243; custom_padding=&#8221;|||&#8221; global_colors_info=&#8221;{}&#8221; custom_padding__hover=&#8221;|||&#8221;][et_pb_text _builder_version=&#8221;4.20.4&#8243; text_font=&#8221;||||||||&#8221; text_font_size=&#8221;18px&#8221; text_line_height=&#8221;2em&#8221; header_font=&#8221;EB Garamond||||||||&#8221; header_font_size=&#8221;60px&#8221; header_line_height=&#8221;1.3em&#8221; max_width=&#8221;600px&#8221; text_font_size_tablet=&#8221;&#8221; text_font_size_phone=&#8221;15px&#8221; text_font_size_last_edited=&#8221;on|phone&#8221; text_line_height_tablet=&#8221;&#8221; text_line_height_phone=&#8221;1.6em&#8221; text_line_height_last_edited=&#8221;on|phone&#8221; header_font_size_tablet=&#8221;50px&#8221; header_font_size_phone=&#8221;32px&#8221; header_font_size_last_edited=&#8221;on|phone&#8221; global_colors_info=&#8221;{}&#8221;]<\/p>\n<h1><span style=\"color: #000000\">2.1 Eettinen ammattilainen<\/span><\/h1>\n<p><span style=\"font-weight: 400;color: #000000\">Ty\u00f6el\u00e4m\u00e4ss\u00e4 tarvitaan eettist\u00e4 osaamista. Siksi sit\u00e4 opiskellaan ammattikorkeakoulun kaikilla koulutusaloilla.<\/span><\/p>\n<p><span style=\"color: #000000\"><span style=\"font-weight: 400\">Eettisyys tarkoittaa sit\u00e4, ett\u00e4 otat vastuuta omasta ty\u00f6st\u00e4si. Se tarkoittaa, ett\u00e4 <\/span><\/span><\/p>\n<ul>\n<li><span style=\"color: #000000\"><span style=\"font-weight: 400\">teet ty\u00f6si mahdollisimman hyvin<\/span><\/span><\/li>\n<li><span style=\"color: #000000\"><span style=\"font-weight: 400\">noudatat oman ammattialasi s\u00e4\u00e4nt\u00f6j\u00e4 ja ohjeistuksia <\/span><\/span><\/li>\n<li><span style=\"color: #000000\"><span style=\"font-weight: 400\">osaat tunnistaa<\/span><span style=\"font-weight: 400\"> eettisi\u00e4 tilanteita ja ristiriitoja ty\u00f6el\u00e4m\u00e4ss\u00e4. <\/span><\/span><\/li>\n<\/ul>\n<p><span style=\"color: #000000\"><span style=\"font-weight: 400\">Valintakokeissa kaikilta opiskelijoilta testataan, miten he tunnistavat erilaisia eettisi\u00e4 tilanteita<\/span>. Siksi eettist\u00e4 pohdintaa kannattaa harjoitella etuk\u00e4teen.\u00a0<\/span><b><br \/><\/b><\/p>\n<p><span style=\"color: #000000\">Harjoittele eettist\u00e4 pohdintaa, ja tee seuraavat teht\u00e4v\u00e4t.<\/span><\/p>\n<p>[\/et_pb_text][\/et_pb_column][et_pb_column type=&#8221;1_2&#8243; _builder_version=&#8221;4.16&#8243; custom_padding=&#8221;|||&#8221; global_colors_info=&#8221;{}&#8221; custom_padding__hover=&#8221;|||&#8221;][\/et_pb_column][\/et_pb_row][et_pb_row _builder_version=&#8221;4.18.0&#8243; custom_width_px=&#8221;1280px&#8221; global_colors_info=&#8221;{}&#8221;][et_pb_column type=&#8221;4_4&#8243; _builder_version=&#8221;4.16&#8243; custom_padding=&#8221;100px|||&#8221; custom_padding_tablet=&#8221;0px|||&#8221; custom_padding_phone=&#8221;0px|||&#8221; custom_padding_last_edited=&#8221;on|tablet&#8221; global_colors_info=&#8221;{}&#8221; padding_tablet=&#8221;0px|||&#8221; padding_last_edited=&#8221;on|tablet&#8221; custom_padding__hover=&#8221;|||&#8221; padding_phone=&#8221;0px|||&#8221;][et_pb_text _builder_version=&#8221;4.18.0&#8243; text_font=&#8221;EB Garamond|700|||||||&#8221; text_text_color=&#8221;rgba(0,0,0,0.02)&#8221; text_font_size=&#8221;80px&#8221; text_line_height=&#8221;0em&#8221; header_2_font=&#8221;EB Garamond||||||||&#8221; header_2_font_size=&#8221;50px&#8221; header_2_line_height=&#8221;1.3em&#8221; text_orientation=&#8221;center&#8221; text_font_size_tablet=&#8221;50px&#8221; text_font_size_phone=&#8221;30px&#8221; text_font_size_last_edited=&#8221;on|desktop&#8221; header_2_font_size_tablet=&#8221;40px&#8221; header_2_font_size_phone=&#8221;30px&#8221; header_2_font_size_last_edited=&#8221;on|phone&#8221; global_colors_info=&#8221;{}&#8221;]<\/p>\n<p>TEHT\u00c4V\u00c4T<\/p>\n<h2>Teht\u00e4v\u00e4t<\/h2>\n<p>[\/et_pb_text][et_pb_text _builder_version=&#8221;4.20.4&#8243; text_font=&#8221;||||||||&#8221; text_font_size=&#8221;15px&#8221; text_line_height=&#8221;2em&#8221; ul_font=&#8221;||||||||&#8221; ol_font=&#8221;||||||||&#8221; header_font=&#8221;||||||||&#8221; header_2_font=&#8221;EB Garamond||||||||&#8221; header_2_font_size=&#8221;50px&#8221; header_2_line_height=&#8221;1.3em&#8221; header_3_font=&#8221;||||||||&#8221; header_4_font=&#8221;|700||on|||||&#8221; header_4_text_color=&#8221;#ffdaa4&#8243; header_4_font_size=&#8221;12px&#8221; header_4_letter_spacing=&#8221;2px&#8221; header_4_line_height=&#8221;2em&#8221; header_5_font=&#8221;||||||||&#8221; header_6_font=&#8221;||||||||&#8221; text_line_height_tablet=&#8221;&#8221; text_line_height_phone=&#8221;1.6em&#8221; text_line_height_last_edited=&#8221;on|phone&#8221; header_2_font_size_tablet=&#8221;40px&#8221; header_2_font_size_phone=&#8221;30px&#8221; header_2_font_size_last_edited=&#8221;on|phone&#8221; locked=&#8221;off&#8221; global_colors_info=&#8221;{}&#8221;]<\/p>\n<p><span style=\"color: #000000\"><span style=\"font-weight: 400\">Kun valmistaudut valintakokeisiin mieti, <\/span><span style=\"font-weight: 400\">mit\u00e4 tied\u00e4t<\/span> valitsemasi <span style=\"font-weight: 400\">alan eettisist\u00e4 perusteista. Mieti, mihin tietosi perustuu.<br \/><\/span><\/span><\/p>\n<p><span style=\"font-weight: 400;color: #000000\">Valintakokeessa testataan, miten hyvin tunnistat eettisi\u00e4 tilanteita. Valintakokeessa voi olla teht\u00e4v\u00e4, jossa sinun t\u00e4ytyy mietti\u00e4 jotain tilannetta. Sinun t\u00e4ytyy osoittaa vastauksessasi, ett\u00e4 <\/span><span style=\"font-weight: 400;color: #000000\">osaat analysoida tilannetta eettisest\u00e4 n\u00e4k\u00f6kulmasta.<\/span><\/p>\n<p><span style=\"font-weight: 400;color: #000000\"><\/span><\/p>\n<h3><span style=\"font-weight: 400;color: #000000\">N\u00e4in analysoit eettist\u00e4 tilannetta<\/span><\/h3>\n<ul>\n<li><span style=\"font-weight: 400;color: #000000\">Kerro, mist\u00e4 tilanteessa on kysymys. <\/span><\/li>\n<li><span style=\"font-weight: 400;color: #000000\">Mieti, mill\u00e4 eri tavoilla tilanne voidaan mielest\u00e4si eettisesti ratkaista.<br \/><\/span><\/li>\n<li><span style=\"font-weight: 400;color: #000000\">Lopuksi kirjoita ratkaisusi tilanteeseen ja perustele vastauksesi.<\/span><\/li>\n<\/ul>\n<p><span style=\"font-weight: 400;color: #000000\">Eettist\u00e4 analysointia kannattaa harjoitella etuk\u00e4teen. Tee seuraavaksi kaksi teht\u00e4v\u00e4\u00e4.<\/span><\/p>\n<p>[\/et_pb_text][\/et_pb_column][\/et_pb_row][et_pb_row column_structure=&#8221;1_2,1_2&#8243; _builder_version=&#8221;4.16&#8243; locked=&#8221;off&#8221; global_colors_info=&#8221;{}&#8221;][et_pb_column type=&#8221;1_2&#8243; _builder_version=&#8221;4.16&#8243; custom_padding=&#8221;|||&#8221; global_colors_info=&#8221;{}&#8221; custom_padding__hover=&#8221;|||&#8221;][et_pb_blurb title=&#8221;Teht\u00e4v\u00e4 1.&#8221; url_new_window=&#8221;on&#8221; image=&#8221;https:\/\/blogi.eoppimispalvelut.fi\/siltaamk\/files\/2022\/09\/language-school-illustration-20.png&#8221; icon_placement=&#8221;left&#8221; image_icon_width=&#8221;100px&#8221; content_max_width=&#8221;1100px&#8221; image_icon_width_tablet=&#8221;100px&#8221; image_icon_width_phone=&#8221;50px&#8221; image_icon_width_last_edited=&#8221;on|phone&#8221; _builder_version=&#8221;4.20.4&#8243; header_font=&#8221;|600|||||||&#8221; header_font_size=&#8221;18px&#8221; header_line_height=&#8221;1.6em&#8221; body_font=&#8221;||||||||&#8221; body_font_size=&#8221;15px&#8221; body_line_height=&#8221;2em&#8221; animation_style=&#8221;fold&#8221; animation_direction=&#8221;left&#8221; animation_intensity_fold=&#8221;10%&#8221; animation=&#8221;off&#8221; link_option_url=&#8221;http:\/\/www.kolumbus.fi\/juha.seppanen\/js\/ue\/eetpoh.htm&#8221; link_option_url_new_window=&#8221;on&#8221; header_font_size_tablet=&#8221;&#8221; header_font_size_phone=&#8221;15px&#8221; header_font_size_last_edited=&#8221;on|phone&#8221; body_line_height_tablet=&#8221;&#8221; body_line_height_phone=&#8221;1.6em&#8221; body_line_height_last_edited=&#8221;on|phone&#8221; image_max_width=&#8221;100px&#8221; image_max_width_tablet=&#8221;&#8221; image_max_width_phone=&#8221;50px&#8221; image_max_width_last_edited=&#8221;on|phone&#8221; global_colors_info=&#8221;{}&#8221;]<\/p>\n<p><span style=\"font-weight: 400; color: #000000;\">Kirjoita paperille jokin kokemasi ty\u00f6el\u00e4m\u00e4n tapaus tai arjen tilanne, jossa et ollut varma, mik\u00e4 oli oikea tapa toimia. Vastaa sen j\u00e4lkeen seuraaviin kysymyksiin:\u00a0<\/span><\/p>\n<ul>\n<li style=\"font-weight: 400;\"><span style=\"font-weight: 400; color: #000000;\">Mitk\u00e4 asiat tilanteessa aiheuttivat sinulle ongelman? Miksi?\u00a0<\/span><\/li>\n<li style=\"font-weight: 400;\"><span style=\"font-weight: 400; color: #000000;\">Millaisia erilaisia ratkaisuvaihtoehtoja tilanteessa oli?\u00a0<\/span><\/li>\n<li style=\"font-weight: 400;\"><span style=\"font-weight: 400; color: #000000;\">Miten toimit tilanteessa?<\/span><\/li>\n<li style=\"font-weight: 400;\"><span style=\"color: #000000;\"><span style=\"font-weight: 400;\">Perustele, miksi tapasi toimia oli eettisesti j\u00e4rkev\u00e4.<\/span><span style=\"font-weight: 400;\"><\/span><\/span><\/li>\n<li style=\"font-weight: 400;\"><span style=\"font-weight: 400; color: #000000;\">Oliko tilanne mielest\u00e4si eettinen tilanne?<\/span><\/li>\n<\/ul>\n<p><span style=\"text-decoration: underline;\"><strong><a href=\"https:\/\/www.oph.fi\/fi\/koulutus-ja-tutkinnot\/etiikka-lukion-filosofiassa\" target=\"_blank\" rel=\"noopener\">Tutustu my\u00f6s lukion filosofian etiikan teksteihin ja teht\u00e4viin opetushallituksen sivuilla.<\/a><\/strong><\/span><\/p>\n<p>[\/et_pb_blurb][\/et_pb_column][et_pb_column type=&#8221;1_2&#8243; _builder_version=&#8221;4.16&#8243; custom_padding=&#8221;|||&#8221; global_colors_info=&#8221;{}&#8221; custom_padding__hover=&#8221;|||&#8221;][et_pb_blurb title=&#8221;Teht\u00e4v\u00e4 2.&#8221; image=&#8221;https:\/\/blogi.eoppimispalvelut.fi\/siltaamk\/files\/2022\/09\/language-school-illustration-20.png&#8221; icon_placement=&#8221;left&#8221; image_icon_width=&#8221;100px&#8221; content_max_width=&#8221;1100px&#8221; image_icon_width_tablet=&#8221;100px&#8221; image_icon_width_phone=&#8221;50px&#8221; image_icon_width_last_edited=&#8221;on|phone&#8221; _builder_version=&#8221;4.20.4&#8243; header_font=&#8221;|600|||||||&#8221; header_font_size=&#8221;18px&#8221; header_line_height=&#8221;1.6em&#8221; body_font=&#8221;||||||||&#8221; body_font_size=&#8221;15px&#8221; body_line_height=&#8221;2em&#8221; custom_padding=&#8221;||0px|||&#8221; animation_style=&#8221;fold&#8221; animation_direction=&#8221;left&#8221; animation_intensity_fold=&#8221;10%&#8221; animation=&#8221;off&#8221; header_font_size_tablet=&#8221;&#8221; header_font_size_phone=&#8221;15px&#8221; header_font_size_last_edited=&#8221;on|phone&#8221; body_line_height_tablet=&#8221;&#8221; body_line_height_phone=&#8221;1.6em&#8221; body_line_height_last_edited=&#8221;on|phone&#8221; image_max_width=&#8221;100px&#8221; image_max_width_tablet=&#8221;&#8221; image_max_width_phone=&#8221;50px&#8221; image_max_width_last_edited=&#8221;on|phone&#8221; locked=&#8221;off&#8221; global_colors_info=&#8221;{}&#8221;]<\/p>\n<p><span style=\"font-weight: 400; color: #000000;\">Mieti, onko jokin seuraavista tilanteista eettinen:<\/span><\/p>\n<ul>\n<li style=\"font-weight: 400;\"><span style=\"font-weight: 400; color: #000000;\">\u00c4iti kaataa alaik\u00e4isen tytt\u00e4rens\u00e4 viinit viem\u00e4riin. H\u00e4n ei kerro siit\u00e4 tytt\u00e4relleen. Onko teko mielest\u00e4si eettinen?<\/span><\/li>\n<li style=\"font-weight: 400;\"><span style=\"font-weight: 400; color: #000000;\">Opiskelukaverit l\u00e4htev\u00e4t juhlimaan yhdess\u00e4. Onko tilanne eettinen?<\/span><\/li>\n<li style=\"font-weight: 400;\"><span style=\"font-weight: 400; color: #000000;\">Pikku-Joel tulee p\u00e4iv\u00e4kotiin ter\u00e4smiehen asussa, vaikka t\u00e4n\u00e4\u00e4n ei ole naamiaisia. Onko tilanne eettinen?<\/span><\/li>\n<li style=\"font-weight: 400;\"><span style=\"font-weight: 400; color: #000000;\">Asuinalueelle rakennetaan kehitysvammaisten asuntola. Alueen nykyiset asukkaat eiv\u00e4t ole tyytyv\u00e4isi\u00e4, ja he ottavat yhteytt\u00e4 kaupungin viranhaltijoihin. Onko yhteydenotto viranhaltijoihin mielest\u00e4si eettinen kysymys?<\/span><span style=\"font-weight: 400; color: #000000;\"><\/span><\/li>\n<\/ul>\n<p><span style=\"text-decoration: underline;\"><strong><a href=\"https:\/\/ammattikorkeavalmennus.fi\/amk-valintakoeanalyysi\/\" target=\"_blank\" rel=\"noopener\">N\u00e4m\u00e4 esimerkit l\u00f6ytyv\u00e4t ammattikorkeavalmennus.fi -sivuston materiaalista t\u00e4\u00e4lt\u00e4.<\/a><\/strong><\/span><\/p>\n<p>[\/et_pb_blurb][\/et_pb_column][\/et_pb_row][\/et_pb_section]<\/p>\n","protected":false},"excerpt":{"rendered":"<p>2.1 Eettinen ammattilainen Ty\u00f6el\u00e4m\u00e4ss\u00e4 tarvitaan eettist\u00e4 osaamista. Siksi sit\u00e4 opiskellaan ammattikorkeakoulun kaikilla koulutusaloilla. Eettisyys tarkoittaa sit\u00e4, ett\u00e4 otat vastuuta omasta ty\u00f6st\u00e4si. Se tarkoittaa, ett\u00e4 teet ty\u00f6si mahdollisimman hyvin noudatat oman ammattialasi s\u00e4\u00e4nt\u00f6j\u00e4 ja ohjeistuksia osaat tunnistaa eettisi\u00e4 tilanteita ja ristiriitoja ty\u00f6el\u00e4m\u00e4ss\u00e4. Valintakokeissa kaikilta opiskelijoilta testataan, miten he tunnistavat erilaisia eettisi\u00e4 tilanteita. Siksi eettist\u00e4 pohdintaa kannattaa [&hellip;]<\/p>\n","protected":false},"author":1329,"featured_media":0,"parent":0,"menu_order":0,"comment_status":"closed","ping_status":"closed","template":"","meta":{"_et_pb_use_builder":"on","_et_pb_old_content":"","_et_gb_content_width":"","footnotes":""},"class_list":["post-12","page","type-page","status-publish","hentry"],"_links":{"self":[{"href":"https:\/\/blogi.eoppimispalvelut.fi\/siltaamk\/wp-json\/wp\/v2\/pages\/12","targetHints":{"allow":["GET"]}}],"collection":[{"href":"https:\/\/blogi.eoppimispalvelut.fi\/siltaamk\/wp-json\/wp\/v2\/pages"}],"about":[{"href":"https:\/\/blogi.eoppimispalvelut.fi\/siltaamk\/wp-json\/wp\/v2\/types\/page"}],"author":[{"embeddable":true,"href":"https:\/\/blogi.eoppimispalvelut.fi\/siltaamk\/wp-json\/wp\/v2\/users\/1329"}],"replies":[{"embeddable":true,"href":"https:\/\/blogi.eoppimispalvelut.fi\/siltaamk\/wp-json\/wp\/v2\/comments?post=12"}],"version-history":[{"count":25,"href":"https:\/\/blogi.eoppimispalvelut.fi\/siltaamk\/wp-json\/wp\/v2\/pages\/12\/revisions"}],"predecessor-version":[{"id":675,"href":"https:\/\/blogi.eoppimispalvelut.fi\/siltaamk\/wp-json\/wp\/v2\/pages\/12\/revisions\/675"}],"wp:attachment":[{"href":"https:\/\/blogi.eoppimispalvelut.fi\/siltaamk\/wp-json\/wp\/v2\/media?parent=12"}],"curies":[{"name":"wp","href":"https:\/\/api.w.org\/{rel}","templated":true}]}}