{"id":14,"date":"2022-09-03T12:43:37","date_gmt":"2022-09-03T09:43:37","guid":{"rendered":"https:\/\/blogi.eoppimispalvelut.fi\/siltaamk\/?page_id=14"},"modified":"2023-06-07T12:37:05","modified_gmt":"2023-06-07T09:37:05","slug":"2-2-tunnealytaidot-ammatillisesssa-tyoskentelyssa","status":"publish","type":"page","link":"https:\/\/blogi.eoppimispalvelut.fi\/siltaamk\/2-2-tunnealytaidot-ammatillisesssa-tyoskentelyssa\/","title":{"rendered":"2.2 Tunne\u00e4lytaidot ammatillisesssa ty\u00f6skentelyss\u00e4"},"content":{"rendered":"<p>[et_pb_section fb_built=&#8221;1&#8243; custom_padding_last_edited=&#8221;on|desktop&#8221; admin_label=&#8221;Header&#8221; _builder_version=&#8221;4.16&#8243; use_background_color_gradient=&#8221;on&#8221; background_color_gradient_stops=&#8221;rgba(255,255,255,0.8) 0%|rgba(255,255,255,0.24) 80%&#8221; background_color_gradient_overlays_image=&#8221;on&#8221; background_color_gradient_start=&#8221;rgba(255,255,255,0.8)&#8221; background_color_gradient_end=&#8221;rgba(255,255,255,0.24)&#8221; background_color_gradient_end_position=&#8221;80%&#8221; background_image=&#8221;https:\/\/blogi.eoppimispalvelut.fi\/siltaamk\/files\/2022\/09\/language-school-illustration-12.png&#8221; background_size=&#8221;contain&#8221; background_position=&#8221;top_right&#8221; custom_padding=&#8221;110px||||false|false&#8221; custom_padding_tablet=&#8221;140px|0px|50px|0px|false|false&#8221; custom_padding_phone=&#8221;120px|||&#8221; global_colors_info=&#8221;{}&#8221;][et_pb_row column_structure=&#8221;1_2,1_2&#8243; _builder_version=&#8221;4.16&#8243; max_width=&#8221;1280px&#8221; use_custom_width=&#8221;on&#8221; custom_width_px=&#8221;1280px&#8221; global_colors_info=&#8221;{}&#8221;][et_pb_column type=&#8221;1_2&#8243; _builder_version=&#8221;4.16&#8243; custom_padding=&#8221;|||&#8221; global_colors_info=&#8221;{}&#8221; custom_padding__hover=&#8221;|||&#8221;][et_pb_text _builder_version=&#8221;4.20.4&#8243; text_font=&#8221;||||||||&#8221; text_font_size=&#8221;18px&#8221; text_line_height=&#8221;2em&#8221; header_font=&#8221;EB Garamond||||||||&#8221; header_font_size=&#8221;60px&#8221; header_line_height=&#8221;1.3em&#8221; max_width=&#8221;600px&#8221; text_font_size_tablet=&#8221;&#8221; text_font_size_phone=&#8221;15px&#8221; text_font_size_last_edited=&#8221;on|phone&#8221; text_line_height_tablet=&#8221;&#8221; text_line_height_phone=&#8221;1.6em&#8221; text_line_height_last_edited=&#8221;on|phone&#8221; header_font_size_tablet=&#8221;50px&#8221; header_font_size_phone=&#8221;32px&#8221; header_font_size_last_edited=&#8221;on|phone&#8221; global_colors_info=&#8221;{}&#8221;]<\/p>\n<h1><span style=\"color: #000000\">2.2 Tunne\u00e4lytaidot<\/span><\/h1>\n<p><span style=\"color: #000000\"><span style=\"font-weight: 400\">Tunne\u00e4lytaidot ovat t\u00e4rkeit\u00e4 ty\u00f6el\u00e4m\u00e4ss\u00e4 ja asiakasty\u00f6ss\u00e4. <\/span><span style=\"font-weight: 400\">Tunne\u00e4ly tarkoittaa, ett\u00e4 ymm\u00e4rr\u00e4t, mik\u00e4 merkitys tunteilla on ihmisille.\u00a0<\/span><\/span><\/p>\n<p><span style=\"font-weight: 400;color: #000000\">Tunne\u00e4lytaitoja ovat muun muassa<br \/><\/span><\/p>\n<ul>\n<li><span style=\"font-weight: 400;color: #000000\">kyky tunnistaa tunteita\u00a0<\/span><\/li>\n<li><span style=\"color: #000000\"><span style=\"font-weight: 400\">kyky hallita tunteita.\u00a0<\/span><\/span><\/li>\n<\/ul>\n<p><span style=\"font-weight: 400;color: #000000\">Ammattilaisena tarvitset tunne\u00e4ly\u00e4, jotta onnistut ty\u00f6el\u00e4m\u00e4ss\u00e4 ja asiakasty\u00f6ss\u00e4 mahdollisimman hyvin. Lis\u00e4ksi tunne\u00e4ly auttaa sinua, kun ratkaiset ongelmia ty\u00f6tilanteissa tai asiakasty\u00f6ss\u00e4.\u00a0<\/span><\/p>\n<p><span style=\"font-weight: 400;color: #000000\">Ammattikorkeakoulun valintakokeissa testataan, millaiset ovat sinun tunne\u00e4lytaitosi.<\/span><\/p>\n<p><span style=\"font-weight: 400;color: #000000\">Tunne\u00e4lytaitoja testataan seuraavien alojen valintakokeissa: <\/span><\/p>\n<ul>\n<li><span style=\"font-weight: 400;color: #000000\">sosiaali- ja terveysala <\/span><\/li>\n<li><span style=\"font-weight: 400;color: #000000\">liikunta-ala<\/span><\/li>\n<li><span style=\"font-weight: 400;color: #000000\"> kauneudenhoitoala<\/span><\/li>\n<li><span style=\"font-weight: 400;color: #000000\">humanistinen ala <\/span><\/li>\n<li><span style=\"font-weight: 400;color: #000000\">kasvatusala.<\/span><span style=\"font-weight: 400;color: #000000\"><\/span><\/li>\n<\/ul>\n<p><span style=\"font-weight: 400;color: #000000\">Harjoittele tunne\u00e4lytaitoja, ja tee seuraavat teht\u00e4v\u00e4t.<\/span><\/p>\n<p>[\/et_pb_text][\/et_pb_column][et_pb_column type=&#8221;1_2&#8243; _builder_version=&#8221;4.16&#8243; custom_padding=&#8221;|||&#8221; global_colors_info=&#8221;{}&#8221; custom_padding__hover=&#8221;|||&#8221;][\/et_pb_column][\/et_pb_row][et_pb_row _builder_version=&#8221;4.16&#8243; max_width=&#8221;1280px&#8221; use_custom_width=&#8221;on&#8221; custom_width_px=&#8221;1280px&#8221; global_colors_info=&#8221;{}&#8221;][et_pb_column type=&#8221;4_4&#8243; _builder_version=&#8221;4.16&#8243; custom_padding=&#8221;|||&#8221; global_colors_info=&#8221;{}&#8221; custom_padding__hover=&#8221;|||&#8221;][et_pb_text _builder_version=&#8221;4.18.0&#8243; text_font=&#8221;EB Garamond|700|||||||&#8221; text_text_color=&#8221;rgba(0,0,0,0.02)&#8221; text_font_size=&#8221;80px&#8221; text_line_height=&#8221;0em&#8221; header_2_font=&#8221;EB Garamond||||||||&#8221; header_2_font_size=&#8221;50px&#8221; header_2_line_height=&#8221;1.3em&#8221; text_orientation=&#8221;center&#8221; text_font_size_tablet=&#8221;50px&#8221; text_font_size_phone=&#8221;30px&#8221; text_font_size_last_edited=&#8221;on|desktop&#8221; header_2_font_size_tablet=&#8221;40px&#8221; header_2_font_size_phone=&#8221;30px&#8221; header_2_font_size_last_edited=&#8221;on|phone&#8221; global_colors_info=&#8221;{}&#8221;]<\/p>\n<p>TEHT\u00c4V\u00c4T<\/p>\n<h2>Teht\u00e4v\u00e4t<\/h2>\n<p>[\/et_pb_text][et_pb_text _builder_version=&#8221;4.20.4&#8243; text_font=&#8221;||||||||&#8221; text_font_size=&#8221;15px&#8221; text_line_height=&#8221;2em&#8221; ul_font=&#8221;||||||||&#8221; ol_font=&#8221;||||||||&#8221; header_font=&#8221;||||||||&#8221; header_2_font=&#8221;EB Garamond||||||||&#8221; header_2_font_size=&#8221;50px&#8221; header_2_line_height=&#8221;1.3em&#8221; header_3_font=&#8221;||||||||&#8221; header_4_font=&#8221;|700||on|||||&#8221; header_4_text_color=&#8221;#ffdaa4&#8243; header_4_font_size=&#8221;12px&#8221; header_4_letter_spacing=&#8221;2px&#8221; header_4_line_height=&#8221;2em&#8221; header_5_font=&#8221;||||||||&#8221; header_6_font=&#8221;||||||||&#8221; text_line_height_tablet=&#8221;&#8221; text_line_height_phone=&#8221;1.6em&#8221; text_line_height_last_edited=&#8221;on|phone&#8221; header_2_font_size_tablet=&#8221;40px&#8221; header_2_font_size_phone=&#8221;30px&#8221; header_2_font_size_last_edited=&#8221;on|phone&#8221; locked=&#8221;off&#8221; global_colors_info=&#8221;{}&#8221;]<\/p>\n<p><span style=\"font-weight: 400;color: #000000\">AMK:n valintakokeessa testataan tunne\u00e4lytaitoja, eli miten hyvin\u00a0<\/span><\/p>\n<ul>\n<li><span style=\"font-weight: 400;color: #000000\">tunnistat tunteet<\/span><\/li>\n<li><span style=\"font-weight: 400;color: #000000\">hallitset tunteet<\/span><\/li>\n<li><span style=\"font-weight: 400;color: #000000\">k\u00e4sittelet tunteita.\u00a0<\/span><\/li>\n<\/ul>\n<p><span style=\"font-weight: 400;color: #000000\">Valintakokeen teht\u00e4viss\u00e4 voi olla my\u00f6s kuvia henkil\u00f6ist\u00e4. Silloin sinun t\u00e4ytyy tunnistaa henkil\u00f6n tunne h\u00e4nen ilmeest\u00e4\u00e4n. Lis\u00e4ksi valintakokeessa voi olla sanallisia teht\u00e4vi\u00e4. <\/span><\/p>\n<p><span style=\"text-decoration: underline\"><strong><a href=\"https:\/\/ammattikorkeavalmennus.fi\/amk-valintakoeanalyysi\/\" target=\"_blank\" rel=\"noopener\">Katso esimerkkej\u00e4 tunne\u00e4lytaitoihin liittyvist\u00e4 teht\u00e4vist\u00e4 t\u00e4\u00e4lt\u00e4.<\/a><\/strong><\/span><\/p>\n<p><span style=\"font-weight: 400;color: #000000\">Tee my\u00f6s seuraavat teht\u00e4v\u00e4t:\u00a0<\/span><\/p>\n<p>[\/et_pb_text][\/et_pb_column][\/et_pb_row][et_pb_row column_structure=&#8221;1_3,1_3,1_3&#8243; _builder_version=&#8221;4.16&#8243; locked=&#8221;off&#8221; global_colors_info=&#8221;{}&#8221;][et_pb_column type=&#8221;1_3&#8243; _builder_version=&#8221;4.16&#8243; custom_padding=&#8221;|||&#8221; global_colors_info=&#8221;{}&#8221; custom_padding__hover=&#8221;|||&#8221;][et_pb_blurb title=&#8221;Teht\u00e4v\u00e4 1.&#8221; url_new_window=&#8221;on&#8221; image=&#8221;https:\/\/blogi.eoppimispalvelut.fi\/siltaamk\/files\/2022\/09\/language-school-illustration-20.png&#8221; icon_placement=&#8221;left&#8221; image_icon_width=&#8221;100px&#8221; content_max_width=&#8221;1100px&#8221; image_icon_width_tablet=&#8221;100px&#8221; image_icon_width_phone=&#8221;50px&#8221; image_icon_width_last_edited=&#8221;on|phone&#8221; _builder_version=&#8221;4.20.4&#8243; header_font=&#8221;|600|||||||&#8221; header_font_size=&#8221;18px&#8221; header_line_height=&#8221;1.6em&#8221; body_font=&#8221;||||||||&#8221; body_font_size=&#8221;15px&#8221; body_line_height=&#8221;2em&#8221; animation_style=&#8221;fold&#8221; animation_direction=&#8221;left&#8221; animation_intensity_fold=&#8221;10%&#8221; animation=&#8221;off&#8221; link_option_url=&#8221;http:\/\/www.kolumbus.fi\/juha.seppanen\/js\/ue\/eetpoh.htm&#8221; link_option_url_new_window=&#8221;on&#8221; header_font_size_tablet=&#8221;&#8221; header_font_size_phone=&#8221;15px&#8221; header_font_size_last_edited=&#8221;on|phone&#8221; body_line_height_tablet=&#8221;&#8221; body_line_height_phone=&#8221;1.6em&#8221; body_line_height_last_edited=&#8221;on|phone&#8221; image_max_width=&#8221;100px&#8221; image_max_width_tablet=&#8221;&#8221; image_max_width_phone=&#8221;50px&#8221; image_max_width_last_edited=&#8221;on|phone&#8221; global_colors_info=&#8221;{}&#8221;]<\/p>\n<p><span style=\"font-weight: 400;color: #000000\">Tiinan paras yst\u00e4v\u00e4 kertoo Tiinalle, ett\u00e4 h\u00e4n on vakavasti sairas. Mit\u00e4 Tiinan kannattaa tehd\u00e4, jotta h\u00e4n pystyy hallitsemaan tunteensa?<\/span><\/p>\n<p><span style=\"font-weight: 400;color: #000000\"><\/span><\/p>\n<p><span style=\"text-decoration: underline\"><strong><a href=\"https:\/\/ammattikorkeavalmennus.fi\/amk-valintakoeanalyysi\/\" target=\"_blank\" rel=\"noopener\">T\u00e4m\u00e4 teht\u00e4v\u00e4 l\u00f6ytyy ammattikorkeavalmennus.fi -sivun materiaalista t\u00e4\u00e4lt\u00e4.<\/a><\/strong><\/span><\/p>\n<p><span style=\"font-weight: 400\"><\/span><\/p>\n<p>[\/et_pb_blurb][\/et_pb_column][et_pb_column type=&#8221;1_3&#8243; _builder_version=&#8221;4.16&#8243; custom_padding=&#8221;|||&#8221; global_colors_info=&#8221;{}&#8221; custom_padding__hover=&#8221;|||&#8221;][et_pb_blurb title=&#8221;Teht\u00e4v\u00e4 2.&#8221; image=&#8221;https:\/\/blogi.eoppimispalvelut.fi\/siltaamk\/files\/2022\/09\/language-school-illustration-20.png&#8221; icon_placement=&#8221;left&#8221; image_icon_width=&#8221;100px&#8221; content_max_width=&#8221;1100px&#8221; image_icon_width_tablet=&#8221;100px&#8221; image_icon_width_phone=&#8221;50px&#8221; image_icon_width_last_edited=&#8221;on|phone&#8221; _builder_version=&#8221;4.20.4&#8243; header_font=&#8221;|600|||||||&#8221; header_font_size=&#8221;18px&#8221; header_line_height=&#8221;1.6em&#8221; body_font=&#8221;||||||||&#8221; body_font_size=&#8221;15px&#8221; body_line_height=&#8221;2em&#8221; animation_style=&#8221;fold&#8221; animation_direction=&#8221;left&#8221; animation_intensity_fold=&#8221;10%&#8221; animation=&#8221;off&#8221; hover_enabled=&#8221;0&#8243; header_font_size_tablet=&#8221;&#8221; header_font_size_phone=&#8221;15px&#8221; header_font_size_last_edited=&#8221;on|phone&#8221; body_line_height_tablet=&#8221;&#8221; body_line_height_phone=&#8221;1.6em&#8221; body_line_height_last_edited=&#8221;on|phone&#8221; image_max_width=&#8221;100px&#8221; image_max_width_tablet=&#8221;&#8221; image_max_width_phone=&#8221;50px&#8221; image_max_width_last_edited=&#8221;on|phone&#8221; locked=&#8221;off&#8221; global_colors_info=&#8221;{}&#8221; sticky_enabled=&#8221;0&#8243;]<\/p>\n<p><span style=\"font-weight: 400;color: #000000\">Pekan piti menn\u00e4 elokuviin yhdess\u00e4 Elinan kanssa. Elina peruu menon juuri ennen l\u00e4ht\u00f6\u00e4. Pekka on pettynyt, sill\u00e4 h\u00e4n on odottanut elokuviin menoa jo kauan. Miten Pekan kannattaa k\u00e4sitell\u00e4 tunteitaan?<\/span><\/p>\n<p><span style=\"font-weight: 400;color: #000000\"><\/span><\/p>\n<p><span style=\"text-decoration: underline\"><strong><a href=\"https:\/\/ammattikorkeavalmennus.fi\/amk-valintakoeanalyysi\/\" target=\"_blank\" rel=\"noopener\">T\u00e4m\u00e4 teht\u00e4v\u00e4 l\u00f6ytyy ammattikorkeavalmennus.fi -sivun materiaalista t\u00e4\u00e4lt\u00e4.<\/a>\u00a0<\/strong><\/span><\/p>\n<p>[\/et_pb_blurb][\/et_pb_column][et_pb_column type=&#8221;1_3&#8243; _builder_version=&#8221;4.16&#8243; custom_padding=&#8221;|||&#8221; global_colors_info=&#8221;{}&#8221; custom_padding__hover=&#8221;|||&#8221;][et_pb_blurb title=&#8221;Teht\u00e4v\u00e4 3.&#8221; image=&#8221;https:\/\/blogi.eoppimispalvelut.fi\/siltaamk\/files\/2022\/09\/language-school-illustration-20.png&#8221; icon_placement=&#8221;left&#8221; image_icon_width=&#8221;100px&#8221; content_max_width=&#8221;1100px&#8221; image_icon_width_tablet=&#8221;100px&#8221; image_icon_width_phone=&#8221;50px&#8221; image_icon_width_last_edited=&#8221;on|phone&#8221; _builder_version=&#8221;4.20.4&#8243; header_font=&#8221;|600|||||||&#8221; header_font_size=&#8221;18px&#8221; header_line_height=&#8221;1.6em&#8221; body_font=&#8221;||||||||&#8221; body_font_size=&#8221;15px&#8221; body_line_height=&#8221;2em&#8221; animation_style=&#8221;fold&#8221; animation_direction=&#8221;left&#8221; animation_intensity_fold=&#8221;10%&#8221; animation=&#8221;off&#8221; header_font_size_tablet=&#8221;&#8221; header_font_size_phone=&#8221;15px&#8221; header_font_size_last_edited=&#8221;on|phone&#8221; body_line_height_tablet=&#8221;&#8221; body_line_height_phone=&#8221;1.6em&#8221; body_line_height_last_edited=&#8221;on|phone&#8221; image_max_width=&#8221;100px&#8221; image_max_width_tablet=&#8221;&#8221; image_max_width_phone=&#8221;50px&#8221; image_max_width_last_edited=&#8221;on|phone&#8221; locked=&#8221;off&#8221; global_colors_info=&#8221;{}&#8221;]<\/p>\n<p><span style=\"font-weight: 400;color: #000000\">Sami esittelee Taiston ty\u00f6n omana ty\u00f6n\u00e4\u00e4n heid\u00e4n yhteiselle pomolleen. Taisto suuttuu. Mik\u00e4 auttaa Taistoa k\u00e4sittelem\u00e4\u00e4n omia suuttumuksen tunteita?<\/span><\/p>\n<p><span style=\"font-weight: 400;color: #000000\"><\/span><\/p>\n<p><span style=\"text-decoration: underline\"><strong><a href=\"https:\/\/ammattikorkeavalmennus.fi\/amk-valintakoeanalyysi\/\" target=\"_blank\" rel=\"noopener\">T\u00e4m\u00e4 teht\u00e4v\u00e4 l\u00f6ytyy ammattikorkeavalmennus.fi -sivun materiaalista t\u00e4\u00e4lt\u00e4.<\/a><\/strong><\/span><\/p>\n<p>[\/et_pb_blurb][\/et_pb_column][\/et_pb_row][\/et_pb_section]<\/p>\n","protected":false},"excerpt":{"rendered":"<p>2.2 Tunne\u00e4lytaidot Tunne\u00e4lytaidot ovat t\u00e4rkeit\u00e4 ty\u00f6el\u00e4m\u00e4ss\u00e4 ja asiakasty\u00f6ss\u00e4. Tunne\u00e4ly tarkoittaa, ett\u00e4 ymm\u00e4rr\u00e4t, mik\u00e4 merkitys tunteilla on ihmisille.\u00a0 Tunne\u00e4lytaitoja ovat muun muassa kyky tunnistaa tunteita\u00a0 kyky hallita tunteita.\u00a0 Ammattilaisena tarvitset tunne\u00e4ly\u00e4, jotta onnistut ty\u00f6el\u00e4m\u00e4ss\u00e4 ja asiakasty\u00f6ss\u00e4 mahdollisimman hyvin. Lis\u00e4ksi tunne\u00e4ly auttaa sinua, kun ratkaiset ongelmia ty\u00f6tilanteissa tai asiakasty\u00f6ss\u00e4.\u00a0 Ammattikorkeakoulun valintakokeissa testataan, millaiset ovat sinun tunne\u00e4lytaitosi. Tunne\u00e4lytaitoja [&hellip;]<\/p>\n","protected":false},"author":1329,"featured_media":0,"parent":0,"menu_order":0,"comment_status":"closed","ping_status":"closed","template":"","meta":{"_et_pb_use_builder":"on","_et_pb_old_content":"","_et_gb_content_width":"","footnotes":""},"class_list":["post-14","page","type-page","status-publish","hentry"],"_links":{"self":[{"href":"https:\/\/blogi.eoppimispalvelut.fi\/siltaamk\/wp-json\/wp\/v2\/pages\/14","targetHints":{"allow":["GET"]}}],"collection":[{"href":"https:\/\/blogi.eoppimispalvelut.fi\/siltaamk\/wp-json\/wp\/v2\/pages"}],"about":[{"href":"https:\/\/blogi.eoppimispalvelut.fi\/siltaamk\/wp-json\/wp\/v2\/types\/page"}],"author":[{"embeddable":true,"href":"https:\/\/blogi.eoppimispalvelut.fi\/siltaamk\/wp-json\/wp\/v2\/users\/1329"}],"replies":[{"embeddable":true,"href":"https:\/\/blogi.eoppimispalvelut.fi\/siltaamk\/wp-json\/wp\/v2\/comments?post=14"}],"version-history":[{"count":29,"href":"https:\/\/blogi.eoppimispalvelut.fi\/siltaamk\/wp-json\/wp\/v2\/pages\/14\/revisions"}],"predecessor-version":[{"id":745,"href":"https:\/\/blogi.eoppimispalvelut.fi\/siltaamk\/wp-json\/wp\/v2\/pages\/14\/revisions\/745"}],"wp:attachment":[{"href":"https:\/\/blogi.eoppimispalvelut.fi\/siltaamk\/wp-json\/wp\/v2\/media?parent=14"}],"curies":[{"name":"wp","href":"https:\/\/api.w.org\/{rel}","templated":true}]}}