{"id":24,"date":"2022-09-03T12:46:26","date_gmt":"2022-09-03T09:46:26","guid":{"rendered":"https:\/\/blogi.eoppimispalvelut.fi\/siltaamk\/?page_id=24"},"modified":"2023-05-31T13:05:34","modified_gmt":"2023-05-31T10:05:34","slug":"3-1-oppimaan-oppijana","status":"publish","type":"page","link":"https:\/\/blogi.eoppimispalvelut.fi\/siltaamk\/3-1-oppimaan-oppijana\/","title":{"rendered":"3.1 Oppimaan oppijana"},"content":{"rendered":"<p>[et_pb_section fb_built=&#8221;1&#8243; custom_padding_last_edited=&#8221;on|desktop&#8221; admin_label=&#8221;Header&#8221; _builder_version=&#8221;4.16&#8243; use_background_color_gradient=&#8221;on&#8221; background_color_gradient_stops=&#8221;rgba(255,255,255,0.8) 0%|rgba(255,255,255,0.24) 80%&#8221; background_color_gradient_overlays_image=&#8221;on&#8221; background_color_gradient_start=&#8221;rgba(255,255,255,0.8)&#8221; background_color_gradient_end=&#8221;rgba(255,255,255,0.24)&#8221; background_color_gradient_end_position=&#8221;80%&#8221; background_image=&#8221;https:\/\/blogi.eoppimispalvelut.fi\/siltaamk\/files\/2022\/09\/language-school-illustration-12.png&#8221; background_size=&#8221;contain&#8221; background_position=&#8221;top_right&#8221; custom_padding=&#8221;110px||||false|false&#8221; custom_padding_tablet=&#8221;140px|0px|50px|0px|false|false&#8221; custom_padding_phone=&#8221;120px|||&#8221; global_colors_info=&#8221;{}&#8221;][et_pb_row column_structure=&#8221;1_2,1_2&#8243; _builder_version=&#8221;4.16&#8243; max_width=&#8221;1280px&#8221; use_custom_width=&#8221;on&#8221; custom_width_px=&#8221;1280px&#8221; global_colors_info=&#8221;{}&#8221;][et_pb_column type=&#8221;1_2&#8243; _builder_version=&#8221;4.16&#8243; custom_padding=&#8221;|||&#8221; global_colors_info=&#8221;{}&#8221; custom_padding__hover=&#8221;|||&#8221;][et_pb_text _builder_version=&#8221;4.20.4&#8243; text_font=&#8221;||||||||&#8221; text_font_size=&#8221;18px&#8221; text_line_height=&#8221;2em&#8221; header_font=&#8221;EB Garamond||||||||&#8221; header_font_size=&#8221;60px&#8221; header_line_height=&#8221;1.3em&#8221; max_width=&#8221;600px&#8221; hover_enabled=&#8221;0&#8243; text_font_size_tablet=&#8221;&#8221; text_font_size_phone=&#8221;15px&#8221; text_font_size_last_edited=&#8221;on|phone&#8221; text_line_height_tablet=&#8221;&#8221; text_line_height_phone=&#8221;1.6em&#8221; text_line_height_last_edited=&#8221;on|phone&#8221; header_font_size_tablet=&#8221;50px&#8221; header_font_size_phone=&#8221;32px&#8221; header_font_size_last_edited=&#8221;on|phone&#8221; global_colors_info=&#8221;{}&#8221; sticky_enabled=&#8221;0&#8243;]<\/p>\n<h1>3.1 Oppimaan oppiminen<\/h1>\n<p><span style=\"font-weight: 400;color: #000000\">Oppimaan oppimisella tarkoitetaan, ett\u00e4 tied\u00e4t, miten viet opintojasi sujuvasti eteen p\u00e4in. Korkeakoulussa opiskelijan oma vastuu opinnoista ja aikatauluista kasvaa.\u00a0<\/span><\/p>\n<p><span style=\"font-weight: 400;color: #000000\">Jotta opintosi etenev\u00e4t sujuvasti, tarvitset seuraavia asioita:<\/span><\/p>\n<p><span style=\"color: #000000\"><b>Motivaatio:<\/b><span style=\"font-weight: 400\"> Sinulla on riitt\u00e4v\u00e4sti motivaatiota eli halua oppia uusia asioita. Motivaatio on t\u00e4rke\u00e4\u00e4, jotta saavutat tavoitteesi. Joskus opiskelu voi olla raskasta. Silloin motivaatio kantaa sinua eteen p\u00e4in. On hyv\u00e4 mietti\u00e4 ja arvioida omaa motivaatiotaan.\u00a0<\/span><\/span><\/p>\n<p><span style=\"color: #000000\"><b>Ajank\u00e4ytt\u00f6: <\/b><span style=\"font-weight: 400\">Opiskeluun pit\u00e4\u00e4 varata paljon aikaa. Opintojen aikana a<\/span><span style=\"font-weight: 400\">jank\u00e4yt\u00f6n suunnittelu on sinun vastuullasi. Ammattikorkeakoulussa eli AMK:ssa voit itse valita oman opintopolkusi. Siksi on t\u00e4rke\u00e4\u00e4, ett\u00e4 pystyt suunnittelemaan oman aikataulusi mahdollisimman hyvin.\u00a0<\/span><\/span><\/p>\n<p><span style=\"color: #000000\"><b>Keskittyminen:<\/b><span style=\"font-weight: 400\"> Olet tarvinnut keskittymiskyky\u00e4 jo valintakokeissa. Tarvitset keskittymiskyky\u00e4 my\u00f6s opinnoissa, jotta voit oppia uusia asioita. Kun keskityt, silloin sinun on helppo pit\u00e4\u00e4 tavoite selke\u00e4n\u00e4 mieless\u00e4.<\/span><\/span><\/p>\n<p><span style=\"color: #000000\"><span style=\"font-weight: 400\">Jokainen ihminen keskittyy omalla tavallaan. Omasta keskittymiskyvyst\u00e4 kannattaa huolehtia. Miten sin\u00e4 huolehdit siit\u00e4, ett\u00e4 keskittymiskykysi on hyv\u00e4?\u00a0<\/span><\/span><\/p>\n<p><span style=\"color: #000000\"><b>K\u00e4sitys itsest\u00e4si oppijana: <span style=\"font-weight: 400\">Millainen opiskelija olet? <\/span><\/b><span style=\"font-weight: 400\">Oppimiseen vaikuttaa se, millainen k\u00e4sitys sinulla on itsest\u00e4si opiskelijana. <\/span><\/span><\/p>\n<p><span style=\"color: #000000\"><span style=\"font-weight: 400\">Aiemmat kokemuksesi opiskelusta vaikuttavat siihen, miten onnistut opiskelussa nyt ja tulevaisuudessa. On hyv\u00e4 muistaa, ett\u00e4 n\u00e4m\u00e4 k\u00e4sitykset voivat muuttua. Esimerkiksi sinusta voi tuntua, ett\u00e4 kielten oppiminen on vaikeaa. Ajatuksesi voi kuitenkin muuttua, kun opiskelet yhdess\u00e4 vieraskielisten opiskelijoiden kanssa.\u00a0<\/span><\/span><\/p>\n<p><span style=\"color: #000000\"><span style=\"font-weight: 400\"><span style=\"font-weight: 400;color: #000000\">Harjoittele oppimaan oppimisen taitoja jo etuk\u00e4teen. Tee seuraavat teht\u00e4v\u00e4t.\u00a0<\/span><\/span><\/span><\/p>\n<p>[\/et_pb_text][\/et_pb_column][et_pb_column type=&#8221;1_2&#8243; _builder_version=&#8221;4.16&#8243; custom_padding=&#8221;|||&#8221; global_colors_info=&#8221;{}&#8221; custom_padding__hover=&#8221;|||&#8221;][\/et_pb_column][\/et_pb_row][et_pb_row _builder_version=&#8221;4.16&#8243; max_width=&#8221;1280px&#8221; use_custom_width=&#8221;on&#8221; custom_width_px=&#8221;1280px&#8221; global_colors_info=&#8221;{}&#8221;][et_pb_column type=&#8221;4_4&#8243; _builder_version=&#8221;4.16&#8243; custom_padding=&#8221;|||&#8221; global_colors_info=&#8221;{}&#8221; custom_padding__hover=&#8221;|||&#8221;][et_pb_text _builder_version=&#8221;4.18.0&#8243; text_font=&#8221;EB Garamond|700|||||||&#8221; text_text_color=&#8221;rgba(0,0,0,0.02)&#8221; text_font_size=&#8221;80px&#8221; text_line_height=&#8221;0em&#8221; header_2_font=&#8221;EB Garamond||||||||&#8221; header_2_font_size=&#8221;50px&#8221; header_2_line_height=&#8221;1.3em&#8221; text_orientation=&#8221;center&#8221; text_font_size_tablet=&#8221;50px&#8221; text_font_size_phone=&#8221;30px&#8221; text_font_size_last_edited=&#8221;on|desktop&#8221; header_2_font_size_tablet=&#8221;40px&#8221; header_2_font_size_phone=&#8221;30px&#8221; header_2_font_size_last_edited=&#8221;on|phone&#8221; global_colors_info=&#8221;{}&#8221;]<\/p>\n<p>TEHT\u00c4V\u00c4T<\/p>\n<h2>Teht\u00e4v\u00e4t<\/h2>\n<p>[\/et_pb_text][et_pb_text _builder_version=&#8221;4.20.4&#8243; text_font=&#8221;||||||||&#8221; text_font_size=&#8221;15px&#8221; text_line_height=&#8221;2em&#8221; ul_font=&#8221;||||||||&#8221; ol_font=&#8221;||||||||&#8221; header_font=&#8221;||||||||&#8221; header_2_font=&#8221;EB Garamond||||||||&#8221; header_2_font_size=&#8221;50px&#8221; header_2_line_height=&#8221;1.3em&#8221; header_3_font=&#8221;||||||||&#8221; header_4_font=&#8221;|700||on|||||&#8221; header_4_text_color=&#8221;#ffdaa4&#8243; header_4_font_size=&#8221;12px&#8221; header_4_letter_spacing=&#8221;2px&#8221; header_4_line_height=&#8221;2em&#8221; header_5_font=&#8221;||||||||&#8221; header_6_font=&#8221;||||||||&#8221; hover_enabled=&#8221;0&#8243; text_line_height_tablet=&#8221;&#8221; text_line_height_phone=&#8221;1.6em&#8221; text_line_height_last_edited=&#8221;on|phone&#8221; header_2_font_size_tablet=&#8221;40px&#8221; header_2_font_size_phone=&#8221;30px&#8221; header_2_font_size_last_edited=&#8221;on|phone&#8221; locked=&#8221;off&#8221; global_colors_info=&#8221;{}&#8221; sticky_enabled=&#8221;0&#8243;][\/et_pb_text][\/et_pb_column][\/et_pb_row][et_pb_row column_structure=&#8221;1_2,1_2&#8243; _builder_version=&#8221;4.16&#8243; locked=&#8221;off&#8221; global_colors_info=&#8221;{}&#8221;][et_pb_column type=&#8221;1_2&#8243; _builder_version=&#8221;4.16&#8243; custom_padding=&#8221;|||&#8221; global_colors_info=&#8221;{}&#8221; custom_padding__hover=&#8221;|||&#8221;][et_pb_blurb title=&#8221;Teht\u00e4v\u00e4 1. Motivaatio&#8221; url_new_window=&#8221;on&#8221; image=&#8221;https:\/\/blogi.eoppimispalvelut.fi\/siltaamk\/files\/2022\/09\/language-school-illustration-20.png&#8221; icon_placement=&#8221;left&#8221; image_icon_width=&#8221;100px&#8221; content_max_width=&#8221;1100px&#8221; image_icon_width_tablet=&#8221;100px&#8221; image_icon_width_phone=&#8221;50px&#8221; image_icon_width_last_edited=&#8221;on|phone&#8221; _builder_version=&#8221;4.20.4&#8243; header_font=&#8221;|600|||||||&#8221; header_font_size=&#8221;18px&#8221; header_line_height=&#8221;1.6em&#8221; body_font=&#8221;||||||||&#8221; body_font_size=&#8221;15px&#8221; body_line_height=&#8221;2em&#8221; animation_style=&#8221;fold&#8221; animation_direction=&#8221;left&#8221; animation_intensity_fold=&#8221;10%&#8221; animation=&#8221;off&#8221; link_option_url=&#8221;http:\/\/www.kolumbus.fi\/juha.seppanen\/js\/ue\/eetpoh.htm&#8221; link_option_url_new_window=&#8221;on&#8221; header_font_size_tablet=&#8221;&#8221; header_font_size_phone=&#8221;15px&#8221; header_font_size_last_edited=&#8221;on|phone&#8221; body_line_height_tablet=&#8221;&#8221; body_line_height_phone=&#8221;1.6em&#8221; body_line_height_last_edited=&#8221;on|phone&#8221; image_max_width=&#8221;100px&#8221; image_max_width_tablet=&#8221;&#8221; image_max_width_phone=&#8221;50px&#8221; image_max_width_last_edited=&#8221;on|phone&#8221; global_colors_info=&#8221;{}&#8221;]<\/p>\n<p><span style=\"font-weight: 400;color: #000000\">Mieti ja kirjoita paperille vastaukset seuraaviin kysymyksiin:<\/span><\/p>\n<ul>\n<li><span style=\"font-weight: 400;color: #000000\">Mik\u00e4 sinua kiinnostaa ammatillisesti?<\/span><\/li>\n<li><span style=\"font-weight: 400;color: #000000\">Mit\u00e4 haluat saavuttaa?<\/span><\/li>\n<li><span style=\"font-weight: 400;color: #000000\">Mitk\u00e4 ovat tavoitteesi?<br \/><\/span><\/li>\n<li><span style=\"font-weight: 400;color: #000000\">Mieti, miksi n\u00e4m\u00e4 asiat ovat sinulle t\u00e4rkeit\u00e4. <\/span><\/li>\n<li><span style=\"font-weight: 400;color: #000000\">Kerro, mit\u00e4 sinun t\u00e4ytyy tehd\u00e4, jotta saavutat tavoitteesi. \u00a0 <\/span><\/li>\n<\/ul>\n<p>[\/et_pb_blurb][\/et_pb_column][et_pb_column type=&#8221;1_2&#8243; _builder_version=&#8221;4.16&#8243; custom_padding=&#8221;|||&#8221; global_colors_info=&#8221;{}&#8221; custom_padding__hover=&#8221;|||&#8221;][et_pb_blurb title=&#8221;Teht\u00e4v\u00e4 2. Ajank\u00e4ytt\u00f6&#8221; image=&#8221;https:\/\/blogi.eoppimispalvelut.fi\/siltaamk\/files\/2022\/09\/language-school-illustration-20.png&#8221; icon_placement=&#8221;left&#8221; image_icon_width=&#8221;100px&#8221; content_max_width=&#8221;1100px&#8221; image_icon_width_tablet=&#8221;100px&#8221; image_icon_width_phone=&#8221;50px&#8221; image_icon_width_last_edited=&#8221;on|phone&#8221; _builder_version=&#8221;4.20.4&#8243; header_font=&#8221;|600|||||||&#8221; header_font_size=&#8221;18px&#8221; header_line_height=&#8221;1.6em&#8221; body_font=&#8221;||||||||&#8221; body_font_size=&#8221;15px&#8221; body_line_height=&#8221;2em&#8221; animation_style=&#8221;fold&#8221; animation_direction=&#8221;left&#8221; animation_intensity_fold=&#8221;10%&#8221; animation=&#8221;off&#8221; header_font_size_tablet=&#8221;&#8221; header_font_size_phone=&#8221;15px&#8221; header_font_size_last_edited=&#8221;on|phone&#8221; body_line_height_tablet=&#8221;&#8221; body_line_height_phone=&#8221;1.6em&#8221; body_line_height_last_edited=&#8221;on|phone&#8221; image_max_width=&#8221;100px&#8221; image_max_width_tablet=&#8221;&#8221; image_max_width_phone=&#8221;50px&#8221; image_max_width_last_edited=&#8221;on|phone&#8221; locked=&#8221;off&#8221; global_colors_info=&#8221;{}&#8221;]<\/p>\n<ul>\n<li style=\"font-weight: 400\"><span style=\"color: #000000\"><span style=\"font-weight: 400\">Mieti,<\/span> <span style=\"font-weight: 400\">millaisia apuv\u00e4lineit\u00e4 k\u00e4yt\u00e4t, kun suunnittelet aikatauluja. K\u00e4yt\u00e4tk\u00f6 esimerkiksi s\u00e4hk\u00f6ist\u00e4 kalenteria, paperikalenteria, muistilappuja tai kirjoitatko t\u00e4rke\u00e4t p\u00e4iv\u00e4m\u00e4\u00e4r\u00e4t vihkoon? Vai onko sinulla jokin muu tapa, jolla suunnittelet aikataulusi? <\/span><b>\u00a0<\/b><\/span><\/li>\n<li style=\"font-weight: 400\"><span style=\"font-weight: 400;color: #000000\">Kerro, miten suunnittelet opiskelua ja teht\u00e4vien tekemist\u00e4. Aloitatko tekem\u00e4\u00e4n teht\u00e4vi\u00e4 ajoissa? Vai aloitatko vasta viime hetkell\u00e4?<br \/><\/span><\/li>\n<li style=\"font-weight: 400\"><span style=\"font-weight: 400;color: #000000\">Pilkotko opiskeluteht\u00e4v\u00e4t pienempiin osa-alueisiin?\u00a0<\/span><\/li>\n<li style=\"font-weight: 400\"><span style=\"font-weight: 400;color: #000000\">Asetatko itsellesi p\u00e4iv\u00e4m\u00e4\u00e4ri\u00e4, jolloin teht\u00e4v\u00e4n t\u00e4ytyy olla valmis?<\/span><\/li>\n<li style=\"font-weight: 400\"><span style=\"font-weight: 400;color: #000000\">Mieti lopuksi, millaisia keinoja sinulla on pit\u00e4\u00e4 opiskelu ja vapaa-aika tasapainossa el\u00e4m\u00e4ss\u00e4si.\u00a0\u00a0<\/span><\/li>\n<\/ul>\n<p>[\/et_pb_blurb][\/et_pb_column][\/et_pb_row][et_pb_row column_structure=&#8221;1_2,1_2&#8243; _builder_version=&#8221;4.16&#8243; locked=&#8221;off&#8221; global_colors_info=&#8221;{}&#8221;][et_pb_column type=&#8221;1_2&#8243; _builder_version=&#8221;4.16&#8243; custom_padding=&#8221;|||&#8221; global_colors_info=&#8221;{}&#8221; custom_padding__hover=&#8221;|||&#8221;][et_pb_blurb title=&#8221;Teht\u00e4v\u00e4 3. Keskittyminen&#8221; url_new_window=&#8221;on&#8221; image=&#8221;https:\/\/blogi.eoppimispalvelut.fi\/siltaamk\/files\/2022\/09\/language-school-illustration-20.png&#8221; icon_placement=&#8221;left&#8221; image_icon_width=&#8221;100px&#8221; content_max_width=&#8221;1100px&#8221; image_icon_width_tablet=&#8221;100px&#8221; image_icon_width_phone=&#8221;50px&#8221; image_icon_width_last_edited=&#8221;on|phone&#8221; _builder_version=&#8221;4.20.4&#8243; header_font=&#8221;|600|||||||&#8221; header_font_size=&#8221;18px&#8221; header_line_height=&#8221;1.6em&#8221; body_font=&#8221;||||||||&#8221; body_font_size=&#8221;15px&#8221; body_line_height=&#8221;2em&#8221; animation_style=&#8221;fold&#8221; animation_direction=&#8221;left&#8221; animation_intensity_fold=&#8221;10%&#8221; animation=&#8221;off&#8221; link_option_url=&#8221;http:\/\/www.kolumbus.fi\/juha.seppanen\/js\/ue\/eetpoh.htm&#8221; link_option_url_new_window=&#8221;on&#8221; header_font_size_tablet=&#8221;&#8221; header_font_size_phone=&#8221;15px&#8221; header_font_size_last_edited=&#8221;on|phone&#8221; body_line_height_tablet=&#8221;&#8221; body_line_height_phone=&#8221;1.6em&#8221; body_line_height_last_edited=&#8221;on|phone&#8221; image_max_width=&#8221;100px&#8221; image_max_width_tablet=&#8221;&#8221; image_max_width_phone=&#8221;50px&#8221; image_max_width_last_edited=&#8221;on|phone&#8221; global_colors_info=&#8221;{}&#8221;]<\/p>\n<ul>\n<li style=\"font-weight: 400\"><span style=\"font-weight: 400;color: #000000\">Mieti ensin, teetk\u00f6 opiskeluteht\u00e4vi\u00e4 mieluummin koulussa, kirjastossa vai kotona? Vai teetk\u00f6 teht\u00e4vi\u00e4 mieluummin jossain muualla, miss\u00e4?\u00a0<\/span><\/li>\n<li style=\"font-weight: 400\"><span style=\"font-weight: 400;color: #000000\">Millainen tila ja ymp\u00e4rist\u00f6 auttaa sinua keskittym\u00e4\u00e4n?\u00a0<\/span><\/li>\n<li style=\"font-weight: 400\"><span style=\"font-weight: 400;color: #000000\">Miten huolehdit omasta keskittymiskyvyst\u00e4si? Ulkoiletko? Kuunteletko musiikkia? Luetko kirjoja? Vai mit\u00e4 teet?\u00a0<\/span><\/li>\n<\/ul>\n<p>[\/et_pb_blurb][\/et_pb_column][et_pb_column type=&#8221;1_2&#8243; _builder_version=&#8221;4.16&#8243; custom_padding=&#8221;|||&#8221; global_colors_info=&#8221;{}&#8221; custom_padding__hover=&#8221;|||&#8221;][et_pb_blurb title=&#8221;Teht\u00e4v\u00e4 4. K\u00e4sitys itsest\u00e4si oppijana&#8221; image=&#8221;https:\/\/blogi.eoppimispalvelut.fi\/siltaamk\/files\/2022\/09\/language-school-illustration-20.png&#8221; icon_placement=&#8221;left&#8221; image_icon_width=&#8221;100px&#8221; content_max_width=&#8221;1100px&#8221; image_icon_width_tablet=&#8221;100px&#8221; image_icon_width_phone=&#8221;50px&#8221; image_icon_width_last_edited=&#8221;on|phone&#8221; _builder_version=&#8221;4.20.4&#8243; header_font=&#8221;|600|||||||&#8221; header_font_size=&#8221;18px&#8221; header_line_height=&#8221;1.6em&#8221; body_font=&#8221;||||||||&#8221; body_font_size=&#8221;15px&#8221; body_line_height=&#8221;2em&#8221; animation_style=&#8221;fold&#8221; animation_direction=&#8221;left&#8221; animation_intensity_fold=&#8221;10%&#8221; animation=&#8221;off&#8221; header_font_size_tablet=&#8221;&#8221; header_font_size_phone=&#8221;15px&#8221; header_font_size_last_edited=&#8221;on|phone&#8221; body_line_height_tablet=&#8221;&#8221; body_line_height_phone=&#8221;1.6em&#8221; body_line_height_last_edited=&#8221;on|phone&#8221; image_max_width=&#8221;100px&#8221; image_max_width_tablet=&#8221;&#8221; image_max_width_phone=&#8221;50px&#8221; image_max_width_last_edited=&#8221;on|phone&#8221; locked=&#8221;off&#8221; global_colors_info=&#8221;{}&#8221;]<\/p>\n<ul>\n<li style=\"font-weight: 400\"><span style=\"color: #000000\"><span style=\"font-weight: 400\">Kysy itselt\u00e4si, millainen oppija olet?<\/span><\/span><\/li>\n<li style=\"font-weight: 400\"><span style=\"font-weight: 400;color: #000000\">Miten opit parhaiten?<\/span><\/li>\n<li style=\"font-weight: 400\"><span style=\"font-weight: 400;color: #000000\">Mik\u00e4 on sinulle helppoa?\u00a0<\/span><\/li>\n<li style=\"font-weight: 400\"><span style=\"font-weight: 400;color: #000000\">Mik\u00e4 on sinulle vaikeaa?\u00a0\u00a0<\/span><\/li>\n<li style=\"font-weight: 400\"><span style=\"font-weight: 400;color: #000000\">Mit\u00e4 osaat jo nyt?\u00a0<\/span><\/li>\n<li style=\"font-weight: 400\"><span style=\"font-weight: 400;color: #000000\">Kuka tai ketk\u00e4 tukevat sinua opinnoissa eteen p\u00e4in.\u00a0<\/span><\/li>\n<li style=\"font-weight: 400\"><span style=\"font-weight: 400;color: #000000\">Mist\u00e4 saat apua, jos tarvitset sit\u00e4?\u00a0<\/span><\/li>\n<\/ul>\n<p>[\/et_pb_blurb][\/et_pb_column][\/et_pb_row][\/et_pb_section][et_pb_section fb_built=&#8221;1&#8243; admin_label=&#8221;About Us&#8221; _builder_version=&#8221;4.16&#8243; global_colors_info=&#8221;{}&#8221;][\/et_pb_section]<\/p>\n","protected":false},"excerpt":{"rendered":"<p>3.1 Oppimaan oppiminen Oppimaan oppimisella tarkoitetaan, ett\u00e4 tied\u00e4t, miten viet opintojasi sujuvasti eteen p\u00e4in. Korkeakoulussa opiskelijan oma vastuu opinnoista ja aikatauluista kasvaa.\u00a0 Jotta opintosi etenev\u00e4t sujuvasti, tarvitset seuraavia asioita: Motivaatio: Sinulla on riitt\u00e4v\u00e4sti motivaatiota eli halua oppia uusia asioita. Motivaatio on t\u00e4rke\u00e4\u00e4, jotta saavutat tavoitteesi. Joskus opiskelu voi olla raskasta. Silloin motivaatio kantaa sinua eteen [&hellip;]<\/p>\n","protected":false},"author":1329,"featured_media":0,"parent":0,"menu_order":0,"comment_status":"closed","ping_status":"closed","template":"","meta":{"_et_pb_use_builder":"on","_et_pb_old_content":"","_et_gb_content_width":"","footnotes":""},"class_list":["post-24","page","type-page","status-publish","hentry"],"_links":{"self":[{"href":"https:\/\/blogi.eoppimispalvelut.fi\/siltaamk\/wp-json\/wp\/v2\/pages\/24","targetHints":{"allow":["GET"]}}],"collection":[{"href":"https:\/\/blogi.eoppimispalvelut.fi\/siltaamk\/wp-json\/wp\/v2\/pages"}],"about":[{"href":"https:\/\/blogi.eoppimispalvelut.fi\/siltaamk\/wp-json\/wp\/v2\/types\/page"}],"author":[{"embeddable":true,"href":"https:\/\/blogi.eoppimispalvelut.fi\/siltaamk\/wp-json\/wp\/v2\/users\/1329"}],"replies":[{"embeddable":true,"href":"https:\/\/blogi.eoppimispalvelut.fi\/siltaamk\/wp-json\/wp\/v2\/comments?post=24"}],"version-history":[{"count":12,"href":"https:\/\/blogi.eoppimispalvelut.fi\/siltaamk\/wp-json\/wp\/v2\/pages\/24\/revisions"}],"predecessor-version":[{"id":641,"href":"https:\/\/blogi.eoppimispalvelut.fi\/siltaamk\/wp-json\/wp\/v2\/pages\/24\/revisions\/641"}],"wp:attachment":[{"href":"https:\/\/blogi.eoppimispalvelut.fi\/siltaamk\/wp-json\/wp\/v2\/media?parent=24"}],"curies":[{"name":"wp","href":"https:\/\/api.w.org\/{rel}","templated":true}]}}