{"id":26,"date":"2022-09-03T12:47:03","date_gmt":"2022-09-03T09:47:03","guid":{"rendered":"https:\/\/blogi.eoppimispalvelut.fi\/siltaamk\/?page_id=26"},"modified":"2023-05-31T13:12:11","modified_gmt":"2023-05-31T10:12:11","slug":"3-2-opiskelija-tiedon-hakijana","status":"publish","type":"page","link":"https:\/\/blogi.eoppimispalvelut.fi\/siltaamk\/3-2-opiskelija-tiedon-hakijana\/","title":{"rendered":"3.2\u00a0 Opiskelija tiedon hakijana"},"content":{"rendered":"<p>[et_pb_section fb_built=&#8221;1&#8243; custom_padding_last_edited=&#8221;on|desktop&#8221; admin_label=&#8221;Header&#8221; _builder_version=&#8221;4.16&#8243; use_background_color_gradient=&#8221;on&#8221; background_color_gradient_stops=&#8221;rgba(255,255,255,0.8) 0%|rgba(255,255,255,0.24) 80%&#8221; background_color_gradient_overlays_image=&#8221;on&#8221; background_color_gradient_start=&#8221;rgba(255,255,255,0.8)&#8221; background_color_gradient_end=&#8221;rgba(255,255,255,0.24)&#8221; background_color_gradient_end_position=&#8221;80%&#8221; background_image=&#8221;https:\/\/blogi.eoppimispalvelut.fi\/siltaamk\/files\/2022\/09\/language-school-illustration-12.png&#8221; background_size=&#8221;contain&#8221; background_position=&#8221;top_right&#8221; custom_padding=&#8221;110px||||false|false&#8221; custom_padding_tablet=&#8221;140px|0px|50px|0px|false|false&#8221; custom_padding_phone=&#8221;120px|||&#8221; global_colors_info=&#8221;{}&#8221;][et_pb_row column_structure=&#8221;1_2,1_2&#8243; _builder_version=&#8221;4.16&#8243; max_width=&#8221;1280px&#8221; use_custom_width=&#8221;on&#8221; custom_width_px=&#8221;1280px&#8221; global_colors_info=&#8221;{}&#8221;][et_pb_column type=&#8221;1_2&#8243; _builder_version=&#8221;4.16&#8243; custom_padding=&#8221;|||&#8221; global_colors_info=&#8221;{}&#8221; custom_padding__hover=&#8221;|||&#8221;][et_pb_text _builder_version=&#8221;4.20.4&#8243; text_font=&#8221;||||||||&#8221; text_font_size=&#8221;18px&#8221; text_line_height=&#8221;2em&#8221; header_font=&#8221;EB Garamond||||||||&#8221; header_font_size=&#8221;60px&#8221; header_line_height=&#8221;1.3em&#8221; max_width=&#8221;600px&#8221; text_font_size_tablet=&#8221;&#8221; text_font_size_phone=&#8221;15px&#8221; text_font_size_last_edited=&#8221;on|phone&#8221; text_line_height_tablet=&#8221;&#8221; text_line_height_phone=&#8221;1.6em&#8221; text_line_height_last_edited=&#8221;on|phone&#8221; header_font_size_tablet=&#8221;50px&#8221; header_font_size_phone=&#8221;32px&#8221; header_font_size_last_edited=&#8221;on|phone&#8221; global_colors_info=&#8221;{}&#8221;]<\/p>\n<h1>3.2 Tiedon hakija<\/h1>\n<p><span style=\"font-weight: 400;color: #000000\">Kun opiskelet, sinun t\u00e4ytyy osata etsi\u00e4 tietoa, koota tietoa sek\u00e4 arvioida ja analysoida erilaista tietoa. <\/span><\/p>\n<p><span style=\"font-weight: 400;color: #000000\">Ammattikorkeakoulun eli AMK:n opinnoissa painotetaan tieteellist\u00e4 ja teoreettista tietoa. T\u00e4t\u00e4 tietoa sinun t\u00e4ytyy pysty\u00e4 soveltamaan my\u00f6hemmin ty\u00f6el\u00e4m\u00e4ss\u00e4.\u00a0<\/span><\/p>\n<p><span style=\"font-weight: 400;color: #000000\">AMK:n kirjaston ty\u00f6ntekij\u00e4t auttavat sinua, kun haet tietoa.\u00a0<\/span><\/p>\n<p><span style=\"font-weight: 400;color: #000000\"><\/span><\/p>\n<h3><span style=\"font-weight: 400;color: #000000\">Tiedon hankintaan tarvitaan erilaisia taitoja<\/span><\/h3>\n<p><span style=\"font-weight: 400;color: #000000\">Kun haet tietoa, tarvitset erilaisia tiedon hankintataitoja. N\u00e4it\u00e4 ovat<\/span><\/p>\n<ul>\n<li><span style=\"font-weight: 400;color: #000000\">tiedonhallintataito<\/span><\/li>\n<li><span style=\"font-weight: 400;color: #000000\"> informaatiolukutaito<\/span><\/li>\n<li><span style=\"font-weight: 400;color: #000000\"> medialukutaito. <\/span><\/li>\n<\/ul>\n<p><span style=\"font-weight: 400;color: #000000\">Kun haet tietoa, sinun t\u00e4ytyy olla suunnitelmallinen ja k\u00e4rsiv\u00e4llinen. Sinun t\u00e4ytyy my\u00f6s prosessoida tietoa. Tiedon prosessointi tarkoittaa, ett\u00e4 analysoit tietoa, pohdit sit\u00e4 sek\u00e4 ymm\u00e4rr\u00e4t tiedon sis\u00e4ll\u00f6n ja sen merkityksen. <\/span><\/p>\n<p><span style=\"font-weight: 400;color: #000000\">Opintojen aikana harjoitellaan tiedon kriittist\u00e4 arviointia sek\u00e4 sit\u00e4, mill\u00e4 eri tavoilla tietoa voidaan k\u00e4ytt\u00e4\u00e4.\u00a0<\/span><\/p>\n<p><span style=\"font-weight: 400\"><\/span><\/p>\n<p>[\/et_pb_text][\/et_pb_column][et_pb_column type=&#8221;1_2&#8243; _builder_version=&#8221;4.16&#8243; custom_padding=&#8221;|||&#8221; global_colors_info=&#8221;{}&#8221; custom_padding__hover=&#8221;|||&#8221;][\/et_pb_column][\/et_pb_row][et_pb_row _builder_version=&#8221;4.16&#8243; max_width=&#8221;1280px&#8221; use_custom_width=&#8221;on&#8221; custom_width_px=&#8221;1280px&#8221; global_colors_info=&#8221;{}&#8221;][et_pb_column type=&#8221;4_4&#8243; _builder_version=&#8221;4.16&#8243; custom_padding=&#8221;|||&#8221; global_colors_info=&#8221;{}&#8221; custom_padding__hover=&#8221;|||&#8221;][et_pb_text _builder_version=&#8221;4.20.4&#8243; text_font=&#8221;||||||||&#8221; text_font_size=&#8221;15px&#8221; text_line_height=&#8221;2em&#8221; ul_font=&#8221;||||||||&#8221; ol_font=&#8221;||||||||&#8221; header_font=&#8221;||||||||&#8221; header_2_font=&#8221;EB Garamond||||||||&#8221; header_2_font_size=&#8221;50px&#8221; header_2_line_height=&#8221;1.3em&#8221; header_3_font=&#8221;||||||||&#8221; header_4_font=&#8221;|700||on|||||&#8221; header_4_text_color=&#8221;#ffdaa4&#8243; header_4_font_size=&#8221;12px&#8221; header_4_letter_spacing=&#8221;2px&#8221; header_4_line_height=&#8221;2em&#8221; header_5_font=&#8221;||||||||&#8221; header_6_font=&#8221;||||||||&#8221; hover_enabled=&#8221;0&#8243; text_line_height_tablet=&#8221;&#8221; text_line_height_phone=&#8221;1.6em&#8221; text_line_height_last_edited=&#8221;on|phone&#8221; header_2_font_size_tablet=&#8221;40px&#8221; header_2_font_size_phone=&#8221;30px&#8221; header_2_font_size_last_edited=&#8221;on|phone&#8221; locked=&#8221;off&#8221; global_colors_info=&#8221;{}&#8221; sticky_enabled=&#8221;0&#8243;]<\/p>\n<h3><span style=\"font-weight: 400;color: #000000\">N\u00e4in etsit tietoa<\/span><\/h3>\n<p><span style=\"font-weight: 400;color: #000000\">Opiskeluun kuuluu tiedon etsiminen. Voit esimerkiksi etsi\u00e4 tietoa siit\u00e4, miten sairaanhoitaja laskee l\u00e4\u00e4kelaskuja, tai miten sosionomi ohjaa asiakasta. Voit my\u00f6s joutua etsim\u00e4\u00e4n tietoa siit\u00e4, mit\u00e4 on oman alasi asiakaspalvelu.\u00a0<\/span><\/p>\n<p><span style=\"font-weight: 400;color: #000000\">Kun haet tietoa, sinun kannattaa mietti\u00e4, mik\u00e4 on tiedon tarve ja sen luonne. Aloita tiedon etsimisen niin, ett\u00e4 mietit ensin seuraavia kysymyksi\u00e4:\u00a0<\/span><\/p>\n<p><span style=\"color: #000000\"><strong>Yleisesti:<\/strong><\/span><\/p>\n<ul>\n<li style=\"font-weight: 400\"><span style=\"font-weight: 400;color: #000000\">Mit\u00e4 tietoa tarvitsen?<\/span><\/li>\n<li style=\"font-weight: 400\"><span style=\"font-weight: 400;color: #000000\">Mihin k\u00e4yt\u00e4n tietoa?<\/span><\/li>\n<li style=\"font-weight: 400\"><span style=\"font-weight: 400;color: #000000\">Kuinka paljon tarvitsen tietoa?<\/span><\/li>\n<li style=\"font-weight: 400\"><span style=\"font-weight: 400;color: #000000\">Mink\u00e4 tasoista tietoa tarvitsen?<\/span><\/li>\n<li style=\"font-weight: 400\"><span style=\"font-weight: 400;color: #000000\">Miss\u00e4 muodossa tarvitsen tietoa, esimerkiksi taulukot, kuviot vai tekstimuoto?<\/span><\/li>\n<li style=\"font-weight: 400\"><span style=\"font-weight: 400;color: #000000\">Mill\u00e4 kielell\u00e4 etsin tietoa?<\/span><\/li>\n<\/ul>\n<p><span style=\"font-weight: 400;color: #000000\"><strong>Kun opintojen alussa <\/strong>teet harjoitust\u00f6it\u00e4 tai opiskelet uuden asian perustietoja, silloin sinulle riitt\u00e4\u00e4 yksinkertaisempi tieto kuten\u00a0<\/span><\/p>\n<ul>\n<li style=\"font-weight: 400\"><span style=\"font-weight: 400;color: #000000\">googlettaminen, jolloin saat suoran vastauksen hakukysymykseen<br \/><\/span><\/li>\n<li style=\"font-weight: 400\"><span style=\"font-weight: 400;color: #000000\">muutaman sopivan dokumentin l\u00f6yt\u00e4minen<\/span><\/li>\n<li style=\"font-weight: 400\"><span style=\"font-weight: 400;color: #000000\">yleistieto aiheesta, kun haluat esimerkiksi vain tarkistaa jonkin asian<\/span><\/li>\n<li style=\"font-weight: 400\"><span style=\"font-weight: 400;color: #000000\">yksitt\u00e4inen tieto kuten jonkin maan valuutta tai kieli<\/span><\/li>\n<li style=\"font-weight: 400\"><span style=\"font-weight: 400;color: #000000\">tietty teos tai henkil\u00f6.<\/span><\/li>\n<\/ul>\n<p><span style=\"font-weight: 400;color: #000000\"><strong>Kun opintosi etenev\u00e4t<\/strong>, tarvitset syvemp\u00e4\u00e4 tietoa. <\/span><\/p>\n<p><span style=\"font-weight: 400;color: #000000\">Syvempi tieto tarkoittaa, ett\u00e4 tarvitset jostain aiheesta enemm\u00e4n tietoa kuin vain perustietoa. T\u00e4ll\u00f6in tiedonhaku on laajempaa ja systemaattisempaa eli j\u00e4rjestelm\u00e4llisemp\u00e4\u00e4.\u00a0<\/span><\/p>\n<p><span style=\"color: #000000\">Syvemm\u00e4n tiedon hakeminen vaatii,<\/span><\/p>\n<ul>\n<li style=\"font-weight: 400\"><span style=\"font-weight: 400;color: #000000\">ett\u00e4 pystyt m\u00e4\u00e4rittelem\u00e4\u00e4n itse, millaista tietoa tarvitset. Esimerkiksi tarvitsetko tietoa opintojaksojen esseeteht\u00e4vi\u00e4, seminaarit\u00f6it\u00e4 vai opinn\u00e4ytet\u00f6it\u00e4 varten.<\/span><\/li>\n<li style=\"font-weight: 400\"><span style=\"font-weight: 400;color: #000000\">osaamista tiedonhankinnan toiminnoista, v\u00e4lineist\u00e4 ja mahdollisuuksista<\/span><\/li>\n<li style=\"font-weight: 400\"><span style=\"font-weight: 400\"><span style=\"color: #000000\">ett\u00e4 olet suunnitelmallinen ja pitk\u00e4j\u00e4nteinen.\u00a0<\/span><br \/><\/span><\/li>\n<\/ul>\n<p>[\/et_pb_text][\/et_pb_column][\/et_pb_row][et_pb_row _builder_version=&#8221;4.16&#8243; max_width=&#8221;1280px&#8221; use_custom_width=&#8221;on&#8221; custom_width_px=&#8221;1280px&#8221; global_colors_info=&#8221;{}&#8221;][et_pb_column type=&#8221;4_4&#8243; _builder_version=&#8221;4.16&#8243; custom_padding=&#8221;|||&#8221; global_colors_info=&#8221;{}&#8221; custom_padding__hover=&#8221;|||&#8221;][et_pb_text _builder_version=&#8221;4.18.0&#8243; text_font=&#8221;EB Garamond|700|||||||&#8221; text_text_color=&#8221;rgba(0,0,0,0.02)&#8221; text_font_size=&#8221;80px&#8221; text_line_height=&#8221;0em&#8221; header_2_font=&#8221;EB Garamond||||||||&#8221; header_2_font_size=&#8221;50px&#8221; header_2_line_height=&#8221;1.3em&#8221; text_orientation=&#8221;center&#8221; text_font_size_tablet=&#8221;50px&#8221; text_font_size_phone=&#8221;30px&#8221; text_font_size_last_edited=&#8221;on|desktop&#8221; header_2_font_size_tablet=&#8221;40px&#8221; header_2_font_size_phone=&#8221;30px&#8221; header_2_font_size_last_edited=&#8221;on|phone&#8221; global_colors_info=&#8221;{}&#8221;]<\/p>\n<p>TEHT\u00c4V\u00c4T<\/p>\n<h2>Teht\u00e4v\u00e4t<\/h2>\n<p>[\/et_pb_text][et_pb_text _builder_version=&#8221;4.20.4&#8243; text_font=&#8221;||||||||&#8221; text_font_size=&#8221;15px&#8221; text_line_height=&#8221;2em&#8221; ul_font=&#8221;||||||||&#8221; ol_font=&#8221;||||||||&#8221; header_font=&#8221;||||||||&#8221; header_2_font=&#8221;EB Garamond||||||||&#8221; header_2_font_size=&#8221;50px&#8221; header_2_line_height=&#8221;1.3em&#8221; header_3_font=&#8221;||||||||&#8221; header_4_font=&#8221;|700||on|||||&#8221; header_4_text_color=&#8221;#ffdaa4&#8243; header_4_font_size=&#8221;12px&#8221; header_4_letter_spacing=&#8221;2px&#8221; header_4_line_height=&#8221;2em&#8221; header_5_font=&#8221;||||||||&#8221; header_6_font=&#8221;||||||||&#8221; text_line_height_tablet=&#8221;&#8221; text_line_height_phone=&#8221;1.6em&#8221; text_line_height_last_edited=&#8221;on|phone&#8221; header_2_font_size_tablet=&#8221;40px&#8221; header_2_font_size_phone=&#8221;30px&#8221; header_2_font_size_last_edited=&#8221;on|phone&#8221; locked=&#8221;off&#8221; global_colors_info=&#8221;{}&#8221;]<\/p>\n<p><span style=\"font-weight: 400;color: #000000\">Harjoittele tiedon hakua seuraavissa teht\u00e4viss\u00e4:<\/span><\/p>\n<p>[\/et_pb_text][\/et_pb_column][\/et_pb_row][et_pb_row _builder_version=&#8221;4.16&#8243; locked=&#8221;off&#8221; global_colors_info=&#8221;{}&#8221;][et_pb_column type=&#8221;4_4&#8243; _builder_version=&#8221;4.16&#8243; custom_padding=&#8221;|||&#8221; global_colors_info=&#8221;{}&#8221; custom_padding__hover=&#8221;|||&#8221;][et_pb_blurb title=&#8221;Teht\u00e4v\u00e4 1. &#8221; url_new_window=&#8221;on&#8221; image=&#8221;https:\/\/blogi.eoppimispalvelut.fi\/siltaamk\/files\/2022\/09\/language-school-illustration-20.png&#8221; icon_placement=&#8221;left&#8221; image_icon_width=&#8221;100px&#8221; content_max_width=&#8221;1100px&#8221; image_icon_width_tablet=&#8221;100px&#8221; image_icon_width_phone=&#8221;50px&#8221; image_icon_width_last_edited=&#8221;on|phone&#8221; _builder_version=&#8221;4.20.4&#8243; header_font=&#8221;|600|||||||&#8221; header_font_size=&#8221;18px&#8221; header_line_height=&#8221;1.6em&#8221; body_font=&#8221;||||||||&#8221; body_font_size=&#8221;15px&#8221; body_line_height=&#8221;2em&#8221; animation_style=&#8221;fold&#8221; animation_direction=&#8221;left&#8221; animation_intensity_fold=&#8221;10%&#8221; animation=&#8221;off&#8221; link_option_url=&#8221;http:\/\/www.kolumbus.fi\/juha.seppanen\/js\/ue\/eetpoh.htm&#8221; link_option_url_new_window=&#8221;on&#8221; header_font_size_tablet=&#8221;&#8221; header_font_size_phone=&#8221;15px&#8221; header_font_size_last_edited=&#8221;on|phone&#8221; body_line_height_tablet=&#8221;&#8221; body_line_height_phone=&#8221;1.6em&#8221; body_line_height_last_edited=&#8221;on|phone&#8221; image_max_width=&#8221;100px&#8221; image_max_width_tablet=&#8221;&#8221; image_max_width_phone=&#8221;50px&#8221; image_max_width_last_edited=&#8221;on|phone&#8221; global_colors_info=&#8221;{}&#8221;]<\/p>\n<p><span style=\"font-weight: 400;color: #000000\">Tiedonhaun aiheena on ilmastonmuutos. Tutustu seuraaviin nelj\u00e4\u00e4n sivustoon, jotka k\u00e4sittelev\u00e4t ilmastomuutosta: <\/span><\/p>\n<ul>\n<li><span style=\"font-weight: 400\"><a href=\"https:\/\/yle.fi\/aihe\/artikkeli\/2009\/11\/22\/ylen-sisaista-keskustelua\">https:\/\/yle.fi\/aihe\/artikkeli\/2009\/11\/22\/ylen-sisaista-keskustelua<\/a><\/span><\/li>\n<li><span style=\"font-weight: 400\"><a href=\"https:\/\/thl.fi\/fi\/web\/ymparistoterveys\/ilmasto-ja-saa\/ilmastonmuutoksen-terveysvaikutukset\">https:\/\/thl.fi\/fi\/web\/ymparistoterveys\/ilmasto-ja-saa\/ilmastonmuutoksen-terveysvaikutukset<\/a><\/span><\/li>\n<li><span style=\"font-weight: 400\"><a href=\"https:\/\/www.eea.europa.eu\/fi\/themes\/climate\">https:\/\/www.eea.europa.eu\/fi\/themes\/climate<\/a><\/span><\/li>\n<li><span style=\"font-weight: 400\"><a href=\"https:\/\/keskustelu.suomi24.fi\/t\/5926351\/ilmaston-muutos--huu-haa--homppaa\">https:\/\/keskustelu.suomi24.fi\/t\/5926351\/ilmaston-muutos&#8211;huu-haa&#8211;homppaa<\/a><\/span><\/li>\n<\/ul>\n<p><span style=\"color: #000000\"><span style=\"font-weight: 400\">Vertaile nyt tietoa, jota sait sivustoilta. <\/span><span style=\"font-weight: 400\"><\/span><span style=\"font-weight: 400\">Arvioi tietoa seuraavien kysymysten avulla:<\/span><\/span><\/p>\n<ul>\n<li style=\"font-weight: 400\"><span style=\"font-weight: 400;color: #000000\">L\u00e4hde eli kuka on kirjoittaja?<\/span><\/li>\n<li style=\"font-weight: 400\"><span style=\"font-weight: 400;color: #000000\">Onko l\u00e4hde mielest\u00e4si luotettava tietol\u00e4hde? Miksi? Voit perustella vastaustasi esimerkiksi siten, ett\u00e4 onko l\u00e4hde virasto, uutistoimisto, oppikirja, tietosanakirja tai virallinen kotisivu.<\/span><\/li>\n<li style=\"font-weight: 400\"><span style=\"font-weight: 400;color: #000000\">Tiedon luonne eli miten luotettavaa saamasi tieto mielest\u00e4si on? Mill\u00e4 perusteella se mielest\u00e4si on luotettava?<br \/><\/span><\/li>\n<li style=\"font-weight: 400\"><span style=\"font-weight: 400;color: #000000\">Onko l\u00e4hde kaupallinen tai kaupallisesti sidoksissa k\u00e4sitelt\u00e4v\u00e4\u00e4n asiaan? Onko se esimerkiksi mainos?<\/span><\/li>\n<li style=\"font-weight: 400\"><span style=\"font-weight: 400;color: #000000\">Milloin tieto on julkaistu?<\/span><\/li>\n<li style=\"font-weight: 400\"><span style=\"font-weight: 400;color: #000000\">Onko aiheesta uudempaa tietoa?<\/span><\/li>\n<li style=\"font-weight: 400\"><span style=\"font-weight: 400;color: #000000\">Mainitseeko l\u00e4hde vastakkaisia tietoja tai n\u00e4k\u00f6kulmia asiaan? <\/span><span style=\"font-weight: 400;color: #000000\">Miksi se mainitsee? Tai miksi se ei mainitse?<\/span><\/li>\n<li style=\"font-weight: 400\"><span style=\"font-weight: 400;color: #000000\">Miten <\/span><span style=\"font-weight: 400;color: #000000\">tiedon kirjoittaja perustelee asian?<br \/><\/span><\/li>\n<li style=\"font-weight: 400\"><span style=\"font-weight: 400;color: #000000\">Onko kyseess\u00e4 fakta, joka voidaan todistaa, vai onko kyse kirjoittajan mielipide?<\/span><\/li>\n<li style=\"font-weight: 400\"><span style=\"font-weight: 400;color: #000000\">Jos kyseess\u00e4 on kirjoittajan oma mielipide, miten h\u00e4n perustelee mielipiteens\u00e4? Peusteleeko h\u00e4n sen esimerkiksi tosiasioilla, omilla havainnoillaan tai esimerkkitapauksilla? Vai eik\u00f6 kirjoittaja perustele mielipidet\u00e4\u00e4n ollenkaan?\u00a0<\/span><\/li>\n<li style=\"font-weight: 400\"><span style=\"font-weight: 400\"><span style=\"color: #000000\">Asia voidaan perustella omilla havainnoilla tai esimerkkitapauksilla. Voidaanko tietoa t\u00e4ll\u00f6in mielest\u00e4si yleist\u00e4\u00e4 vai puhutaanko silloin yksitt\u00e4istapauksista? Voidaanko linkeist\u00e4 saamasi tiedot yleist\u00e4\u00e4 vai ovatko ne yksitt\u00e4istapauksia?\u00a0<\/span><br \/><\/span><\/li>\n<\/ul>\n<p>[\/et_pb_blurb][\/et_pb_column][\/et_pb_row][\/et_pb_section][et_pb_section fb_built=&#8221;1&#8243; admin_label=&#8221;About Us&#8221; _builder_version=&#8221;4.16&#8243; custom_margin=&#8221;|-1px||||&#8221; global_colors_info=&#8221;{}&#8221;][\/et_pb_section]<\/p>\n","protected":false},"excerpt":{"rendered":"<p>3.2 Tiedon hakija Kun opiskelet, sinun t\u00e4ytyy osata etsi\u00e4 tietoa, koota tietoa sek\u00e4 arvioida ja analysoida erilaista tietoa. Ammattikorkeakoulun eli AMK:n opinnoissa painotetaan tieteellist\u00e4 ja teoreettista tietoa. T\u00e4t\u00e4 tietoa sinun t\u00e4ytyy pysty\u00e4 soveltamaan my\u00f6hemmin ty\u00f6el\u00e4m\u00e4ss\u00e4.\u00a0 AMK:n kirjaston ty\u00f6ntekij\u00e4t auttavat sinua, kun haet tietoa.\u00a0 Tiedon hankintaan tarvitaan erilaisia taitoja Kun haet tietoa, tarvitset erilaisia tiedon hankintataitoja. [&hellip;]<\/p>\n","protected":false},"author":1329,"featured_media":0,"parent":0,"menu_order":0,"comment_status":"closed","ping_status":"closed","template":"","meta":{"_et_pb_use_builder":"on","_et_pb_old_content":"","_et_gb_content_width":"","footnotes":""},"class_list":["post-26","page","type-page","status-publish","hentry"],"_links":{"self":[{"href":"https:\/\/blogi.eoppimispalvelut.fi\/siltaamk\/wp-json\/wp\/v2\/pages\/26","targetHints":{"allow":["GET"]}}],"collection":[{"href":"https:\/\/blogi.eoppimispalvelut.fi\/siltaamk\/wp-json\/wp\/v2\/pages"}],"about":[{"href":"https:\/\/blogi.eoppimispalvelut.fi\/siltaamk\/wp-json\/wp\/v2\/types\/page"}],"author":[{"embeddable":true,"href":"https:\/\/blogi.eoppimispalvelut.fi\/siltaamk\/wp-json\/wp\/v2\/users\/1329"}],"replies":[{"embeddable":true,"href":"https:\/\/blogi.eoppimispalvelut.fi\/siltaamk\/wp-json\/wp\/v2\/comments?post=26"}],"version-history":[{"count":11,"href":"https:\/\/blogi.eoppimispalvelut.fi\/siltaamk\/wp-json\/wp\/v2\/pages\/26\/revisions"}],"predecessor-version":[{"id":643,"href":"https:\/\/blogi.eoppimispalvelut.fi\/siltaamk\/wp-json\/wp\/v2\/pages\/26\/revisions\/643"}],"wp:attachment":[{"href":"https:\/\/blogi.eoppimispalvelut.fi\/siltaamk\/wp-json\/wp\/v2\/media?parent=26"}],"curies":[{"name":"wp","href":"https:\/\/api.w.org\/{rel}","templated":true}]}}