{"id":28,"date":"2022-09-03T12:48:20","date_gmt":"2022-09-03T09:48:20","guid":{"rendered":"https:\/\/blogi.eoppimispalvelut.fi\/siltaamk\/?page_id=28"},"modified":"2023-06-05T15:47:42","modified_gmt":"2023-06-05T12:47:42","slug":"3-3-vuorovaikutuksen-merkitys-opiskelussa","status":"publish","type":"page","link":"https:\/\/blogi.eoppimispalvelut.fi\/siltaamk\/3-3-vuorovaikutuksen-merkitys-opiskelussa\/","title":{"rendered":"3.3\u00a0 Vuorovaikutuksen merkitys opiskelussa"},"content":{"rendered":"<p>[et_pb_section fb_built=&#8221;1&#8243; custom_padding_last_edited=&#8221;on|desktop&#8221; admin_label=&#8221;Header&#8221; _builder_version=&#8221;4.16&#8243; use_background_color_gradient=&#8221;on&#8221; background_color_gradient_stops=&#8221;rgba(255,255,255,0.8) 0%|rgba(255,255,255,0.24) 80%&#8221; background_color_gradient_overlays_image=&#8221;on&#8221; background_color_gradient_start=&#8221;rgba(255,255,255,0.8)&#8221; background_color_gradient_end=&#8221;rgba(255,255,255,0.24)&#8221; background_color_gradient_end_position=&#8221;80%&#8221; background_image=&#8221;https:\/\/blogi.eoppimispalvelut.fi\/siltaamk\/files\/2022\/09\/language-school-illustration-12.png&#8221; background_size=&#8221;contain&#8221; background_position=&#8221;top_right&#8221; custom_padding=&#8221;110px||||false|false&#8221; custom_padding_tablet=&#8221;140px|0px|50px|0px|false|false&#8221; custom_padding_phone=&#8221;120px|||&#8221; global_colors_info=&#8221;{}&#8221;][et_pb_row column_structure=&#8221;1_2,1_2&#8243; _builder_version=&#8221;4.16&#8243; max_width=&#8221;1280px&#8221; use_custom_width=&#8221;on&#8221; custom_width_px=&#8221;1280px&#8221; global_colors_info=&#8221;{}&#8221;][et_pb_column type=&#8221;1_2&#8243; _builder_version=&#8221;4.16&#8243; custom_padding=&#8221;|||&#8221; global_colors_info=&#8221;{}&#8221; custom_padding__hover=&#8221;|||&#8221;][et_pb_text _builder_version=&#8221;4.20.4&#8243; text_font=&#8221;||||||||&#8221; text_font_size=&#8221;18px&#8221; text_line_height=&#8221;2em&#8221; header_font=&#8221;EB Garamond||||||||&#8221; header_font_size=&#8221;60px&#8221; header_line_height=&#8221;1.3em&#8221; max_width=&#8221;600px&#8221; text_font_size_tablet=&#8221;&#8221; text_font_size_phone=&#8221;15px&#8221; text_font_size_last_edited=&#8221;on|phone&#8221; text_line_height_tablet=&#8221;&#8221; text_line_height_phone=&#8221;1.6em&#8221; text_line_height_last_edited=&#8221;on|phone&#8221; header_font_size_tablet=&#8221;50px&#8221; header_font_size_phone=&#8221;32px&#8221; header_font_size_last_edited=&#8221;on|phone&#8221; global_colors_info=&#8221;{}&#8221;]<\/p>\n<h1>3.3 Vuorovaikutus opiskelussa ja ty\u00f6el\u00e4m\u00e4ss\u00e4<\/h1>\n<p><span style=\"font-weight: 400; color: #000000;\">Ihmisten v\u00e4lill\u00e4 on erilaisia vuorovaikutustilanteita. Vuorovaikutustilanteita ovat keskustelut, neuvottelut ja ty\u00f6skentely erilaisissa verkostoissa.\u00a0<\/span><\/p>\n<p><span style=\"font-weight: 400; color: #000000;\">Vuorovaikutustilanteissa tarvitset vuorovaikutustaitoja. Vuorovaikutustaitoja ovat muun muassa<\/span><\/p>\n<ul>\n<li><span style=\"font-weight: 400; color: #000000;\">kuunteleminen<\/span><\/li>\n<li><span style=\"font-weight: 400; color: #000000;\">aito l\u00e4sn\u00e4olo<\/span><\/li>\n<li><span style=\"font-weight: 400; color: #000000;\">kiinnostus<\/span><\/li>\n<li><span style=\"font-weight: 400; color: #000000;\">kyky asettua toisen asemaan eli empaattisuus<\/span><\/li>\n<li><span style=\"font-weight: 400; color: #000000;\">kyky tehd\u00e4 yhteisty\u00f6t\u00e4<\/span><\/li>\n<li><span style=\"font-weight: 400; color: #000000;\">j\u00e4m\u00e4kkyys<\/span><\/li>\n<li><span style=\"color: #000000;\">toisen tukeminen.<\/span><\/li>\n<\/ul>\n<h3><span style=\"font-weight: 400; color: #000000;\"><\/span><\/h3>\n<h3><strong><span style=\"color: #000000;\">Vuorovaikutustaidot ja opiskelu<\/span><\/strong><\/h3>\n<p><span style=\"font-weight: 400; color: #000000;\">Ammattikorkeakoulussa eli AMK:ssa opiskelet ty\u00f6el\u00e4m\u00e4n vuorovaikutustaitoja koko opiskelun ajan. Opiskelet vuorovaikutusta sek\u00e4 teoriassa ett\u00e4 k\u00e4yt\u00e4nn\u00f6ss\u00e4. Kun ensin opiskelet vuorovaikutusta teoriassa, silloin sinun on helpompi soveltaa tietoa k\u00e4yt\u00e4nn\u00f6ss\u00e4 eli harjoittelussa.<\/span><\/p>\n<p><span style=\"color: #000000;\">Kun valmistut AMK:sta, sinulla t\u00e4ytyy olla hyv\u00e4t vuorovaikutustaidot. Se tarkoittaa, ett\u00e4 osaat viesti\u00e4 omasta ty\u00f6st\u00e4si sek\u00e4 ty\u00f6yhteis\u00f6si<span style=\"font-weight: 400; color: #000000;\"> ty\u00f6ntekij\u00f6ille ett\u00e4 ulkopuolisille.\u00a0<\/span><\/span><\/p>\n<p><span style=\"color: #000000;\"><span style=\"font-weight: 400; color: #000000;\"><\/span><\/span><\/p>\n<h3><strong><span style=\"color: #000000;\">Vuorovaikutustaidot ja ty\u00f6el\u00e4m\u00e4<\/span><\/strong><\/h3>\n<p><span style=\"font-weight: 400; color: #000000;\">Vuorovaikutustaidot ovat erityisen t\u00e4rkeit\u00e4 niill\u00e4 aloilla, joilla tehd\u00e4\u00e4n ty\u00f6t\u00e4 asiakkaiden tai potilaiden kanssa. Voit k\u00e4ytt\u00e4\u00e4 vuorovaikutusta esimerkiksi silloin, kun haluat luoda hyv\u00e4n asiakassuhteen.\u00a0<\/span><\/p>\n<p><span style=\"font-weight: 400; color: #000000;\">Hyv\u00e4t vuorovaikutustaidot ovat t\u00e4rke\u00e4t, koska ne vaikuttavat positiivisesti ty\u00f6ntekij\u00e4\u00e4n ja ty\u00f6paikkaan. Kun ty\u00f6ntekij\u00e4ll\u00e4 on hyv\u00e4t vuorovaikutustaidot, silloin h\u00e4n on motivoitunut ja tyytyv\u00e4inen ty\u00f6h\u00f6ns\u00e4. H\u00e4nell\u00e4 on my\u00f6s v\u00e4hemm\u00e4n stressi\u00e4.\u00a0<\/span><span style=\"font-weight: 400; color: #000000;\"><\/span><\/p>\n<p><span style=\"font-weight: 400; color: #000000;\">Ty\u00f6ntekij\u00f6iden hyv\u00e4t vuorovaikutustaidot vaikuttavat positiivisesti koko ty\u00f6paikkaan. Silloin ty\u00f6paikan tulos on parempi, ja koko ty\u00f6yhteis\u00f6 voi hyvin.\u00a0<\/span><\/p>\n<p><span style=\"font-weight: 400; color: #000000;\"><\/span><\/p>\n<h3><strong><span style=\"color: #000000;\">Vuorovaikutustaidot ja tiimity\u00f6<\/span><\/strong><\/h3>\n<p><span style=\"color: #000000;\"><span style=\"font-weight: 400;\">Monissa ty\u00f6paikoissa tehd\u00e4\u00e4n ty\u00f6t\u00e4 tiimeiss\u00e4. Tiimin ty\u00f6ntekij\u00e4t joutuvat miettim\u00e4\u00e4n vuorovaikutusta, jotta ty\u00f6nteko sujuisi hyvin. He miettiv\u00e4t esimerkiksi, <\/span><span style=\"font-weight: 400;\">millaista on hyv\u00e4 vuorovaikutus<\/span><span style=\"font-weight: 400;\"><\/span><\/span><\/p>\n<ul>\n<li><span style=\"font-weight: 400; color: #000000;\">p\u00e4\u00e4t\u00f6ksenteossa<\/span><\/li>\n<li><span style=\"font-weight: 400; color: #000000;\">ongelmien ratkaisuissa<\/span><\/li>\n<li><span style=\"font-weight: 400; color: #000000;\">tapaamisten j\u00e4rjest\u00e4misess\u00e4<\/span><\/li>\n<li><span style=\"font-weight: 400; color: #000000;\">johtamisessa<\/span><\/li>\n<li><span style=\"font-weight: 400; color: #000000;\">vuorovaikutussuhteiden hallinnassa.<\/span><\/li>\n<\/ul>\n<p>&nbsp;<\/p>\n<p><span style=\"font-weight: 400;\"><\/span><\/p>\n<p>[\/et_pb_text][\/et_pb_column][et_pb_column type=&#8221;1_2&#8243; _builder_version=&#8221;4.16&#8243; custom_padding=&#8221;|||&#8221; global_colors_info=&#8221;{}&#8221; custom_padding__hover=&#8221;|||&#8221;][\/et_pb_column][\/et_pb_row][\/et_pb_section][et_pb_section fb_built=&#8221;1&#8243; admin_label=&#8221;About Us&#8221; _builder_version=&#8221;4.16&#8243; global_colors_info=&#8221;{}&#8221;][et_pb_row column_structure=&#8221;1_2,1_2&#8243; _builder_version=&#8221;4.16&#8243; locked=&#8221;off&#8221; global_colors_info=&#8221;{}&#8221;][et_pb_column type=&#8221;1_2&#8243; _builder_version=&#8221;4.16&#8243; custom_padding=&#8221;|||&#8221; global_colors_info=&#8221;{}&#8221; custom_padding__hover=&#8221;|||&#8221;][et_pb_blurb icon_placement=&#8221;left&#8221; image_icon_width=&#8221;100px&#8221; content_max_width=&#8221;1100px&#8221; image_icon_width_tablet=&#8221;100px&#8221; image_icon_width_phone=&#8221;50px&#8221; image_icon_width_last_edited=&#8221;on|phone&#8221; _builder_version=&#8221;4.20.4&#8243; header_font=&#8221;|600|||||||&#8221; header_font_size=&#8221;18px&#8221; header_line_height=&#8221;1.6em&#8221; body_font=&#8221;||||||||&#8221; body_font_size=&#8221;15px&#8221; body_line_height=&#8221;2em&#8221; animation_style=&#8221;fold&#8221; animation_direction=&#8221;left&#8221; animation_intensity_fold=&#8221;10%&#8221; animation=&#8221;off&#8221; header_font_size_tablet=&#8221;&#8221; header_font_size_phone=&#8221;15px&#8221; header_font_size_last_edited=&#8221;on|phone&#8221; body_line_height_tablet=&#8221;&#8221; body_line_height_phone=&#8221;1.6em&#8221; body_line_height_last_edited=&#8221;on|phone&#8221; image_max_width=&#8221;100px&#8221; image_max_width_tablet=&#8221;&#8221; image_max_width_phone=&#8221;50px&#8221; image_max_width_last_edited=&#8221;on|phone&#8221; locked=&#8221;off&#8221; global_colors_info=&#8221;{}&#8221;][\/et_pb_blurb][\/et_pb_column][et_pb_column type=&#8221;1_2&#8243; _builder_version=&#8221;4.16&#8243; custom_padding=&#8221;|||&#8221; global_colors_info=&#8221;{}&#8221; custom_padding__hover=&#8221;|||&#8221;][et_pb_image src=&#8221;https:\/\/blogi.eoppimispalvelut.fi\/siltaamk\/files\/2022\/09\/language-school-illustration-13.png&#8221; title_text=&#8221;language-school-illustration-13&#8243; _builder_version=&#8221;4.18.0&#8243; _module_preset=&#8221;default&#8221; global_colors_info=&#8221;{}&#8221;][\/et_pb_image][\/et_pb_column][\/et_pb_row][et_pb_row _builder_version=&#8221;4.16&#8243; max_width=&#8221;1280px&#8221; use_custom_width=&#8221;on&#8221; custom_width_px=&#8221;1280px&#8221; global_colors_info=&#8221;{}&#8221;][et_pb_column type=&#8221;4_4&#8243; _builder_version=&#8221;4.16&#8243; custom_padding=&#8221;|||&#8221; global_colors_info=&#8221;{}&#8221; custom_padding__hover=&#8221;|||&#8221;][et_pb_text _builder_version=&#8221;4.18.0&#8243; text_font=&#8221;EB Garamond|700|||||||&#8221; text_text_color=&#8221;rgba(0,0,0,0.02)&#8221; text_font_size=&#8221;80px&#8221; text_line_height=&#8221;0em&#8221; header_2_font=&#8221;EB Garamond||||||||&#8221; header_2_font_size=&#8221;50px&#8221; header_2_line_height=&#8221;1.3em&#8221; text_orientation=&#8221;center&#8221; text_font_size_tablet=&#8221;50px&#8221; text_font_size_phone=&#8221;30px&#8221; text_font_size_last_edited=&#8221;on|desktop&#8221; header_2_font_size_tablet=&#8221;40px&#8221; header_2_font_size_phone=&#8221;30px&#8221; header_2_font_size_last_edited=&#8221;on|phone&#8221; global_colors_info=&#8221;{}&#8221;]<\/p>\n<p>TEHT\u00c4V\u00c4T<\/p>\n<h2>Teht\u00e4v\u00e4t<\/h2>\n<p>[\/et_pb_text][\/et_pb_column][\/et_pb_row][\/et_pb_section][et_pb_section fb_built=&#8221;1&#8243; admin_label=&#8221;About Us&#8221; _builder_version=&#8221;4.16&#8243; global_colors_info=&#8221;{}&#8221;][et_pb_row column_structure=&#8221;1_2,1_2&#8243; _builder_version=&#8221;4.16&#8243; locked=&#8221;off&#8221; global_colors_info=&#8221;{}&#8221;][et_pb_column type=&#8221;1_2&#8243; _builder_version=&#8221;4.16&#8243; custom_padding=&#8221;|||&#8221; global_colors_info=&#8221;{}&#8221; custom_padding__hover=&#8221;|||&#8221;][et_pb_blurb title=&#8221;Teht\u00e4v\u00e4 1.&#8221; url_new_window=&#8221;on&#8221; image=&#8221;https:\/\/blogi.eoppimispalvelut.fi\/siltaamk\/files\/2022\/09\/language-school-illustration-20.png&#8221; icon_placement=&#8221;left&#8221; image_icon_width=&#8221;100px&#8221; content_max_width=&#8221;1100px&#8221; image_icon_width_tablet=&#8221;100px&#8221; image_icon_width_phone=&#8221;50px&#8221; image_icon_width_last_edited=&#8221;on|phone&#8221; _builder_version=&#8221;4.20.4&#8243; header_font=&#8221;|600|||||||&#8221; header_font_size=&#8221;18px&#8221; header_line_height=&#8221;1.6em&#8221; body_font=&#8221;||||||||&#8221; body_font_size=&#8221;15px&#8221; body_line_height=&#8221;2em&#8221; animation_style=&#8221;fold&#8221; animation_direction=&#8221;left&#8221; animation_intensity_fold=&#8221;10%&#8221; animation=&#8221;off&#8221; link_option_url=&#8221;http:\/\/www.kolumbus.fi\/juha.seppanen\/js\/ue\/eetpoh.htm&#8221; link_option_url_new_window=&#8221;on&#8221; header_font_size_tablet=&#8221;&#8221; header_font_size_phone=&#8221;15px&#8221; header_font_size_last_edited=&#8221;on|phone&#8221; body_line_height_tablet=&#8221;&#8221; body_line_height_phone=&#8221;1.6em&#8221; body_line_height_last_edited=&#8221;on|phone&#8221; image_max_width=&#8221;100px&#8221; image_max_width_tablet=&#8221;&#8221; image_max_width_phone=&#8221;50px&#8221; image_max_width_last_edited=&#8221;on|phone&#8221; global_colors_info=&#8221;{}&#8221;]<\/p>\n<p><iframe loading=\"lazy\" title=\"Olipa kerran ty\u00f6yhteis\u00f6\" width=\"1080\" height=\"608\" src=\"https:\/\/www.youtube.com\/embed\/LKmwnMPTuYQ?feature=oembed\"  allow=\"accelerometer; autoplay; clipboard-write; encrypted-media; gyroscope; picture-in-picture; web-share\" allowfullscreen><\/iframe><\/p>\n<p><span style=\"font-weight: 400;color: #000000\">Katso ensin video &#8220;Olipa kerran ty\u00f6yhteis\u00f6&#8221;. Videon on tehnyt Ty\u00f6turvallisuuskeskus.<br \/><\/span><\/p>\n<p><span style=\"font-weight: 400;color: #000000\">Vastaa sen j\u00e4lkeen seuraaviin kysymyksiin:<\/span><\/p>\n<ul>\n<li><span style=\"font-weight: 400;color: #000000\">millaisia vuorovaikutusongelmia huomasit tilanteessa?<\/span><\/li>\n<li><span style=\"font-weight: 400;color: #000000\">miten ty\u00f6ntekij\u00e4t yrittiv\u00e4t ratkaista ongelman?<\/span><\/li>\n<li><span style=\"font-weight: 400;color: #000000\">miten asiat lopulta ratkaistiin?<\/span><\/li>\n<li><span style=\"font-weight: 400;color: #000000\">mit\u00e4 seurauksia siit\u00e4 oli?<\/span><\/li>\n<li><span style=\"font-weight: 400;color: #000000\">mitk\u00e4 olivat mielest\u00e4si nelj\u00e4 t\u00e4rkeint\u00e4 vuorovaikutukseen liittyv\u00e4\u00e4 asiaa.<\/span><\/li>\n<\/ul>\n<p>[\/et_pb_blurb][et_pb_code _builder_version=&#8221;4.18.0&#8243; _module_preset=&#8221;default&#8221; global_colors_info=&#8221;{}&#8221;][\/et_pb_code][\/et_pb_column][et_pb_column type=&#8221;1_2&#8243; _builder_version=&#8221;4.16&#8243; custom_padding=&#8221;|||&#8221; global_colors_info=&#8221;{}&#8221; custom_padding__hover=&#8221;|||&#8221;][et_pb_blurb title=&#8221;Teht\u00e4v\u00e4 2.&#8221; image=&#8221;https:\/\/blogi.eoppimispalvelut.fi\/siltaamk\/files\/2022\/09\/language-school-illustration-20.png&#8221; icon_placement=&#8221;left&#8221; image_icon_width=&#8221;100px&#8221; content_max_width=&#8221;1100px&#8221; image_icon_width_tablet=&#8221;100px&#8221; image_icon_width_phone=&#8221;50px&#8221; image_icon_width_last_edited=&#8221;on|phone&#8221; _builder_version=&#8221;4.20.4&#8243; header_font=&#8221;|600|||||||&#8221; header_font_size=&#8221;18px&#8221; header_line_height=&#8221;1.6em&#8221; body_font=&#8221;||||||||&#8221; body_font_size=&#8221;15px&#8221; body_line_height=&#8221;2em&#8221; animation_style=&#8221;fold&#8221; animation_direction=&#8221;left&#8221; animation_intensity_fold=&#8221;10%&#8221; animation=&#8221;off&#8221; hover_enabled=&#8221;0&#8243; header_font_size_tablet=&#8221;&#8221; header_font_size_phone=&#8221;15px&#8221; header_font_size_last_edited=&#8221;on|phone&#8221; body_line_height_tablet=&#8221;&#8221; body_line_height_phone=&#8221;1.6em&#8221; body_line_height_last_edited=&#8221;on|phone&#8221; image_max_width=&#8221;100px&#8221; image_max_width_tablet=&#8221;&#8221; image_max_width_phone=&#8221;50px&#8221; image_max_width_last_edited=&#8221;on|phone&#8221; locked=&#8221;off&#8221; global_colors_info=&#8221;{}&#8221; sticky_enabled=&#8221;0&#8243;]<\/p>\n<p><span style=\"font-weight: 400; color: #000000;\">On t\u00e4rke\u00e4\u00e4, ett\u00e4 tunnistat omat tunteesi vuorovaikutustilanteissa. Silloin vuorovaikutustaitosi kehittyv\u00e4t paremmiksi. Omia tunteita kannattaa tarkastella ja hallita. <\/span><\/p>\n<p><span style=\"font-weight: 400; color: #000000;\">Omien tunteiden tunnistamista voi harjoitella esimerkiksi <\/span><span style=\"font-weight: 400; color: #000000;\">Mannerheimin lastensuojeluliiton tunnekorteilla. Tunnekorteissa on my\u00f6s kysymyksi\u00e4.\u00a0<\/span><\/p>\n<p><span style=\"text-decoration: underline;\"><strong style=\"font-size: 15px;\"><a href=\"https:\/\/www.mll.fi\/task-theme\/tunne-ja-vuorovaikutustaidot\/\" target=\"_blank\" rel=\"noopener\">Tutustu Mannerheimin lastensuojeluliiton tunnekortteihin ja vastaa kysymyksiin.<\/a><\/strong><\/span><\/p>\n<p>[\/et_pb_blurb][\/et_pb_column][\/et_pb_row][\/et_pb_section]<\/p>\n","protected":false},"excerpt":{"rendered":"<p>3.3 Vuorovaikutus opiskelussa ja ty\u00f6el\u00e4m\u00e4ss\u00e4 Ihmisten v\u00e4lill\u00e4 on erilaisia vuorovaikutustilanteita. Vuorovaikutustilanteita ovat keskustelut, neuvottelut ja ty\u00f6skentely erilaisissa verkostoissa.\u00a0 Vuorovaikutustilanteissa tarvitset vuorovaikutustaitoja. Vuorovaikutustaitoja ovat muun muassa kuunteleminen aito l\u00e4sn\u00e4olo kiinnostus kyky asettua toisen asemaan eli empaattisuus kyky tehd\u00e4 yhteisty\u00f6t\u00e4 j\u00e4m\u00e4kkyys toisen tukeminen. Vuorovaikutustaidot ja opiskelu Ammattikorkeakoulussa eli AMK:ssa opiskelet ty\u00f6el\u00e4m\u00e4n vuorovaikutustaitoja koko opiskelun ajan. Opiskelet vuorovaikutusta [&hellip;]<\/p>\n","protected":false},"author":1329,"featured_media":0,"parent":0,"menu_order":0,"comment_status":"closed","ping_status":"closed","template":"","meta":{"_et_pb_use_builder":"on","_et_pb_old_content":"","_et_gb_content_width":"","footnotes":""},"class_list":["post-28","page","type-page","status-publish","hentry"],"_links":{"self":[{"href":"https:\/\/blogi.eoppimispalvelut.fi\/siltaamk\/wp-json\/wp\/v2\/pages\/28","targetHints":{"allow":["GET"]}}],"collection":[{"href":"https:\/\/blogi.eoppimispalvelut.fi\/siltaamk\/wp-json\/wp\/v2\/pages"}],"about":[{"href":"https:\/\/blogi.eoppimispalvelut.fi\/siltaamk\/wp-json\/wp\/v2\/types\/page"}],"author":[{"embeddable":true,"href":"https:\/\/blogi.eoppimispalvelut.fi\/siltaamk\/wp-json\/wp\/v2\/users\/1329"}],"replies":[{"embeddable":true,"href":"https:\/\/blogi.eoppimispalvelut.fi\/siltaamk\/wp-json\/wp\/v2\/comments?post=28"}],"version-history":[{"count":19,"href":"https:\/\/blogi.eoppimispalvelut.fi\/siltaamk\/wp-json\/wp\/v2\/pages\/28\/revisions"}],"predecessor-version":[{"id":699,"href":"https:\/\/blogi.eoppimispalvelut.fi\/siltaamk\/wp-json\/wp\/v2\/pages\/28\/revisions\/699"}],"wp:attachment":[{"href":"https:\/\/blogi.eoppimispalvelut.fi\/siltaamk\/wp-json\/wp\/v2\/media?parent=28"}],"curies":[{"name":"wp","href":"https:\/\/api.w.org\/{rel}","templated":true}]}}