{"id":30,"date":"2022-09-03T12:49:04","date_gmt":"2022-09-03T09:49:04","guid":{"rendered":"https:\/\/blogi.eoppimispalvelut.fi\/siltaamk\/?page_id=30"},"modified":"2023-06-05T16:02:29","modified_gmt":"2023-06-05T13:02:29","slug":"3-4-digitaalisten-menetelmien-kaytto-opiskelussa-ja-ammatissa","status":"publish","type":"page","link":"https:\/\/blogi.eoppimispalvelut.fi\/siltaamk\/3-4-digitaalisten-menetelmien-kaytto-opiskelussa-ja-ammatissa\/","title":{"rendered":"3.4\u00a0 Digitaalisten menetelmien k\u00e4ytt\u00f6 opiskelussa ja ammatissa"},"content":{"rendered":"<p>[et_pb_section fb_built=&#8221;1&#8243; custom_padding_last_edited=&#8221;on|desktop&#8221; admin_label=&#8221;Header&#8221; _builder_version=&#8221;4.16&#8243; use_background_color_gradient=&#8221;on&#8221; background_color_gradient_stops=&#8221;rgba(255,255,255,0.8) 0%|rgba(255,255,255,0.24) 80%&#8221; background_color_gradient_overlays_image=&#8221;on&#8221; background_color_gradient_start=&#8221;rgba(255,255,255,0.8)&#8221; background_color_gradient_end=&#8221;rgba(255,255,255,0.24)&#8221; background_color_gradient_end_position=&#8221;80%&#8221; background_image=&#8221;https:\/\/blogi.eoppimispalvelut.fi\/siltaamk\/files\/2022\/09\/language-school-illustration-12.png&#8221; background_size=&#8221;contain&#8221; background_position=&#8221;top_right&#8221; custom_padding=&#8221;110px||||false|false&#8221; custom_padding_tablet=&#8221;140px|0px|50px|0px|false|false&#8221; custom_padding_phone=&#8221;120px|||&#8221; global_colors_info=&#8221;{}&#8221;][et_pb_row column_structure=&#8221;1_2,1_2&#8243; _builder_version=&#8221;4.16&#8243; max_width=&#8221;1280px&#8221; use_custom_width=&#8221;on&#8221; custom_width_px=&#8221;1280px&#8221; global_colors_info=&#8221;{}&#8221;][et_pb_column type=&#8221;1_2&#8243; _builder_version=&#8221;4.16&#8243; custom_padding=&#8221;|||&#8221; global_colors_info=&#8221;{}&#8221; custom_padding__hover=&#8221;|||&#8221;][et_pb_text _builder_version=&#8221;4.20.4&#8243; text_font=&#8221;||||||||&#8221; text_font_size=&#8221;18px&#8221; text_line_height=&#8221;2em&#8221; header_font=&#8221;EB Garamond||||||||&#8221; header_font_size=&#8221;60px&#8221; header_line_height=&#8221;1.3em&#8221; max_width=&#8221;600px&#8221; text_font_size_tablet=&#8221;&#8221; text_font_size_phone=&#8221;15px&#8221; text_font_size_last_edited=&#8221;on|phone&#8221; text_line_height_tablet=&#8221;&#8221; text_line_height_phone=&#8221;1.6em&#8221; text_line_height_last_edited=&#8221;on|phone&#8221; header_font_size_tablet=&#8221;50px&#8221; header_font_size_phone=&#8221;32px&#8221; header_font_size_last_edited=&#8221;on|phone&#8221; global_colors_info=&#8221;{}&#8221;]<\/p>\n<h1>3.4 Digitaalisten menetelmien k\u00e4ytt\u00f6<\/h1>\n<p><span style=\"font-weight: 400;color: #000000\">Ammattikorkeakoulun eli AMK:n opinnoissa tarvitset digitaitoja eli tietotekniikkataitoja ja viestint\u00e4taitoja. Sinun t\u00e4ytyy osata k\u00e4ytt\u00e4\u00e4 internetti\u00e4, jotta voit opiskella verkossa. Lis\u00e4ksi sinulla t\u00e4ytyy olla perustietoa tietoturvasta ja tekij\u00e4noikeuksista. <\/span><\/p>\n<p><span style=\"font-weight: 400;color: #000000\">On t\u00e4rke\u00e4\u00e4, ett\u00e4 digitaitosi kehittyv\u00e4t. Silloin my\u00f6s opintosi etenev\u00e4t hyvin. Mit\u00e4 paremmin tutustut Lapin ammattikorkeakoulun digiymp\u00e4rist\u00f6\u00f6n, sit\u00e4 paremmin p\u00e4\u00e4set opinnoissasi eteenp\u00e4in.<\/span><\/p>\n<p><span style=\"font-weight: 400;color: #000000\">Muista, ett\u00e4 tarvitset hyvi\u00e4 digitaitoja my\u00f6s my\u00f6hemmin ty\u00f6el\u00e4m\u00e4ss\u00e4.\u00a0<\/span><\/p>\n<p>[\/et_pb_text][\/et_pb_column][et_pb_column type=&#8221;1_2&#8243; _builder_version=&#8221;4.16&#8243; custom_padding=&#8221;|||&#8221; global_colors_info=&#8221;{}&#8221; custom_padding__hover=&#8221;|||&#8221;][\/et_pb_column][\/et_pb_row][et_pb_row column_structure=&#8221;1_2,1_2&#8243; _builder_version=&#8221;4.16&#8243; locked=&#8221;off&#8221; global_colors_info=&#8221;{}&#8221;][et_pb_column type=&#8221;1_2&#8243; _builder_version=&#8221;4.16&#8243; custom_padding=&#8221;|||&#8221; global_colors_info=&#8221;{}&#8221; custom_padding__hover=&#8221;|||&#8221;][et_pb_blurb title=&#8221;Lapin AMK:ssa  opiskelet useissa digitaalisissa  j\u00e4rjestelmiss\u00e4 yksin ja yhdess\u00e4&#8221; icon_placement=&#8221;left&#8221; image_icon_width=&#8221;100px&#8221; content_max_width=&#8221;1100px&#8221; image_icon_width_tablet=&#8221;100px&#8221; image_icon_width_phone=&#8221;50px&#8221; image_icon_width_last_edited=&#8221;on|phone&#8221; _builder_version=&#8221;4.20.4&#8243; header_font=&#8221;|600|||||||&#8221; header_font_size=&#8221;18px&#8221; header_line_height=&#8221;1.6em&#8221; body_font=&#8221;||||||||&#8221; body_font_size=&#8221;15px&#8221; body_line_height=&#8221;2em&#8221; animation_style=&#8221;fold&#8221; animation_direction=&#8221;left&#8221; animation_intensity_fold=&#8221;10%&#8221; animation=&#8221;off&#8221; hover_enabled=&#8221;0&#8243; header_font_size_tablet=&#8221;&#8221; header_font_size_phone=&#8221;15px&#8221; header_font_size_last_edited=&#8221;on|phone&#8221; body_line_height_tablet=&#8221;&#8221; body_line_height_phone=&#8221;1.6em&#8221; body_line_height_last_edited=&#8221;on|phone&#8221; image_max_width=&#8221;100px&#8221; image_max_width_tablet=&#8221;&#8221; image_max_width_phone=&#8221;50px&#8221; image_max_width_last_edited=&#8221;on|phone&#8221; locked=&#8221;off&#8221; global_colors_info=&#8221;{}&#8221; sticky_enabled=&#8221;0&#8243;]<\/p>\n<p><span style=\"font-weight: 400; color: #000000;\">Ammattikorkeakoulun opinnoissa k\u00e4yt\u00e4t monia erilaisia digitaalisia palveluja esimerkiksi kirjaston digitaalisia palveluja. Lis\u00e4ksi tapaat opettajia ja opiskelukavereita verkossa.\u00a0<\/span><\/p>\n<p><span style=\"font-weight: 400; color: #000000;\">Kaikki Lapin AMK:n opiskelijat eiv\u00e4t opiskele samalla paikkakunnalla. Siit\u00e4 huolimatta opiskelijat voivat tehd\u00e4 teht\u00e4vi\u00e4 ja ryhm\u00e4t\u00f6it\u00e4 yhdess\u00e4 erilaisten digitaalisten ty\u00f6kalujen avulla.\u00a0<\/span><\/p>\n<p><span style=\"font-weight: 400; color: #000000;\">Kun opiskelet Lapin AMK:ssa, saat k\u00e4ytt\u00e4\u00e4 Microsoft 365 -sovelluksia ilmaiseksi. Sinun t\u00e4ytyy kuitenkin hankkia itse tietokone, jossa on kamera sek\u00e4 kuulokkeet. Tarvitset n\u00e4it\u00e4 verkko-opinnoissa.\u00a0<\/span><\/p>\n<p><span style=\"color: #000000;\">Seuraavaksi kerromme erilaisista digitaalisista palveluista, joita meill\u00e4 Lapin AMK:ssa on k\u00e4yt\u00f6ss\u00e4. Tutustu palveluihin. Tarvitset niit\u00e4, kun opiskelet meill\u00e4.\u00a0<\/span><\/p>\n<p><span style=\"font-weight: 400; color: #000000;\"><\/span><\/p>\n<p><span style=\"color: #000000;\"><strong>eOppimispalvelut<\/strong><\/span><\/p>\n<p><span style=\"font-weight: 400;\"><span><span style=\"color: #000000;\">eOppimispalvelusta saat nopeasti apua, jos sinulla on ongelmia Moodlen, Zoomin, Office 365 tai Googlen kanssa.\u00a0<\/span><\/span><\/span><\/p>\n<p><span style=\"text-decoration: underline;\"><strong><a href=\"https:\/\/eoppimispalvelut.fi\/\" target=\"_blank\" rel=\"noopener\">Katso eOppimispalveluiden tukihenkil\u00f6iden yhteystiedot, kirjautumislinkit ty\u00f6v\u00e4lineisiin sek\u00e4 ty\u00f6v\u00e4lineiden k\u00e4ytt\u00f6ohjeet t\u00e4\u00e4lt\u00e4.<\/a><\/strong><\/span><\/p>\n<p><span style=\"font-weight: 400;\"><span><\/span><\/span><\/p>\n<p><span style=\"color: #000000;\"><strong>Peppi<\/strong><\/span><\/p>\n<p><span style=\"color: #000000;\">Peppi on sinulle t\u00e4rke\u00e4 j\u00e4rjestelm\u00e4, kun opiskelet Lapin AMK:ssa.\u00a0<\/span><\/p>\n<p><span style=\"color: #000000;\">Kirjaudu Peppiin korkeakoulun k\u00e4ytt\u00e4j\u00e4tunnuksilla. <\/span><\/p>\n<p><span style=\"color: #000000;\">Kun olet kirjautunut, voit tehd\u00e4 Pepiss\u00e4 seuraavia asioita:<\/span><\/p>\n<ul>\n<li><span style=\"color: #000000;\">voit katsoa omia opiskeluoikeustietojasi<\/span><\/li>\n<li><span style=\"color: #000000;\">p\u00e4ivitt\u00e4\u00e4 henkil\u00f6tietojasi<\/span><\/li>\n<li><span style=\"color: #000000;\">suunnitella omaa HOPSiasi<\/span><\/li>\n<li><span style=\"color: #000000;\"> ilmoittautua opintojaksoille<\/span><\/li>\n<li><span style=\"color: #000000;\"> ilmoittautua lukuvuodelle l\u00e4sn\u00e4olevaksi tai poissaolevaksi<\/span><\/li>\n<li><span style=\"color: #000000;\">katsoa opintosuorituksiasi <\/span><\/li>\n<li><span style=\"color: #000000;\">tehd\u00e4 hyv\u00e4ksilukuhakemuksia<\/span><\/li>\n<li><span style=\"color: #000000;\">katsoa omaa lukuj\u00e4rjestyst\u00e4<\/span><\/li>\n<li><span style=\"color: #000000;\">tilata s\u00e4hk\u00f6isi\u00e4 todistuksia, jotka koulu on varmentanut.<\/span><\/li>\n<\/ul>\n<p><span style=\"text-decoration: underline;\"><strong><a href=\"https:\/\/blogi.eoppimispalvelut.fi\/peppi-ohjeet\/opiskelijalle\/\" target=\"_blank\" rel=\"noopener\">Katso tarkemmat ohjeet Pepin k\u00e4yt\u00f6st\u00e4 t\u00e4\u00e4lt\u00e4.<\/a><\/strong><\/span><span style=\"font-weight: 400;\"><\/span><\/p>\n<p>&nbsp;<\/p>\n<p><span style=\"color: #000000;\"><strong>Tuudo<\/strong><\/span><\/p>\n<p><span style=\"font-weight: 400; color: #000000;\">Tuudo on mobiilisovellus, joka helpottaa arkeasi. <\/span><\/p>\n<p><span style=\"font-weight: 400; color: #000000;\">Tuudossa<\/span><\/p>\n<ul>\n<li><span style=\"font-weight: 400; color: #000000;\">voit ilmoittautua opintoihin<\/span><\/li>\n<li><span style=\"color: #000000;\">saat ilmoituksia opintoihin liittyvist\u00e4 p\u00e4iv\u00e4m\u00e4\u00e4rist\u00e4, esimerkiksi teht\u00e4vien viimeiset palautusp\u00e4iv\u00e4t.\u00a0<\/span><\/li>\n<\/ul>\n<p><span style=\"font-weight: 400; color: #000000;\">Tuudosta l\u00f6yd\u00e4t my\u00f6s <\/span><\/p>\n<ul>\n<li><span style=\"font-weight: 400; color: #000000;\">lukuj\u00e4rjestykset<\/span><\/li>\n<li><span style=\"font-weight: 400; color: #000000;\">ruokalistat<\/span><\/li>\n<li><span style=\"font-weight: 400; color: #000000;\">kampuksen pohjapiirrokset.<\/span><\/li>\n<\/ul>\n<p><span style=\"text-decoration: underline;\"><strong><a href=\"https:\/\/youtu.be\/zwAYRZfoDaU\" target=\"_blank\" rel=\"noopener\">Katso ohjevideo Tuudon k\u00e4yt\u00f6st\u00e4.<\/a><\/strong><\/span><span style=\"font-weight: 400;\"><\/span><\/p>\n<p><span style=\"font-weight: 400;\"><\/span><\/p>\n<p><span style=\"font-weight: 400;\"><\/span><\/p>\n<p><span style=\"color: #000000;\"><strong>EXAM<\/strong><\/span><\/p>\n<p><span style=\"color: #000000;\">EXAM on digitaalinen tila, jossa voit tehd\u00e4 tentin, milloin haluat. EXAM:ssa voit tehd\u00e4 vain ne tentit, jotka opettaja on tallentanut sinne etuk\u00e4teen.\u00a0<\/span><\/p>\n<p><span style=\"color: #000000;\">EXAM helpottaa opintojen suunnittelua, koska EXAM:ssa voi tehd\u00e4 tentit silloin, kun sinulle parhaiten sopii. EXAM on my\u00f6s rauhallisempi tenttiymp\u00e4rist\u00f6 kuin normaali tenttiymp\u00e4rist\u00f6 koulussa.\u00a0<\/span><\/p>\n<p><span style=\"color: #000000;\">EXAM:ssa voit tehd\u00e4 my\u00f6s muiden korkeakoulujen tenttej\u00e4, jos ne k\u00e4ytt\u00e4v\u00e4t EXAM:ia.<\/span><\/p>\n<p><span style=\"font-weight: 400;\"><\/span><span style=\"text-decoration: underline;\"><strong><a href=\"https:\/\/www.lapinamk.fi\/fi\/Opiskelijalle\/Opintojen-suunnittelu\/Tenttikaytanto\/Tenttiakvaario-Exam\" target=\"_blank\" rel=\"noopener\">T\u00e4st\u00e4 p\u00e4\u00e4set EXAM:iin<\/a><\/strong><\/span><\/p>\n<p>[\/et_pb_blurb][\/et_pb_column][et_pb_column type=&#8221;1_2&#8243; _builder_version=&#8221;4.16&#8243; custom_padding=&#8221;|||&#8221; global_colors_info=&#8221;{}&#8221; custom_padding__hover=&#8221;|||&#8221;][et_pb_image src=&#8221;https:\/\/blogi.eoppimispalvelut.fi\/siltaamk\/files\/2022\/09\/language-school-illustration-13.png&#8221; title_text=&#8221;language-school-illustration-13&#8243; _builder_version=&#8221;4.18.0&#8243; _module_preset=&#8221;default&#8221; global_colors_info=&#8221;{}&#8221;][\/et_pb_image][\/et_pb_column][\/et_pb_row][\/et_pb_section][et_pb_section fb_built=&#8221;1&#8243; admin_label=&#8221;About Us&#8221; _builder_version=&#8221;4.16&#8243; global_colors_info=&#8221;{}&#8221;][et_pb_row _builder_version=&#8221;4.16&#8243; max_width=&#8221;1280px&#8221; use_custom_width=&#8221;on&#8221; custom_width_px=&#8221;1280px&#8221; global_colors_info=&#8221;{}&#8221;][et_pb_column type=&#8221;4_4&#8243; _builder_version=&#8221;4.16&#8243; custom_padding=&#8221;|||&#8221; global_colors_info=&#8221;{}&#8221; custom_padding__hover=&#8221;|||&#8221;][et_pb_text _builder_version=&#8221;4.18.0&#8243; text_font=&#8221;EB Garamond|700|||||||&#8221; text_text_color=&#8221;rgba(0,0,0,0.02)&#8221; text_font_size=&#8221;80px&#8221; text_line_height=&#8221;0em&#8221; header_2_font=&#8221;EB Garamond||||||||&#8221; header_2_font_size=&#8221;50px&#8221; header_2_line_height=&#8221;1.3em&#8221; text_orientation=&#8221;center&#8221; text_font_size_tablet=&#8221;50px&#8221; text_font_size_phone=&#8221;30px&#8221; text_font_size_last_edited=&#8221;on|desktop&#8221; header_2_font_size_tablet=&#8221;40px&#8221; header_2_font_size_phone=&#8221;30px&#8221; header_2_font_size_last_edited=&#8221;on|phone&#8221; global_colors_info=&#8221;{}&#8221;]<\/p>\n<p>TEHT\u00c4V\u00c4T<\/p>\n<h2>Teht\u00e4v\u00e4t<\/h2>\n<p>[\/et_pb_text][\/et_pb_column][\/et_pb_row][\/et_pb_section][et_pb_section fb_built=&#8221;1&#8243; admin_label=&#8221;About Us&#8221; _builder_version=&#8221;4.16&#8243; global_colors_info=&#8221;{}&#8221;][et_pb_row column_structure=&#8221;1_2,1_2&#8243; _builder_version=&#8221;4.16&#8243; locked=&#8221;off&#8221; global_colors_info=&#8221;{}&#8221;][et_pb_column type=&#8221;1_2&#8243; _builder_version=&#8221;4.16&#8243; custom_padding=&#8221;|||&#8221; global_colors_info=&#8221;{}&#8221; custom_padding__hover=&#8221;|||&#8221;][et_pb_blurb title=&#8221;Teht\u00e4v\u00e4 1.&#8221; url_new_window=&#8221;on&#8221; image=&#8221;https:\/\/blogi.eoppimispalvelut.fi\/siltaamk\/files\/2022\/09\/language-school-illustration-20.png&#8221; icon_placement=&#8221;left&#8221; image_icon_width=&#8221;100px&#8221; content_max_width=&#8221;1100px&#8221; image_icon_width_tablet=&#8221;100px&#8221; image_icon_width_phone=&#8221;50px&#8221; image_icon_width_last_edited=&#8221;on|phone&#8221; _builder_version=&#8221;4.20.4&#8243; header_font=&#8221;|600|||||||&#8221; header_font_size=&#8221;18px&#8221; header_line_height=&#8221;1.6em&#8221; body_font=&#8221;||||||||&#8221; body_font_size=&#8221;15px&#8221; body_line_height=&#8221;2em&#8221; animation_style=&#8221;fold&#8221; animation_direction=&#8221;left&#8221; animation_intensity_fold=&#8221;10%&#8221; animation=&#8221;off&#8221; link_option_url=&#8221;https:\/\/yle.fi\/aihe\/digitreenit&#8221; link_option_url_new_window=&#8221;on&#8221; hover_enabled=&#8221;0&#8243; header_font_size_tablet=&#8221;&#8221; header_font_size_phone=&#8221;15px&#8221; header_font_size_last_edited=&#8221;on|phone&#8221; body_line_height_tablet=&#8221;&#8221; body_line_height_phone=&#8221;1.6em&#8221; body_line_height_last_edited=&#8221;on|phone&#8221; image_max_width=&#8221;100px&#8221; image_max_width_tablet=&#8221;&#8221; image_max_width_phone=&#8221;50px&#8221; image_max_width_last_edited=&#8221;on|phone&#8221; global_colors_info=&#8221;{}&#8221; sticky_enabled=&#8221;0&#8243;]<\/p>\n<p><span style=\"text-decoration: underline;\"><strong><a href=\"https:\/\/yle.fi\/aihe\/digitreenit\" target=\"_blank\" rel=\"noopener\">Tutustu Ylen Digitreeneihin t\u00e4st\u00e4.<\/a><\/strong><\/span><\/p>\n<p><span style=\"color: #000000;\">Millaiset digitaidot sinulla on? Testaa digitaitosi.<\/span><\/p>\n<p><span style=\"text-decoration: underline;\"><strong><a href=\"https:\/\/yle.fi\/aihe\/a\/20-10001162\" target=\"_blank\" rel=\"noopener\">Tee Ylen digitesti t\u00e4st\u00e4.<\/a><\/strong><\/span><\/p>\n<p>&nbsp;<\/p>\n<p>[\/et_pb_blurb][\/et_pb_column][et_pb_column type=&#8221;1_2&#8243; _builder_version=&#8221;4.16&#8243; custom_padding=&#8221;|||&#8221; global_colors_info=&#8221;{}&#8221; custom_padding__hover=&#8221;|||&#8221;][et_pb_blurb title=&#8221;Teht\u00e4v\u00e4 2.&#8221; image=&#8221;https:\/\/blogi.eoppimispalvelut.fi\/siltaamk\/files\/2022\/09\/language-school-illustration-20.png&#8221; icon_placement=&#8221;left&#8221; image_icon_width=&#8221;100px&#8221; content_max_width=&#8221;1100px&#8221; image_icon_width_tablet=&#8221;100px&#8221; image_icon_width_phone=&#8221;50px&#8221; image_icon_width_last_edited=&#8221;on|phone&#8221; _builder_version=&#8221;4.20.4&#8243; header_font=&#8221;|600|||||||&#8221; header_font_size=&#8221;18px&#8221; header_line_height=&#8221;1.6em&#8221; body_font=&#8221;||||||||&#8221; body_font_size=&#8221;15px&#8221; body_line_height=&#8221;2em&#8221; animation_style=&#8221;fold&#8221; animation_direction=&#8221;left&#8221; animation_intensity_fold=&#8221;10%&#8221; animation=&#8221;off&#8221; hover_enabled=&#8221;0&#8243; header_font_size_tablet=&#8221;&#8221; header_font_size_phone=&#8221;15px&#8221; header_font_size_last_edited=&#8221;on|phone&#8221; body_line_height_tablet=&#8221;&#8221; body_line_height_phone=&#8221;1.6em&#8221; body_line_height_last_edited=&#8221;on|phone&#8221; image_max_width=&#8221;100px&#8221; image_max_width_tablet=&#8221;&#8221; image_max_width_phone=&#8221;50px&#8221; image_max_width_last_edited=&#8221;on|phone&#8221; locked=&#8221;off&#8221; global_colors_info=&#8221;{}&#8221; sticky_enabled=&#8221;0&#8243;]<\/p>\n<p><strong><span style=\"text-decoration: underline;\"><a href=\"https:\/\/www.digibagi.fi\/\" target=\"_blank\" rel=\"noopener\">Tutustu Digibagiin t\u00e4st\u00e4.<\/a><\/span><\/strong><\/p>\n<p>&nbsp;<\/p>\n<p>[\/et_pb_blurb][\/et_pb_column][\/et_pb_row][\/et_pb_section]<\/p>\n","protected":false},"excerpt":{"rendered":"<p>3.4 Digitaalisten menetelmien k\u00e4ytt\u00f6 Ammattikorkeakoulun eli AMK:n opinnoissa tarvitset digitaitoja eli tietotekniikkataitoja ja viestint\u00e4taitoja. Sinun t\u00e4ytyy osata k\u00e4ytt\u00e4\u00e4 internetti\u00e4, jotta voit opiskella verkossa. Lis\u00e4ksi sinulla t\u00e4ytyy olla perustietoa tietoturvasta ja tekij\u00e4noikeuksista. On t\u00e4rke\u00e4\u00e4, ett\u00e4 digitaitosi kehittyv\u00e4t. Silloin my\u00f6s opintosi etenev\u00e4t hyvin. Mit\u00e4 paremmin tutustut Lapin ammattikorkeakoulun digiymp\u00e4rist\u00f6\u00f6n, sit\u00e4 paremmin p\u00e4\u00e4set opinnoissasi eteenp\u00e4in. Muista, ett\u00e4 tarvitset [&hellip;]<\/p>\n","protected":false},"author":1329,"featured_media":0,"parent":0,"menu_order":0,"comment_status":"closed","ping_status":"closed","template":"","meta":{"_et_pb_use_builder":"on","_et_pb_old_content":"","_et_gb_content_width":"","footnotes":""},"class_list":["post-30","page","type-page","status-publish","hentry"],"_links":{"self":[{"href":"https:\/\/blogi.eoppimispalvelut.fi\/siltaamk\/wp-json\/wp\/v2\/pages\/30","targetHints":{"allow":["GET"]}}],"collection":[{"href":"https:\/\/blogi.eoppimispalvelut.fi\/siltaamk\/wp-json\/wp\/v2\/pages"}],"about":[{"href":"https:\/\/blogi.eoppimispalvelut.fi\/siltaamk\/wp-json\/wp\/v2\/types\/page"}],"author":[{"embeddable":true,"href":"https:\/\/blogi.eoppimispalvelut.fi\/siltaamk\/wp-json\/wp\/v2\/users\/1329"}],"replies":[{"embeddable":true,"href":"https:\/\/blogi.eoppimispalvelut.fi\/siltaamk\/wp-json\/wp\/v2\/comments?post=30"}],"version-history":[{"count":28,"href":"https:\/\/blogi.eoppimispalvelut.fi\/siltaamk\/wp-json\/wp\/v2\/pages\/30\/revisions"}],"predecessor-version":[{"id":706,"href":"https:\/\/blogi.eoppimispalvelut.fi\/siltaamk\/wp-json\/wp\/v2\/pages\/30\/revisions\/706"}],"wp:attachment":[{"href":"https:\/\/blogi.eoppimispalvelut.fi\/siltaamk\/wp-json\/wp\/v2\/media?parent=30"}],"curies":[{"name":"wp","href":"https:\/\/api.w.org\/{rel}","templated":true}]}}