{"id":32,"date":"2022-09-03T12:52:05","date_gmt":"2022-09-03T09:52:05","guid":{"rendered":"https:\/\/blogi.eoppimispalvelut.fi\/siltaamk\/?page_id=32"},"modified":"2023-06-07T12:44:57","modified_gmt":"2023-06-07T09:44:57","slug":"3-5-itseohjautuvuus-opinnoissa-ja-tyoelamataitona","status":"publish","type":"page","link":"https:\/\/blogi.eoppimispalvelut.fi\/siltaamk\/3-5-itseohjautuvuus-opinnoissa-ja-tyoelamataitona\/","title":{"rendered":"3.5\u00a0 Itseohjautuvuus opinnoissa ja ty\u00f6el\u00e4m\u00e4taitona"},"content":{"rendered":"<p>[et_pb_section fb_built=&#8221;1&#8243; custom_padding_last_edited=&#8221;on|desktop&#8221; admin_label=&#8221;Header&#8221; _builder_version=&#8221;4.16&#8243; use_background_color_gradient=&#8221;on&#8221; background_color_gradient_stops=&#8221;rgba(255,255,255,0.8) 0%|rgba(255,255,255,0.24) 80%&#8221; background_color_gradient_overlays_image=&#8221;on&#8221; background_color_gradient_start=&#8221;rgba(255,255,255,0.8)&#8221; background_color_gradient_end=&#8221;rgba(255,255,255,0.24)&#8221; background_color_gradient_end_position=&#8221;80%&#8221; background_image=&#8221;https:\/\/blogi.eoppimispalvelut.fi\/siltaamk\/files\/2022\/09\/language-school-illustration-12.png&#8221; background_size=&#8221;contain&#8221; background_position=&#8221;top_right&#8221; custom_padding=&#8221;110px||||false|false&#8221; custom_padding_tablet=&#8221;140px|0px|50px|0px|false|false&#8221; custom_padding_phone=&#8221;120px|||&#8221; global_colors_info=&#8221;{}&#8221;][et_pb_row column_structure=&#8221;1_2,1_2&#8243; _builder_version=&#8221;4.16&#8243; max_width=&#8221;1280px&#8221; use_custom_width=&#8221;on&#8221; custom_width_px=&#8221;1280px&#8221; global_colors_info=&#8221;{}&#8221;][et_pb_column type=&#8221;1_2&#8243; _builder_version=&#8221;4.16&#8243; custom_padding=&#8221;|||&#8221; global_colors_info=&#8221;{}&#8221; custom_padding__hover=&#8221;|||&#8221;][et_pb_text _builder_version=&#8221;4.20.4&#8243; text_font=&#8221;||||||||&#8221; text_font_size=&#8221;18px&#8221; text_line_height=&#8221;2em&#8221; header_font=&#8221;EB Garamond||||||||&#8221; header_font_size=&#8221;60px&#8221; header_line_height=&#8221;1.3em&#8221; max_width=&#8221;600px&#8221; text_font_size_tablet=&#8221;&#8221; text_font_size_phone=&#8221;15px&#8221; text_font_size_last_edited=&#8221;on|phone&#8221; text_line_height_tablet=&#8221;&#8221; text_line_height_phone=&#8221;1.6em&#8221; text_line_height_last_edited=&#8221;on|phone&#8221; header_font_size_tablet=&#8221;50px&#8221; header_font_size_phone=&#8221;32px&#8221; header_font_size_last_edited=&#8221;on|phone&#8221; global_colors_info=&#8221;{}&#8221;]<\/p>\n<h1>3.5 Itseohjautuvuus opinnoissa ja ty\u00f6el\u00e4m\u00e4taitona<\/h1>\n<p><span style=\"font-weight: 400;color: #000000\">Itseohjautuvuus tarkoittaa, ett\u00e4 ohjaat itse omaa ty\u00f6skentely\u00e4si ilman, ett\u00e4 kukaan valvoo sit\u00e4. Kannat vastuun opiskelustasi, ja osaat suunnitella opintosi. Tarvitset itseohjautuvuutta, jotta opintosi voivat edet\u00e4.\u00a0<\/span><\/p>\n<p><strong><span style=\"text-decoration: underline\"><span style=\"color: #000000\"><a href=\"https:\/\/www.lapinamk.fi\/fi\/Hakijalle\/Avoin-AMK\/AMK-opiskelu\" target=\"_blank\" rel=\"noopener\">Lue lis\u00e4\u00e4 itseohjautuvuudesta Lapin ammattikorkeakoulun sivuilta.<\/a><\/span><\/span><\/strong><\/p>\n<p>[\/et_pb_text][\/et_pb_column][et_pb_column type=&#8221;1_2&#8243; _builder_version=&#8221;4.16&#8243; custom_padding=&#8221;|||&#8221; global_colors_info=&#8221;{}&#8221; custom_padding__hover=&#8221;|||&#8221;][\/et_pb_column][\/et_pb_row][et_pb_row column_structure=&#8221;1_2,1_2&#8243; _builder_version=&#8221;4.18.0&#8243; _module_preset=&#8221;default&#8221; global_colors_info=&#8221;{}&#8221;][et_pb_column type=&#8221;1_2&#8243; _builder_version=&#8221;4.18.0&#8243; _module_preset=&#8221;default&#8221; global_colors_info=&#8221;{}&#8221;][et_pb_text _builder_version=&#8221;4.20.4&#8243; _module_preset=&#8221;default&#8221; global_colors_info=&#8221;{}&#8221;]<\/p>\n<h3><span style=\"font-weight: 400;color: #000000\">A<\/span><span style=\"font-weight: 400;color: #000000\">mmattikorkeakoulussa opiskelet itsen\u00e4isesti<\/span><\/h3>\n<p><span style=\"font-weight: 400;color: #000000\">Kun opiskelet AMK:ssa, sinun t\u00e4ytyy osata opiskella itsen\u00e4isesti. Opintojen aikana otat vastuuta<\/span><\/p>\n<ul>\n<li style=\"font-weight: 400\"><span style=\"font-weight: 400;color: #000000\">aikataulutuksesta ja oman lukuj\u00e4rjestyksen suunnittelusta<\/span><\/li>\n<li style=\"font-weight: 400\"><span style=\"font-weight: 400;color: #000000\">erilaisista digitaalisista ohjelmista ja s\u00e4hk\u00f6isist\u00e4 oppimisymp\u00e4rist\u00f6ist\u00e4<\/span><\/li>\n<li style=\"font-weight: 400\"><span style=\"font-weight: 400;color: #000000\">itsen\u00e4isest\u00e4 tiedonhausta<\/span><\/li>\n<li style=\"font-weight: 400\"><span style=\"font-weight: 400;color: #000000\">Itsen\u00e4isist\u00e4 teht\u00e4vist\u00e4 ja niiden aikatauluista.<\/span><\/li>\n<\/ul>\n<p><span style=\"font-weight: 400;color: #000000\">AMK:ssa opiskelu ei ole kurssimuotoista, vaan sinun t\u00e4ytyy itse suunnitella opintojesi aikataulu. Kun suunnittelet aikataulua, sinun kannattaa huomioida esimerkiksi se, ett\u00e4 harjoittelu ja opiskelu vuorottelevat. Opintojaksot voivat menn\u00e4 joskus p\u00e4\u00e4llekk\u00e4in. T\u00e4llaisissa tilanteissa sinun t\u00e4ytyy itse selvitt\u00e4\u00e4, miten opintosi voivat edet\u00e4.<\/span><\/p>\n<p><span style=\"font-weight: 400;color: #000000\">Korkeakoulussa k\u00e4ytet\u00e4\u00e4n erilaisia digitaalisia ohjelmia, joiden kautta esimerkiksi opiskelijat ilmoittautuvat opintojaksoille ja tekev\u00e4t verkko-opintoja. Siksi sinulla t\u00e4ytyy olla hyv\u00e4t digitaidot.\u00a0<\/span><\/p>\n<p><span style=\"font-weight: 400;color: #000000\">Opintojaksojen teht\u00e4v\u00e4t ovat usein laajoja kokonaisuuksia. Siksi tiedonhakutaidot ja teht\u00e4vien aikataulutus ovat t\u00e4rkeit\u00e4 taitoja.<\/span><\/p>\n<p><span style=\"font-weight: 400;color: #000000\">Itseohjautuvuutta voi kehitt\u00e4\u00e4. Tee seuraavat teht\u00e4v\u00e4t ja kehit\u00e4 itseohjautuvuutta.\u00a0<\/span><\/p>\n<p>[\/et_pb_text][\/et_pb_column][et_pb_column type=&#8221;1_2&#8243; _builder_version=&#8221;4.18.0&#8243; _module_preset=&#8221;default&#8221; global_colors_info=&#8221;{}&#8221;][et_pb_image src=&#8221;https:\/\/blogi.eoppimispalvelut.fi\/siltaamk\/files\/2022\/11\/language-school-03.png&#8221; title_text=&#8221;language-school-03&#8243; _builder_version=&#8221;4.18.0&#8243; _module_preset=&#8221;default&#8221; global_colors_info=&#8221;{}&#8221;][\/et_pb_image][\/et_pb_column][\/et_pb_row][et_pb_row _builder_version=&#8221;4.16&#8243; max_width=&#8221;1280px&#8221; use_custom_width=&#8221;on&#8221; custom_width_px=&#8221;1280px&#8221; global_colors_info=&#8221;{}&#8221;][et_pb_column type=&#8221;4_4&#8243; _builder_version=&#8221;4.16&#8243; custom_padding=&#8221;|||&#8221; global_colors_info=&#8221;{}&#8221; custom_padding__hover=&#8221;|||&#8221;][et_pb_text _builder_version=&#8221;4.18.0&#8243; text_font=&#8221;EB Garamond|700|||||||&#8221; text_text_color=&#8221;rgba(0,0,0,0.02)&#8221; text_font_size=&#8221;80px&#8221; text_line_height=&#8221;0em&#8221; header_2_font=&#8221;EB Garamond||||||||&#8221; header_2_font_size=&#8221;50px&#8221; header_2_line_height=&#8221;1.3em&#8221; text_orientation=&#8221;center&#8221; text_font_size_tablet=&#8221;50px&#8221; text_font_size_phone=&#8221;30px&#8221; text_font_size_last_edited=&#8221;on|desktop&#8221; header_2_font_size_tablet=&#8221;40px&#8221; header_2_font_size_phone=&#8221;30px&#8221; header_2_font_size_last_edited=&#8221;on|phone&#8221; global_colors_info=&#8221;{}&#8221;]<\/p>\n<p>TEHT\u00c4V\u00c4T<\/p>\n<h2>Teht\u00e4v\u00e4t<\/h2>\n<p>[\/et_pb_text][\/et_pb_column][\/et_pb_row][et_pb_row column_structure=&#8221;1_2,1_2&#8243; _builder_version=&#8221;4.16&#8243; locked=&#8221;off&#8221; global_colors_info=&#8221;{}&#8221;][et_pb_column type=&#8221;1_2&#8243; _builder_version=&#8221;4.16&#8243; custom_padding=&#8221;|||&#8221; global_colors_info=&#8221;{}&#8221; custom_padding__hover=&#8221;|||&#8221;][et_pb_blurb title=&#8221;Teht\u00e4v\u00e4 1.&#8221; url_new_window=&#8221;on&#8221; image=&#8221;https:\/\/blogi.eoppimispalvelut.fi\/siltaamk\/files\/2022\/09\/language-school-illustration-20.png&#8221; icon_placement=&#8221;left&#8221; image_icon_width=&#8221;100px&#8221; content_max_width=&#8221;1100px&#8221; image_icon_width_tablet=&#8221;100px&#8221; image_icon_width_phone=&#8221;50px&#8221; image_icon_width_last_edited=&#8221;on|phone&#8221; _builder_version=&#8221;4.20.4&#8243; header_font=&#8221;|600|||||||&#8221; header_font_size=&#8221;18px&#8221; header_line_height=&#8221;1.6em&#8221; body_font=&#8221;||||||||&#8221; body_font_size=&#8221;15px&#8221; body_line_height=&#8221;2em&#8221; animation_style=&#8221;fold&#8221; animation_direction=&#8221;left&#8221; animation_intensity_fold=&#8221;10%&#8221; animation=&#8221;off&#8221; link_option_url=&#8221;http:\/\/www.kolumbus.fi\/juha.seppanen\/js\/ue\/eetpoh.htm&#8221; link_option_url_new_window=&#8221;on&#8221; header_font_size_tablet=&#8221;&#8221; header_font_size_phone=&#8221;15px&#8221; header_font_size_last_edited=&#8221;on|phone&#8221; body_line_height_tablet=&#8221;&#8221; body_line_height_phone=&#8221;1.6em&#8221; body_line_height_last_edited=&#8221;on|phone&#8221; image_max_width=&#8221;100px&#8221; image_max_width_tablet=&#8221;&#8221; image_max_width_phone=&#8221;50px&#8221; image_max_width_last_edited=&#8221;on|phone&#8221; global_colors_info=&#8221;{}&#8221;]<\/p>\n<p><span style=\"color: #000000\">Valitse yksi teht\u00e4v\u00e4, jonka olet tehnyt aiemmissa opinnoissasi. Kerro sitten<\/span><\/p>\n<ul>\n<li><span style=\"color: #000000\">mik\u00e4 innosti sinua niin, ett\u00e4 aloitit tekem\u00e4\u00e4n teht\u00e4v\u00e4\u00e4?<\/span><\/li>\n<li><span style=\"color: #000000\">miten ideoit teht\u00e4v\u00e4n tekemist\u00e4?<\/span><\/li>\n<li><span style=\"color: #000000\">mik\u00e4 tai mitk\u00e4 asiat motivoivat sinua teht\u00e4v\u00e4n tekemiseen?<\/span><\/li>\n<li><span style=\"color: #000000\">mitk\u00e4 asiat auttoivat sinua, jotta sait tehty\u00e4 teht\u00e4v\u00e4n loppuun?<\/span><\/li>\n<li><span style=\"color: #000000\">kun teit teht\u00e4v\u00e4\u00e4, mitk\u00e4 asiat onnistuivat hyvin? Ent\u00e4 mitk\u00e4 asiat voisit tehd\u00e4 paremmin?\u00a0<\/span><\/li>\n<\/ul>\n<p>[\/et_pb_blurb][\/et_pb_column][et_pb_column type=&#8221;1_2&#8243; _builder_version=&#8221;4.16&#8243; custom_padding=&#8221;|||&#8221; global_colors_info=&#8221;{}&#8221; custom_padding__hover=&#8221;|||&#8221;][et_pb_blurb title=&#8221;Teht\u00e4v\u00e4 2. &#8221; image=&#8221;https:\/\/blogi.eoppimispalvelut.fi\/siltaamk\/files\/2022\/09\/language-school-illustration-20.png&#8221; icon_placement=&#8221;left&#8221; image_icon_width=&#8221;100px&#8221; content_max_width=&#8221;1100px&#8221; image_icon_width_tablet=&#8221;100px&#8221; image_icon_width_phone=&#8221;50px&#8221; image_icon_width_last_edited=&#8221;on|phone&#8221; _builder_version=&#8221;4.20.4&#8243; header_font=&#8221;|600|||||||&#8221; header_font_size=&#8221;18px&#8221; header_line_height=&#8221;1.6em&#8221; body_font=&#8221;||||||||&#8221; body_font_size=&#8221;15px&#8221; body_line_height=&#8221;2em&#8221; animation_style=&#8221;fold&#8221; animation_direction=&#8221;left&#8221; animation_intensity_fold=&#8221;10%&#8221; animation=&#8221;off&#8221; hover_enabled=&#8221;0&#8243; header_font_size_tablet=&#8221;&#8221; header_font_size_phone=&#8221;15px&#8221; header_font_size_last_edited=&#8221;on|phone&#8221; body_line_height_tablet=&#8221;&#8221; body_line_height_phone=&#8221;1.6em&#8221; body_line_height_last_edited=&#8221;on|phone&#8221; image_max_width=&#8221;100px&#8221; image_max_width_tablet=&#8221;&#8221; image_max_width_phone=&#8221;50px&#8221; image_max_width_last_edited=&#8221;on|phone&#8221; locked=&#8221;off&#8221; global_colors_info=&#8221;{}&#8221; sticky_enabled=&#8221;0&#8243;]<\/p>\n<p><span style=\"color: #000000\"><strong>N\u00c4IN VALMISTAUDUN VALINTAKOKEISIIN<\/strong><\/span><\/p>\n<p><span style=\"color: #000000\">Tee aikataulu ja suunnitelma, miten valmistaudut ammattikorkeakoulun valintakokeisiin.<\/span><\/p>\n<p><span style=\"text-decoration: underline\"><strong><span style=\"color: #000000\"><a href=\"https:\/\/www.ammattikorkeakouluun.fi\/hakijalle\/valintatavat\/amk-valintakoe\/\" target=\"_blank\" rel=\"noopener\">Tutustu ensin ammattikorkeakouluun.fi -sivustoon.<\/a><\/span><\/strong><\/span><\/p>\n<p><strong><span style=\"color: #000000\"><\/span><\/strong><\/p>\n<p><strong><span style=\"color: #000000\">Selvit\u00e4 sen j\u00e4lkeen<\/span><\/strong><\/p>\n<ul>\n<li><span style=\"color: #000000\">mihin valintakokeen osioihin sinun t\u00e4ytyy valmistautua<\/span><\/li>\n<li><span style=\"color: #000000\">mitk\u00e4 osa-alueet sinun t\u00e4ytyy hallita valintakokeissa.<\/span><span style=\"color: #000000\"><strong><\/strong><\/span><\/li>\n<\/ul>\n<p><span style=\"color: #000000\">Huomaa, ett\u00e4 osiot vaihtelevat sen mukaan, mille koulutusalalle aiot hakea.<\/span><\/p>\n<p><span style=\"color: #000000\"><strong>Kun tied\u00e4t, mihin koulutukseen haet, perehdy sen alan valintakokeen osioihin:<\/strong><strong><\/strong><\/span><\/p>\n<ul>\n<li><span style=\"color: #000000\">P\u00e4\u00e4t\u00f6ksentekotaidot<\/span><\/li>\n<li><span style=\"color: #000000\">Suomen kielen osio<\/span><\/li>\n<li><span style=\"color: #000000\">Englannin kielen osio<\/span><\/li>\n<li><span style=\"color: #000000\">Matemaattiset taidot, jos haet tekniikan alalle, liiketalouden ja tietojenk\u00e4sittelyn alalle, luonnonvara-alalle, matkailu-, ravitsemis- ja talousalalle, merenkulun alalle tai sosiaali-, terveys-, liikunta- ja kauneudenhoitoalalle.<\/span><\/li>\n<li><span style=\"color: #000000\">Matemaattiset taidot. Jos haet luonnontieteelliselle alalle, silloin matemaattinen osio on eri kuin muille aloille.<br \/><\/span><\/li>\n<li><span style=\"color: #000000\">Eettiset taidot, jos haet sosiaali-, terveys-, liikunta- ja\u00a0 kauneudenhoitoalalle, tai jos haet\u00a0 humanistisen alalle tai kasvatusalalle.<\/span><\/li>\n<li><span style=\"color: #000000\">Tunne\u00e4lytaidot, jos haet sosiaali-, terveys-, liikunta- ja kauneudenhoitoalalle, tai jos haet humanistisen alalle tai kasvatusalalle.<\/span><\/li>\n<\/ul>\n<p><span style=\"color: #000000\"><em><\/em><\/span><\/p>\n<p><span style=\"color: #000000\"><strong>Kerro seuraavaksi, miten etenet, kun valmistaudut valintakokeeseen.<\/strong><\/span><\/p>\n<ul>\n<li><span style=\"color: #000000\">Mihin menness\u00e4 olet tehnyt t\u00e4m\u00e4n sivuston teht\u00e4v\u00e4t?\u00a0<\/span><\/li>\n<li><span style=\"color: #000000\">Miten valmistaudut ja harjoittelet valintakokeen eri osa-alueisiin t\u00e4m\u00e4n sivuston kysymysten avulla?<\/span><\/li>\n<li><span style=\"color: #000000\">Tee itsellesi aikataulu, johon menness\u00e4 olet valmis valintakokeeseen.<\/span><\/li>\n<\/ul>\n<p>[\/et_pb_blurb][\/et_pb_column][\/et_pb_row][\/et_pb_section]<\/p>\n","protected":false},"excerpt":{"rendered":"<p>3.5 Itseohjautuvuus opinnoissa ja ty\u00f6el\u00e4m\u00e4taitona Itseohjautuvuus tarkoittaa, ett\u00e4 ohjaat itse omaa ty\u00f6skentely\u00e4si ilman, ett\u00e4 kukaan valvoo sit\u00e4. Kannat vastuun opiskelustasi, ja osaat suunnitella opintosi. Tarvitset itseohjautuvuutta, jotta opintosi voivat edet\u00e4.\u00a0 Lue lis\u00e4\u00e4 itseohjautuvuudesta Lapin ammattikorkeakoulun sivuilta.Ammattikorkeakoulussa opiskelet itsen\u00e4isesti Kun opiskelet AMK:ssa, sinun t\u00e4ytyy osata opiskella itsen\u00e4isesti. Opintojen aikana otat vastuuta aikataulutuksesta ja oman lukuj\u00e4rjestyksen suunnittelusta [&hellip;]<\/p>\n","protected":false},"author":1329,"featured_media":0,"parent":0,"menu_order":0,"comment_status":"closed","ping_status":"closed","template":"","meta":{"_et_pb_use_builder":"on","_et_pb_old_content":"","_et_gb_content_width":"","footnotes":""},"class_list":["post-32","page","type-page","status-publish","hentry"],"_links":{"self":[{"href":"https:\/\/blogi.eoppimispalvelut.fi\/siltaamk\/wp-json\/wp\/v2\/pages\/32","targetHints":{"allow":["GET"]}}],"collection":[{"href":"https:\/\/blogi.eoppimispalvelut.fi\/siltaamk\/wp-json\/wp\/v2\/pages"}],"about":[{"href":"https:\/\/blogi.eoppimispalvelut.fi\/siltaamk\/wp-json\/wp\/v2\/types\/page"}],"author":[{"embeddable":true,"href":"https:\/\/blogi.eoppimispalvelut.fi\/siltaamk\/wp-json\/wp\/v2\/users\/1329"}],"replies":[{"embeddable":true,"href":"https:\/\/blogi.eoppimispalvelut.fi\/siltaamk\/wp-json\/wp\/v2\/comments?post=32"}],"version-history":[{"count":18,"href":"https:\/\/blogi.eoppimispalvelut.fi\/siltaamk\/wp-json\/wp\/v2\/pages\/32\/revisions"}],"predecessor-version":[{"id":747,"href":"https:\/\/blogi.eoppimispalvelut.fi\/siltaamk\/wp-json\/wp\/v2\/pages\/32\/revisions\/747"}],"wp:attachment":[{"href":"https:\/\/blogi.eoppimispalvelut.fi\/siltaamk\/wp-json\/wp\/v2\/media?parent=32"}],"curies":[{"name":"wp","href":"https:\/\/api.w.org\/{rel}","templated":true}]}}