{"id":365,"date":"2023-02-14T09:51:26","date_gmt":"2023-02-14T07:51:26","guid":{"rendered":"https:\/\/blogi.eoppimispalvelut.fi\/siltaamk\/?page_id=365"},"modified":"2023-06-07T12:49:52","modified_gmt":"2023-06-07T09:49:52","slug":"4-tyoelama","status":"publish","type":"page","link":"https:\/\/blogi.eoppimispalvelut.fi\/siltaamk\/4-tyoelama\/","title":{"rendered":"4 TY\u00d6EL\u00c4M\u00c4"},"content":{"rendered":"<p>[et_pb_section fb_built=&#8221;1&#8243; custom_padding_last_edited=&#8221;on|desktop&#8221; admin_label=&#8221;Header&#8221; _builder_version=&#8221;4.18.0&#8243; _module_preset=&#8221;default&#8221; background_image=&#8221;https:\/\/blogi.eoppimispalvelut.fi\/siltaamk\/files\/2022\/09\/language-school-illustration-12.png&#8221; background_size=&#8221;contain&#8221; background_position=&#8221;top_right&#8221; custom_padding=&#8221;110px||||false|false&#8221; custom_padding_tablet=&#8221;140px|0px|50px|0px|false|false&#8221; custom_padding_phone=&#8221;120px|||&#8221; global_colors_info=&#8221;{}&#8221;][et_pb_row column_structure=&#8221;1_2,1_2&#8243; _builder_version=&#8221;4.16&#8243; _module_preset=&#8221;default&#8221; max_width=&#8221;1280px&#8221; custom_margin=&#8221;383px|auto||auto||&#8221; use_custom_width=&#8221;on&#8221; custom_width_px=&#8221;1280px&#8221; global_colors_info=&#8221;{}&#8221;][et_pb_column type=&#8221;1_2&#8243; _builder_version=&#8221;4.16&#8243; _module_preset=&#8221;default&#8221; custom_padding=&#8221;|||&#8221; global_colors_info=&#8221;{}&#8221; custom_padding__hover=&#8221;|||&#8221;][et_pb_text _builder_version=&#8221;4.20.4&#8243; _module_preset=&#8221;default&#8221; text_font=&#8221;||||||||&#8221; text_font_size=&#8221;18px&#8221; text_line_height=&#8221;2em&#8221; header_font=&#8221;EB Garamond||||||||&#8221; header_font_size=&#8221;60px&#8221; header_line_height=&#8221;1.3em&#8221; max_width=&#8221;600px&#8221; link_option_url=&#8221;https:\/\/www.ammattikorkeakouluun.fi\/hakijalle\/valintatavat\/amk-valintakoe\/#kuvio1&#8243; link_option_url_new_window=&#8221;on&#8221; text_font_size_tablet=&#8221;&#8221; text_font_size_phone=&#8221;15px&#8221; text_font_size_last_edited=&#8221;on|phone&#8221; text_line_height_tablet=&#8221;&#8221; text_line_height_phone=&#8221;1.6em&#8221; text_line_height_last_edited=&#8221;on|phone&#8221; header_font_size_tablet=&#8221;50px&#8221; header_font_size_phone=&#8221;32px&#8221; header_font_size_last_edited=&#8221;on|phone&#8221; global_colors_info=&#8221;{}&#8221;]<\/p>\n<h1>4 TY\u00d6EL\u00c4M\u00c4<\/h1>\n<p><span><\/span><\/p>\n<p><span style=\"color: #000000\">Ty\u00f6el\u00e4m\u00e4 muuttuu koko ajan. Siksi ty\u00f6el\u00e4m\u00e4ss\u00e4 tarvitaan monenlaisia tietoja ja taitoja. N\u00e4it\u00e4 tietoja ja taitoja kutsutaan yhteisesti sanalla ty\u00f6el\u00e4m\u00e4taidot.<\/span><\/p>\n<p><span style=\"color: #000000\">T\u00e4rkeimpi\u00e4 ty\u00f6el\u00e4m\u00e4taitoja ovat esimerkiksi<\/span><\/p>\n<ul>\n<li><span style=\"color: #000000\">ongelmanratkaisutaidot<\/span><\/li>\n<li><span style=\"color: #000000\">vuorovaikutus- ja yhteisty\u00f6taidot<\/span><\/li>\n<li><span style=\"color: #000000\">l\u00e4hijohtamistaidot<\/span><\/li>\n<li><span style=\"color: #000000\">monikulttuuriset ja kansainv\u00e4lisyystaidot<\/span><\/li>\n<li><span style=\"color: #000000\">luovuus ja innovaatio<\/span><\/li>\n<li><span style=\"color: #000000\">kriittinen ajattelu<\/span><\/li>\n<li><span style=\"color: #000000\">p\u00e4\u00e4t\u00f6ksenteko<\/span><\/li>\n<li><span style=\"color: #000000\">taito k\u00e4ytt\u00e4\u00e4 ty\u00f6skentelyyn liittyvi\u00e4 ty\u00f6kaluja esimerkiksi<\/span><span style=\"color: #000000\">\u00a0informaatiolukutaito, tiedonhakutaidot ja digitaaliset taidot.<\/span><\/li>\n<li><span style=\"color: #000000\">urasuunnittelu<\/span><\/li>\n<li><span style=\"color: #000000\">henkil\u00f6kohtainen ja sosiaalinen vastuu.<\/span><\/li>\n<\/ul>\n<p><span style=\"font-weight: 400\"><\/span><\/p>\n<p><span style=\"color: #000000\">Opit ty\u00f6el\u00e4m\u00e4taitoja erityisesti ty\u00f6el\u00e4m\u00e4harjoittelujen aikana. Saat tietoa ty\u00f6el\u00e4m\u00e4taidoista my\u00f6s koulussa.<\/span><\/p>\n<p><span style=\"color: #000000\"><\/span><\/p>\n<p><span style=\"font-size: large;color: #000000\">Voit tutkia yleisi\u00e4 ty\u00f6el\u00e4m\u00e4taitoja esimerkiksi seuraavilta verkkosivuilta:\u00a0<\/span><span style=\"font-size: large;color: #000000\"><\/span><\/p>\n<ul>\n<li><span style=\"text-decoration: underline\"><strong><span style=\"font-size: large;color: #000000\"><a href=\"https:\/\/www.te-palvelut.fi\/tyonhakijalle\/loyda-toita\/vinkkeja-tyonhakuun\/arvioi-osaamistasi-ja-valmiuttasi-tyoelamaan\" target=\"_blank\" rel=\"noopener\">Te-toimisto<\/a><\/span><\/strong><\/span><\/li>\n<li><span style=\"text-decoration: underline\"><strong><span style=\"font-size: large;color: #000000\"><a href=\"https:\/\/kotisuomessa.fi\/web\/site-45256\/state-jurdgmbtei\/front-page\" target=\"_blank\" rel=\"noopener\">Koti Suomessa.fi<\/a><\/span><\/strong><\/span><\/li>\n<li><span style=\"text-decoration: underline\"><strong><span style=\"font-size: large;color: #000000\"><a href=\"https:\/\/oppimateriaalit.jamk.fi\/kotopaikka\/3-maahanmuuttajien-polut\/3-2-maahanmuuttajille-suunnatut-materiaalit\/3-2-2-tietoa-tyoelamasta\/\" target=\"_blank\" rel=\"noopener\">Kotopaikka-hanke<\/a><\/span><\/strong><\/span><\/li>\n<\/ul>\n<p>[\/et_pb_text][\/et_pb_column][et_pb_column type=&#8221;1_2&#8243; _builder_version=&#8221;4.16&#8243; _module_preset=&#8221;default&#8221; custom_padding=&#8221;|||&#8221; global_colors_info=&#8221;{}&#8221; custom_padding__hover=&#8221;|||&#8221;][\/et_pb_column][\/et_pb_row][et_pb_row _builder_version=&#8221;4.20.4&#8243; _module_preset=&#8221;default&#8221; global_colors_info=&#8221;{}&#8221;][et_pb_column type=&#8221;4_4&#8243; _builder_version=&#8221;4.20.4&#8243; _module_preset=&#8221;default&#8221; global_colors_info=&#8221;{}&#8221;][et_pb_text _builder_version=&#8221;4.20.4&#8243; _module_preset=&#8221;default&#8221; global_colors_info=&#8221;{}&#8221;]<\/p>\n<h3 style=\"text-align: left\"><strong><span style=\"font-size: large\"><span style=\"color: #000000\">Ty\u00f6el\u00e4m\u00e4taidot ovat ammattialasi kompetensseja eli perustaitoja<\/span><\/span><\/strong><\/h3>\n<p>[\/et_pb_text][\/et_pb_column][\/et_pb_row][et_pb_row _builder_version=&#8221;4.16&#8243; _module_preset=&#8221;default&#8221; locked=&#8221;off&#8221; global_colors_info=&#8221;{}&#8221;][et_pb_column type=&#8221;4_4&#8243; _builder_version=&#8221;4.16&#8243; _module_preset=&#8221;default&#8221; custom_padding=&#8221;|||&#8221; global_colors_info=&#8221;{}&#8221; custom_padding__hover=&#8221;|||&#8221;][et_pb_text _builder_version=&#8221;4.20.4&#8243; _module_preset=&#8221;default&#8221; custom_padding=&#8221;1px|||||&#8221; hover_enabled=&#8221;0&#8243; global_colors_info=&#8221;{}&#8221; sticky_enabled=&#8221;0&#8243;]<\/p>\n<p style=\"text-align: left\"><span style=\"font-size: large\"><span style=\"color: #000000\">Ty\u00f6el\u00e4m\u00e4taidot ovat niin sanottuja yleisi\u00e4 kompetensseja. Kompetenssi tarkoittaa laajoja osaamiskokonaisuuksia, jotka muodostavat ammattialan perustan.<\/span><\/span><\/p>\n<p style=\"text-align: left\"><span style=\"font-size: large\"><span style=\"color: #000000\">Ammattikorkeakoulun opinnoista saatu osaaminen sis\u00e4lt\u00e4\u00e4 kahdenlaisia kompetensseja: <\/span><\/span><\/p>\n<ul>\n<li style=\"text-align: left\"><span style=\"font-size: large\"><span style=\"color: #000000\">yleisi\u00e4 kompetensseja eli kaikille koulutuksille ja tutkinnoille yhteisi\u00e4 kompetensseja <\/span><\/span><\/li>\n<li style=\"text-align: left\"><span style=\"font-size: large\"><span style=\"color: #000000\">koulutuskohtaisia <\/span><\/span><span style=\"color: #000000\"><span style=\"font-size: large\">kompetensseja.\u00a0<\/span><\/span><\/li>\n<\/ul>\n<p style=\"text-align: left\"><span style=\"font-size: large\"><span style=\"color: #000000\"><strong>Yleiset, kaikille yhteiset kompetenssit<\/strong> luovat perustan, jonka mukaan ammattilainen ty\u00f6skentelee ty\u00f6el\u00e4m\u00e4ss\u00e4, tekee yhteisty\u00f6t\u00e4 ja kehitt\u00e4\u00e4 asiantuntijuuttaan. (ARENE 2022.)<\/span><\/span><\/p>\n<p style=\"text-align: left\"><span style=\"font-size: large\"><span style=\"color: #000000\">Yleisi\u00e4 kompetensseja voit harjoitella sek\u00e4 AMK-opintojesi aikana ett\u00e4 ty\u00f6el\u00e4m\u00e4ss\u00e4.<\/span><\/span><span style=\"font-size: large\"><\/span><\/p>\n<p style=\"text-align: left\"><span style=\"font-size: large\"><span style=\"color: #000000\">AMK-tutkintojen yleisi\u00e4 kompetenssej\u00e4 ovat<\/span><\/span><\/p>\n<ul>\n<li style=\"text-align: left\"><span style=\"font-size: large\"><span style=\"color: #000000\">oppimaan oppiminen<\/span><\/span><\/li>\n<li style=\"text-align: left\"><span style=\"font-size: large\"><span style=\"color: #000000\">ty\u00f6el\u00e4m\u00e4ss\u00e4 toimiminen<\/span><\/span><\/li>\n<li style=\"text-align: left\"><span style=\"font-size: large\"><span style=\"color: #000000\">eettisyys<\/span><\/span><\/li>\n<li style=\"text-align: left\"><span style=\"font-size: large\"><span style=\"color: #000000\">kest\u00e4v\u00e4 kehitys<\/span><\/span><\/li>\n<li style=\"text-align: left\"><span style=\"font-size: large\"><span style=\"color: #000000\">kansainv\u00e4lisyys ja monikulttuurisuus<\/span><\/span><\/li>\n<li style=\"text-align: left\"><span style=\"font-size: large\"><span style=\"color: #000000\">ennakoiva kehitt\u00e4minen.<\/span><\/span><\/li>\n<\/ul>\n<p style=\"text-align: left\"><span style=\"font-size: large\"><span style=\"color: #000000\"><strong>Koulutuskohtaiset kompetenssit<\/strong> sen sijaan luovat perustan ammatilliselle asiantuntijuudelle. Siihen liittyv\u00e4n osaamisen hankit AMK-opinnoissa.\u00a0<\/span><\/span><\/p>\n<p style=\"text-align: left\"><span style=\"font-size: large\"><span style=\"color: #000000\">Tutustu AMK-opintojen yhteisiin kompetensseihin seuraavasta kaaviosta.\u00a0<\/span><\/span><\/p>\n<p>[\/et_pb_text][et_pb_image src=&#8221;https:\/\/blogi.eoppimispalvelut.fi\/siltaamk\/files\/2022\/09\/Kompetenssit-kuva-1.png&#8221; title_text=&#8221;Kompetenssit kuva&#8221; align=&#8221;center&#8221; align_tablet=&#8221;center&#8221; align_phone=&#8221;center&#8221; align_last_edited=&#8221;on|desktop&#8221; _builder_version=&#8221;4.17.4&#8243; _module_preset=&#8221;default&#8221; animation_style=&#8221;zoom&#8221; animation_intensity_zoom=&#8221;2%&#8221; locked=&#8221;off&#8221; global_colors_info=&#8221;{}&#8221;][\/et_pb_image][et_pb_text _builder_version=&#8221;4.20.4&#8243; _module_preset=&#8221;default&#8221; text_font=&#8221;EB Garamond|700|||||||&#8221; text_text_color=&#8221;rgba(0,0,0,0.02)&#8221; text_font_size=&#8221;80px&#8221; text_line_height=&#8221;0em&#8221; header_2_font=&#8221;EB Garamond||||||||&#8221; header_2_font_size=&#8221;50px&#8221; header_2_line_height=&#8221;1.3em&#8221; text_orientation=&#8221;center&#8221; text_font_size_tablet=&#8221;50px&#8221; text_font_size_phone=&#8221;30px&#8221; text_font_size_last_edited=&#8221;on|desktop&#8221; header_2_font_size_tablet=&#8221;40px&#8221; header_2_font_size_phone=&#8221;30px&#8221; header_2_font_size_last_edited=&#8221;on|phone&#8221; global_colors_info=&#8221;{}&#8221;]<\/p>\n<p>TY\u00d6EL\u00c4M\u00c4TAIDOT<\/p>\n<h2>Esimerkki yleisest\u00e4, kaikille yhteisest\u00e4 kompetenssista<\/h2>\n<h2>Monikulttuurisuus ja kansainv\u00e4lisyys<\/h2>\n<p>[\/et_pb_text][et_pb_text _builder_version=&#8221;4.20.4&#8243; _module_preset=&#8221;default&#8221; text_font_size=&#8221;18px&#8221; custom_padding=&#8221;1px|||||&#8221; global_colors_info=&#8221;{}&#8221;]<\/p>\n<p><span style=\"color: #000000\">Ty\u00f6el\u00e4m\u00e4ss\u00e4 kohtaamme ihmisi\u00e4, joilla on erilaisia kulttuurisia taustoja. Monissa ty\u00f6paikoissa tehd\u00e4\u00e4n my\u00f6s kansainv\u00e4list\u00e4 yhteisty\u00f6t\u00e4. Siksi tarvitset ty\u00f6el\u00e4m\u00e4ss\u00e4 tietoa siit\u00e4, miten huomioidaan kulttuuri ja monikulttuurisuus. On my\u00f6s t\u00e4rke\u00e4\u00e4 tiet\u00e4\u00e4, mill\u00e4 tavalla ty\u00f6skennell\u00e4\u00e4n kulttuurisensitiivisesti.<\/span><\/p>\n<p><span style=\"color: #000000\">Kun saat tietoa ja kokemusta eri kulttuureista, silloin sinun on helpompi tehd\u00e4 ty\u00f6t\u00e4 monikulttuurisessa ymp\u00e4rist\u00f6ss\u00e4. Lis\u00e4ksi tarvitset kielitaitoa. Monissa ty\u00f6paikoissa on hyv\u00e4 osata suomen kielen lis\u00e4ksi ainakin englantia.<\/span><\/p>\n<p><span style=\"color: #000000\">Kun harjoittelet monikulttuurisuutta, on t\u00e4rke\u00e4\u00e4, ett\u00e4<\/span><\/p>\n<ul>\n<li><span style=\"color: #000000\">tunnet oman kulttuurisi ja sen erityispiirteet<\/span><\/li>\n<li><span style=\"color: #000000\">ymm\u00e4rr\u00e4t, ett\u00e4 muiden kulttuurien edustajat eiv\u00e4t tunne kulttuuriasi ja sen erityispiirteit\u00e4<\/span><span style=\"color: #000000\"><\/span><\/li>\n<li><span style=\"color: #000000\">tied\u00e4t, ett\u00e4 kulttuurien v\u00e4lisi\u00e4 t\u00f6rm\u00e4yksi\u00e4 tapahtuu aina, kun kulttuurit kohtaavat<\/span><\/li>\n<li><span style=\"color: #000000\">olet avoin uusille asioille.<\/span><\/li>\n<\/ul>\n<p>[\/et_pb_text][\/et_pb_column][\/et_pb_row][et_pb_row _builder_version=&#8221;4.16&#8243; _module_preset=&#8221;default&#8221; locked=&#8221;off&#8221; global_colors_info=&#8221;{}&#8221;][et_pb_column type=&#8221;4_4&#8243; _builder_version=&#8221;4.16&#8243; _module_preset=&#8221;default&#8221; custom_padding=&#8221;|||&#8221; global_colors_info=&#8221;{}&#8221; custom_padding__hover=&#8221;|||&#8221;][et_pb_image src=&#8221;https:\/\/blogi.eoppimispalvelut.fi\/siltaamk\/files\/2022\/09\/Kompetenssit-kuva-1.png&#8221; title_text=&#8221;Kompetenssit kuva&#8221; align=&#8221;center&#8221; align_tablet=&#8221;center&#8221; align_phone=&#8221;center&#8221; align_last_edited=&#8221;on|desktop&#8221; _builder_version=&#8221;4.17.4&#8243; _module_preset=&#8221;default&#8221; animation_style=&#8221;zoom&#8221; animation_intensity_zoom=&#8221;2%&#8221; locked=&#8221;off&#8221; global_colors_info=&#8221;{}&#8221;][\/et_pb_image][\/et_pb_column][\/et_pb_row][et_pb_row _builder_version=&#8221;4.20.4&#8243; _module_preset=&#8221;default&#8221; global_colors_info=&#8221;{}&#8221;][et_pb_column type=&#8221;4_4&#8243; _builder_version=&#8221;4.20.4&#8243; _module_preset=&#8221;default&#8221; global_colors_info=&#8221;{}&#8221;][et_pb_text _builder_version=&#8221;4.20.4&#8243; _module_preset=&#8221;default&#8221; global_colors_info=&#8221;{}&#8221;]<\/p>\n<h3>Harjoittele ty\u00f6el\u00e4m\u00e4n kompetensseja ja tee seuraavat teht\u00e4v\u00e4t:<\/h3>\n<p>[\/et_pb_text][\/et_pb_column][\/et_pb_row][et_pb_row column_structure=&#8221;1_3,1_3,1_3&#8243; custom_padding_last_edited=&#8221;on|phone&#8221; _builder_version=&#8221;4.16&#8243; _module_preset=&#8221;default&#8221; background_color=&#8221;#ffffff&#8221; max_width=&#8221;1280px&#8221; custom_margin=&#8221;80px|||&#8221; custom_padding=&#8221;60px|40px|60px|40px|true|false&#8221; custom_padding_tablet=&#8221;&#8221; custom_padding_phone=&#8221;|20px||20px||true&#8221; animation_style=&#8221;zoom&#8221; animation_intensity_zoom=&#8221;2%&#8221; border_radii=&#8221;on|12px|12px|12px|12px&#8221; box_shadow_style=&#8221;preset1&#8243; box_shadow_vertical=&#8221;50px&#8221; box_shadow_blur=&#8221;80px&#8221; box_shadow_color=&#8221;rgba(15,19,25,0.1)&#8221; use_custom_width=&#8221;on&#8221; custom_width_px=&#8221;1280px&#8221; global_colors_info=&#8221;{}&#8221;][et_pb_column type=&#8221;1_3&#8243; _builder_version=&#8221;4.16&#8243; _module_preset=&#8221;default&#8221; custom_padding=&#8221;|||&#8221; global_colors_info=&#8221;{}&#8221; custom_padding__hover=&#8221;|||&#8221;][et_pb_image src=&#8221;https:\/\/blogi.eoppimispalvelut.fi\/siltaamk\/files\/2022\/09\/language-school-illustration-15.png&#8221; align_tablet=&#8221;center&#8221; align_phone=&#8221;center&#8221; align_last_edited=&#8221;on|desktop&#8221; _builder_version=&#8221;4.16&#8243; _module_preset=&#8221;default&#8221; locked=&#8221;off&#8221; global_colors_info=&#8221;{}&#8221;][\/et_pb_image][et_pb_text _builder_version=&#8221;4.20.4&#8243; _module_preset=&#8221;default&#8221; text_font=&#8221;||||||||&#8221; text_font_size=&#8221;15px&#8221; text_line_height=&#8221;2em&#8221; header_font=&#8221;||||||||&#8221; header_2_font=&#8221;||||||||&#8221; header_3_font=&#8221;EB Garamond||||||||&#8221; header_3_font_size=&#8221;24px&#8221; header_3_line_height=&#8221;1.4em&#8221; header_4_font=&#8221;|700||on|||||&#8221; header_4_text_color=&#8221;#ffdaa4&#8243; header_4_font_size=&#8221;12px&#8221; header_4_letter_spacing=&#8221;2px&#8221; header_4_line_height=&#8221;2em&#8221; link_option_url_new_window=&#8221;on&#8221; text_line_height_tablet=&#8221;&#8221; text_line_height_phone=&#8221;1.6em&#8221; text_line_height_last_edited=&#8221;on|phone&#8221; global_colors_info=&#8221;{}&#8221;]<\/p>\n<h3>Teht\u00e4v\u00e4 1: Ty\u00f6n muotoilu<\/h3>\n<p><strong><span style=\"text-decoration: underline\"><a href=\"https:\/\/prezi.com\/view\/iMGVWyfzocKlEliQZ5Vo\/\" target=\"_blank\" rel=\"noopener\">Mieti, miten miten voit ratkaista ty\u00f6tilanteet, jotka l\u00f6ytyv\u00e4t t\u00e4st\u00e4 linkist\u00e4. <\/a><\/span><\/strong><\/p>\n<p>[\/et_pb_text][\/et_pb_column][et_pb_column type=&#8221;1_3&#8243; _builder_version=&#8221;4.17.4&#8243; _module_preset=&#8221;default&#8221; global_colors_info=&#8221;{}&#8221;][et_pb_image src=&#8221;https:\/\/blogi.eoppimispalvelut.fi\/siltaamk\/files\/2022\/09\/language-school-illustration-14.png&#8221; align_tablet=&#8221;center&#8221; align_phone=&#8221;center&#8221; align_last_edited=&#8221;on|desktop&#8221; _builder_version=&#8221;4.16&#8243; _module_preset=&#8221;default&#8221; locked=&#8221;off&#8221; global_colors_info=&#8221;{}&#8221;][\/et_pb_image][et_pb_text _builder_version=&#8221;4.20.4&#8243; _module_preset=&#8221;default&#8221; text_font=&#8221;||||||||&#8221; text_font_size=&#8221;15px&#8221; text_line_height=&#8221;2em&#8221; header_font=&#8221;||||||||&#8221; header_2_font=&#8221;||||||||&#8221; header_3_font=&#8221;EB Garamond||||||||&#8221; header_3_font_size=&#8221;24px&#8221; header_3_line_height=&#8221;1.4em&#8221; header_4_font=&#8221;|700||on|||||&#8221; header_4_text_color=&#8221;#ffdaa4&#8243; header_4_font_size=&#8221;12px&#8221; header_4_letter_spacing=&#8221;2px&#8221; header_4_line_height=&#8221;2em&#8221; text_line_height_tablet=&#8221;&#8221; text_line_height_phone=&#8221;1.6em&#8221; text_line_height_last_edited=&#8221;on|phone&#8221; locked=&#8221;off&#8221; global_colors_info=&#8221;{}&#8221;]<\/p>\n<h3>Teht\u00e4v\u00e4 2: Ty\u00f6el\u00e4m\u00e4taidot, vuorovaikutus<\/h3>\n<p><span style=\"font-weight: 400;color: #000000\">Mieti ty\u00f6el\u00e4m\u00e4\u00e4n liittyvien pelien avulla, miten itse toimit tilanteissa.\u00a0<\/span><\/p>\n<p><strong><span style=\"text-decoration: underline\"><a href=\"https:\/\/valte.fi\/visualisaatio.html\" target=\"_blank\" rel=\"noopener\">P\u00e4\u00e4set peleihin t\u00e4\u00e4lt\u00e4.<\/a><\/span><\/strong><\/p>\n<p>[\/et_pb_text][\/et_pb_column][et_pb_column type=&#8221;1_3&#8243; _builder_version=&#8221;4.17.4&#8243; _module_preset=&#8221;default&#8221; global_colors_info=&#8221;{}&#8221;][et_pb_image src=&#8221;https:\/\/blogi.eoppimispalvelut.fi\/siltaamk\/files\/2022\/09\/language-school-illustration-21.png&#8221; align_tablet=&#8221;center&#8221; align_phone=&#8221;center&#8221; align_last_edited=&#8221;on|desktop&#8221; _builder_version=&#8221;4.16&#8243; _module_preset=&#8221;default&#8221; global_colors_info=&#8221;{}&#8221;][\/et_pb_image][et_pb_text _builder_version=&#8221;4.20.4&#8243; _module_preset=&#8221;default&#8221; text_font=&#8221;||||||||&#8221; text_font_size=&#8221;15px&#8221; text_line_height=&#8221;2em&#8221; header_font=&#8221;||||||||&#8221; header_2_font=&#8221;||||||||&#8221; header_3_font=&#8221;EB Garamond||||||||&#8221; header_3_font_size=&#8221;24px&#8221; header_3_line_height=&#8221;1.4em&#8221; header_4_font=&#8221;|700||on|||||&#8221; header_4_text_color=&#8221;#ffdaa4&#8243; header_4_font_size=&#8221;12px&#8221; header_4_letter_spacing=&#8221;2px&#8221; header_4_line_height=&#8221;2em&#8221; text_line_height_tablet=&#8221;&#8221; text_line_height_phone=&#8221;1.6em&#8221; text_line_height_last_edited=&#8221;on|phone&#8221; locked=&#8221;off&#8221; global_colors_info=&#8221;{}&#8221;]<\/p>\n<h3>Teht\u00e4v\u00e4 3: Monikulttuurisuus ja kansainv\u00e4lisyys<\/h3>\n<p><span style=\"color: #000000\"><span style=\"font-weight: 400\">Mieti oman kulttuurisi erityispiirteit\u00e4<\/span><span style=\"font-weight: 400\">. <\/span><span style=\"font-weight: 400\">Millaisia haasteita olet huomannut, kun olet tekemisiss\u00e4 heid\u00e4n kanssaan, jotka ovat muista kulttuureista?\u00a0<\/span><\/span><\/p>\n<p>[\/et_pb_text][\/et_pb_column][\/et_pb_row][\/et_pb_section]<\/p>\n","protected":false},"excerpt":{"rendered":"<p>4 TY\u00d6EL\u00c4M\u00c4 Ty\u00f6el\u00e4m\u00e4 muuttuu koko ajan. Siksi ty\u00f6el\u00e4m\u00e4ss\u00e4 tarvitaan monenlaisia tietoja ja taitoja. N\u00e4it\u00e4 tietoja ja taitoja kutsutaan yhteisesti sanalla ty\u00f6el\u00e4m\u00e4taidot. T\u00e4rkeimpi\u00e4 ty\u00f6el\u00e4m\u00e4taitoja ovat esimerkiksi ongelmanratkaisutaidot vuorovaikutus- ja yhteisty\u00f6taidot l\u00e4hijohtamistaidot monikulttuuriset ja kansainv\u00e4lisyystaidot luovuus ja innovaatio kriittinen ajattelu p\u00e4\u00e4t\u00f6ksenteko taito k\u00e4ytt\u00e4\u00e4 ty\u00f6skentelyyn liittyvi\u00e4 ty\u00f6kaluja esimerkiksi\u00a0informaatiolukutaito, tiedonhakutaidot ja digitaaliset taidot. urasuunnittelu henkil\u00f6kohtainen ja sosiaalinen vastuu. Opit [&hellip;]<\/p>\n","protected":false},"author":1329,"featured_media":0,"parent":0,"menu_order":0,"comment_status":"closed","ping_status":"closed","template":"","meta":{"_et_pb_use_builder":"on","_et_pb_old_content":"<!-- wp:divi\/placeholder \/-->","_et_gb_content_width":"","footnotes":""},"class_list":["post-365","page","type-page","status-publish","hentry"],"_links":{"self":[{"href":"https:\/\/blogi.eoppimispalvelut.fi\/siltaamk\/wp-json\/wp\/v2\/pages\/365","targetHints":{"allow":["GET"]}}],"collection":[{"href":"https:\/\/blogi.eoppimispalvelut.fi\/siltaamk\/wp-json\/wp\/v2\/pages"}],"about":[{"href":"https:\/\/blogi.eoppimispalvelut.fi\/siltaamk\/wp-json\/wp\/v2\/types\/page"}],"author":[{"embeddable":true,"href":"https:\/\/blogi.eoppimispalvelut.fi\/siltaamk\/wp-json\/wp\/v2\/users\/1329"}],"replies":[{"embeddable":true,"href":"https:\/\/blogi.eoppimispalvelut.fi\/siltaamk\/wp-json\/wp\/v2\/comments?post=365"}],"version-history":[{"count":28,"href":"https:\/\/blogi.eoppimispalvelut.fi\/siltaamk\/wp-json\/wp\/v2\/pages\/365\/revisions"}],"predecessor-version":[{"id":748,"href":"https:\/\/blogi.eoppimispalvelut.fi\/siltaamk\/wp-json\/wp\/v2\/pages\/365\/revisions\/748"}],"wp:attachment":[{"href":"https:\/\/blogi.eoppimispalvelut.fi\/siltaamk\/wp-json\/wp\/v2\/media?parent=365"}],"curies":[{"name":"wp","href":"https:\/\/api.w.org\/{rel}","templated":true}]}}