{"id":167,"date":"2023-02-01T10:11:29","date_gmt":"2023-02-01T08:11:29","guid":{"rendered":"https:\/\/blogi.eoppimispalvelut.fi\/siltahanke\/?page_id=167"},"modified":"2023-08-25T05:57:13","modified_gmt":"2023-08-25T02:57:13","slug":"samanaikaisohjaus","status":"publish","type":"page","link":"https:\/\/blogi.eoppimispalvelut.fi\/siltahanke\/samanaikaisohjaus\/","title":{"rendered":"Samanaikaisohjaus"},"content":{"rendered":"<p>[et_pb_section fb_built=&#8221;1&#8243; custom_padding_last_edited=&#8221;on|desktop&#8221; admin_label=&#8221;Header&#8221; _builder_version=&#8221;4.20.4&#8243; _module_preset=&#8221;default&#8221; use_background_color_gradient=&#8221;on&#8221; background_color_gradient_stops=&#8221;rgba(255,255,255,0.8) 0%|rgba(255,255,255,0.24) 80%&#8221; background_color_gradient_overlays_image=&#8221;on&#8221; background_color_gradient_start=&#8221;rgba(255,255,255,0.8)&#8221; background_color_gradient_end=&#8221;rgba(255,255,255,0.24)&#8221; background_color_gradient_end_position=&#8221;80%&#8221; background_image=&#8221;https:\/\/blogi.eoppimispalvelut.fi\/siltahanke\/files\/2023\/04\/samanaikaisohjaus-kuvituskuva.png&#8221; background_size=&#8221;custom&#8221; background_image_width=&#8221;77%&#8221; background_position=&#8221;top_right&#8221; custom_padding=&#8221;110px||||false|false&#8221; custom_padding_tablet=&#8221;140px|0px|50px|0px|false|false&#8221; custom_padding_phone=&#8221;120px|||&#8221; global_colors_info=&#8221;{}&#8221;][et_pb_row column_structure=&#8221;3_5,2_5&#8243; _builder_version=&#8221;4.20.4&#8243; _module_preset=&#8221;default&#8221; max_width=&#8221;1267px&#8221; custom_margin=&#8221;|auto|-89px|auto||&#8221; use_custom_width=&#8221;on&#8221; custom_width_px=&#8221;1280px&#8221; global_colors_info=&#8221;{}&#8221;][et_pb_column type=&#8221;3_5&#8243; _builder_version=&#8221;4.16&#8243; _module_preset=&#8221;default&#8221; custom_padding=&#8221;|||&#8221; global_colors_info=&#8221;{}&#8221; custom_padding__hover=&#8221;|||&#8221;][et_pb_text _builder_version=&#8221;4.20.4&#8243; _module_preset=&#8221;default&#8221; text_font=&#8221;||||||||&#8221; text_font_size=&#8221;18px&#8221; text_line_height=&#8221;2em&#8221; header_font=&#8221;EB Garamond||||||||&#8221; header_font_size=&#8221;60px&#8221; header_line_height=&#8221;1.3em&#8221; max_width=&#8221;735px&#8221; min_height=&#8221;293px&#8221; text_font_size_tablet=&#8221;&#8221; text_font_size_phone=&#8221;15px&#8221; text_font_size_last_edited=&#8221;on|phone&#8221; text_line_height_tablet=&#8221;&#8221; text_line_height_phone=&#8221;1.6em&#8221; text_line_height_last_edited=&#8221;on|phone&#8221; header_font_size_tablet=&#8221;50px&#8221; header_font_size_phone=&#8221;32px&#8221; header_font_size_last_edited=&#8221;on|phone&#8221; global_colors_info=&#8221;{}&#8221;]<\/p>\n<h1>Samanaikaisohjauksen malli<\/h1>\n<p>Hankkeessa on kehitetty samanaikaisohjaukseen perustuva pedagoginen malli. Tavoitteena on ollut luoda yhtenev\u00e4 samanaikaisohjauksen toimintatapa jokaiselle mallin kehitt\u00e4miseen osallistuvalle koulutuksen j\u00e4rjest\u00e4j\u00e4lle (Per\u00e4pohjolan Opisto, Ammattiopisto Lappia ja Rovaniemen koulutuskuntayhtym\u00e4 REDU). Mallin laatimiseksi hankeverkostolle on j\u00e4rjestetty kaksi yhteiskehitt\u00e4misen ty\u00f6pajaa.<\/p>\n<p>[\/et_pb_text][\/et_pb_column][et_pb_column type=&#8221;2_5&#8243; _builder_version=&#8221;4.16&#8243; _module_preset=&#8221;default&#8221; custom_padding=&#8221;|||&#8221; global_colors_info=&#8221;{}&#8221; custom_padding__hover=&#8221;|||&#8221;][\/et_pb_column][\/et_pb_row][et_pb_row _builder_version=&#8221;4.20.4&#8243; _module_preset=&#8221;default&#8221; max_width=&#8221;1267px&#8221; hover_enabled=&#8221;0&#8243; use_custom_width=&#8221;on&#8221; custom_width_px=&#8221;1280px&#8221; global_colors_info=&#8221;{}&#8221; custom_padding=&#8221;||3px|||&#8221; min_height=&#8221;292px&#8221; height=&#8221;301px&#8221; sticky_enabled=&#8221;0&#8243;][et_pb_column type=&#8221;4_4&#8243; _builder_version=&#8221;4.16&#8243; _module_preset=&#8221;default&#8221; custom_padding=&#8221;|||&#8221; global_colors_info=&#8221;{}&#8221; custom_padding__hover=&#8221;|||&#8221;][et_pb_text _builder_version=&#8221;4.20.4&#8243; _module_preset=&#8221;default&#8221; text_font=&#8221;||||||||&#8221; text_font_size=&#8221;18px&#8221; text_line_height=&#8221;2em&#8221; header_font=&#8221;EB Garamond||||||||&#8221; header_font_size=&#8221;60px&#8221; header_line_height=&#8221;1.3em&#8221; max_width=&#8221;1172px&#8221; min_height=&#8221;639px&#8221; custom_margin=&#8221;-9px||-124px|||&#8221; text_font_size_tablet=&#8221;&#8221; text_font_size_phone=&#8221;15px&#8221; text_font_size_last_edited=&#8221;on|phone&#8221; text_line_height_tablet=&#8221;&#8221; text_line_height_phone=&#8221;1.6em&#8221; text_line_height_last_edited=&#8221;on|phone&#8221; header_font_size_tablet=&#8221;50px&#8221; header_font_size_phone=&#8221;32px&#8221; header_font_size_last_edited=&#8221;on|phone&#8221; global_colors_info=&#8221;{}&#8221;]<\/p>\n<p>Samanaikaisohjauksen malli on esimerkki siit\u00e4, miten oppilaitokset yhdess\u00e4 verkostonsa kanssa voivat toteuttaa samanaikaisohjauksen toimintatapaa. Samanaikaisohjaus tarkoittaa yhden tai useamman organisaation ja kahden tai useamman asiantuntijan ohjaustoimenpiteist\u00e4 muodostuvaa kokonaisuutta, jonka keski\u00f6ss\u00e4 on opiskelijan yksil\u00f6lliset ohjaus- ja tukitarpeet.<\/p>\n<p>Samanaikaisohjaus on moniammatillista yhteisty\u00f6t\u00e4, johon osallistuvat oppilaitoksen sek\u00e4 muiden tarvittavien organisaatioiden asiantuntijat.<\/p>\n<p>Tavoitteena on, ett\u00e4 opiskelija tulee kuulluksi ja ymm\u00e4rretyksi ja ohjaus edist\u00e4\u00e4 h\u00e4nen opintojen etenemist\u00e4 ja opintoihin sitoutumista. Samanaikaisohjaus edist\u00e4\u00e4 tasa-arvoa sek\u00e4 vahvistaa opiskelijan kuulumisen tunnetta.<span> Samanaikaisohjauksen toimintatapa perustuu yhteisty\u00f6h\u00f6n ja luottamukseen ja siin\u00e4 huomioidaan tietosuoja.\u00a0<\/span><strong>Se mahdollistaa usean eri alan ammattilaisen yhteisty\u00f6n opiskelijan parhaaksi.<\/strong> My\u00f6s ohjaukseen osallistuvat ammattilaiset voivat oppia toisiltaan ja jakaa tietoa.<\/p>\n<p>[\/et_pb_text][\/et_pb_column][\/et_pb_row][\/et_pb_section][et_pb_section fb_built=&#8221;1&#8243; admin_label=&#8221;About Us&#8221; _builder_version=&#8221;4.20.4&#8243; _module_preset=&#8221;default&#8221; global_colors_info=&#8221;{}&#8221; custom_margin=&#8221;-68px|||||&#8221;][et_pb_row _builder_version=&#8221;4.20.4&#8243; _module_preset=&#8221;default&#8221; global_colors_info=&#8221;{}&#8221; min_height=&#8221;296.3px&#8221; custom_margin=&#8221;85px|auto||auto||&#8221;][et_pb_column type=&#8221;4_4&#8243; _builder_version=&#8221;4.20.4&#8243; _module_preset=&#8221;default&#8221; global_colors_info=&#8221;{}&#8221;][et_pb_image src=&#8221;https:\/\/blogi.eoppimispalvelut.fi\/siltahanke\/files\/2023\/04\/Samanaikaisohjauksen-malli-png.png&#8221; alt=&#8221;Samanaikaisohjauksen malli kuvana&#8221; title_text=&#8221;Samanaikaisohjauksen malli png&#8221; _builder_version=&#8221;4.20.4&#8243; _module_preset=&#8221;default&#8221; global_colors_info=&#8221;{}&#8221; custom_margin=&#8221;138px|||||&#8221;][\/et_pb_image][\/et_pb_column][\/et_pb_row][et_pb_row _builder_version=&#8221;4.20.4&#8243; _module_preset=&#8221;default&#8221; global_colors_info=&#8221;{}&#8221;][et_pb_column type=&#8221;4_4&#8243; _builder_version=&#8221;4.20.4&#8243; _module_preset=&#8221;default&#8221; global_colors_info=&#8221;{}&#8221;][et_pb_text _builder_version=&#8221;4.20.4&#8243; _module_preset=&#8221;default&#8221; text_font_size=&#8221;13px&#8221; global_colors_info=&#8221;{}&#8221;]<\/p>\n<p><a href=\"https:\/\/blogi.eoppimispalvelut.fi\/siltahanke\/files\/2023\/04\/Samanaikaisohjauksen-malli.pdf\">T\u00e4st\u00e4 linkist\u00e4<\/a> voit ladata samanaikaisohjauksen mallin itsellesi pdf-tiedostona.<\/p>\n<p>[\/et_pb_text][\/et_pb_column][\/et_pb_row][\/et_pb_section]<\/p>\n","protected":false},"excerpt":{"rendered":"<p>Samanaikaisohjauksen malli Hankkeessa on kehitetty samanaikaisohjaukseen perustuva pedagoginen malli. Tavoitteena on ollut luoda yhtenev\u00e4 samanaikaisohjauksen toimintatapa jokaiselle mallin kehitt\u00e4miseen osallistuvalle koulutuksen j\u00e4rjest\u00e4j\u00e4lle (Per\u00e4pohjolan Opisto, Ammattiopisto Lappia ja Rovaniemen koulutuskuntayhtym\u00e4 REDU). Mallin laatimiseksi hankeverkostolle on j\u00e4rjestetty kaksi yhteiskehitt\u00e4misen ty\u00f6pajaa.Samanaikaisohjauksen malli on esimerkki siit\u00e4, miten oppilaitokset yhdess\u00e4 verkostonsa kanssa voivat toteuttaa samanaikaisohjauksen toimintatapaa. Samanaikaisohjaus tarkoittaa yhden tai [&hellip;]<\/p>\n","protected":false},"author":3256,"featured_media":0,"parent":0,"menu_order":0,"comment_status":"closed","ping_status":"closed","template":"","meta":{"_et_pb_use_builder":"on","_et_pb_old_content":"","_et_gb_content_width":"","footnotes":""},"class_list":["post-167","page","type-page","status-publish","hentry"],"_links":{"self":[{"href":"https:\/\/blogi.eoppimispalvelut.fi\/siltahanke\/wp-json\/wp\/v2\/pages\/167","targetHints":{"allow":["GET"]}}],"collection":[{"href":"https:\/\/blogi.eoppimispalvelut.fi\/siltahanke\/wp-json\/wp\/v2\/pages"}],"about":[{"href":"https:\/\/blogi.eoppimispalvelut.fi\/siltahanke\/wp-json\/wp\/v2\/types\/page"}],"author":[{"embeddable":true,"href":"https:\/\/blogi.eoppimispalvelut.fi\/siltahanke\/wp-json\/wp\/v2\/users\/3256"}],"replies":[{"embeddable":true,"href":"https:\/\/blogi.eoppimispalvelut.fi\/siltahanke\/wp-json\/wp\/v2\/comments?post=167"}],"version-history":[{"count":8,"href":"https:\/\/blogi.eoppimispalvelut.fi\/siltahanke\/wp-json\/wp\/v2\/pages\/167\/revisions"}],"predecessor-version":[{"id":434,"href":"https:\/\/blogi.eoppimispalvelut.fi\/siltahanke\/wp-json\/wp\/v2\/pages\/167\/revisions\/434"}],"wp:attachment":[{"href":"https:\/\/blogi.eoppimispalvelut.fi\/siltahanke\/wp-json\/wp\/v2\/media?parent=167"}],"curies":[{"name":"wp","href":"https:\/\/api.w.org\/{rel}","templated":true}]}}