{"id":252,"date":"2018-04-25T22:11:56","date_gmt":"2018-04-25T19:11:56","guid":{"rendered":"https:\/\/blogi.eoppimispalvelut.fi\/sivi\/?page_id=252"},"modified":"2018-05-07T10:36:01","modified_gmt":"2018-05-07T07:36:01","slug":"sisaisen-viestinnan-suunnitelma","status":"publish","type":"page","link":"https:\/\/blogi.eoppimispalvelut.fi\/sivi\/sisaisen-viestinnan-suunnitelma\/","title":{"rendered":"Sis\u00e4isen viestinn\u00e4n suunnitelma"},"content":{"rendered":"<p>Yrityskaupassa viestinn\u00e4n ajoitus on t\u00e4rke\u00e4 muistaa, koska neuvottelujen ollessa kesken kaikki tiedotettava tieto ei ole julkista edes henkil\u00f6st\u00f6lle. Integraatiosuunnitelman rinnalle tulee laatia erillinen viestint\u00e4suunnitelma. Yrityskaupan vahvistamisen j\u00e4lkeen sis\u00e4isen viestinn\u00e4n viestint\u00e4suunnitelmaa voidaan alkaa toteuttamaan, jotta viestint\u00e4 saadaan toteutettua tavoitteellisesti ja saavutetaan kaikki kohderyhm\u00e4t. Viestint\u00e4suunnitelmasta tulee ilmet\u00e4 viestinn\u00e4n kohderyhm\u00e4t, viestinn\u00e4n tavoitteet, viestinn\u00e4n aikataulu, viestitt\u00e4vien asioiden sis\u00e4lt\u00f6, viestinn\u00e4n toteuttajat ja viestint\u00e4kanavat.<\/p>\n<div id=\"attachment_253\" style=\"width: 510px\" class=\"wp-caption alignnone\"><img loading=\"lazy\" decoding=\"async\" aria-describedby=\"caption-attachment-253\" class=\"wp-image-253 size-full\" src=\"https:\/\/blogi.eoppimispalvelut.fi\/sivi\/files\/2018\/04\/1.jpg\" alt=\"\" width=\"500\" height=\"333\" srcset=\"https:\/\/blogi.eoppimispalvelut.fi\/sivi\/files\/2018\/04\/1.jpg 500w, https:\/\/blogi.eoppimispalvelut.fi\/sivi\/files\/2018\/04\/1-300x200.jpg 300w, https:\/\/blogi.eoppimispalvelut.fi\/sivi\/files\/2018\/04\/1-450x300.jpg 450w\" sizes=\"auto, (max-width: 500px) 100vw, 500px\" \/><p id=\"caption-attachment-253\" class=\"wp-caption-text\">Laadi selke\u00e4 viestint\u00e4suunnitelma, ei n\u00e4in.<\/p><\/div>\n<p><strong>Viestinn\u00e4n kohderyhm\u00e4t<\/strong><\/p>\n<p>Kohderyhm\u00e4viestinn\u00e4ss\u00e4 tulee huomioida, ett\u00e4 viestint\u00e4 on samansis\u00e4lt\u00f6ist\u00e4 ja m\u00e4\u00e4r\u00e4lt\u00e4\u00e4n saman verran kullekin kohderyhm\u00e4lle. Kohderyhm\u00e4t yrityskauppatilanteessa ovat yleisimmin ylin johto, keskijohto ja ty\u00f6ntekij\u00e4t sis\u00e4isen viestinn\u00e4n osalta, kun viestint\u00e4 suunnataan yrityksen ulkopuolelle, kohderyhmiksi lis\u00e4t\u00e4\u00e4n asiakkaat ja muut toimijat jotka ovat sidoksissa yritykseen.<\/p>\n<p><strong>Viestinn\u00e4n tavoitteet ja ajoitus<\/strong><\/p>\n<p>Sis\u00e4isen viestinn\u00e4n tavoitteena on jakaa tietoa ja pyrki\u00e4 luomaan positiivinen suhtautuminen ostavan ja ostettavan yrityksen henkil\u00f6st\u00f6n keskuudessa. Viestint\u00e4 on ensimm\u00e4inen kontakti ostokohteena olevan yrityksen henkil\u00f6st\u00f6n kanssa, t\u00e4ll\u00f6in ensivaikutelmalla luodaan hyv\u00e4 ilmapiiri. Herk\u00e4ss\u00e4 ja ep\u00e4varmassa tilanteessa oleva henkil\u00f6st\u00f6 joka ei saa kaikkea osaa tiedosta, kokee olevansa v\u00e4hemm\u00e4n t\u00e4rke\u00e4. Luottamus voidaan helposti menett\u00e4\u00e4, mink\u00e4 vuoksi viestinn\u00e4n tulee olla avointa ja rehellist\u00e4. Yrityskaupassa ei voi koskaan kommunikoida liikaa.<\/p>\n<div id=\"attachment_255\" style=\"width: 510px\" class=\"wp-caption alignnone\"><img loading=\"lazy\" decoding=\"async\" aria-describedby=\"caption-attachment-255\" class=\"size-full wp-image-255\" src=\"https:\/\/blogi.eoppimispalvelut.fi\/sivi\/files\/2018\/04\/2.jpg\" alt=\"\" width=\"500\" height=\"334\" srcset=\"https:\/\/blogi.eoppimispalvelut.fi\/sivi\/files\/2018\/04\/2.jpg 500w, https:\/\/blogi.eoppimispalvelut.fi\/sivi\/files\/2018\/04\/2-300x200.jpg 300w, https:\/\/blogi.eoppimispalvelut.fi\/sivi\/files\/2018\/04\/2-449x300.jpg 449w\" sizes=\"auto, (max-width: 500px) 100vw, 500px\" \/><p id=\"caption-attachment-255\" class=\"wp-caption-text\">Veisti avoimesti ja rehellisesti, vastaa henkil\u00f6st\u00f6n esitt\u00e4miin lis\u00e4kysymyksiin.<\/p><\/div>\n<p>Jotta viestint\u00e4 tapahtuu oikeaan aikaan ja ostajan toivomalla tavalla, t\u00e4ytyy ostavan yrityksen pysty\u00e4 ohjaamaan viestint\u00e4\u00e4. Oikea-aikainen ja rehellinen viestint\u00e4 koetaan jopa t\u00e4rke\u00e4mm\u00e4ksi kuin viestin sis\u00e4lt\u00f6. Viestint\u00e4 voi olla tiedottamista, mik\u00e4 on yksipuolista tiedon jakoa johdolta alaisille. Vuorovaikutuksellinen viestint\u00e4 on rakentavaa viestint\u00e4\u00e4, jolla vahvistetaan viestinn\u00e4n oikeaa tulkintaa, mahdollistetaan lis\u00e4selvitysten antaminen ja pyrit\u00e4\u00e4n saavuttamaan sitoutumista.<\/p>\n<p><strong>Viestinn\u00e4n toteuttajat<\/strong><\/p>\n<p>Yrityksen johdolla on p\u00e4\u00e4vastuu viestinn\u00e4n toteutuksesta jonka tukena toimivat nimetyt henkil\u00f6t ja tiimit, jotka usein toteuttavat viestinn\u00e4n toimenpiteet k\u00e4yt\u00e4nn\u00f6ss\u00e4. Alla olevassa kaaviossa on esitetty viestinn\u00e4n sis\u00e4lt\u00f6 ja resurssit. Kuten kuvasta voi havaita, viestinn\u00e4n resurssien m\u00e4\u00e4r\u00e4 kasvaa oleellisesti integrointiprosessin toteutusta kohden.<\/p>\n<div id=\"attachment_256\" style=\"width: 732px\" class=\"wp-caption alignnone\"><img loading=\"lazy\" decoding=\"async\" aria-describedby=\"caption-attachment-256\" class=\"wp-image-256 size-full\" src=\"https:\/\/blogi.eoppimispalvelut.fi\/sivi\/files\/2018\/04\/3.png\" alt=\"\" width=\"722\" height=\"488\" srcset=\"https:\/\/blogi.eoppimispalvelut.fi\/sivi\/files\/2018\/04\/3.png 722w, https:\/\/blogi.eoppimispalvelut.fi\/sivi\/files\/2018\/04\/3-300x203.png 300w, https:\/\/blogi.eoppimispalvelut.fi\/sivi\/files\/2018\/04\/3-444x300.png 444w\" sizes=\"auto, (max-width: 722px) 100vw, 722px\" \/><p id=\"caption-attachment-256\" class=\"wp-caption-text\">Viestinn\u00e4n sis\u00e4lt\u00f6 ja resurssit (Katramo &amp; ym. 2013).<\/p><\/div>\n<p><strong>Viestint\u00e4kanavat<\/strong><\/p>\n<p>Yrityksen sis\u00e4isen viestinn\u00e4n kanavia ovat muun muassa s\u00e4hk\u00f6postitiedottaminen, sosiaalinen media, yrityksen verkkosivut, yrityksen sis\u00e4inen intranet, puhelut, tiedotustilaisuudet, face-to-face tapaamiset ja yrityksen sis\u00e4iset palaverit. Viestint\u00e4kanavaa valittaessa tulee pohtia, mink\u00e4lainen tiedottaminen sopii kulloinkin viestitt\u00e4v\u00e4\u00e4n asiaa. Esimerkiksi integraatioprosessin yleiset tiedotukset, aikataulun ja yrityskaupan integraation etenemisen seuranta voidaan tiedottaa s\u00e4hk\u00f6postitse ja sosiaalisessa mediassa. Vastaavasti asiat jotka todenn\u00e4k\u00f6isesti her\u00e4tt\u00e4v\u00e4t kysymyksi\u00e4 ja vaativat lis\u00e4selvityst\u00e4, esimerkiksi henkil\u00f6st\u00f6asiat, mahdolliset yt-neuvottelut, tulisi viesti\u00e4 face-to-face tilaisuuksissa tai henkil\u00f6kohtaisesti asianosaisen kanssa, jolloin tiedon vastaanottajalla on mahdollisuus saada tietoa h\u00e4nt\u00e4 askarruttavaan asiaan ja tiedottaminen tapahtuu vuorovaikutuksellisesti.<\/p>\n<hr \/>\n<pre>L\u00e4hteet\r\n\r\nErkkil\u00e4, K. 2001. Haltuunoton ja yhdist\u00e4misen haasteet. Integraatio \r\nyrityskaupassa. Porvoo: WS Bookwell Oy.\r\n\r\nKatramo, M., Laurila, J., Matinlauri, I., Niemel\u00e4, J., Svennas, K., &amp;\r\nWilkman N. 2011. Yrityskauppa. Helsinki: WSOYpro OY.<\/pre>\n<p>&nbsp;<\/p>\n","protected":false},"excerpt":{"rendered":"<p>Yrityskaupassa viestinn\u00e4n ajoitus on t\u00e4rke\u00e4 muistaa, koska neuvottelujen ollessa kesken kaikki tiedotettava tieto ei ole julkista edes henkil\u00f6st\u00f6lle. Integraatiosuunnitelman rinnalle tulee laatia erillinen viestint\u00e4suunnitelma. Yrityskaupan vahvistamisen j\u00e4lkeen sis\u00e4isen viestinn\u00e4n viestint\u00e4suunnitelmaa voidaan alkaa toteuttamaan, jotta viestint\u00e4 saadaan toteutettua tavoitteellisesti ja saavutetaan &hellip; <a href=\"https:\/\/blogi.eoppimispalvelut.fi\/sivi\/sisaisen-viestinnan-suunnitelma\/\">Continue reading <span class=\"meta-nav\">&rarr;<\/span><\/a><\/p>\n","protected":false},"author":2359,"featured_media":0,"parent":0,"menu_order":0,"comment_status":"closed","ping_status":"closed","template":"sidebar-page.php","meta":{"footnotes":""},"class_list":["post-252","page","type-page","status-publish","hentry"],"_links":{"self":[{"href":"https:\/\/blogi.eoppimispalvelut.fi\/sivi\/wp-json\/wp\/v2\/pages\/252","targetHints":{"allow":["GET"]}}],"collection":[{"href":"https:\/\/blogi.eoppimispalvelut.fi\/sivi\/wp-json\/wp\/v2\/pages"}],"about":[{"href":"https:\/\/blogi.eoppimispalvelut.fi\/sivi\/wp-json\/wp\/v2\/types\/page"}],"author":[{"embeddable":true,"href":"https:\/\/blogi.eoppimispalvelut.fi\/sivi\/wp-json\/wp\/v2\/users\/2359"}],"replies":[{"embeddable":true,"href":"https:\/\/blogi.eoppimispalvelut.fi\/sivi\/wp-json\/wp\/v2\/comments?post=252"}],"version-history":[{"count":4,"href":"https:\/\/blogi.eoppimispalvelut.fi\/sivi\/wp-json\/wp\/v2\/pages\/252\/revisions"}],"predecessor-version":[{"id":306,"href":"https:\/\/blogi.eoppimispalvelut.fi\/sivi\/wp-json\/wp\/v2\/pages\/252\/revisions\/306"}],"wp:attachment":[{"href":"https:\/\/blogi.eoppimispalvelut.fi\/sivi\/wp-json\/wp\/v2\/media?parent=252"}],"curies":[{"name":"wp","href":"https:\/\/api.w.org\/{rel}","templated":true}]}}