{"id":34,"date":"2018-03-05T21:51:15","date_gmt":"2018-03-05T19:51:15","guid":{"rendered":"https:\/\/blogi.eoppimispalvelut.fi\/sivi\/?page_id=34"},"modified":"2022-05-15T22:55:07","modified_gmt":"2022-05-15T19:55:07","slug":"yrityskauppa-ja-tilitoimistot","status":"publish","type":"page","link":"https:\/\/blogi.eoppimispalvelut.fi\/sivi\/","title":{"rendered":"Esittely"},"content":{"rendered":"<p>T\u00e4m\u00e4 sivusto on opas sinulle, joka olet toteuttamassa yrityksen ostoa ja etsit tietoa integraatioprosessista sek\u00e4 henkil\u00f6st\u00f6n huomioimisesta sen aikana.<\/p>\n<p>Aiheita n\u00e4illl\u00e4 verkkosivuilla ovat:<\/p>\n<ul>\n<li><a href=\"https:\/\/blogi.eoppimispalvelut.fi\/sivi\/\">Yritysten laajentuminen<\/a>, jossa on kerrottu eri laajentumisvaihtoehtoja sek\u00e4 perehdytty tilitoimistojen ketjuuntumiseen.<\/li>\n<li><a href=\"https:\/\/blogi.eoppimispalvelut.fi\/sivi\/yrityskauppa\/\">Yrityskauppaprosessi<\/a>, joka on kuvattu vaiheittain kaavioita apuna k\u00e4ytt\u00e4en.<\/li>\n<li><a href=\"https:\/\/blogi.eoppimispalvelut.fi\/sivi\/integraatioprosessi\/\">Integraatioprosessin vaiheet<\/a>, joista saat hyv\u00e4n ja laajaan kuvauksen integraatitosta.<\/li>\n<li><a href=\"https:\/\/blogi.eoppimispalvelut.fi\/sivi\/muutosjohtaminen\/\">Muutosjohtaminen<\/a>, josta l\u00f6yd\u00e4t apuja johtamiseen muutoksessa.<\/li>\n<li><a href=\"https:\/\/blogi.eoppimispalvelut.fi\/sivi\/sisainen-viestinta\/\">Sis\u00e4inen viestint\u00e4<\/a>, jota k\u00e4yd\u00e4\u00e4n l\u00e4pi onnistuneen viestinn\u00e4n sek\u00e4 viestint\u00e4suunnitelman avulla.<\/li>\n<\/ul>\n<p>Sivusto on tulos Lapin ammattikorkeakoulun liiketalouden opiskelijoiden kev\u00e4\u00e4n 2018 projektista. Aiheeseen liittyvien materiaalien lis\u00e4ksi olemme p\u00e4ivitt\u00e4neet sivuille artikkeleita blogikirjoitusten muodossa projektin etenemiseen liittyen.<\/p>\n<p>Tervetuloa sivuillemme!<\/p>\n","protected":false},"excerpt":{"rendered":"<p>T\u00e4m\u00e4 sivusto on opas sinulle, joka olet toteuttamassa yrityksen ostoa ja etsit tietoa integraatioprosessista sek\u00e4 henkil\u00f6st\u00f6n huomioimisesta sen aikana. Aiheita n\u00e4illl\u00e4 verkkosivuilla ovat: Yritysten laajentuminen, jossa on kerrottu eri laajentumisvaihtoehtoja sek\u00e4 perehdytty tilitoimistojen ketjuuntumiseen. Yrityskauppaprosessi, joka on kuvattu vaiheittain kaavioita &hellip; <a href=\"https:\/\/blogi.eoppimispalvelut.fi\/sivi\/\">Continue reading <span class=\"meta-nav\">&rarr;<\/span><\/a><\/p>\n","protected":false},"author":2359,"featured_media":0,"parent":0,"menu_order":1,"comment_status":"closed","ping_status":"closed","template":"sidebar-page.php","meta":{"footnotes":""},"class_list":["post-34","page","type-page","status-publish","hentry"],"_links":{"self":[{"href":"https:\/\/blogi.eoppimispalvelut.fi\/sivi\/wp-json\/wp\/v2\/pages\/34","targetHints":{"allow":["GET"]}}],"collection":[{"href":"https:\/\/blogi.eoppimispalvelut.fi\/sivi\/wp-json\/wp\/v2\/pages"}],"about":[{"href":"https:\/\/blogi.eoppimispalvelut.fi\/sivi\/wp-json\/wp\/v2\/types\/page"}],"author":[{"embeddable":true,"href":"https:\/\/blogi.eoppimispalvelut.fi\/sivi\/wp-json\/wp\/v2\/users\/2359"}],"replies":[{"embeddable":true,"href":"https:\/\/blogi.eoppimispalvelut.fi\/sivi\/wp-json\/wp\/v2\/comments?post=34"}],"version-history":[{"count":22,"href":"https:\/\/blogi.eoppimispalvelut.fi\/sivi\/wp-json\/wp\/v2\/pages\/34\/revisions"}],"predecessor-version":[{"id":314,"href":"https:\/\/blogi.eoppimispalvelut.fi\/sivi\/wp-json\/wp\/v2\/pages\/34\/revisions\/314"}],"wp:attachment":[{"href":"https:\/\/blogi.eoppimispalvelut.fi\/sivi\/wp-json\/wp\/v2\/media?parent=34"}],"curies":[{"name":"wp","href":"https:\/\/api.w.org\/{rel}","templated":true}]}}