{"id":60,"date":"2018-03-09T22:50:19","date_gmt":"2018-03-09T20:50:19","guid":{"rendered":"https:\/\/blogi.eoppimispalvelut.fi\/sivi\/?page_id=60"},"modified":"2018-05-07T10:31:12","modified_gmt":"2018-05-07T07:31:12","slug":"yrityskauppa","status":"publish","type":"page","link":"https:\/\/blogi.eoppimispalvelut.fi\/sivi\/yrityskauppa\/","title":{"rendered":"Yrityskauppaprosessi"},"content":{"rendered":"<p>Yrityskauppaprosessiin vaikuttavat monet eri tekij\u00e4t ja prosessi vaatii suunnittelua, etenkin ostajalta. Yrityskauppaprosessi voidaan jakaa nelj\u00e4\u00e4n p\u00e4\u00e4vaiheeseen, joita ovat yritysostostrategian m\u00e4\u00e4ritt\u00e4minen, ostokohteiden kartoitus ja alustava dua dilingence tutkimus, ostovaihe, kaupan julkistaminen ja ostetun yrityksen yhdist\u00e4minen ostavaan yritykseen eli integraatio. N\u00e4m\u00e4 vaiheet voidaan jakaa edelleen useampaan alavaihee-seen kuten hinnanm\u00e4\u00e4ritys, sopimusneuvottelut, kaupan vahvistaminen\/julkistaminen ja kaupasta tiedottaminen.<\/p>\n<div id=\"attachment_72\" style=\"width: 557px\" class=\"wp-caption aligncenter\"><img loading=\"lazy\" decoding=\"async\" aria-describedby=\"caption-attachment-72\" class=\"wp-image-72 size-full\" src=\"https:\/\/blogi.eoppimispalvelut.fi\/sivi\/files\/2018\/03\/Yrityskauppaprosessi.png\" alt=\"\" width=\"547\" height=\"376\" srcset=\"https:\/\/blogi.eoppimispalvelut.fi\/sivi\/files\/2018\/03\/Yrityskauppaprosessi.png 547w, https:\/\/blogi.eoppimispalvelut.fi\/sivi\/files\/2018\/03\/Yrityskauppaprosessi-300x206.png 300w, https:\/\/blogi.eoppimispalvelut.fi\/sivi\/files\/2018\/03\/Yrityskauppaprosessi-436x300.png 436w\" sizes=\"auto, (max-width: 547px) 100vw, 547px\" \/><p id=\"caption-attachment-72\" class=\"wp-caption-text\">Yrityskauppaprosessi (Katramo &amp; ym. 2013).<\/p><\/div>\n<p><strong>Yritysostostrategian m\u00e4\u00e4ritt\u00e4minen<\/strong><\/p>\n<p>Yrityskauppaprosessi alkaa, kun yrityksen johto tekee p\u00e4\u00e4t\u00f6ksen yrityskaupan toteuttamisesta, laatii ostostrategian ja m\u00e4\u00e4rittelee yritysoston suuntaviivat. Yrityksen tulee varmistaa, ett\u00e4 yrityskauppa tukee sen liiketoimintaa ja vahvistaa yrityksen strategian toteuttamista, mik\u00e4 on perusedellytys onnistuneelle yrityskaupalle.<\/p>\n<p><strong>Ostokohteiden kartoitus<\/strong><\/p>\n<p>Yrityskauppojen yhteydess\u00e4 k\u00e4yd\u00e4\u00e4n huomattava m\u00e4\u00e4r\u00e4 erilaisia neuvotteluja. Sopivan ostokohteen l\u00f6ydytty\u00e4 k\u00e4yd\u00e4\u00e4n alustavat neuvottelut ja laaditaan mahdollisesti alustava sopimus, jolla ostaja pyrkii turvaamaan asemansa muilta ostajilta ja myyj\u00e4 puolestaan pyrkii varjelemaan liikesalaisuuksien vuotamista. T\u00e4ss\u00e4 vaiheessa k\u00e4yt\u00e4v\u00e4n neuvottelu-prosessin tavoitteena on kaupan osapuolten n\u00e4kemysten yhteensovittaminen ja kaup-pahintaan vaikuttavien tekij\u00f6iden esiintuominen. Ostajan l\u00e4ht\u00f6kohtana ovat aina strategiset tavoitteet ja niist\u00e4 johdetut alustavat reunaehdot kohteelle ja kauppakirjalle, arvonm\u00e4\u00e4ritys ja tavoitehinta sek\u00e4 analyysi siit\u00e4, miten ja mink\u00e4suuruista lis\u00e4arvoa on tuotettavissa.<\/p>\n<p><strong>Due diligence<\/strong><\/p>\n<p>Onnistunut yrityskauppa edellytt\u00e4\u00e4 ostettavan yrityksen ja sen liiketoiminnan syv\u00e4llist\u00e4 ja kokonaisvaltaista tuntemusta, joten ennen kaupan toteuttamista tehd\u00e4\u00e4n kaupan-kohteen ennakkotarkastus eli due diligence-tarkastus. Sill\u00e4 kartoitetaan ennakolta yrityskauppaan liittyvi\u00e4 riskej\u00e4 ja vastuita. Due diligence on l\u00e4pileikkaus yrityksen liike-toimintaan ja se auttaa n\u00e4kem\u00e4\u00e4n, millaisia mahdollisuuksia tehty kauppa tarjoaa tulevaisuudessa ostajayrityksen liiketoiminnalle. T\u00e4ss\u00e4 prosessin vaiheessa ostaja siis tarkastaa, ett\u00e4 ostokohteen suhteen kaikki asiat ovat niin kuin on annettu ymm\u00e4rt\u00e4\u00e4 alustavissa neuvotteluissa.<\/p>\n<div id=\"attachment_73\" style=\"width: 556px\" class=\"wp-caption alignnone\"><img loading=\"lazy\" decoding=\"async\" aria-describedby=\"caption-attachment-73\" class=\"wp-image-73 size-full\" src=\"https:\/\/blogi.eoppimispalvelut.fi\/sivi\/files\/2018\/03\/DUE.png\" alt=\"\" width=\"546\" height=\"352\" srcset=\"https:\/\/blogi.eoppimispalvelut.fi\/sivi\/files\/2018\/03\/DUE.png 546w, https:\/\/blogi.eoppimispalvelut.fi\/sivi\/files\/2018\/03\/DUE-300x193.png 300w, https:\/\/blogi.eoppimispalvelut.fi\/sivi\/files\/2018\/03\/DUE-465x300.png 465w\" sizes=\"auto, (max-width: 546px) 100vw, 546px\" \/><p id=\"caption-attachment-73\" class=\"wp-caption-text\">Yrityskauppaprosessin vaiheet (Katramo &amp; ym. 2013).<\/p><\/div>\n<p>Yleens\u00e4 due diligence -tutkimus toteutetaan, jos yrityskauppaprosessi etenee vaihee-seen, jossa syntyy alusta va sopimus. Due diligence -tarkastus tehd\u00e4\u00e4n k\u00e4yt\u00e4nn\u00f6ss\u00e4 p\u00e4\u00e4t\u00f6ksenteon tueksi sek\u00e4 kohteen arvon m\u00e4\u00e4rittelemiseksi ja sen avulla ostaja saa merkitt\u00e4v\u00e4sti lis\u00e4tietoa kaupan kohteesta ja kauppaan liittyvist\u00e4 riskeist\u00e4 ja voi tehd\u00e4 saadun tiedon perusteella omia johtop\u00e4\u00e4t\u00f6ksi\u00e4\u00e4n. Neuvottelut lopullisesta sopimuk-sesta jatkuvat due diligencen toteuttamisen j\u00e4lkeen ja samalla neuvotellaan tutkimuksen tuloksien vaikutuksista kauppahintaan. Kauppa voidaan hyl\u00e4t\u00e4 tai sen ehtoja vaatia muutettavaksi, mik\u00e4li due diligence -tarkastuksessa saatu tieto muuttaa ostajan ennakko-oletuksia. Due diligence toimii lis\u00e4ksi ty\u00f6kaluna my\u00f6s j\u00e4rjestelyn j\u00e4lkeisten asioiden toteuttamisessa eli haltuunotossa ja integraatiossa.<\/p>\n<p><strong>Ostovaihe ja kaupan julkistaminen<\/strong><\/p>\n<p>Seuraava vaihe yrityskauppaprosessissa on toteutusvaihe, jossa neuvotellaan yritys-kaupan lopulliset ehdot ja toteutetaan kauppasopimus. T\u00e4ss\u00e4 vaiheessa sovitaan my\u00f6s kaupan rahoitus- ja maksutapa ja neuvotellaan verotuksellisista seikoista sek\u00e4 sovitaan my\u00f6s vastuukysymysten ratkaisusta. \u00a0Kauppakirjan allekirjoituksen j\u00e4lkeen kaupan voi-maantuloon voi liitty\u00e4 erillisi\u00e4 voimaantuloon liittyvi\u00e4 ehtoja, joiden tulee toteutua, jotta kauppa voidaan vied\u00e4 loppuun.<\/p>\n<p><strong>Integraatio<\/strong><\/p>\n<p>Toteutusvaihetta seuraa sopeuttaminen, jolloin ostettu yritys integroidaan ostaja-yritykseen. Sopeuttamisvaihe on yrityskaupan onnistumisen kannalta hyvin kriittinen, sill\u00e4 usein integroitavia osa-alueita on useita, kuten toiminnalliset resurssit, tuotanto-prosessi, organisaatiot sek\u00e4 laskenta- ja informaatioj\u00e4rjestelm\u00e4t. Ostajan pit\u00e4\u00e4 t\u00e4t\u00e4 varten laatia yksityiskohtainen integraatiosuunnitelma, jossa selvitet\u00e4\u00e4n kuka integ-raation toteuttaa k\u00e4yt\u00e4nn\u00f6ss\u00e4, miten ostettavan yhti\u00f6n johto sitoutetaan suunnitelmaan, miss\u00e4 vaiheessa integraatio p\u00e4\u00e4st\u00e4\u00e4n toteuttamaan ja mill\u00e4 aikataululla. Ilman integ-raatiosuunnitelmaa tuloksena voi olla yritysten liian h\u00e4t\u00e4inen sulauttaminen ja ajan my\u00f6t\u00e4 kilpailuetujen ja markkinoiden menett\u00e4minen.<\/p>\n<div id=\"attachment_82\" style=\"width: 594px\" class=\"wp-caption alignnone\"><img loading=\"lazy\" decoding=\"async\" aria-describedby=\"caption-attachment-82\" class=\"wp-image-82 size-large\" src=\"https:\/\/blogi.eoppimispalvelut.fi\/sivi\/files\/2018\/03\/rawpixel-com-593599-unsplash-1024x829.jpg\" alt=\"\" width=\"584\" height=\"473\" srcset=\"https:\/\/blogi.eoppimispalvelut.fi\/sivi\/files\/2018\/03\/rawpixel-com-593599-unsplash-1024x829.jpg 1024w, https:\/\/blogi.eoppimispalvelut.fi\/sivi\/files\/2018\/03\/rawpixel-com-593599-unsplash-300x243.jpg 300w, https:\/\/blogi.eoppimispalvelut.fi\/sivi\/files\/2018\/03\/rawpixel-com-593599-unsplash-768x622.jpg 768w, https:\/\/blogi.eoppimispalvelut.fi\/sivi\/files\/2018\/03\/rawpixel-com-593599-unsplash-371x300.jpg 371w\" sizes=\"auto, (max-width: 584px) 100vw, 584px\" \/><p id=\"caption-attachment-82\" class=\"wp-caption-text\">Yhteisty\u00f6ll\u00e4 onnistuneeseen integraatioon.<\/p><\/div>\n<p>Yritysoston j\u00e4lkeen henkil\u00f6kunta odottaa muutoksia ja prosessi tulee aloittaa mahdol-lisimman nopeasti. Tunnettuna periaatteena pidet\u00e4\u00e4n sit\u00e4, ett\u00e4 ensimm\u00e4iset sata p\u00e4iv\u00e4\u00e4 ovat ratkaisevia integraation onnistumisen kannalta. Erityisen suuria hankaluuksia on tiedossa, jos kahden yrityksen v\u00e4lill\u00e4 on suuria eroja yrityskulttuurin, tietoj\u00e4rjestelmien tai raportointij\u00e4rjestelmien v\u00e4lill\u00e4 ja ne on yhdistett\u00e4v\u00e4 toimivaksi kokonaisuudeksi. Yrityksen johdon ja henkil\u00f6st\u00f6osastojen t\u00e4ytyy tehd\u00e4 yhteisty\u00f6t\u00e4 ja kartoittaa toimet, joita vaaditaan parhaan lopputuloksen aikaansaamiseksi. Koska uuden yrityksen toiminta ei v\u00e4ltt\u00e4-m\u00e4tt\u00e4 ole selvill\u00e4, se voi aiheuttaa ep\u00e4varmuutta koko yrityksess\u00e4. My\u00f6s t\u00e4st\u00e4 johtuen rehellinen ja avoin viestint\u00e4 v\u00e4hent\u00e4\u00e4 yrityskauppaa koskevien huhujen levi\u00e4mist\u00e4 ja henkil\u00f6st\u00f6n stressi\u00e4 sek\u00e4 auttaa ty\u00f6ntekij\u00f6iden sopeutumista uuteen muuttuvaan organisaatiokulttuuriin niin ennen, j\u00e4lkeen kuin yritysoston aikanakin.<\/p>\n<p>&nbsp;<\/p>\n<p>_____________________________________________________________________<\/p>\n<pre><span style=\"font-size: 8.0pt\">L\u00e4hteet<\/span>\r\n\r\n<span style=\"font-size: 8.0pt\">Katramo Mikko, Lauriala Jari, Matinlauri Ismo, Niemel\u00e4 Jaakko, Svennas Karin, \r\nWilkman Nina, 2013. Yrityskauppa. Helsinki: SanomaPro.<\/span><\/pre>\n","protected":false},"excerpt":{"rendered":"<p>Yrityskauppaprosessiin vaikuttavat monet eri tekij\u00e4t ja prosessi vaatii suunnittelua, etenkin ostajalta. Yrityskauppaprosessi voidaan jakaa nelj\u00e4\u00e4n p\u00e4\u00e4vaiheeseen, joita ovat yritysostostrategian m\u00e4\u00e4ritt\u00e4minen, ostokohteiden kartoitus ja alustava dua dilingence tutkimus, ostovaihe, kaupan julkistaminen ja ostetun yrityksen yhdist\u00e4minen ostavaan yritykseen eli integraatio. N\u00e4m\u00e4 vaiheet &hellip; <a href=\"https:\/\/blogi.eoppimispalvelut.fi\/sivi\/yrityskauppa\/\">Continue reading <span class=\"meta-nav\">&rarr;<\/span><\/a><\/p>\n","protected":false},"author":2359,"featured_media":0,"parent":0,"menu_order":2,"comment_status":"closed","ping_status":"closed","template":"sidebar-page.php","meta":{"footnotes":""},"class_list":["post-60","page","type-page","status-publish","hentry"],"_links":{"self":[{"href":"https:\/\/blogi.eoppimispalvelut.fi\/sivi\/wp-json\/wp\/v2\/pages\/60","targetHints":{"allow":["GET"]}}],"collection":[{"href":"https:\/\/blogi.eoppimispalvelut.fi\/sivi\/wp-json\/wp\/v2\/pages"}],"about":[{"href":"https:\/\/blogi.eoppimispalvelut.fi\/sivi\/wp-json\/wp\/v2\/types\/page"}],"author":[{"embeddable":true,"href":"https:\/\/blogi.eoppimispalvelut.fi\/sivi\/wp-json\/wp\/v2\/users\/2359"}],"replies":[{"embeddable":true,"href":"https:\/\/blogi.eoppimispalvelut.fi\/sivi\/wp-json\/wp\/v2\/comments?post=60"}],"version-history":[{"count":9,"href":"https:\/\/blogi.eoppimispalvelut.fi\/sivi\/wp-json\/wp\/v2\/pages\/60\/revisions"}],"predecessor-version":[{"id":303,"href":"https:\/\/blogi.eoppimispalvelut.fi\/sivi\/wp-json\/wp\/v2\/pages\/60\/revisions\/303"}],"wp:attachment":[{"href":"https:\/\/blogi.eoppimispalvelut.fi\/sivi\/wp-json\/wp\/v2\/media?parent=60"}],"curies":[{"name":"wp","href":"https:\/\/api.w.org\/{rel}","templated":true}]}}