{"id":16,"date":"2020-09-21T13:18:20","date_gmt":"2020-09-21T10:18:20","guid":{"rendered":"https:\/\/blogi.eoppimispalvelut.fi\/snowember\/?page_id=16"},"modified":"2023-01-02T14:22:25","modified_gmt":"2023-01-02T12:22:25","slug":"energiatehokas-arktinen-lumi-hanke","status":"publish","type":"page","link":"https:\/\/blogi.eoppimispalvelut.fi\/snowember\/energiatehokas-arktinen-lumi-hanke\/","title":{"rendered":"Energiatehokas Arktinen Lumi -hanke"},"content":{"rendered":"\n<figure class=\"wp-block-image size-large is-resized\"><img loading=\"lazy\" decoding=\"async\" src=\"https:\/\/blogi.eoppimispalvelut.fi\/snowember\/files\/2023\/01\/Lapin-liiton-logo-1-1024x791.jpg\" alt=\"\" class=\"wp-image-186\" width=\"180\" height=\"138\" srcset=\"https:\/\/blogi.eoppimispalvelut.fi\/snowember\/files\/2023\/01\/Lapin-liiton-logo-1-1024x791.jpg 1024w, https:\/\/blogi.eoppimispalvelut.fi\/snowember\/files\/2023\/01\/Lapin-liiton-logo-1-300x232.jpg 300w, https:\/\/blogi.eoppimispalvelut.fi\/snowember\/files\/2023\/01\/Lapin-liiton-logo-1-768x593.jpg 768w, https:\/\/blogi.eoppimispalvelut.fi\/snowember\/files\/2023\/01\/Lapin-liiton-logo-1-1536x1187.jpg 1536w, https:\/\/blogi.eoppimispalvelut.fi\/snowember\/files\/2023\/01\/Lapin-liiton-logo-1-2048x1583.jpg 2048w\" sizes=\"auto, (max-width: 180px) 100vw, 180px\" \/><\/figure>\n\n\n<p>Lapin ammattikorkeakoulu on kehitt\u00e4m\u00e4ss\u00e4 osaamista ja tekniikkaa ekologisesti ja taloudellisesti kest\u00e4v\u00e4\u00e4n lumen tuottamiseen ja s\u00e4il\u00f6miseen Energiatehokas Arktinen Lumi \u2013hankkeessa (EAKR, A75522). T\u00e4m\u00e4n pohjalta luodaan uusia palvelukonsepteja ja tekniikkaa, sek\u00e4 pilotoidaan n\u00e4it\u00e4 teemoja konkreettisesti. Tarve t\u00e4h\u00e4n toimintaan on noussut Ounasvaaran alueelta.<\/p>\n<p>Hankkeessa selvitet\u00e4\u00e4n lumen ja lumilajien kest\u00e4vint\u00e4 ja taloudellisesti tehokkainta toteutusta (lumen s\u00e4il\u00f6nt\u00e4, tuottaminen, talvilajit ja liikuntamatkailu), sek\u00e4 pilotoidaan siihen liittyvi\u00e4 hyvi\u00e4 tapoja toimia. N\u00e4iss\u00e4 toimenpiteiss\u00e4 pyrit\u00e4\u00e4n energiatehokkaaseen ja v\u00e4h\u00e4hiiliseen tapaan toimia, eli lumen k\u00e4ytt\u00f6tarvetta seurataan, ja lunta s\u00e4il\u00f6t\u00e4\u00e4n sek\u00e4 tuotetaan vain sen verran kuin todellista tarvetta on (tarve on alueella suuri sesonkien aikaan). Hankkeella pyrit\u00e4\u00e4n vastaamaan lumettomien syksyjen tuomiin haasteisiin.<\/p>\n<p>Lumivarmuudesta on tullut tosiasiallinen kilpailukykytekij\u00e4, kun asiaa mietit\u00e4\u00e4n paitsi Lapissa, my\u00f6s kansainv\u00e4lisesti EU:ssa ja globaalisti. Energiatehokas Arktinen Lumi \u2013hankkeessa luodaan arktisuudesta uusia mahdollisuuksia ja uutta liiketoimintaa \u2013 siten ett\u00e4 kehitett\u00e4v\u00e4t palvelut (esim. ensilumen latu, matkailupalvelut, testauspalvelut) ja tapahtumakonseptit palvelevat kaikkia lappilaisia, sek\u00e4 matkailijoita ylimaakunnallisesti.<\/p>\n<p>\u00a0<\/p>\n<p>Lis\u00e4tietoja,<\/p>\n<p>Heikki Hannola, yliopettaja puh 040-5454711, heikki.hannola(a)lapinamk.fi<\/p>\n<p>Niko Niemisalo, projektip\u00e4\u00e4llikk\u00f6 puh 040-183 4440, niko.niemisalo(a)lapinamk.fi<\/p>\n<p>Verkossa: <a href=\"https:\/\/blogi.eoppimispalvelut.fi\/arktinenlumi\/\">https:\/\/blogi.eoppimispalvelut.fi\/arktinenlumi\/<\/a><\/p>\n<p>Facebookissa:\u00a0<a href=\"http:\/\/www.facebook.com\/arktinenlumi\">www.facebook.com\/arktinenlumi<\/a><\/p>\n<p>\u00a0<\/p>\n<p><img loading=\"lazy\" decoding=\"async\" class=\"alignnone wp-image-3 size-large\" src=\"https:\/\/blogi.eoppimispalvelut.fi\/snowember\/files\/2020\/09\/Snowember-Markolle-1024x576.jpg\" alt=\"Sovember kansikuva\" width=\"955\" height=\"537\" srcset=\"https:\/\/blogi.eoppimispalvelut.fi\/snowember\/files\/2020\/09\/Snowember-Markolle-1024x576.jpg 1024w, https:\/\/blogi.eoppimispalvelut.fi\/snowember\/files\/2020\/09\/Snowember-Markolle-300x169.jpg 300w, https:\/\/blogi.eoppimispalvelut.fi\/snowember\/files\/2020\/09\/Snowember-Markolle-768x432.jpg 768w, https:\/\/blogi.eoppimispalvelut.fi\/snowember\/files\/2020\/09\/Snowember-Markolle-1536x864.jpg 1536w, https:\/\/blogi.eoppimispalvelut.fi\/snowember\/files\/2020\/09\/Snowember-Markolle.jpg 1920w\" sizes=\"auto, (max-width: 955px) 100vw, 955px\" \/><\/p>\n\n\n\n\n\n\n\n\n\n\n\n\n<figure class=\"wp-block-image size-large\"><img loading=\"lazy\" decoding=\"async\" width=\"1024\" height=\"791\" src=\"https:\/\/blogi.eoppimispalvelut.fi\/snowember\/files\/2023\/01\/Lapin-liiton-logo-1-1024x791.jpg\" alt=\"\" class=\"wp-image-186\" srcset=\"https:\/\/blogi.eoppimispalvelut.fi\/snowember\/files\/2023\/01\/Lapin-liiton-logo-1-1024x791.jpg 1024w, https:\/\/blogi.eoppimispalvelut.fi\/snowember\/files\/2023\/01\/Lapin-liiton-logo-1-300x232.jpg 300w, https:\/\/blogi.eoppimispalvelut.fi\/snowember\/files\/2023\/01\/Lapin-liiton-logo-1-768x593.jpg 768w, https:\/\/blogi.eoppimispalvelut.fi\/snowember\/files\/2023\/01\/Lapin-liiton-logo-1-1536x1187.jpg 1536w, https:\/\/blogi.eoppimispalvelut.fi\/snowember\/files\/2023\/01\/Lapin-liiton-logo-1-2048x1583.jpg 2048w\" sizes=\"auto, (max-width: 1024px) 100vw, 1024px\" \/><\/figure>\n","protected":false},"excerpt":{"rendered":"<p>Lapin ammattikorkeakoulu on kehitt\u00e4m\u00e4ss\u00e4 osaamista ja tekniikkaa ekologisesti ja taloudellisesti kest\u00e4v\u00e4\u00e4n lumen tuottamiseen ja s\u00e4il\u00f6miseen Energiatehokas Arktinen Lumi \u2013hankkeessa (EAKR, A75522). T\u00e4m\u00e4n pohjalta luodaan uusia palvelukonsepteja ja tekniikkaa, sek\u00e4 pilotoidaan n\u00e4it\u00e4 teemoja konkreettisesti. Tarve t\u00e4h\u00e4n toimintaan on noussut Ounasvaaran alueelta. Hankkeessa selvitet\u00e4\u00e4n lumen ja lumilajien kest\u00e4vint\u00e4 ja taloudellisesti tehokkainta toteutusta (lumen s\u00e4il\u00f6nt\u00e4, tuottaminen, talvilajit ja [&hellip;]<\/p>\n","protected":false},"author":31,"featured_media":0,"parent":0,"menu_order":0,"comment_status":"closed","ping_status":"closed","template":"","meta":{"footnotes":""},"class_list":["post-16","page","type-page","status-publish","hentry"],"_links":{"self":[{"href":"https:\/\/blogi.eoppimispalvelut.fi\/snowember\/wp-json\/wp\/v2\/pages\/16","targetHints":{"allow":["GET"]}}],"collection":[{"href":"https:\/\/blogi.eoppimispalvelut.fi\/snowember\/wp-json\/wp\/v2\/pages"}],"about":[{"href":"https:\/\/blogi.eoppimispalvelut.fi\/snowember\/wp-json\/wp\/v2\/types\/page"}],"author":[{"embeddable":true,"href":"https:\/\/blogi.eoppimispalvelut.fi\/snowember\/wp-json\/wp\/v2\/users\/31"}],"replies":[{"embeddable":true,"href":"https:\/\/blogi.eoppimispalvelut.fi\/snowember\/wp-json\/wp\/v2\/comments?post=16"}],"version-history":[{"count":7,"href":"https:\/\/blogi.eoppimispalvelut.fi\/snowember\/wp-json\/wp\/v2\/pages\/16\/revisions"}],"predecessor-version":[{"id":188,"href":"https:\/\/blogi.eoppimispalvelut.fi\/snowember\/wp-json\/wp\/v2\/pages\/16\/revisions\/188"}],"wp:attachment":[{"href":"https:\/\/blogi.eoppimispalvelut.fi\/snowember\/wp-json\/wp\/v2\/media?parent=16"}],"curies":[{"name":"wp","href":"https:\/\/api.w.org\/{rel}","templated":true}]}}