{"id":2,"date":"2020-09-21T13:11:46","date_gmt":"2020-09-21T10:11:46","guid":{"rendered":"https:\/\/blogi.eoppimispalvelut.fi\/snowember\/?page_id=2"},"modified":"2020-10-15T09:42:27","modified_gmt":"2020-10-15T06:42:27","slug":"esimerkkisivu","status":"publish","type":"page","link":"https:\/\/blogi.eoppimispalvelut.fi\/snowember\/","title":{"rendered":"Mik\u00e4 Snowember on?"},"content":{"rendered":"<p><a href=\"https:\/\/blogi.eoppimispalvelut.fi\/snowember\/esimerkkisivu\/snowember-markolle\/\" rel=\"attachment wp-att-3\"><img loading=\"lazy\" decoding=\"async\" class=\"aligncenter size-full wp-image-3\" src=\"https:\/\/blogi.eoppimispalvelut.fi\/snowember\/files\/2020\/09\/Snowember-Markolle.jpg\" alt=\"Sovember kansikuva\" width=\"1920\" height=\"1080\" srcset=\"https:\/\/blogi.eoppimispalvelut.fi\/snowember\/files\/2020\/09\/Snowember-Markolle.jpg 1920w, https:\/\/blogi.eoppimispalvelut.fi\/snowember\/files\/2020\/09\/Snowember-Markolle-300x169.jpg 300w, https:\/\/blogi.eoppimispalvelut.fi\/snowember\/files\/2020\/09\/Snowember-Markolle-1024x576.jpg 1024w, https:\/\/blogi.eoppimispalvelut.fi\/snowember\/files\/2020\/09\/Snowember-Markolle-768x432.jpg 768w, https:\/\/blogi.eoppimispalvelut.fi\/snowember\/files\/2020\/09\/Snowember-Markolle-1536x864.jpg 1536w\" sizes=\"auto, (max-width: 1920px) 100vw, 1920px\" \/><\/a><\/p>\n<p><em>Snowember<\/em> on ensilumen teemakuukausi Rovaniemell\u00e4. Tarkoitus on innostaa kaikkia lappilaisia ensilumen ladulle ja lumilajien pariin. Teemakuukausi kest\u00e4\u00e4 koko marraskuun ja sen aikana j\u00e4rjestet\u00e4\u00e4n lukuisia lumiaiheisia tapahtumia Rovaniemen Ounasvaaralla ja eri talviurheilukeskuksissa. <em>Snowember<\/em> on <a href=\"https:\/\/blogi.eoppimispalvelut.fi\/arktinenlumi\/\">Energiatehokas arktinen lumi<\/a> (EAKR) -hankkeen aikaansaama pilottijakso hankkeen teknisten innovaatioiden ja palvelujen testaamiseen. Covid-19 pandemian vuoksi Snowemberin tapahtumat toteutetaan turvallisuuden ja terveyden ehdoilla viranomaisohjeita seuraten.<\/p>\n<p>Lis\u00e4tietoa Snowember-teemakuukaudesta:<\/p>\n<p>Niko Niemisalo, projektip\u00e4\u00e4llikk\u00f6<\/p>\n<p>Puh 040-183 4440, niko.niemisalo(a)lapinamk.fi.<\/p>\n<p>&nbsp;<\/p>\n<p>&nbsp;<\/p>\n","protected":false},"excerpt":{"rendered":"<p>Snowember on ensilumen teemakuukausi Rovaniemell\u00e4. Tarkoitus on innostaa kaikkia lappilaisia ensilumen ladulle ja lumilajien pariin. Teemakuukausi kest\u00e4\u00e4 koko marraskuun ja sen aikana j\u00e4rjestet\u00e4\u00e4n lukuisia lumiaiheisia tapahtumia Rovaniemen Ounasvaaralla ja eri talviurheilukeskuksissa. Snowember on Energiatehokas arktinen lumi (EAKR) -hankkeen aikaansaama pilottijakso hankkeen teknisten innovaatioiden ja palvelujen testaamiseen. Covid-19 pandemian vuoksi Snowemberin tapahtumat toteutetaan turvallisuuden ja terveyden [&hellip;]<\/p>\n","protected":false},"author":31,"featured_media":0,"parent":0,"menu_order":0,"comment_status":"closed","ping_status":"open","template":"","meta":{"footnotes":""},"class_list":["post-2","page","type-page","status-publish","hentry"],"_links":{"self":[{"href":"https:\/\/blogi.eoppimispalvelut.fi\/snowember\/wp-json\/wp\/v2\/pages\/2","targetHints":{"allow":["GET"]}}],"collection":[{"href":"https:\/\/blogi.eoppimispalvelut.fi\/snowember\/wp-json\/wp\/v2\/pages"}],"about":[{"href":"https:\/\/blogi.eoppimispalvelut.fi\/snowember\/wp-json\/wp\/v2\/types\/page"}],"author":[{"embeddable":true,"href":"https:\/\/blogi.eoppimispalvelut.fi\/snowember\/wp-json\/wp\/v2\/users\/31"}],"replies":[{"embeddable":true,"href":"https:\/\/blogi.eoppimispalvelut.fi\/snowember\/wp-json\/wp\/v2\/comments?post=2"}],"version-history":[{"count":6,"href":"https:\/\/blogi.eoppimispalvelut.fi\/snowember\/wp-json\/wp\/v2\/pages\/2\/revisions"}],"predecessor-version":[{"id":81,"href":"https:\/\/blogi.eoppimispalvelut.fi\/snowember\/wp-json\/wp\/v2\/pages\/2\/revisions\/81"}],"wp:attachment":[{"href":"https:\/\/blogi.eoppimispalvelut.fi\/snowember\/wp-json\/wp\/v2\/media?parent=2"}],"curies":[{"name":"wp","href":"https:\/\/api.w.org\/{rel}","templated":true}]}}