{"id":75,"date":"2020-10-13T12:45:38","date_gmt":"2020-10-13T09:45:38","guid":{"rendered":"https:\/\/blogi.eoppimispalvelut.fi\/snowember\/?page_id=75"},"modified":"2021-11-21T09:08:59","modified_gmt":"2021-11-21T07:08:59","slug":"turvallisuus","status":"publish","type":"page","link":"https:\/\/blogi.eoppimispalvelut.fi\/snowember\/turvallisuus\/","title":{"rendered":"Turvallisuus"},"content":{"rendered":"<p>Tapahtuminen turvallinen ja vastuullinen l\u00e4pivienti on Snowember -j\u00e4rjest\u00e4jille t\u00e4rke\u00e4\u00e4. Covid-19 pandemiasta johtuen tapahtumien turvallisuus varmistetaan erityisell\u00e4 huolellisuudella, unohtamatta perinteisempi\u00e4 turvallisuuskysymyksi\u00e4.<\/p>\n<p>Varmistaaksemme mahdollisimman turvalliset tapahtumat julkaisemme ennen tapahtumakuukauden alkua t\u00e4lle sivustolle Snowemberin turvallisuussuunnitelman.<\/p>\n<p>Lataa Snowemberin turvallisuussuunnitelma t\u00e4st\u00e4 linkist\u00e4: <a href=\"https:\/\/blogi.eoppimispalvelut.fi\/snowember\/files\/2021\/11\/Turvallisuussuunnitelma-3.docx\">Turvallisuussuunnitelma<\/a><\/p>\n<p>Alla ohjeita tapahtumanj\u00e4rjest\u00e4j\u00e4lle ja linkkej\u00e4 tietol\u00e4hteisiin.<\/p>\n<ul>\n<li>Reaaliaikaisten koronaohjeiden ja s\u00e4\u00e4d\u00f6sten tiedostaminen ja k\u00e4yt\u00e4nt\u00f6\u00f6n ottaminen (ks. ajankohtaiset linkit alla)<\/li>\n<li>Avoimuus viestinn\u00e4ss\u00e4 erityisesti koronaohjeista ja -s\u00e4\u00e4d\u00f6ksist\u00e4<\/li>\n<li>Tapahtumien vastuuhenkil\u00f6iden tiedostaminen<\/li>\n<li>Oleellisten asioiden tiedottaminen Snowember -ty\u00f6ryhm\u00e4lle<\/li>\n<li>Laadi oma turvallisuussuunnitelma, informoi muita, varmista toimenpiteet<\/li>\n<li>Oman turvallisuussuunnitelman noudattaminen<\/li>\n<li>Yhteisty\u00f6 paikallisten viranomaisten kanssa<\/li>\n<li>Kuuntele palautetta ja reagoi herk\u00e4sti siihen<\/li>\n<\/ul>\n<p><em><strong>Ajankohtaista tietoa Covid-19 epidemian tilanteesta l\u00f6yd\u00e4t seuraavista linkeist\u00e4:<\/strong><\/em><\/p>\n<p><a href=\"https:\/\/koronaturvallinenlappi.fi\/\">Koronaturvallinen Lappi<\/a><\/p>\n<p><a href=\"https:\/\/thl.fi\/fi\/web\/infektiotaudit-ja-rokotukset\/ajankohtaista\/ajankohtaista-koronaviruksesta-covid-19\/tilannekatsaus-koronaviruksesta\">THL: ll\u00e4n linkki<\/a><\/p>\n<p><a href=\"https:\/\/experience.arcgis.com\/experience\/d40b2aaf08be4b9c8ec38de30b714f26\">Varmistetut koronatapaukset Suomessa\/kartta<\/a> (THL)<\/p>\n<p><a href=\"https:\/\/koronaturvallinenlappi.fi\/tietoa-sivustosta\/\">Lapin Sairaanhoitopiirin linkki<\/a><\/p>\n<p><a href=\"https:\/\/yle.fi\/uutiset\/18-89760\">Yle Uutisten linkki<\/a><\/p>\n<p><a href=\"https:\/\/www.ecdc.europa.eu\/en\/geographical-distribution-2019-ncov-cases\">Euroopan tautienehk\u00e4isy- ja -valvontakeskuksen linkki<\/a><\/p>\n<p><a href=\"https:\/\/www.avi.fi\/documents\/10191\/16524500\/OKM+THL+Ohje+yleis%C3%B6tilaisuuksiin+yleisiin+kokoontumisiin+ja+julkisten+tilojen+k%C3%A4ytt%C3%B6%C3%B6n_140520+4682.pdf\/f4049515-11e1-40c9-a6d1-4547e83d9bd1\">Ohje koronavirustartuntojen ehk\u00e4isemisest\u00e4 yleis\u00f6tilaisuuksien ja yleisten kokoontumisten <\/a><a href=\"https:\/\/www.avi.fi\/documents\/10191\/16524500\/OKM+THL+Ohje+yleis%C3%B6tilaisuuksiin+yleisiin+kokoontumisiin+ja+julkisten+tilojen+k%C3%A4ytt%C3%B6%C3%B6n_140520+4682.pdf\/f4049515-11e1-40c9-a6d1-4547e83d9bd1\">yhteydess\u00e4 sek\u00e4 julkisten tilojen k\u00e4yt\u00f6ss\u00e4<\/a> (OKM ja THL)<\/p>\n","protected":false},"excerpt":{"rendered":"<p>Tapahtuminen turvallinen ja vastuullinen l\u00e4pivienti on Snowember -j\u00e4rjest\u00e4jille t\u00e4rke\u00e4\u00e4. Covid-19 pandemiasta johtuen tapahtumien turvallisuus varmistetaan erityisell\u00e4 huolellisuudella, unohtamatta perinteisempi\u00e4 turvallisuuskysymyksi\u00e4. Varmistaaksemme mahdollisimman turvalliset tapahtumat julkaisemme ennen tapahtumakuukauden alkua t\u00e4lle sivustolle Snowemberin turvallisuussuunnitelman. Lataa Snowemberin turvallisuussuunnitelma t\u00e4st\u00e4 linkist\u00e4: Turvallisuussuunnitelma Alla ohjeita tapahtumanj\u00e4rjest\u00e4j\u00e4lle ja linkkej\u00e4 tietol\u00e4hteisiin. Reaaliaikaisten koronaohjeiden ja s\u00e4\u00e4d\u00f6sten tiedostaminen ja k\u00e4yt\u00e4nt\u00f6\u00f6n ottaminen (ks. ajankohtaiset linkit [&hellip;]<\/p>\n","protected":false},"author":3761,"featured_media":0,"parent":0,"menu_order":0,"comment_status":"closed","ping_status":"closed","template":"","meta":{"footnotes":""},"class_list":["post-75","page","type-page","status-publish","hentry"],"_links":{"self":[{"href":"https:\/\/blogi.eoppimispalvelut.fi\/snowember\/wp-json\/wp\/v2\/pages\/75","targetHints":{"allow":["GET"]}}],"collection":[{"href":"https:\/\/blogi.eoppimispalvelut.fi\/snowember\/wp-json\/wp\/v2\/pages"}],"about":[{"href":"https:\/\/blogi.eoppimispalvelut.fi\/snowember\/wp-json\/wp\/v2\/types\/page"}],"author":[{"embeddable":true,"href":"https:\/\/blogi.eoppimispalvelut.fi\/snowember\/wp-json\/wp\/v2\/users\/3761"}],"replies":[{"embeddable":true,"href":"https:\/\/blogi.eoppimispalvelut.fi\/snowember\/wp-json\/wp\/v2\/comments?post=75"}],"version-history":[{"count":23,"href":"https:\/\/blogi.eoppimispalvelut.fi\/snowember\/wp-json\/wp\/v2\/pages\/75\/revisions"}],"predecessor-version":[{"id":169,"href":"https:\/\/blogi.eoppimispalvelut.fi\/snowember\/wp-json\/wp\/v2\/pages\/75\/revisions\/169"}],"wp:attachment":[{"href":"https:\/\/blogi.eoppimispalvelut.fi\/snowember\/wp-json\/wp\/v2\/media?parent=75"}],"curies":[{"name":"wp","href":"https:\/\/api.w.org\/{rel}","templated":true}]}}