{"id":102,"date":"2020-02-21T15:13:10","date_gmt":"2020-02-21T13:13:10","guid":{"rendered":"https:\/\/blogi.eoppimispalvelut.fi\/soku2\/?page_id=102"},"modified":"2020-02-21T17:28:38","modified_gmt":"2020-02-21T15:28:38","slug":"nuorten-digitarinat","status":"publish","type":"page","link":"https:\/\/blogi.eoppimispalvelut.fi\/soku2\/nuorten-digitarinat\/","title":{"rendered":"Nuorten digitarinat"},"content":{"rendered":"<p>Digitaalinen tarinankerronta on hyv\u00e4 menetelm\u00e4 nuorten aikuisten el\u00e4m\u00e4nhistorian ja kokemusten k\u00e4sittelemiseksi sek\u00e4 avaamaan ajatuksia ja suunnitelmia tulevaisuuteen. Nuorten aikuisten kanssa ty\u00f6skentelyss\u00e4 digitaalista tarinankerrontaa voi soveltaa moniin eri tarkoituksiin kuten ty\u00f6nhakuun ja CV:n laadintaan. Osana hankkeen kokemusosaajavalmennusta seitsem\u00e4n henkil\u00f6\u00e4 suunnitteliu ja toteutti oman digitarinansa.<\/p>\n<p>Tarinansa kertojat, nuoret aikuiset toimivat kokemusasiantuntijoina ja ovat kiinnostuneita esitt\u00e4m\u00e4\u00e4n digitarinansa opiskelijaryhmille, erilaissa tilaisuuksissa ja eri medioissa. L\u00e4hes kaikilla kertojilla on tarinan yhteydess\u00e4 linkist\u00e4 avautuva esite itsest\u00e4\u00e4n.<\/p>\n","protected":false},"excerpt":{"rendered":"<p>Digitaalinen tarinankerronta on hyv\u00e4 menetelm\u00e4 nuorten aikuisten el\u00e4m\u00e4nhistorian ja kokemusten k\u00e4sittelemiseksi sek\u00e4 avaamaan ajatuksia ja suunnitelmia tulevaisuuteen. Nuorten aikuisten kanssa ty\u00f6skentelyss\u00e4 digitaalista tarinankerrontaa voi soveltaa moniin eri tarkoituksiin kuten ty\u00f6nhakuun ja CV:n laadintaan. Osana hankkeen kokemusosaajavalmennusta seitsem\u00e4n henkil\u00f6\u00e4 suunnitteliu ja toteutti oman digitarinansa. Tarinansa kertojat, nuoret aikuiset toimivat kokemusasiantuntijoina ja ovat kiinnostuneita esitt\u00e4m\u00e4\u00e4n digitarinansa opiskelijaryhmille, &hellip; <\/p>\n<p class=\"link-more\"><a href=\"https:\/\/blogi.eoppimispalvelut.fi\/soku2\/nuorten-digitarinat\/\" class=\"more-link\">Jatka lukemista<span class=\"screen-reader-text\"> &#8220;Nuorten digitarinat&#8221;<\/span><\/a><\/p>\n","protected":false},"author":1310,"featured_media":312,"parent":0,"menu_order":0,"comment_status":"closed","ping_status":"closed","template":"","meta":{"footnotes":""},"class_list":["post-102","page","type-page","status-publish","has-post-thumbnail","hentry"],"_links":{"self":[{"href":"https:\/\/blogi.eoppimispalvelut.fi\/soku2\/wp-json\/wp\/v2\/pages\/102","targetHints":{"allow":["GET"]}}],"collection":[{"href":"https:\/\/blogi.eoppimispalvelut.fi\/soku2\/wp-json\/wp\/v2\/pages"}],"about":[{"href":"https:\/\/blogi.eoppimispalvelut.fi\/soku2\/wp-json\/wp\/v2\/types\/page"}],"author":[{"embeddable":true,"href":"https:\/\/blogi.eoppimispalvelut.fi\/soku2\/wp-json\/wp\/v2\/users\/1310"}],"replies":[{"embeddable":true,"href":"https:\/\/blogi.eoppimispalvelut.fi\/soku2\/wp-json\/wp\/v2\/comments?post=102"}],"version-history":[{"count":6,"href":"https:\/\/blogi.eoppimispalvelut.fi\/soku2\/wp-json\/wp\/v2\/pages\/102\/revisions"}],"predecessor-version":[{"id":445,"href":"https:\/\/blogi.eoppimispalvelut.fi\/soku2\/wp-json\/wp\/v2\/pages\/102\/revisions\/445"}],"wp:featuredmedia":[{"embeddable":true,"href":"https:\/\/blogi.eoppimispalvelut.fi\/soku2\/wp-json\/wp\/v2\/media\/312"}],"wp:attachment":[{"href":"https:\/\/blogi.eoppimispalvelut.fi\/soku2\/wp-json\/wp\/v2\/media?parent=102"}],"curies":[{"name":"wp","href":"https:\/\/api.w.org\/{rel}","templated":true}]}}