{"id":117,"date":"2020-01-21T09:14:37","date_gmt":"2020-01-21T07:14:37","guid":{"rendered":"https:\/\/blogi.eoppimispalvelut.fi\/soku2\/?page_id=117"},"modified":"2020-02-26T12:51:11","modified_gmt":"2020-02-26T10:51:11","slug":"jalat-liiankin-tiukasti-maan-pinnalla-mutta-paa-haaveilee-senkin-edesta","status":"publish","type":"page","link":"https:\/\/blogi.eoppimispalvelut.fi\/soku2\/nuorten-digitarinat\/jalat-liiankin-tiukasti-maan-pinnalla-mutta-paa-haaveilee-senkin-edesta\/","title":{"rendered":"Jalat liiankin tiukasti maan pinnalla, mutta p\u00e4\u00e4 haaveilee senkin edest\u00e4"},"content":{"rendered":"<p>Kokemusasiantuntija Annan esite<\/p>\n<p>[pdf-embedder url=&#8221;https:\/\/blogi.eoppimispalvelut.fi\/soku2\/files\/2020\/02\/Anna.pdf&#8221;]<\/p>\n<p><span class=\"copycode\">[embedyt] https:\/\/www.youtube.com\/watch?v=ZFccTEtsNf0[\/embedyt]<\/span><\/p>\n","protected":false},"excerpt":{"rendered":"<p>Kokemusasiantuntija Annan esite [pdf-embedder url=&#8221;https:\/\/blogi.eoppimispalvelut.fi\/soku2\/files\/2020\/02\/Anna.pdf&#8221;] [embedyt] https:\/\/www.youtube.com\/watch?v=ZFccTEtsNf0[\/embedyt]<\/p>\n","protected":false},"author":1310,"featured_media":0,"parent":102,"menu_order":0,"comment_status":"closed","ping_status":"closed","template":"","meta":{"footnotes":""},"class_list":["post-117","page","type-page","status-publish","hentry"],"_links":{"self":[{"href":"https:\/\/blogi.eoppimispalvelut.fi\/soku2\/wp-json\/wp\/v2\/pages\/117","targetHints":{"allow":["GET"]}}],"collection":[{"href":"https:\/\/blogi.eoppimispalvelut.fi\/soku2\/wp-json\/wp\/v2\/pages"}],"about":[{"href":"https:\/\/blogi.eoppimispalvelut.fi\/soku2\/wp-json\/wp\/v2\/types\/page"}],"author":[{"embeddable":true,"href":"https:\/\/blogi.eoppimispalvelut.fi\/soku2\/wp-json\/wp\/v2\/users\/1310"}],"replies":[{"embeddable":true,"href":"https:\/\/blogi.eoppimispalvelut.fi\/soku2\/wp-json\/wp\/v2\/comments?post=117"}],"version-history":[{"count":4,"href":"https:\/\/blogi.eoppimispalvelut.fi\/soku2\/wp-json\/wp\/v2\/pages\/117\/revisions"}],"predecessor-version":[{"id":569,"href":"https:\/\/blogi.eoppimispalvelut.fi\/soku2\/wp-json\/wp\/v2\/pages\/117\/revisions\/569"}],"up":[{"embeddable":true,"href":"https:\/\/blogi.eoppimispalvelut.fi\/soku2\/wp-json\/wp\/v2\/pages\/102"}],"wp:attachment":[{"href":"https:\/\/blogi.eoppimispalvelut.fi\/soku2\/wp-json\/wp\/v2\/media?parent=117"}],"curies":[{"name":"wp","href":"https:\/\/api.w.org\/{rel}","templated":true}]}}