{"id":139,"date":"2020-01-21T09:35:11","date_gmt":"2020-01-21T07:35:11","guid":{"rendered":"https:\/\/blogi.eoppimispalvelut.fi\/soku2\/?page_id=139"},"modified":"2020-02-22T10:01:06","modified_gmt":"2020-02-22T08:01:06","slug":"toimintakortit","status":"publish","type":"page","link":"https:\/\/blogi.eoppimispalvelut.fi\/soku2\/toimintakortit\/","title":{"rendered":"Toimintakortit"},"content":{"rendered":"<p>Toimintakortit kuvaavat SOKU2- Sosiaalinen kuntoutus osaksi palveluj\u00e4rjestelm\u00e4\u00e4- hankkeessa 2018-2020 kehitetty\u00e4 ja toteutettua sosiaalisen kuntoutuksen toimintaa. K\u00e4yt\u00f6ss\u00e4si on pakka toimintakortteja. Niit\u00e4 hy\u00f6dynt\u00e4en ja soveltaen voit suunnitella ja toteuttaa erilaisia osallistavia ja yhteis\u00f6llisi\u00e4 ryhm\u00e4toimintoja ja teemallisia workshoppeja. Saat korttien avulla vinkkej\u00e4 ammatillisen ohjauksen eri ty\u00f6muodoista ja ammatinvalinnanohjauksen kokonaisuudesta.<\/p>\n<p><img loading=\"lazy\" decoding=\"async\" class=\"alignnone wp-image-184\" src=\"https:\/\/blogi.eoppimispalvelut.fi\/soku2\/files\/2020\/01\/soku2-300x225.png\" alt=\"\" width=\"565\" height=\"424\" srcset=\"https:\/\/blogi.eoppimispalvelut.fi\/soku2\/files\/2020\/01\/soku2-300x225.png 300w, https:\/\/blogi.eoppimispalvelut.fi\/soku2\/files\/2020\/01\/soku2-768x575.png 768w, https:\/\/blogi.eoppimispalvelut.fi\/soku2\/files\/2020\/01\/soku2.png 925w\" sizes=\"auto, (max-width: 565px) 100vw, 565px\" \/><\/p>\n<p>[pdf-embedder url=&#8221;https:\/\/blogi.eoppimispalvelut.fi\/soku2\/files\/2020\/01\/D-13-2019-Harju-Pietil\u00e4inen-Pulju-Raappana-R\u00e4ty-Vuori-SoKu2.pdf&#8221; title=&#8221;D 13 2019 Harju Pietil\u00e4inen Pulju Raappana R\u00e4ty Vuori SoKu2&#8243;]<\/p>\n","protected":false},"excerpt":{"rendered":"<p>Toimintakortit kuvaavat SOKU2- Sosiaalinen kuntoutus osaksi palveluj\u00e4rjestelm\u00e4\u00e4- hankkeessa 2018-2020 kehitetty\u00e4 ja toteutettua sosiaalisen kuntoutuksen toimintaa. K\u00e4yt\u00f6ss\u00e4si on pakka toimintakortteja. Niit\u00e4 hy\u00f6dynt\u00e4en ja soveltaen voit suunnitella ja toteuttaa erilaisia osallistavia ja yhteis\u00f6llisi\u00e4 ryhm\u00e4toimintoja ja teemallisia workshoppeja. Saat korttien avulla vinkkej\u00e4 ammatillisen ohjauksen eri ty\u00f6muodoista ja ammatinvalinnanohjauksen kokonaisuudesta. [pdf-embedder url=&#8221;https:\/\/blogi.eoppimispalvelut.fi\/soku2\/files\/2020\/01\/D-13-2019-Harju-Pietil\u00e4inen-Pulju-Raappana-R\u00e4ty-Vuori-SoKu2.pdf&#8221; title=&#8221;D 13 2019 Harju Pietil\u00e4inen Pulju Raappana &hellip; <\/p>\n<p class=\"link-more\"><a href=\"https:\/\/blogi.eoppimispalvelut.fi\/soku2\/toimintakortit\/\" class=\"more-link\">Jatka lukemista<span class=\"screen-reader-text\"> &#8220;Toimintakortit&#8221;<\/span><\/a><\/p>\n","protected":false},"author":1310,"featured_media":0,"parent":0,"menu_order":0,"comment_status":"closed","ping_status":"closed","template":"","meta":{"footnotes":""},"class_list":["post-139","page","type-page","status-publish","hentry"],"_links":{"self":[{"href":"https:\/\/blogi.eoppimispalvelut.fi\/soku2\/wp-json\/wp\/v2\/pages\/139","targetHints":{"allow":["GET"]}}],"collection":[{"href":"https:\/\/blogi.eoppimispalvelut.fi\/soku2\/wp-json\/wp\/v2\/pages"}],"about":[{"href":"https:\/\/blogi.eoppimispalvelut.fi\/soku2\/wp-json\/wp\/v2\/types\/page"}],"author":[{"embeddable":true,"href":"https:\/\/blogi.eoppimispalvelut.fi\/soku2\/wp-json\/wp\/v2\/users\/1310"}],"replies":[{"embeddable":true,"href":"https:\/\/blogi.eoppimispalvelut.fi\/soku2\/wp-json\/wp\/v2\/comments?post=139"}],"version-history":[{"count":27,"href":"https:\/\/blogi.eoppimispalvelut.fi\/soku2\/wp-json\/wp\/v2\/pages\/139\/revisions"}],"predecessor-version":[{"id":143,"href":"https:\/\/blogi.eoppimispalvelut.fi\/soku2\/wp-json\/wp\/v2\/pages\/139\/revisions\/143"}],"wp:attachment":[{"href":"https:\/\/blogi.eoppimispalvelut.fi\/soku2\/wp-json\/wp\/v2\/media?parent=139"}],"curies":[{"name":"wp","href":"https:\/\/api.w.org\/{rel}","templated":true}]}}