{"id":149,"date":"2020-01-21T10:34:39","date_gmt":"2020-01-21T08:34:39","guid":{"rendered":"https:\/\/blogi.eoppimispalvelut.fi\/soku2\/?page_id=149"},"modified":"2020-02-26T14:49:03","modified_gmt":"2020-02-26T12:49:03","slug":"149-2","status":"publish","type":"page","link":"https:\/\/blogi.eoppimispalvelut.fi\/soku2\/149-2\/","title":{"rendered":"Asiakasprofiilit, palvelut ja toimijat"},"content":{"rendered":"<p>Palvelumuotoilussamme asiakasprofiilien jako on perustunut asiakkaiden el\u00e4m\u00e4nhistoriaan ja nykytilanteeseen, erilaisiin selvityksiin ja tutkimuksiin, toimintaan ja k\u00e4ytt\u00e4ytymiseen sek\u00e4 esille nousseisiin tuen ja palvelujen tarpeisiin. Niiss\u00e4 n\u00e4kyy my\u00f6s asiakkaan motivaatiot.<\/p>\n<div class=\"WordSection1\">\n<figure id=\"attachment_202\" aria-describedby=\"caption-attachment-202\" style=\"width: 300px\" class=\"wp-caption alignnone\"><a href=\"https:\/\/blogi.eoppimispalvelut.fi\/soku2\/daiduku2\/\"><img loading=\"lazy\" decoding=\"async\" class=\"wp-image-202 size-medium\" src=\"https:\/\/blogi.eoppimispalvelut.fi\/soku2\/files\/2020\/01\/daiduku2-300x199.jpg\" alt=\"\" width=\"300\" height=\"199\" srcset=\"https:\/\/blogi.eoppimispalvelut.fi\/soku2\/files\/2020\/01\/daiduku2-300x199.jpg 300w, https:\/\/blogi.eoppimispalvelut.fi\/soku2\/files\/2020\/01\/daiduku2-1024x680.jpg 1024w, https:\/\/blogi.eoppimispalvelut.fi\/soku2\/files\/2020\/01\/daiduku2-768x510.jpg 768w, https:\/\/blogi.eoppimispalvelut.fi\/soku2\/files\/2020\/01\/daiduku2-1536x1020.jpg 1536w, https:\/\/blogi.eoppimispalvelut.fi\/soku2\/files\/2020\/01\/daiduku2-2048x1360.jpg 2048w\" sizes=\"auto, (max-width: 300px) 100vw, 300px\" \/><\/a><figcaption id=\"caption-attachment-202\" class=\"wp-caption-text\">Daiduku2 -Arsome ty\u00f6paja Sodankyl\u00e4. kuvaaja Katsu<\/figcaption><\/figure>\n<table class=\"MsoNormalTable\" border=\"0\" width=\"1424\" cellspacing=\"0\" cellpadding=\"0\">\n<tbody>\n<tr>\n<td style=\"width: 138.0pt;border: solid white 1.0pt;border-bottom: solid white 3.0pt;background: #4472C4;padding: 3.6pt 7.2pt 3.6pt 7.2pt\" valign=\"top\" width=\"184\">\n<p class=\"MsoNormal\"><b>ASIAKKAAT<\/b><\/p>\n<\/td>\n<td style=\"width: 115.0pt;border-top: solid white 1.0pt;border-left: none;border-bottom: solid white 3.0pt;border-right: solid white 1.0pt;background: #4472C4;padding: 3.6pt 7.2pt 3.6pt 7.2pt\" valign=\"top\" width=\"153\">\n<p class=\"MsoNormal\"><b>Selviytyj\u00e4t<\/b><\/p>\n<\/td>\n<td style=\"width: 155.0pt;border-top: solid white 1.0pt;border-left: none;border-bottom: solid white 3.0pt;border-right: solid white 1.0pt;background: #4472C4;padding: 3.6pt 7.2pt 3.6pt 7.2pt\" valign=\"top\" width=\"207\">\n<p class=\"MsoNormal\"><span class=\"GramE\"><b>Polun<br \/>\nl\u00f6yt\u00e4j\u00e4t<\/b><\/span><\/p>\n<\/td>\n<td style=\"width: 124.0pt;border-top: solid white 1.0pt;border-left: none;border-bottom: solid white 3.0pt;border-right: solid white 1.0pt;background: #4472C4;padding: 3.6pt 7.2pt 3.6pt 7.2pt\" valign=\"top\" width=\"165\">\n<p class=\"MsoNormal\"><b>Etsij\u00e4t<\/b><\/p>\n<\/td>\n<td style=\"width: 95.0pt;border-top: solid white 1.0pt;border-left: none;border-bottom: solid white 3.0pt;border-right: solid white 1.0pt;background: #4472C4;padding: 3.6pt 7.2pt 3.6pt 7.2pt\" valign=\"top\" width=\"127\">\n<p class=\"MsoNormal\"><span class=\"GramE\"><b>Kadonneet\u00a0 ja<\/b><\/span><b> kiertolaiset<\/b><\/p>\n<\/td>\n<td style=\"width: 108.0pt;border-top: solid white 1.0pt;border-left: none;border-bottom: solid white 3.0pt;border-right: solid white 1.0pt;background: #4472C4;padding: 3.6pt 7.2pt 3.6pt 7.2pt\" valign=\"top\" width=\"144\">\n<p class=\"MsoNormal\"><span class=\"GramE\"><b>Palvelumyllyss\u00e4\u00a0 olevat<\/b><\/span><\/p>\n<\/td>\n<td style=\"width: 117.0pt;border-top: solid white 1.0pt;border-left: none;border-bottom: solid white 3.0pt;border-right: solid white 1.0pt;background: #4472C4;padding: 3.6pt 7.2pt 3.6pt 7.2pt\" valign=\"top\" width=\"156\">\n<p class=\"MsoNormal\"><span class=\"GramE\"><b>Maaliin\u00a0 juosseet<\/b><\/span><\/p>\n<\/td>\n<td style=\"width: 119.0pt;border-top: solid white 1.0pt;border-left: none;border-bottom: solid white 3.0pt;border-right: solid white 1.0pt;background: #4472C4;padding: 3.6pt 7.2pt 3.6pt 7.2pt\" valign=\"top\" width=\"159\">\n<p class=\"MsoNormal\"><b>Leimatut <span class=\"GramE\">ja\u00a0 reservaatissa<\/span> olevat<\/b><\/p>\n<\/td>\n<td style=\"width: 99.0pt;border-top: solid white 1.0pt;border-left: none;border-bottom: solid white 3.0pt;border-right: solid white 1.0pt;background: #4472C4;padding: 3.6pt 7.2pt 3.6pt 7.2pt\" valign=\"top\" width=\"132\">\n<p class=\"MsoNormal\"><b>Valikoivasti osalliset<\/b><\/p>\n<\/td>\n<\/tr>\n<tr style=\"height: 53.65pt\">\n<td style=\"width: 138.0pt;border: solid white 1.0pt;border-top: none;background: #CFD5EA;padding: 3.6pt 7.2pt 3.6pt 7.2pt;height: 53.65pt\" valign=\"top\" width=\"184\">\n<p class=\"MsoNormal\">ASIAKKAAT<\/p>\n<\/td>\n<td style=\"width: 115.0pt;border-top: none;border-left: none;border-bottom: solid white 1.0pt;border-right: solid white 1.0pt;background: #CFD5EA;padding: 3.6pt 7.2pt 3.6pt 7.2pt;height: 53.65pt\" valign=\"top\" width=\"153\">\n<p class=\"MsoNormal\">Selviytyj\u00e4t<\/p>\n<\/td>\n<td style=\"width: 155.0pt;border-top: none;border-left: none;border-bottom: solid white 1.0pt;border-right: solid white 1.0pt;background: #CFD5EA;padding: 3.6pt 7.2pt 3.6pt 7.2pt;height: 53.65pt\" valign=\"top\" width=\"207\">\n<p class=\"MsoNormal\"><span class=\"GramE\">Polun<br \/>\nl\u00f6yt\u00e4j\u00e4t<\/span><\/p>\n<\/td>\n<td style=\"width: 124.0pt;border-top: none;border-left: none;border-bottom: solid white 1.0pt;border-right: solid white 1.0pt;background: #CFD5EA;padding: 3.6pt 7.2pt 3.6pt 7.2pt;height: 53.65pt\" valign=\"top\" width=\"165\">\n<p class=\"MsoNormal\">Etsij\u00e4t<\/p>\n<\/td>\n<td style=\"width: 95.0pt;border-top: none;border-left: none;border-bottom: solid white 1.0pt;border-right: solid white 1.0pt;background: #CFD5EA;padding: 3.6pt 7.2pt 3.6pt 7.2pt;height: 53.65pt\" valign=\"top\" width=\"127\">\n<p class=\"MsoNormal\"><span class=\"GramE\">Kadonneet\u00a0 ja<\/span> kiertolaiset<\/p>\n<\/td>\n<td style=\"width: 108.0pt;border-top: none;border-left: none;border-bottom: solid white 1.0pt;border-right: solid white 1.0pt;background: #CFD5EA;padding: 3.6pt 7.2pt 3.6pt 7.2pt;height: 53.65pt\" valign=\"top\" width=\"144\">\n<p class=\"MsoNormal\"><span class=\"GramE\">Palvelumyllyss\u00e4\u00a0 olevat<\/span><\/p>\n<\/td>\n<td style=\"width: 117.0pt;border-top: none;border-left: none;border-bottom: solid white 1.0pt;border-right: solid white 1.0pt;background: #CFD5EA;padding: 3.6pt 7.2pt 3.6pt 7.2pt;height: 53.65pt\" valign=\"top\" width=\"156\">\n<p class=\"MsoNormal\"><span class=\"GramE\">Maaliin<br \/>\njuosseet<\/span><\/p>\n<\/td>\n<td style=\"width: 119.0pt;border-top: none;border-left: none;border-bottom: solid white 1.0pt;border-right: solid white 1.0pt;background: #CFD5EA;padding: 3.6pt 7.2pt 3.6pt 7.2pt;height: 53.65pt\" valign=\"top\" width=\"159\">\n<p class=\"MsoNormal\">Leimatut <span class=\"GramE\">ja\u00a0 reservaatissa<\/span> olevat<\/p>\n<\/td>\n<td style=\"width: 99.0pt;border-top: none;border-left: none;border-bottom: solid white 1.0pt;border-right: solid white 1.0pt;background: #CFD5EA;padding: 3.6pt 7.2pt 3.6pt 7.2pt;height: 53.65pt\" valign=\"top\" width=\"132\">\n<p class=\"MsoNormal\">Valikoivasti osalliset<\/p>\n<\/td>\n<\/tr>\n<tr>\n<td style=\"width: 138.0pt;border: solid white 1.0pt;border-top: none;background: #E9EBF5;padding: 3.6pt 7.2pt 3.6pt 7.2pt\" valign=\"top\" width=\"184\">\n<p class=\"MsoNormal\">PALVELUT<\/p>\n<\/td>\n<td style=\"width: 115.0pt;border-top: none;border-left: none;border-bottom: solid white 1.0pt;border-right: solid white 1.0pt;background: #E9EBF5;padding: 3.6pt 7.2pt 3.6pt 7.2pt\" valign=\"top\" width=\"153\">\n<p class=\"MsoNormal\">El\u00e4m\u00e4nsuunnittelun tuki<\/p>\n<p class=\"MsoNormal\">Voimavarojen ja vahvuuksien selvitys<\/p>\n<p class=\"MsoNormal\">Ryhm\u00e4- ja harrastetoiminnat<\/p>\n<p class=\"MsoNormal\">Kuntouttava ty\u00f6toiminta ja ty\u00f6kokeilu<\/p>\n<\/td>\n<td style=\"width: 155.0pt;border-top: none;border-left: none;border-bottom: solid white 1.0pt;border-right: solid white 1.0pt;background: #E9EBF5;padding: 3.6pt 7.2pt 3.6pt 7.2pt\" valign=\"top\" width=\"207\">\n<p class=\"MsoNormal\">El\u00e4m\u00e4nsuunnittelun tuki ja ammatinvalinnan ohjaus<\/p>\n<p class=\"MsoNormal\">Voimavarojen ja vahvuuksien selvitys<\/p>\n<p class=\"MsoNormal\">Ryhm\u00e4- ja harrastetoiminnat<\/p>\n<\/td>\n<td style=\"width: 124.0pt;border-top: none;border-left: none;border-bottom: solid white 1.0pt;border-right: solid white 1.0pt;background: #E9EBF5;padding: 3.6pt 7.2pt 3.6pt 7.2pt\" valign=\"top\" width=\"165\">\n<p class=\"MsoNormal\">Aikuissosiaality\u00f6 mm kokonaistilanteen ja<br \/>\nel\u00e4m\u00e4nsuunnittelun<\/p>\n<p class=\"MsoNormal\">tuki<\/p>\n<p class=\"MsoNormal\">Voimavarojen ja vahvuuksien selvitys<\/p>\n<p class=\"MsoNormal\">Ryhm\u00e4- ja harrastetoiminnat<\/p>\n<p class=\"MsoNormal\">Mielenterveys- ja p\u00e4ihdepalvelut<\/p>\n<\/td>\n<td style=\"width: 95.0pt;border-top: none;border-left: none;border-bottom: solid white 1.0pt;border-right: solid white 1.0pt;background: #E9EBF5;padding: 3.6pt 7.2pt 3.6pt 7.2pt\" valign=\"top\" width=\"127\">\n<p class=\"MsoNormal\">Aikuissosiaality\u00f6 mm kokonaistilanteen ja<br \/>\nel\u00e4m\u00e4nsuunnittelun<\/p>\n<p class=\"MsoNormal\">Tuki<\/p>\n<p class=\"MsoNormal\">Ryhm\u00e4- ja harrastetoiminnat<\/p>\n<\/td>\n<td style=\"width: 108.0pt;border-top: none;border-left: none;border-bottom: solid white 1.0pt;border-right: solid white 1.0pt;background: #E9EBF5;padding: 3.6pt 7.2pt 3.6pt 7.2pt\" valign=\"top\" width=\"144\">\n<p class=\"MsoNormal\">Aikuissosiaality\u00f6 mm kokonaistilanteen ja el\u00e4m\u00e4nsuunnittelun<br \/>\ntuki<\/p>\n<p class=\"MsoNormal\">Ryhm\u00e4- ja harrastetoiminnat<\/p>\n<p class=\"MsoNormal\">Voimavarojen ja vahvuuksien selvitys eri toimijoiden<br \/>\nasiakkaina<\/p>\n<p class=\"MsoNormal\">Mielenterveys- ja p\u00e4ihdepalvelut<\/p>\n<\/td>\n<td style=\"width: 117.0pt;border-top: none;border-left: none;border-bottom: solid white 1.0pt;border-right: solid white 1.0pt;background: #E9EBF5;padding: 3.6pt 7.2pt 3.6pt 7.2pt\" valign=\"top\" width=\"156\">\n<p class=\"MsoNormal\">El\u00e4m\u00e4nsuunnittelun tuki<\/p>\n<p class=\"MsoNormal\">Voimavarojen ja vahvuuksien selvitys<\/p>\n<p class=\"MsoNormal\">Ryhm\u00e4- ja harrastetoiminnat<\/p>\n<\/td>\n<td style=\"width: 119.0pt;border-top: none;border-left: none;border-bottom: solid white 1.0pt;border-right: solid white 1.0pt;background: #E9EBF5;padding: 3.6pt 7.2pt 3.6pt 7.2pt\" valign=\"top\" width=\"159\">\n<p class=\"MsoNormal\">Avoty\u00f6<\/p>\n<p class=\"MsoNormal\">Kehitysvammaisten ty\u00f6toiminta<\/p>\n<p class=\"MsoNormal\">Kehitysvamma- ja <span class=\"SpellE\">mielenterveyuspalvelut<\/span><\/p>\n<p class=\"MsoNormal\">Voimavarojen ja vahvuuksien selvitys<\/p>\n<p class=\"MsoNormal\">Ryhm\u00e4- ja harrastetoiminnat<\/p>\n<p class=\"MsoNormal\">Monialainen kuntoutus<\/p>\n<\/td>\n<td style=\"width: 99.0pt;border-top: none;border-left: none;border-bottom: solid white 1.0pt;border-right: solid white 1.0pt;background: #E9EBF5;padding: .75pt 5.4pt 0cm 5.4pt\" valign=\"top\" width=\"132\">\n<p class=\"MsoNormal\">Osallistuvat valikoivasti esim. harrastusryhmiin oman<br \/>\nmielenkiinnon tai tilanteen mukaan<\/p>\n<p class=\"MsoNormal\">Aktivoituvat asteittain sosiaalisemmiksi<\/p>\n<\/td>\n<\/tr>\n<tr style=\"height: 246.1pt\">\n<td style=\"width: 138.0pt;border: solid white 1.0pt;border-top: none;background: #CFD5EA;padding: 3.6pt 7.2pt 3.6pt 7.2pt;height: 246.1pt\" valign=\"top\" width=\"184\">\n<p class=\"MsoNormal\">TOIMIJAT<\/p>\n<\/td>\n<td style=\"width: 115.0pt;border-top: none;border-left: none;border-bottom: solid white 1.0pt;border-right: solid white 1.0pt;background: #CFD5EA;padding: 3.6pt 7.2pt 3.6pt 7.2pt;height: 246.1pt\" valign=\"top\" width=\"153\">\n<p class=\"MsoNormal\">Kunnan ty\u00f6llisyyspalvelut\/<\/p>\n<p class=\"MsoNormal\">Ohjaamon, <span class=\"SpellE\">Kohtaamon<\/span><br \/>\npalveluohjaajat<\/p>\n<p class=\"MsoNormal\">TE-toimisto<\/p>\n<p class=\"MsoNormal\">Yksil\u00f6valmentajat ty\u00f6voimalas\u00e4\u00e4ti\u00f6iss\u00e4<\/p>\n<p class=\"MsoNormal\">Potkuri ja muut ryhm\u00e4- ja harrastetoimintoja toteuttavat<br \/>\ntahot<\/p>\n<\/td>\n<td style=\"width: 155.0pt;border-top: none;border-left: none;border-bottom: solid white 1.0pt;border-right: solid white 1.0pt;background: #CFD5EA;padding: 3.6pt 7.2pt 3.6pt 7.2pt;height: 246.1pt\" valign=\"top\" width=\"207\">\n<p class=\"MsoNormal\">Kunnan ty\u00f6llisyyspalvelut<\/p>\n<p class=\"MsoNormal\">TE-toimisto<\/p>\n<p class=\"MsoNormal\">Kuntoutus<\/p>\n<p class=\"MsoNormal\">Potkuri <span class=\"GramE\">ja\u00a0 muut<\/span> ryhm\u00e4- ja harrastetoimintoja<br \/>\ntoteuttavat tahot<\/p>\n<\/td>\n<td style=\"width: 124.0pt;border-top: none;border-left: none;border-bottom: solid white 1.0pt;border-right: solid white 1.0pt;background: #CFD5EA;padding: 3.6pt 7.2pt 3.6pt 7.2pt;height: 246.1pt\" valign=\"top\" width=\"165\">\n<p class=\"MsoNormal\">Sosiaalitoimi<\/p>\n<p class=\"MsoNormal\">Yksil\u00f6valmentajat ty\u00f6voimalas\u00e4\u00e4ti\u00f6iss\u00e4<\/p>\n<p class=\"MsoNormal\">TE-toimisto<\/p>\n<p class=\"MsoNormal\">KELA<\/p>\n<p class=\"MsoNormal\">MTT<\/p>\n<p class=\"MsoNormal\">Nuorisopsykiatrian <span class=\"SpellE\">pkl<\/span><\/p>\n<p class=\"MsoNormal\">P\u00e4ihdeyksik\u00f6t<\/p>\n<p class=\"MsoNormal\">Etsiv\u00e4 nuorisoty\u00f6<\/p>\n<p class=\"MsoNormal\">Potkuri ja muut ryhm\u00e4- ja harrastetoimintoja toteuttavat<br \/>\ntahot<\/p>\n<\/td>\n<td style=\"width: 95.0pt;border-top: none;border-left: none;border-bottom: solid white 1.0pt;border-right: solid white 1.0pt;background: #CFD5EA;padding: 3.6pt 7.2pt 3.6pt 7.2pt;height: 246.1pt\" valign=\"top\" width=\"127\">\n<p class=\"MsoNormal\">Sosiaalitoimi<\/p>\n<p class=\"MsoNormal\">Etsiv\u00e4<\/p>\n<p class=\"MsoNormal\">Nuorisoty\u00f6<\/p>\n<p class=\"MsoNormal\">Potkuri ja muut ryhm\u00e4- ja harrastetoimintoja toteuttavat<br \/>\ntahot<\/p>\n<\/td>\n<td style=\"width: 108.0pt;border-top: none;border-left: none;border-bottom: solid white 1.0pt;border-right: solid white 1.0pt;background: #CFD5EA;padding: 3.6pt 7.2pt 3.6pt 7.2pt;height: 246.1pt\" valign=\"top\" width=\"144\">\n<p class=\"MsoNormal\">Sosiaalitoimi<\/p>\n<p class=\"MsoNormal\">Yksil\u00f6valmentajat ty\u00f6voimala- s\u00e4\u00e4ti\u00f6iss\u00e4<\/p>\n<p class=\"MsoNormal\">KELA<\/p>\n<p class=\"MsoNormal\">MTT<\/p>\n<p class=\"MsoNormal\">Potkuri ja muut ryhm\u00e4- ja harrastetoimintoja toteuttavat<br \/>\ntahot<\/p>\n<\/td>\n<td style=\"width: 117.0pt;border-top: none;border-left: none;border-bottom: solid white 1.0pt;border-right: solid white 1.0pt;background: #CFD5EA;padding: 3.6pt 7.2pt 3.6pt 7.2pt;height: 246.1pt\" valign=\"top\" width=\"156\">\n<p class=\"MsoNormal\">TE-toimisto<\/p>\n<p class=\"MsoNormal\">KELA<\/p>\n<p class=\"MsoNormal\">Potkuri ja muut ryhm\u00e4- ja harrastetoimintoja toteuttavat<br \/>\ntahot<\/p>\n<\/td>\n<td style=\"width: 119.0pt;border-top: none;border-left: none;border-bottom: solid white 1.0pt;border-right: solid white 1.0pt;background: #CFD5EA;padding: 3.6pt 7.2pt 3.6pt 7.2pt;height: 246.1pt\" valign=\"top\" width=\"159\">\n<p class=\"MsoNormal\">Sosiaali- ja terveystoimi<\/p>\n<p class=\"MsoNormal\">Erikoissairaanhoito<\/p>\n<p class=\"MsoNormal\">Kehitysvammapalvelut<\/p>\n<p class=\"MsoNormal\">Ty\u00f6voimalas\u00e4\u00e4ti\u00f6t<\/p>\n<p class=\"MsoNormal\">KELA<\/p>\n<p class=\"MsoNormal\">MTT<\/p>\n<p class=\"MsoNormal\">Potkuri ja muut ryhm\u00e4- ja harrastetoimintoja toteuttavat<br \/>\ntahot<\/p>\n<\/td>\n<td style=\"width: 99.0pt;border-top: none;border-left: none;border-bottom: solid white 1.0pt;border-right: solid white 1.0pt;background: #CFD5EA;padding: 3.6pt 7.2pt 3.6pt 7.2pt;height: 246.1pt\" valign=\"top\" width=\"132\"><\/td>\n<\/tr>\n<tr style=\"height: 224.65pt\">\n<td style=\"width: 138.0pt;border: solid white 1.0pt;border-top: none;background: #E9EBF5;padding: 3.6pt 7.2pt 3.6pt 7.2pt;height: 224.65pt\" valign=\"top\" width=\"184\">\n<p class=\"MsoNormal\">TY\u00d6MUODOT<\/p>\n<\/td>\n<td style=\"width: 115.0pt;border-top: none;border-left: none;border-bottom: solid white 1.0pt;border-right: solid white 1.0pt;background: #E9EBF5;padding: 3.6pt 7.2pt 3.6pt 7.2pt;height: 224.65pt\" valign=\"top\" width=\"153\">\n<p class=\"MsoNormal\">Ohjaus ja palveluohjaus<\/p>\n<p class=\"MsoNormal\">AVO<\/p>\n<p class=\"MsoNormal\">Yksil\u00f6llinen tuki ja apu<\/p>\n<p class=\"MsoNormal\">Yksil\u00f6valmennus<\/p>\n<\/td>\n<td style=\"width: 155.0pt;border-top: none;border-left: none;border-bottom: solid white 1.0pt;border-right: solid white 1.0pt;background: #E9EBF5;padding: 3.6pt 7.2pt 3.6pt 7.2pt;height: 224.65pt\" valign=\"top\" width=\"207\">\n<p class=\"MsoNormal\">Yksil\u00f6llinen tuki ja ohjaus<\/p>\n<p class=\"MsoNormal\">Koulutus- ja ty\u00f6nhakuohjaus<\/p>\n<p class=\"MsoNormal\">Palkkatuki<\/p>\n<p class=\"MsoNormal\">AVO<\/p>\n<p class=\"MsoNormal\">Lyhytaikaiset ammatillista suunnitelmaa ty\u00f6teht\u00e4v\u00e4t ja<br \/>\ntoimeksiannot<\/p>\n<\/td>\n<td style=\"width: 124.0pt;border-top: none;border-left: none;border-bottom: solid white 1.0pt;border-right: solid white 1.0pt;background: #E9EBF5;padding: 3.6pt 7.2pt 3.6pt 7.2pt;height: 224.65pt\" valign=\"top\" width=\"165\">\n<p class=\"MsoNormal\">Ohjaus ja palveluohjaus<\/p>\n<p class=\"MsoNormal\">Yksil\u00f6valmennus<\/p>\n<p class=\"MsoNormal\">Verkostoty\u00f6<\/p>\n<p class=\"MsoNormal\">Vertaistukitoiminta<\/p>\n<p class=\"MsoNormal\">Monialainen kuntoutus<\/p>\n<\/td>\n<td style=\"width: 95.0pt;border-top: none;border-left: none;border-bottom: solid white 1.0pt;border-right: solid white 1.0pt;background: #E9EBF5;padding: 3.6pt 7.2pt 3.6pt 7.2pt;height: 224.65pt\" valign=\"top\" width=\"127\">\n<p class=\"MsoNormal\">Ohjaus- ja palveluohjaussatunnaisesti<\/p>\n<\/td>\n<td style=\"width: 108.0pt;border-top: none;border-left: none;border-bottom: solid white 1.0pt;border-right: solid white 1.0pt;background: #E9EBF5;padding: 3.6pt 7.2pt 3.6pt 7.2pt;height: 224.65pt\" valign=\"top\" width=\"144\">\n<p class=\"MsoNormal\">Yksil\u00f6llinen tuki ja ohjaus<\/p>\n<p class=\"MsoNormal\">Koulutus- ja ty\u00f6nhakuohjaus<\/p>\n<p class=\"MsoNormal\">Palkkatuki<\/p>\n<p class=\"MsoNormal\">AVO<\/p>\n<p class=\"MsoNormal\">Lyhytaikaiset ty\u00f6teht\u00e4v\u00e4t ja toimeksiannot<\/p>\n<\/td>\n<td style=\"width: 117.0pt;border-top: none;border-left: none;border-bottom: solid white 1.0pt;border-right: solid white 1.0pt;background: #E9EBF5;padding: 3.6pt 7.2pt 3.6pt 7.2pt;height: 224.65pt\" valign=\"top\" width=\"156\">\n<p class=\"MsoNormal\">Yksil\u00f6llinen tuki ja ohjaus<\/p>\n<p class=\"MsoNormal\">Koulutus- ja ty\u00f6nhakuohjaus<\/p>\n<p class=\"MsoNormal\">Ura- ja ty\u00f6nhakuvalmennus<\/p>\n<\/td>\n<td style=\"width: 119.0pt;border-top: none;border-left: none;border-bottom: solid white 1.0pt;border-right: solid white 1.0pt;background: #E9EBF5;padding: 3.6pt 7.2pt 3.6pt 7.2pt;height: 224.65pt\" valign=\"top\" width=\"159\">\n<p class=\"MsoNormal\">Kuntouttava toiminta<\/p>\n<p class=\"MsoNormal\">Arjenhallinnan tuki ja ohjaus<\/p>\n<p class=\"MsoNormal\">Koulutus- ja ty\u00f6mahdollisuuksien kartoitus<\/p>\n<\/td>\n<td style=\"width: 99.0pt;border-top: none;border-left: none;border-bottom: solid white 1.0pt;border-right: solid white 1.0pt;background: #E9EBF5;padding: 3.6pt 7.2pt 3.6pt 7.2pt;height: 224.65pt\" valign=\"top\" width=\"132\"><\/td>\n<\/tr>\n<\/tbody>\n<\/table>\n<p class=\"MsoNormal\">N\u00e4ihin taulukossa kuvattuihin asiakokonaisuuksiin voit perehty\u00e4 tarkemmin t\u00e4m\u00e4n sivun <strong>asiakasprofiili-ja casetarinakuvausten <\/strong>avulla ja hankkeen julkaisun TuPa-toiminnan artikkeleissa.<\/p>\n<\/div>\n<p><strong><a href=\"https:\/\/blogi.eoppimispalvelut.fi\/soku2\/files\/2020\/02\/TUPA-toiminta-nuoren-aikuisen-ammatillisen-kasvun-tukena-Rauni-R\u00e4ty.docx\">TUPA-toiminta nuoren aikuisen ammatillisen kasvun tukena; Rauni R\u00e4ty<\/a><\/strong><\/p>\n<p><strong><a href=\"https:\/\/blogi.eoppimispalvelut.fi\/soku2\/files\/2020\/02\/Psykologinen-tuki-TUPA-toiminnassa-Rauno-Pietil\u00e4inen.docx\">Psykologinen tuki TUPA-toiminnassa; Rauno Pietil\u00e4inen<\/a><\/strong><\/p>\n","protected":false},"excerpt":{"rendered":"<p>Palvelumuotoilussamme asiakasprofiilien jako on perustunut asiakkaiden el\u00e4m\u00e4nhistoriaan ja nykytilanteeseen, erilaisiin selvityksiin ja tutkimuksiin, toimintaan ja k\u00e4ytt\u00e4ytymiseen sek\u00e4 esille nousseisiin tuen ja palvelujen tarpeisiin. Niiss\u00e4 n\u00e4kyy my\u00f6s asiakkaan motivaatiot. ASIAKKAAT Selviytyj\u00e4t Polun l\u00f6yt\u00e4j\u00e4t Etsij\u00e4t Kadonneet\u00a0 ja kiertolaiset Palvelumyllyss\u00e4\u00a0 olevat Maaliin\u00a0 juosseet Leimatut ja\u00a0 reservaatissa olevat Valikoivasti osalliset ASIAKKAAT Selviytyj\u00e4t Polun l\u00f6yt\u00e4j\u00e4t Etsij\u00e4t Kadonneet\u00a0 ja kiertolaiset Palvelumyllyss\u00e4\u00a0 &hellip; <\/p>\n<p class=\"link-more\"><a href=\"https:\/\/blogi.eoppimispalvelut.fi\/soku2\/149-2\/\" class=\"more-link\">Jatka lukemista<span class=\"screen-reader-text\"> &#8220;Asiakasprofiilit, palvelut ja toimijat&#8221;<\/span><\/a><\/p>\n","protected":false},"author":1310,"featured_media":0,"parent":0,"menu_order":0,"comment_status":"closed","ping_status":"closed","template":"","meta":{"footnotes":""},"class_list":["post-149","page","type-page","status-publish","hentry"],"_links":{"self":[{"href":"https:\/\/blogi.eoppimispalvelut.fi\/soku2\/wp-json\/wp\/v2\/pages\/149","targetHints":{"allow":["GET"]}}],"collection":[{"href":"https:\/\/blogi.eoppimispalvelut.fi\/soku2\/wp-json\/wp\/v2\/pages"}],"about":[{"href":"https:\/\/blogi.eoppimispalvelut.fi\/soku2\/wp-json\/wp\/v2\/types\/page"}],"author":[{"embeddable":true,"href":"https:\/\/blogi.eoppimispalvelut.fi\/soku2\/wp-json\/wp\/v2\/users\/1310"}],"replies":[{"embeddable":true,"href":"https:\/\/blogi.eoppimispalvelut.fi\/soku2\/wp-json\/wp\/v2\/comments?post=149"}],"version-history":[{"count":32,"href":"https:\/\/blogi.eoppimispalvelut.fi\/soku2\/wp-json\/wp\/v2\/pages\/149\/revisions"}],"predecessor-version":[{"id":614,"href":"https:\/\/blogi.eoppimispalvelut.fi\/soku2\/wp-json\/wp\/v2\/pages\/149\/revisions\/614"}],"wp:attachment":[{"href":"https:\/\/blogi.eoppimispalvelut.fi\/soku2\/wp-json\/wp\/v2\/media?parent=149"}],"curies":[{"name":"wp","href":"https:\/\/api.w.org\/{rel}","templated":true}]}}