{"id":171,"date":"2020-01-21T11:08:57","date_gmt":"2020-01-21T09:08:57","guid":{"rendered":"https:\/\/blogi.eoppimispalvelut.fi\/soku2\/?page_id=171"},"modified":"2020-02-10T14:29:30","modified_gmt":"2020-02-10T12:29:30","slug":"valikoivasti-osalliset","status":"publish","type":"page","link":"https:\/\/blogi.eoppimispalvelut.fi\/soku2\/valikoivasti-osalliset\/","title":{"rendered":"Valikoivasti osalliset"},"content":{"rendered":"<p><strong><a href=\"https:\/\/blogi.eoppimispalvelut.fi\/soku2\/asiakasprofiilit-valikoivasti-osallistuvat-2\/\"><img loading=\"lazy\" decoding=\"async\" class=\"alignnone size-medium wp-image-334\" src=\"https:\/\/blogi.eoppimispalvelut.fi\/soku2\/files\/2020\/02\/Asiakasprofiilit-Valikoivasti-osallistuvat-300x170.jpg\" alt=\"\" width=\"300\" height=\"170\" srcset=\"https:\/\/blogi.eoppimispalvelut.fi\/soku2\/files\/2020\/02\/Asiakasprofiilit-Valikoivasti-osallistuvat-300x170.jpg 300w, https:\/\/blogi.eoppimispalvelut.fi\/soku2\/files\/2020\/02\/Asiakasprofiilit-Valikoivasti-osallistuvat.jpg 599w\" sizes=\"auto, (max-width: 300px) 100vw, 300px\" \/><\/a><br \/>\nKuvaus:<\/strong><\/p>\n<ul>\n<li>osallistuvat esim harrastusryhmiin oman mielenkiinnon tai tilanteen mukaan<\/li>\n<li>aktivoituvat asteittain sosiaalisemmiksi<\/li>\n<li>yksin\u00e4isyys el\u00e4m\u00e4ntilanteessa lievenee, rohkeus ja uskallus kasvavat<\/li>\n<li>mahdollistaa her\u00e4ttelyt miettim\u00e4\u00e4n el\u00e4m\u00e4ntilannetta ja urapolkua<\/li>\n<\/ul>\n<p><strong>Case Pekka<\/strong><\/p>\n<p>Pekka 26 vuotias mies, joka on ty\u00f6kyvytt\u00f6myysel\u00e4kkeell\u00e4. Peruskoulun j\u00e4lkeen ammattikoulu on j\u00e4\u00e4nyt kesken. H\u00e4n harrastaa aktiivisesti liikuntaa. Ryhm\u00e4- ja harrastusmuotoisista toiminnoista h\u00e4n kyselee aktiivisesti, mutta valikoi osallistumisensa tarkkaan. Pekka osallistuu yleens\u00e4 vain h\u00e4nt\u00e4 kiinnostaviin ryhmiin ja harrastusaktiviteetteihin. Uudet ihmiset saavat Pekan hieman vaivautuneeksi ja h\u00e4n tiedusteleekin usein tietoa osallistujista ja ryhm\u00e4n koosta ennakkoon. Uusissa ryhm\u00e4tilanteissa Pekka j\u00e4\u00e4 usein hiljaisempana taustalle osallistuen kuitenkin toimintaan. Aika ajoin Pekka on her\u00e4nnyt ajatukseen, ett\u00e4 jotakin voisi alkaa tekem\u00e4\u00e4n, mutta el\u00e4m\u00e4ntilanne rajoittaa ty\u00f6- ja opiskelukuvioita. Hankkeen toimintojen my\u00f6t\u00e4 Pekka on l\u00f6yt\u00e4nyt itselleen uusia harrastuksia, jotka t\u00e4ytt\u00e4v\u00e4t h\u00e4nen vapaa-aikansa. Edelleenkin h\u00e4n pohtii mahdollisuuksiaan l\u00e4hte\u00e4 t\u00f6ihin tai opiskelemaan.<\/p>\n<p>Palvelut: Potkuri-toiminta, Kela<\/p>\n","protected":false},"excerpt":{"rendered":"<p>Kuvaus: osallistuvat esim harrastusryhmiin oman mielenkiinnon tai tilanteen mukaan aktivoituvat asteittain sosiaalisemmiksi yksin\u00e4isyys el\u00e4m\u00e4ntilanteessa lievenee, rohkeus ja uskallus kasvavat mahdollistaa her\u00e4ttelyt miettim\u00e4\u00e4n el\u00e4m\u00e4ntilannetta ja urapolkua Case Pekka Pekka 26 vuotias mies, joka on ty\u00f6kyvytt\u00f6myysel\u00e4kkeell\u00e4. Peruskoulun j\u00e4lkeen ammattikoulu on j\u00e4\u00e4nyt kesken. H\u00e4n harrastaa aktiivisesti liikuntaa. Ryhm\u00e4- ja harrastusmuotoisista toiminnoista h\u00e4n kyselee aktiivisesti, mutta valikoi osallistumisensa tarkkaan. &hellip; <\/p>\n<p class=\"link-more\"><a href=\"https:\/\/blogi.eoppimispalvelut.fi\/soku2\/valikoivasti-osalliset\/\" class=\"more-link\">Jatka lukemista<span class=\"screen-reader-text\"> &#8220;Valikoivasti osalliset&#8221;<\/span><\/a><\/p>\n","protected":false},"author":1310,"featured_media":0,"parent":0,"menu_order":0,"comment_status":"closed","ping_status":"closed","template":"","meta":{"footnotes":""},"class_list":["post-171","page","type-page","status-publish","hentry"],"_links":{"self":[{"href":"https:\/\/blogi.eoppimispalvelut.fi\/soku2\/wp-json\/wp\/v2\/pages\/171","targetHints":{"allow":["GET"]}}],"collection":[{"href":"https:\/\/blogi.eoppimispalvelut.fi\/soku2\/wp-json\/wp\/v2\/pages"}],"about":[{"href":"https:\/\/blogi.eoppimispalvelut.fi\/soku2\/wp-json\/wp\/v2\/types\/page"}],"author":[{"embeddable":true,"href":"https:\/\/blogi.eoppimispalvelut.fi\/soku2\/wp-json\/wp\/v2\/users\/1310"}],"replies":[{"embeddable":true,"href":"https:\/\/blogi.eoppimispalvelut.fi\/soku2\/wp-json\/wp\/v2\/comments?post=171"}],"version-history":[{"count":2,"href":"https:\/\/blogi.eoppimispalvelut.fi\/soku2\/wp-json\/wp\/v2\/pages\/171\/revisions"}],"predecessor-version":[{"id":350,"href":"https:\/\/blogi.eoppimispalvelut.fi\/soku2\/wp-json\/wp\/v2\/pages\/171\/revisions\/350"}],"wp:attachment":[{"href":"https:\/\/blogi.eoppimispalvelut.fi\/soku2\/wp-json\/wp\/v2\/media?parent=171"}],"curies":[{"name":"wp","href":"https:\/\/api.w.org\/{rel}","templated":true}]}}