{"id":180,"date":"2020-01-21T11:42:58","date_gmt":"2020-01-21T09:42:58","guid":{"rendered":"https:\/\/blogi.eoppimispalvelut.fi\/soku2\/?page_id=180"},"modified":"2020-02-22T10:57:04","modified_gmt":"2020-02-22T08:57:04","slug":"hanketarina","status":"publish","type":"page","link":"https:\/\/blogi.eoppimispalvelut.fi\/soku2\/hanketarina\/","title":{"rendered":"Hanketarina"},"content":{"rendered":"<p><a href=\"https:\/\/blogi.eoppimispalvelut.fi\/soku2\/hanketarina\/soku\/\" rel=\"attachment wp-att-362\"><img loading=\"lazy\" decoding=\"async\" class=\"alignnone size-large wp-image-362\" src=\"https:\/\/blogi.eoppimispalvelut.fi\/soku2\/files\/2020\/02\/SOKU-1024x510.jpg\" alt=\"\" width=\"525\" height=\"261\" srcset=\"https:\/\/blogi.eoppimispalvelut.fi\/soku2\/files\/2020\/02\/SOKU-1024x510.jpg 1024w, https:\/\/blogi.eoppimispalvelut.fi\/soku2\/files\/2020\/02\/SOKU-300x149.jpg 300w, https:\/\/blogi.eoppimispalvelut.fi\/soku2\/files\/2020\/02\/SOKU-768x382.jpg 768w, https:\/\/blogi.eoppimispalvelut.fi\/soku2\/files\/2020\/02\/SOKU-1536x764.jpg 1536w, https:\/\/blogi.eoppimispalvelut.fi\/soku2\/files\/2020\/02\/SOKU.jpg 1917w\" sizes=\"auto, (max-width: 525px) 100vw, 525px\" \/><\/a><\/p>\n<p>Toiminnan tavoitteina on ollut ty\u00f6el\u00e4m\u00e4n ulkopuolella ja heikoimmassa ty\u00f6markkina-asemassa olevien nuorten aikuisten ty\u00f6- ja toimintakyvyn parantaminen sek\u00e4 asiakkaiden sosiaalisen osallisuuden tukeminen.<\/p>\n<p>Alusta alkaen erilaista nuorten matalan kynnyksen periaatteella toteutettua, sopimuksetonta  ryhm\u00e4- ja workshop-toimintaa, palveluohjausta, neuvontaa ja tukea on hankekunnissa toteutettu monissa nuorten tavanomaisissa toimintaymp\u00e4rist\u00f6iss\u00e4 ja POTKURI-kohtaamispaikoissa. Hankkeessa kehitettiin palveluiden avoimuutta ja sein\u00e4tt\u00f6myytt\u00e4 parantamaan niiden saavutettavuutta. Kehitt\u00e4misty\u00f6ss\u00e4 hy\u00f6dynnettiin sek\u00e4 ammattilaisten ett\u00e4 asiakkaiden kokemuksia palveluiden kehitt\u00e4misess\u00e4.<\/p>\n<p>Sosiaalisen kuntoutuksen toisena keskeisen\u00e4 kokonaisuutena on ollut TuPa-Tulevaisuuspajatoiminta, jossa nuoria on my\u00f6t\u00e4vaikutettu pohtimaan ja tutkimaan koulutus- ja ammatillisen polun mahdollisuuksia. TuPa-toiminta k\u00e4ynnistyy alkukartoituksella ja sen j\u00e4lkeen tapahtuvalla nopealla palveluiden tarjoamisella. Ensin nuuoren aikuisen kanssa kartoitetaan el\u00e4m\u00e4ntilannetta, selvitet\u00e4\u00e4n h\u00e4nen tulevaisuuden toiveita sek\u00e4 tutkitaan<br \/>\nty\u00f6- ja toimintakyky\u00e4 ja sen perusteella opiskelu- ja ty\u00f6el\u00e4m\u00e4valmiuksia ja mahdollisuuksia. T\u00e4m\u00e4n arvioinnin j\u00e4lkeen  nuoret aikuiset voivat paremmin ja realistisemmin suunnitella tulevaisuuttaan.<\/p>\n<p>Kehitt\u00e4misty\u00f6n tuotoksena ja palvelumuotoilun keinoin on kuvattu sosiaalisen kuntoutuksen toimintamallit. Ne on koottu havainnollisiksi toimintakorteiksi ja muutoin hankkeen tavoitteita, toteutusta, tuloksia ja kokemuksia on kirjoitettu ja avattu hankkeen julkaisussa.<\/p>\n<p>Hyviksi koettujen ty\u00f6k\u00e4yt\u00e4nt\u00f6jen ja ydintoimintojen juurruttaminen on t\u00e4rke\u00e4\u00e4\u00a0 osaksi palveluj\u00e4rjestelm\u00e4\u00e4,\u00a0 &#8211; joko osaksi kunnan ty\u00f6llisyytt\u00e4 tukeviin palveluihin tai kolmannen sektorin toimintoihin. Hankekunnissa ja osatoteuttajaorganisaatioissa on hankkeen loppuvaiheessa laadittu kehitt\u00f6misstrategioita ja suunnitelmia sek\u00e4 tehty p\u00e4\u00e4t\u00f6ksi\u00e4.<\/p>\n<p><strong>Hankematkan reiteill\u00e4 ja etapeilla<\/strong>&#8211; Artikkeli julkaisussa<\/p>\n<p><a href=\"https:\/\/blogi.eoppimispalvelut.fi\/soku2\/files\/2020\/02\/Hankematkan-reiteill\u00e4-ja-etapeilla-Rauni-R\u00e4ty.docx\">Hankematkan reiteill\u00e4 ja etapeilla; Rauni R\u00e4ty<\/a><\/p>\n","protected":false},"excerpt":{"rendered":"<p>Toiminnan tavoitteina on ollut ty\u00f6el\u00e4m\u00e4n ulkopuolella ja heikoimmassa ty\u00f6markkina-asemassa olevien nuorten aikuisten ty\u00f6- ja toimintakyvyn parantaminen sek\u00e4 asiakkaiden sosiaalisen osallisuuden tukeminen. Alusta alkaen erilaista nuorten matalan kynnyksen periaatteella toteutettua, sopimuksetonta ryhm\u00e4- ja workshop-toimintaa, palveluohjausta, neuvontaa ja tukea on hankekunnissa toteutettu monissa nuorten tavanomaisissa toimintaymp\u00e4rist\u00f6iss\u00e4 ja POTKURI-kohtaamispaikoissa. Hankkeessa kehitettiin palveluiden avoimuutta ja sein\u00e4tt\u00f6myytt\u00e4 parantamaan niiden saavutettavuutta. &hellip; <\/p>\n<p class=\"link-more\"><a href=\"https:\/\/blogi.eoppimispalvelut.fi\/soku2\/hanketarina\/\" class=\"more-link\">Jatka lukemista<span class=\"screen-reader-text\"> &#8220;Hanketarina&#8221;<\/span><\/a><\/p>\n","protected":false},"author":1310,"featured_media":0,"parent":0,"menu_order":0,"comment_status":"closed","ping_status":"closed","template":"","meta":{"footnotes":""},"class_list":["post-180","page","type-page","status-publish","hentry"],"_links":{"self":[{"href":"https:\/\/blogi.eoppimispalvelut.fi\/soku2\/wp-json\/wp\/v2\/pages\/180","targetHints":{"allow":["GET"]}}],"collection":[{"href":"https:\/\/blogi.eoppimispalvelut.fi\/soku2\/wp-json\/wp\/v2\/pages"}],"about":[{"href":"https:\/\/blogi.eoppimispalvelut.fi\/soku2\/wp-json\/wp\/v2\/types\/page"}],"author":[{"embeddable":true,"href":"https:\/\/blogi.eoppimispalvelut.fi\/soku2\/wp-json\/wp\/v2\/users\/1310"}],"replies":[{"embeddable":true,"href":"https:\/\/blogi.eoppimispalvelut.fi\/soku2\/wp-json\/wp\/v2\/comments?post=180"}],"version-history":[{"count":9,"href":"https:\/\/blogi.eoppimispalvelut.fi\/soku2\/wp-json\/wp\/v2\/pages\/180\/revisions"}],"predecessor-version":[{"id":506,"href":"https:\/\/blogi.eoppimispalvelut.fi\/soku2\/wp-json\/wp\/v2\/pages\/180\/revisions\/506"}],"wp:attachment":[{"href":"https:\/\/blogi.eoppimispalvelut.fi\/soku2\/wp-json\/wp\/v2\/media?parent=180"}],"curies":[{"name":"wp","href":"https:\/\/api.w.org\/{rel}","templated":true}]}}