{"id":189,"date":"2020-01-21T11:55:38","date_gmt":"2020-01-21T09:55:38","guid":{"rendered":"https:\/\/blogi.eoppimispalvelut.fi\/soku2\/?page_id=189"},"modified":"2020-02-26T12:15:44","modified_gmt":"2020-02-26T10:15:44","slug":"ohjausta-ja-tukea","status":"publish","type":"page","link":"https:\/\/blogi.eoppimispalvelut.fi\/soku2\/ohjausta-ja-tukea\/","title":{"rendered":"Ohjausta ja tukea"},"content":{"rendered":"<p><img loading=\"lazy\" decoding=\"async\" class=\"alignnone wp-image-197\" src=\"https:\/\/blogi.eoppimispalvelut.fi\/soku2\/files\/2020\/01\/Kuva-30-Psykologinen-ammatinvalinnanohjaus-300x147.jpg\" alt=\"\" width=\"400\" height=\"196\" srcset=\"https:\/\/blogi.eoppimispalvelut.fi\/soku2\/files\/2020\/01\/Kuva-30-Psykologinen-ammatinvalinnanohjaus-300x147.jpg 300w, https:\/\/blogi.eoppimispalvelut.fi\/soku2\/files\/2020\/01\/Kuva-30-Psykologinen-ammatinvalinnanohjaus.jpg 696w\" sizes=\"auto, (max-width: 400px) 100vw, 400px\" \/><\/p>\n<p><strong>Ohjausty\u00f6n ja matalan kynnyksen ryhm\u00e4- ja workshoptoimintojen <\/strong> (Potkurit ja muut kohtaamispaikat) tavoitteina ja periaatteina on mahdollistaa nuorille aikuisille onnistumisen kokemuksia ja luoda tilanteita harjoitella toimijuutta ja osallisuutta. T\u00e4rke\u00e4\u00e4 on tukea itsetunnon vahvistamista ja rohkeutta tarttua asioihin \u2013 niin omaan arkeen ja vapaa-aikaan liittyen kuin askeleina opiskeluun ja ty\u00f6h\u00f6n.<\/p>\n<p>[embedyt] https:\/\/www.youtube.com\/watch?v=a7GguW-D9d8[\/embedyt]<\/p>\n<p>&nbsp;<\/p>\n<p>Nuoren aikuisen ammatillisen polun rakentuminen edellytt\u00e4\u00e4 ty\u00f6- ja toimintakyvyn tuntemista ja vahvistamista. <strong>TuPa- ohjausty\u00f6ss\u00e4 <\/strong>on sovellettu suunnitelmallista ja tavoitteellista sosiaality\u00f6n ja psykologisen ammatinvalinnanohjauksen prosessia.<\/p>\n<p>Ohjausmuotoina ovat<\/p>\n<ul>\n<li>Sosiaalisen tilanteen selvitys, joka on alkututustumisen ja yhteisty\u00f6suhteen solmimisen j\u00e4lkeen ensimm\u00e4inen ohjausty\u00f6n vaihe. Se on ik\u00e4\u00e4n kuin kivijalka.<\/li>\n<li>Yksil\u00f6llinen palveluohjaus. Se on yksil\u00f6llist\u00e4 neuvontaa ja ohjausta asioiden hoitamisessa. Palveluohjaaja j\u00e4sent\u00e4\u00e4 nuoren aikuisen asiakkaan kanssa h\u00e4nen palvelukokonaisuutta sek\u00e4 etsii ratkaisuja sen toteuttamiseen.<\/li>\n<li>Psykologinen ammatinvalinnanohjaus on voimavarojen ja erityisominaisuuksien l\u00f6yt\u00e4mist\u00e4 psykologisten tutkimusmenetelmien avulla. Siin\u00e4 j\u00e4sennet\u00e4\u00e4n ammatillista kiinnostusta ja pyrit\u00e4\u00e4n l\u00f6yt\u00e4m\u00e4\u00e4n realistinen urasuunnitelma.<\/li>\n<\/ul>\n<p>N\u00e4ist\u00e4 voit lukea lis\u00e4\u00e4 <a href=\"https:\/\/blogi.eoppimispalvelut.fi\/soku2\/toimintakortit\/\">Toimintakorteista <\/a>ja hankkeen raportista &#8220;<a href=\"https:\/\/blogi.eoppimispalvelut.fi\/soku2\/arviointi-ja-kehittaminen\/\">Palvelutarpeesta palvelutuotteeksi<\/a>&#8220;.<\/p>\n<p>Julkaisusta poimittuina itsen\u00e4iset artikkelit<\/p>\n<p><strong>Ohjaten osallisuuteen<\/strong><\/p>\n<p><a href=\"https:\/\/blogi.eoppimispalvelut.fi\/soku2\/files\/2020\/02\/Ohjaten-osallisuuteen-Sari-Harju-Kaisu-Pulju-Mikko-Raappana-ja-Emilia-Vuori.docx\">Ohjaten osallisuuteen; Sari Harju, Kaisu Pulju, Mikko Raappana ja Emilia Vuori<\/a><\/p>\n<p><strong>Neuropsykiatrinen valmennus sosiaalisen kuntoutuksen osana<\/strong><\/p>\n<p><a href=\"https:\/\/blogi.eoppimispalvelut.fi\/soku2\/files\/2020\/02\/Neuropsykiatrinen-valmennus-sosiaalisen-kuntoutuksen-osana-Sari-Harju-ja-Sari-Karihtala.docx\">Neuropsykiatrinen valmennus sosiaalisen kuntoutuksen osana; Sari Harju ja Sari Karihtala<\/a><\/p>\n<p><strong>TUPA-toiminta nuoren aikuisen ammatillisen kasvun t\u00fakena <\/strong><\/p>\n<p><a href=\"https:\/\/blogi.eoppimispalvelut.fi\/soku2\/files\/2020\/02\/TUPA-toiminta-nuoren-aikuisen-ammatillisen-kasvun-tukena-Rauni-R\u00e4ty.docx\">TUPA-toiminta nuoren aikuisen ammatillisen kasvun tukena; Rauni R\u00e4ty<\/a><\/p>\n<p><strong>Psykologinen tuki TUPA-toiminnassa<\/strong><\/p>\n<p><a href=\"https:\/\/blogi.eoppimispalvelut.fi\/soku2\/files\/2020\/02\/Psykologinen-tuki-TUPA-toiminnassa-Rauno-Pietil\u00e4inen.docx\">Psykologinen tuki TUPA-toiminnassa; Rauno Pietil\u00e4inen<\/a><\/p>\n","protected":false},"excerpt":{"rendered":"<p>Ohjausty\u00f6n ja matalan kynnyksen ryhm\u00e4- ja workshoptoimintojen (Potkurit ja muut kohtaamispaikat) tavoitteina ja periaatteina on mahdollistaa nuorille aikuisille onnistumisen kokemuksia ja luoda tilanteita harjoitella toimijuutta ja osallisuutta. T\u00e4rke\u00e4\u00e4 on tukea itsetunnon vahvistamista ja rohkeutta tarttua asioihin \u2013 niin omaan arkeen ja vapaa-aikaan liittyen kuin askeleina opiskeluun ja ty\u00f6h\u00f6n. [embedyt] https:\/\/www.youtube.com\/watch?v=a7GguW-D9d8[\/embedyt] &nbsp; Nuoren aikuisen ammatillisen polun &hellip; <\/p>\n<p class=\"link-more\"><a href=\"https:\/\/blogi.eoppimispalvelut.fi\/soku2\/ohjausta-ja-tukea\/\" class=\"more-link\">Jatka lukemista<span class=\"screen-reader-text\"> &#8220;Ohjausta ja tukea&#8221;<\/span><\/a><\/p>\n","protected":false},"author":1310,"featured_media":0,"parent":0,"menu_order":0,"comment_status":"closed","ping_status":"closed","template":"","meta":{"footnotes":""},"class_list":["post-189","page","type-page","status-publish","hentry"],"_links":{"self":[{"href":"https:\/\/blogi.eoppimispalvelut.fi\/soku2\/wp-json\/wp\/v2\/pages\/189","targetHints":{"allow":["GET"]}}],"collection":[{"href":"https:\/\/blogi.eoppimispalvelut.fi\/soku2\/wp-json\/wp\/v2\/pages"}],"about":[{"href":"https:\/\/blogi.eoppimispalvelut.fi\/soku2\/wp-json\/wp\/v2\/types\/page"}],"author":[{"embeddable":true,"href":"https:\/\/blogi.eoppimispalvelut.fi\/soku2\/wp-json\/wp\/v2\/users\/1310"}],"replies":[{"embeddable":true,"href":"https:\/\/blogi.eoppimispalvelut.fi\/soku2\/wp-json\/wp\/v2\/comments?post=189"}],"version-history":[{"count":30,"href":"https:\/\/blogi.eoppimispalvelut.fi\/soku2\/wp-json\/wp\/v2\/pages\/189\/revisions"}],"predecessor-version":[{"id":554,"href":"https:\/\/blogi.eoppimispalvelut.fi\/soku2\/wp-json\/wp\/v2\/pages\/189\/revisions\/554"}],"wp:attachment":[{"href":"https:\/\/blogi.eoppimispalvelut.fi\/soku2\/wp-json\/wp\/v2\/media?parent=189"}],"curies":[{"name":"wp","href":"https:\/\/api.w.org\/{rel}","templated":true}]}}