{"id":211,"date":"2020-01-21T12:10:42","date_gmt":"2020-01-21T10:10:42","guid":{"rendered":"https:\/\/blogi.eoppimispalvelut.fi\/soku2\/?page_id=211"},"modified":"2020-02-22T10:00:00","modified_gmt":"2020-02-22T08:00:00","slug":"oppimis-ja-toimintaymparistot","status":"publish","type":"page","link":"https:\/\/blogi.eoppimispalvelut.fi\/soku2\/oppimis-ja-toimintaymparistot\/","title":{"rendered":"Oppimis- ja toimintaymp\u00e4rist\u00f6t"},"content":{"rendered":"<p><strong>SOKU-Opintolinja<\/p>\n<p><a href=\"https:\/\/blogi.eoppimispalvelut.fi\/soku2\/oppimis-ja-toimintaymparistot\/opp-ja-toim-ymp-soku-opintolinjan-kuva-3\/\" rel=\"attachment wp-att-356\"><img loading=\"lazy\" decoding=\"async\" class=\"alignnone size-medium wp-image-356\" src=\"https:\/\/blogi.eoppimispalvelut.fi\/soku2\/files\/2020\/02\/Opp-ja-toim-ymp-SOKU-opintolinjan-kuva-1-169x300.jpg\" alt=\"\" width=\"169\" height=\"300\" srcset=\"https:\/\/blogi.eoppimispalvelut.fi\/soku2\/files\/2020\/02\/Opp-ja-toim-ymp-SOKU-opintolinjan-kuva-1-169x300.jpg 169w, https:\/\/blogi.eoppimispalvelut.fi\/soku2\/files\/2020\/02\/Opp-ja-toim-ymp-SOKU-opintolinjan-kuva-1-576x1024.jpg 576w, https:\/\/blogi.eoppimispalvelut.fi\/soku2\/files\/2020\/02\/Opp-ja-toim-ymp-SOKU-opintolinjan-kuva-1-768x1365.jpg 768w, https:\/\/blogi.eoppimispalvelut.fi\/soku2\/files\/2020\/02\/Opp-ja-toim-ymp-SOKU-opintolinjan-kuva-1-864x1536.jpg 864w, https:\/\/blogi.eoppimispalvelut.fi\/soku2\/files\/2020\/02\/Opp-ja-toim-ymp-SOKU-opintolinjan-kuva-1-1152x2048.jpg 1152w, https:\/\/blogi.eoppimispalvelut.fi\/soku2\/files\/2020\/02\/Opp-ja-toim-ymp-SOKU-opintolinjan-kuva-1-scaled.jpg 1440w\" sizes=\"auto, (max-width: 169px) 100vw, 169px\" \/><\/a><br \/>\n<\/strong><\/p>\n<p>SOKU-linja on Pohjant\u00e4hti-opiston kehitt\u00e4m\u00e4 opintolinja osaty\u00f6kykyisille ja tehostettua tukea ja ohjausta tarvitseville nuorille aikuisille. Koulutuksessa rohkaistaan heit\u00e4 voimavaral\u00e4ht\u00f6isesti tunnistamaan omia taitoja, vahvuuksia, valmiuksia ja ammatillisia mielenkiinnon kohteita. Opiskelu on sis\u00e4ll\u00f6lt\u00e4\u00e4n kuntouttavaa, ammatilliseen suuntaan valmentavaa ja sivist\u00e4v\u00e4\u00e4. Se on sek\u00e4 ryhm\u00e4ss\u00e4 tapahtuvaa ett\u00e4 yksil\u00f6llist\u00e4 ja k\u00e4yt\u00e4nn\u00f6nl\u00e4heist\u00e4 opiskelua.<\/p>\n<p><strong>SOKU-simulaatio<\/strong><\/p>\n<p><strong><img loading=\"lazy\" decoding=\"async\" class=\"alignnone size-medium wp-image-198\" src=\"https:\/\/blogi.eoppimispalvelut.fi\/soku2\/files\/2020\/01\/Kuva-7-SOKU-simulaatio-300x225.jpg\" alt=\"\" width=\"300\" height=\"225\" srcset=\"https:\/\/blogi.eoppimispalvelut.fi\/soku2\/files\/2020\/01\/Kuva-7-SOKU-simulaatio-300x225.jpg 300w, https:\/\/blogi.eoppimispalvelut.fi\/soku2\/files\/2020\/01\/Kuva-7-SOKU-simulaatio-1024x768.jpg 1024w, https:\/\/blogi.eoppimispalvelut.fi\/soku2\/files\/2020\/01\/Kuva-7-SOKU-simulaatio-768x576.jpg 768w, https:\/\/blogi.eoppimispalvelut.fi\/soku2\/files\/2020\/01\/Kuva-7-SOKU-simulaatio-1536x1152.jpg 1536w, https:\/\/blogi.eoppimispalvelut.fi\/soku2\/files\/2020\/01\/Kuva-7-SOKU-simulaatio-2048x1536.jpg 2048w\" sizes=\"auto, (max-width: 300px) 100vw, 300px\" \/><\/p>\n<p><\/strong>SOKU-simulaatio on Meriva sr:n ja Pohjant\u00e4htiopiston yhdess\u00e4 ideoima oppimis- ja toimintaymp\u00e4rist\u00f6. Sit\u00e4 on kehitetty yhdess\u00e4 nuorten aikuisten asiakkaiden ja ammattilaisten kanssa osallistujien peliosaamista ja sis\u00e4lt\u00f6osaamista hy\u00f6dynt\u00e4en. SOKU-simulaation tarkoituksena on tuoda n\u00e4kyv\u00e4ksi sosiaalisen kuntoutuksen palveluja ja toimintamuotoja eri el\u00e4m\u00e4ntilanteissa olevalle k\u00e4ytt\u00e4j\u00e4asiakkaalle digipelimuodossa. Peli on rakennettu keinotekoinen todellisuus, joka j\u00e4ljittelee\u00a0 oikeaa sosiaalisen kuntoutuksen\u00a0 kokonaisuutta\u00a0 mahdollisimman aidosti.<\/p>\n<p><a href=\"https:\/\/blogi.eoppimispalvelut.fi\/soku2\/sokusimulaatio3\/\"><img loading=\"lazy\" decoding=\"async\" class=\"alignnone size-medium wp-image-201\" src=\"https:\/\/blogi.eoppimispalvelut.fi\/soku2\/files\/2020\/01\/SOKUsimulaatio3-300x148.png\" alt=\"\" width=\"300\" height=\"148\" srcset=\"https:\/\/blogi.eoppimispalvelut.fi\/soku2\/files\/2020\/01\/SOKUsimulaatio3-300x148.png 300w, https:\/\/blogi.eoppimispalvelut.fi\/soku2\/files\/2020\/01\/SOKUsimulaatio3-1024x505.png 1024w, https:\/\/blogi.eoppimispalvelut.fi\/soku2\/files\/2020\/01\/SOKUsimulaatio3-768x379.png 768w, https:\/\/blogi.eoppimispalvelut.fi\/soku2\/files\/2020\/01\/SOKUsimulaatio3-1536x758.png 1536w, https:\/\/blogi.eoppimispalvelut.fi\/soku2\/files\/2020\/01\/SOKUsimulaatio3.png 1920w\" sizes=\"auto, (max-width: 300px) 100vw, 300px\" \/><\/a><\/p>\n<p>N\u00e4ist\u00e4 voit lukea lis\u00e4\u00e4 <a href=\"https:\/\/blogi.eoppimispalvelut.fi\/soku2\/toimintakortit\/\">Toimintakorteista <\/a>ja hankkeen raportista \u201d<a href=\"https:\/\/blogi.eoppimispalvelut.fi\/soku2\/arviointi-ja-kehittaminen\/\">Palvelutarpeesta palvelutuotteeksi<\/a>\u201d.<\/p>\n","protected":false},"excerpt":{"rendered":"<p>SOKU-Opintolinja SOKU-linja on Pohjant\u00e4hti-opiston kehitt\u00e4m\u00e4 opintolinja osaty\u00f6kykyisille ja tehostettua tukea ja ohjausta tarvitseville nuorille aikuisille. Koulutuksessa rohkaistaan heit\u00e4 voimavaral\u00e4ht\u00f6isesti tunnistamaan omia taitoja, vahvuuksia, valmiuksia ja ammatillisia mielenkiinnon kohteita. Opiskelu on sis\u00e4ll\u00f6lt\u00e4\u00e4n kuntouttavaa, ammatilliseen suuntaan valmentavaa ja sivist\u00e4v\u00e4\u00e4. Se on sek\u00e4 ryhm\u00e4ss\u00e4 tapahtuvaa ett\u00e4 yksil\u00f6llist\u00e4 ja k\u00e4yt\u00e4nn\u00f6nl\u00e4heist\u00e4 opiskelua. SOKU-simulaatio SOKU-simulaatio on Meriva sr:n ja Pohjant\u00e4htiopiston yhdess\u00e4 &hellip; <\/p>\n<p class=\"link-more\"><a href=\"https:\/\/blogi.eoppimispalvelut.fi\/soku2\/oppimis-ja-toimintaymparistot\/\" class=\"more-link\">Jatka lukemista<span class=\"screen-reader-text\"> &#8220;Oppimis- ja toimintaymp\u00e4rist\u00f6t&#8221;<\/span><\/a><\/p>\n","protected":false},"author":1310,"featured_media":0,"parent":0,"menu_order":0,"comment_status":"closed","ping_status":"closed","template":"","meta":{"footnotes":""},"class_list":["post-211","page","type-page","status-publish","hentry"],"_links":{"self":[{"href":"https:\/\/blogi.eoppimispalvelut.fi\/soku2\/wp-json\/wp\/v2\/pages\/211","targetHints":{"allow":["GET"]}}],"collection":[{"href":"https:\/\/blogi.eoppimispalvelut.fi\/soku2\/wp-json\/wp\/v2\/pages"}],"about":[{"href":"https:\/\/blogi.eoppimispalvelut.fi\/soku2\/wp-json\/wp\/v2\/types\/page"}],"author":[{"embeddable":true,"href":"https:\/\/blogi.eoppimispalvelut.fi\/soku2\/wp-json\/wp\/v2\/users\/1310"}],"replies":[{"embeddable":true,"href":"https:\/\/blogi.eoppimispalvelut.fi\/soku2\/wp-json\/wp\/v2\/comments?post=211"}],"version-history":[{"count":10,"href":"https:\/\/blogi.eoppimispalvelut.fi\/soku2\/wp-json\/wp\/v2\/pages\/211\/revisions"}],"predecessor-version":[{"id":358,"href":"https:\/\/blogi.eoppimispalvelut.fi\/soku2\/wp-json\/wp\/v2\/pages\/211\/revisions\/358"}],"wp:attachment":[{"href":"https:\/\/blogi.eoppimispalvelut.fi\/soku2\/wp-json\/wp\/v2\/media?parent=211"}],"curies":[{"name":"wp","href":"https:\/\/api.w.org\/{rel}","templated":true}]}}